{"id":10790,"date":"2016-04-29T14:14:47","date_gmt":"2016-04-29T13:14:47","guid":{"rendered":"http:\/\/vinci-construction-projets.com\/nos-implantations\/"},"modified":"2024-07-03T14:11:24","modified_gmt":"2024-07-03T12:11:24","slug":"nuestros-establecimientos","status":"publish","type":"page","link":"https:\/\/www.vinci-construction-projets.com\/es\/la-empresa\/nuestros-establecimientos\/","title":{"rendered":"Nuestros establecimientos"},"content":{"rendered":"<p>VINCI Constructions Grands Projets dise\u00f1a y ejecuta grandes obras en todo el mundo.<\/p>\n<p style=\"margin: 0cm;\"><span lang=\"ES\">Trabajamos en cuatro grandes \u00e1mbitos de actividad: infraestructuras de transporte, edificios y estructuras funcionales, hidr\u00e1ulica y medio ambiente, y energ\u00eda.<\/span><\/p>\n<p><strong>Sede social:<\/strong><br \/>\n1973, boulevard de la D\u00e9fense<br \/>\n92000 Nanterre Cedex<br \/>\nFRANCIA<\/p>\n<p><a href=\"http:\/\/vinci-construction-projets.com\/es\/contacto\/\">&gt; Contacto<\/a><\/p>\n<p><strong>\u00a0<\/strong><\/p>\n<p><strong>\u00bfQuiere ponerse en contacto con nuestros equipos locales? <\/strong><\/p>\n<p>Navegue por las zonas resaltadas en el mapa<\/p>\n","protected":false},"excerpt":{"rendered":"<p>VINCI Constructions Grands Projets dise\u00f1a y ejecuta grandes obras en todo el mundo. Trabajamos en cuatro grandes \u00e1mbitos de actividad: infraestructuras de transporte, edificios y estructuras funcionales, hidr\u00e1ulica y medio ambiente, y energ\u00eda. Sede social: 1973, boulevard de la D\u00e9fense 92000 Nanterre Cedex FRANCIA &gt; Contacto \u00a0 \u00bfQuiere ponerse en contacto con nuestros equipos locales? [&hellip;]<\/p>\n","protected":false},"author":17,"featured_media":0,"parent":11202,"menu_order":3,"comment_status":"closed","ping_status":"closed","template":"page-implantations.php","meta":{"_acf_changed":false,"footnotes":""},"class_list":["post-10790","page","type-page","status-publish","hentry"],"acf":[],"_links":{"self":[{"href":"https:\/\/www.vinci-construction-projets.com\/es\/wp-json\/wp\/v2\/pages\/10790","targetHints":{"allow":["GET"]}}],"collection":[{"href":"https:\/\/www.vinci-construction-projets.com\/es\/wp-json\/wp\/v2\/pages"}],"about":[{"href":"https:\/\/www.vinci-construction-projets.com\/es\/wp-json\/wp\/v2\/types\/page"}],"author":[{"embeddable":true,"href":"https:\/\/www.vinci-construction-projets.com\/es\/wp-json\/wp\/v2\/users\/17"}],"replies":[{"embeddable":true,"href":"https:\/\/www.vinci-construction-projets.com\/es\/wp-json\/wp\/v2\/comments?post=10790"}],"version-history":[{"count":13,"href":"https:\/\/www.vinci-construction-projets.com\/es\/wp-json\/wp\/v2\/pages\/10790\/revisions"}],"predecessor-version":[{"id":20155,"href":"https:\/\/www.vinci-construction-projets.com\/es\/wp-json\/wp\/v2\/pages\/10790\/revisions\/20155"}],"up":[{"embeddable":true,"href":"https:\/\/www.vinci-construction-projets.com\/es\/wp-json\/wp\/v2\/pages\/11202"}],"wp:attachment":[{"href":"https:\/\/www.vinci-construction-projets.com\/es\/wp-json\/wp\/v2\/media?parent=10790"}],"curies":[{"name":"wp","href":"https:\/\/api.w.org\/{rel}","templated":true}]}}