{"id":10816,"date":"2016-07-12T11:33:40","date_gmt":"2016-07-12T09:33:40","guid":{"rendered":"http:\/\/vinci-construction-projets.com\/nos-engagements\/proteger-notre-environnement\/"},"modified":"2023-03-17T10:27:40","modified_gmt":"2023-03-17T09:27:40","slug":"proteger-medio-ambiente","status":"publish","type":"page","link":"https:\/\/www.vinci-construction-projets.com\/es\/nuestros-compromisos\/proteger-medio-ambiente\/","title":{"rendered":"Proteger nuestro medio ambiente"},"content":{"rendered":"<p>Con el fin de construir\u00a0un futuro de la construcci\u00f3n bajo en carbono, virtuoso y responsable en beneficio de las generaciones futuras, contribuimos al desarrollo de soluciones innovadoras y sostenibles en torno a las tres \u00e1reas prioritarias del Grupo VINCI: actuar en favor del <strong>clima<\/strong>, optimizar los recursos mediante la <strong>econom\u00eda circular<\/strong> y preservar el <strong>entorno natural<\/strong>.<\/p>\n<p><strong>Adem\u00e1s de nuestros principales \u00e1mbitos de actuaci\u00f3n para limitar nuestro impacto medioambiental, algunas de nuestras actividades se enmarcan en la transici\u00f3n energ\u00e9tica y ecol\u00f3gica<\/strong>, como las infraestructuras hidr\u00e1ulicas y de movilidad sostenible, o la producci\u00f3n y el almacenamiento de energ\u00eda.<\/p>\n<h4>VINCI CONSTRUCTION GRANDS PROJETS SE COMPROMETE CON EL MEDIO AMBIENTE EN SUS PLANTAS Y OBRAS:<\/h4>\n<p>Nuestra ambici\u00f3n se plasma en un <strong>Plan Medioambiental 2030<\/strong>, com\u00fan a todas las entidades de la Divisi\u00f3n de Grandes Proyectos de VINCI Construction, que marca el rumbo y las acciones que debemos llevar a cabo para alcanzar nuestros objetivos:<\/p>\n<ul>\n<li>limitar nuestras necesidades energ\u00e9ticas y emisiones de carbono reduciendo nuestras emisiones directas de carbono en un 40 % y nuestras emisiones indirectas de carbono en un 30 %.<\/li>\n<li>optimizar nuestros recursos y lograr una recuperaci\u00f3n de nuestros materiales y equipos del 90 %<\/li>\n<li>proteger el entorno natural en todas nuestras plantas, en particular reduciendo nuestro consumo de agua, preservando los recursos h\u00eddricos y actuando para favorecer la biodiversidad<\/li>\n<\/ul>\n<p><strong>Para ello, nuestros equipos elaboran su propio plan medioambiental en cada obra<\/strong> y definen sus propios objetivos y metas, m\u00e1s all\u00e1 de las exigencias del cliente.<\/p>\n<p><img loading=\"lazy\" decoding=\"async\" class=\"size-large wp-image-18347\" src=\"https:\/\/www.vinci-construction-projets.com\/wp-content\/uploads\/2022\/10\/20200320_090040-1024x683.jpg\" alt=\"\" width=\"1024\" height=\"683\" srcset=\"https:\/\/www.vinci-construction-projets.com\/wp-content\/uploads\/2022\/10\/20200320_090040-1024x683.jpg 1024w, https:\/\/www.vinci-construction-projets.com\/wp-content\/uploads\/2022\/10\/20200320_090040-300x200.jpg 300w, https:\/\/www.vinci-construction-projets.com\/wp-content\/uploads\/2022\/10\/20200320_090040-768x512.jpg 768w, https:\/\/www.vinci-construction-projets.com\/wp-content\/uploads\/2022\/10\/20200320_090040-1110x740.jpg 1110w, https:\/\/www.vinci-construction-projets.com\/wp-content\/uploads\/2022\/10\/20200320_090040-400x267.jpg 400w, https:\/\/www.vinci-construction-projets.com\/wp-content\/uploads\/2022\/10\/20200320_090040-360x240.jpg 360w, https:\/\/www.vinci-construction-projets.com\/wp-content\/uploads\/2022\/10\/20200320_090040-720x480.jpg 720w, https:\/\/www.vinci-construction-projets.com\/wp-content\/uploads\/2022\/10\/20200320_090040-510x340.jpg 510w, https:\/\/www.vinci-construction-projets.com\/wp-content\/uploads\/2022\/10\/20200320_090040-428x285.jpg 428w, https:\/\/www.vinci-construction-projets.com\/wp-content\/uploads\/2022\/10\/20200320_090040-690x460.jpg 690w, https:\/\/www.vinci-construction-projets.com\/wp-content\/uploads\/2022\/10\/20200320_090040-386x257.jpg 386w, https:\/\/www.vinci-construction-projets.com\/wp-content\/uploads\/2022\/10\/20200320_090040-525x350.jpg 525w, https:\/\/www.vinci-construction-projets.com\/wp-content\/uploads\/2022\/10\/20200320_090040-285x190.jpg 285w, https:\/\/www.vinci-construction-projets.com\/wp-content\/uploads\/2022\/10\/20200320_090040-555x370.jpg 555w\" sizes=\"auto, (max-width: 1024px) 100vw, 1024px\" \/><br \/>\nEn el coraz\u00f3n de uno de los puntos calientes de la biodiversidad marina mundial, en la isla de La Reuni\u00f3n, el proyecto de la Nueva Carretera del Litoral ha dedicado recursos sin precedentes a la protecci\u00f3n del medio ambiente: conservaci\u00f3n de 3 arrecifes de coral, protecci\u00f3n de delfines, ballenas y tortugas marinas protegidas, medidas de prevenci\u00f3n de varamientos y seguimiento de aves marinas end\u00e9micas&#8230; Las medidas implantadas han permitido preservar los ecosistemas locales.<\/p>\n<h4>UN ENFOQUE INTEGRADO DESDE EL PRINCIPIO DE NUESTROS PROYECTOS<\/h4>\n<p>Hacemos del control de nuestra huella ambiental un criterio clave del rendimiento. Ofrecemos a nuestros clientes soluciones optimizadas y m\u00e1s respetuosas con el medio ambiente, adaptadas a sus necesidades particulares. En consonancia con nuestro Plan Medioambiental, hemos puesto en pr\u00e1ctica el enfoque Environment in Design, que integra nuestras ambiciones medioambientales lo antes posible en nuestro proceso de dise\u00f1o y preparaci\u00f3n de la obra.<\/p>\n<h4>HERRAMIENTAS E INNOVACIONES INTERNAS AL SERVICIO DE NUESTRA AMBICI\u00d3N<\/h4>\n<h5><em style=\"font-size: 16px;\"><img loading=\"lazy\" decoding=\"async\" class=\"wp-image-2252 alignright\" src=\"http:\/\/vinci-construction-projets.com\/wp-content\/uploads\/2016\/07\/gestim-copie-HD-300x90.jpg\" alt=\"gestim copie HD\" width=\"187\" height=\"56\" srcset=\"https:\/\/www.vinci-construction-projets.com\/wp-content\/uploads\/2016\/07\/gestim-copie-HD-300x90.jpg 300w, https:\/\/www.vinci-construction-projets.com\/wp-content\/uploads\/2016\/07\/gestim-copie-HD-400x119.jpg 400w, https:\/\/www.vinci-construction-projets.com\/wp-content\/uploads\/2016\/07\/gestim-copie-HD.jpg 720w, https:\/\/www.vinci-construction-projets.com\/wp-content\/uploads\/2016\/07\/gestim-copie-HD-600x179.jpg 600w, https:\/\/www.vinci-construction-projets.com\/wp-content\/uploads\/2016\/07\/gestim-copie-HD-590x176.jpg 590w, https:\/\/www.vinci-construction-projets.com\/wp-content\/uploads\/2016\/07\/gestim-copie-HD-386x115.jpg 386w, https:\/\/www.vinci-construction-projets.com\/wp-content\/uploads\/2016\/07\/gestim-copie-HD-285x85.jpg 285w\" sizes=\"auto, (max-width: 187px) 100vw, 187px\" \/><\/em><\/h5>\n<h5>GESTIM\u2122: ESTIMAR LAS EMISIONES DE GASES DE EFECTO INVERNADERO DE UNA OBRA.<\/h5>\n<p><strong>Identificar las fuentes de emisiones<\/strong> es esencial para limitarlas y proponer soluciones medioambientales integradas en el dise\u00f1o y la construcci\u00f3n de nuestros proyectos.<\/p>\n<p>Fruto de nuestra I+D en materia de rendimiento medioambiental, GEStim\u2122 se ha dise\u00f1ado de acuerdo con el m\u00e9todo de la huella de carbono de la Agencia de Medio Ambiente y Gesti\u00f3n de la Energ\u00eda francesa (ADEME), con el fin de calcular las emisiones globales de gases de efecto invernadero (GEI) generadas por la construcci\u00f3n de un proyecto, ya desde la fase de licitaci\u00f3n. Este programa inform\u00e1tico nos ayuda a <strong>proponer variantes ambientalmente relevantes. <\/strong><\/p>\n<h5>CO2CRETE IMPACT\u2122: ESTIMACI\u00d3N DE LAS EMISIONES DE GASES DE EFECTO INVERNADERO DEL HORMIG\u00d3N<\/h5>\n<p><img loading=\"lazy\" decoding=\"async\" class=\"alignright wp-image-1795 \" src=\"https:\/\/www.vinci-construction-projets.com\/wp-content\/uploads\/2016\/07\/co2crete_impact_logo1_04-12-2008-300x49.jpg\" alt=\"Concrete Impact\" width=\"325\" height=\"53\" srcset=\"https:\/\/www.vinci-construction-projets.com\/wp-content\/uploads\/2016\/07\/co2crete_impact_logo1_04-12-2008-300x49.jpg 300w, https:\/\/www.vinci-construction-projets.com\/wp-content\/uploads\/2016\/07\/co2crete_impact_logo1_04-12-2008-768x126.jpg 768w, https:\/\/www.vinci-construction-projets.com\/wp-content\/uploads\/2016\/07\/co2crete_impact_logo1_04-12-2008-1024x168.jpg 1024w, https:\/\/www.vinci-construction-projets.com\/wp-content\/uploads\/2016\/07\/co2crete_impact_logo1_04-12-2008-1440x237.jpg 1440w, https:\/\/www.vinci-construction-projets.com\/wp-content\/uploads\/2016\/07\/co2crete_impact_logo1_04-12-2008-400x66.jpg 400w, https:\/\/www.vinci-construction-projets.com\/wp-content\/uploads\/2016\/07\/co2crete_impact_logo1_04-12-2008-720x118.jpg 720w, https:\/\/www.vinci-construction-projets.com\/wp-content\/uploads\/2016\/07\/co2crete_impact_logo1_04-12-2008-600x99.jpg 600w, https:\/\/www.vinci-construction-projets.com\/wp-content\/uploads\/2016\/07\/co2crete_impact_logo1_04-12-2008-590x97.jpg 590w, https:\/\/www.vinci-construction-projets.com\/wp-content\/uploads\/2016\/07\/co2crete_impact_logo1_04-12-2008-793x130.jpg 793w, https:\/\/www.vinci-construction-projets.com\/wp-content\/uploads\/2016\/07\/co2crete_impact_logo1_04-12-2008-386x64.jpg 386w, https:\/\/www.vinci-construction-projets.com\/wp-content\/uploads\/2016\/07\/co2crete_impact_logo1_04-12-2008-780x128.jpg 780w, https:\/\/www.vinci-construction-projets.com\/wp-content\/uploads\/2016\/07\/co2crete_impact_logo1_04-12-2008-1200x197.jpg 1200w, https:\/\/www.vinci-construction-projets.com\/wp-content\/uploads\/2016\/07\/co2crete_impact_logo1_04-12-2008-285x47.jpg 285w, https:\/\/www.vinci-construction-projets.com\/wp-content\/uploads\/2016\/07\/co2crete_impact_logo1_04-12-2008.jpg 1866w\" sizes=\"auto, (max-width: 325px) 100vw, 325px\" \/><\/p>\n<p>La producci\u00f3n de hormig\u00f3n es responsable de m\u00e1s del 6 % de las emisiones mundiales de gases de efecto invernadero (GEI). Por ello, reducir las emisiones del hormig\u00f3n es uno de nuestros principales retos.<br \/>\nCO2CRETE IMPACT\u2122, dise\u00f1ado tambi\u00e9n de acuerdo con el m\u00e9todo de la huella de carbono de la ADEME, nos permite <strong>cuantificar las emisiones de gases de efecto invernadero de una f\u00f3rmula o un proveedor de hormig\u00f3n<\/strong> y encontrar formas de <strong>reducir su impacto ambiental.<\/strong><\/p>\n<h5>EXEGY: UNA GAMA INNOVADORA DE HORMIGONES ULTRA BAJOS EN CARBONO<\/h5>\n<p><img loading=\"lazy\" decoding=\"async\" class=\"alignleft wp-image-18361\" src=\"https:\/\/www.vinci-construction-projets.com\/wp-content\/uploads\/2022\/10\/Voussoir-dans-Tunnel-300x225.jpg\" alt=\"\" width=\"330\" height=\"248\" srcset=\"https:\/\/www.vinci-construction-projets.com\/wp-content\/uploads\/2022\/10\/Voussoir-dans-Tunnel-300x225.jpg 300w, https:\/\/www.vinci-construction-projets.com\/wp-content\/uploads\/2022\/10\/Voussoir-dans-Tunnel-768x576.jpg 768w, https:\/\/www.vinci-construction-projets.com\/wp-content\/uploads\/2022\/10\/Voussoir-dans-Tunnel-1024x768.jpg 1024w, https:\/\/www.vinci-construction-projets.com\/wp-content\/uploads\/2022\/10\/Voussoir-dans-Tunnel-987x740.jpg 987w, https:\/\/www.vinci-construction-projets.com\/wp-content\/uploads\/2022\/10\/Voussoir-dans-Tunnel-400x300.jpg 400w, https:\/\/www.vinci-construction-projets.com\/wp-content\/uploads\/2022\/10\/Voussoir-dans-Tunnel-320x240.jpg 320w, https:\/\/www.vinci-construction-projets.com\/wp-content\/uploads\/2022\/10\/Voussoir-dans-Tunnel-693x520.jpg 693w, https:\/\/www.vinci-construction-projets.com\/wp-content\/uploads\/2022\/10\/Voussoir-dans-Tunnel-453x340.jpg 453w, https:\/\/www.vinci-construction-projets.com\/wp-content\/uploads\/2022\/10\/Voussoir-dans-Tunnel-380x285.jpg 380w, https:\/\/www.vinci-construction-projets.com\/wp-content\/uploads\/2022\/10\/Voussoir-dans-Tunnel-613x460.jpg 613w, https:\/\/www.vinci-construction-projets.com\/wp-content\/uploads\/2022\/10\/Voussoir-dans-Tunnel-386x290.jpg 386w, https:\/\/www.vinci-construction-projets.com\/wp-content\/uploads\/2022\/10\/Voussoir-dans-Tunnel-640x480.jpg 640w, https:\/\/www.vinci-construction-projets.com\/wp-content\/uploads\/2022\/10\/Voussoir-dans-Tunnel-720x540.jpg 720w, https:\/\/www.vinci-construction-projets.com\/wp-content\/uploads\/2022\/10\/Voussoir-dans-Tunnel-467x350.jpg 467w, https:\/\/www.vinci-construction-projets.com\/wp-content\/uploads\/2022\/10\/Voussoir-dans-Tunnel-267x200.jpg 267w, https:\/\/www.vinci-construction-projets.com\/wp-content\/uploads\/2022\/10\/Voussoir-dans-Tunnel-285x214.jpg 285w, https:\/\/www.vinci-construction-projets.com\/wp-content\/uploads\/2022\/10\/Voussoir-dans-Tunnel-493x370.jpg 493w\" sizes=\"auto, (max-width: 330px) 100vw, 330px\" \/><\/p>\n<p>Nuestra reconocida experiencia en hormig\u00f3n tambi\u00e9n est\u00e1 al servicio de la protecci\u00f3n del medio ambiente.<\/p>\n<h5><img loading=\"lazy\" decoding=\"async\" class=\" wp-image-18353 alignright\" src=\"https:\/\/www.vinci-construction-projets.com\/wp-content\/uploads\/2022\/10\/EXEGY_Q-300x69.png\" alt=\"\" width=\"265\" height=\"61\" srcset=\"https:\/\/www.vinci-construction-projets.com\/wp-content\/uploads\/2022\/10\/EXEGY_Q-300x69.png 300w, https:\/\/www.vinci-construction-projets.com\/wp-content\/uploads\/2022\/10\/EXEGY_Q-768x178.png 768w, https:\/\/www.vinci-construction-projets.com\/wp-content\/uploads\/2022\/10\/EXEGY_Q-400x93.png 400w, https:\/\/www.vinci-construction-projets.com\/wp-content\/uploads\/2022\/10\/EXEGY_Q-720x167.png 720w, https:\/\/www.vinci-construction-projets.com\/wp-content\/uploads\/2022\/10\/EXEGY_Q-600x139.png 600w, https:\/\/www.vinci-construction-projets.com\/wp-content\/uploads\/2022\/10\/EXEGY_Q-590x137.png 590w, https:\/\/www.vinci-construction-projets.com\/wp-content\/uploads\/2022\/10\/EXEGY_Q-793x184.png 793w, https:\/\/www.vinci-construction-projets.com\/wp-content\/uploads\/2022\/10\/EXEGY_Q-386x89.png 386w, https:\/\/www.vinci-construction-projets.com\/wp-content\/uploads\/2022\/10\/EXEGY_Q-780x181.png 780w, https:\/\/www.vinci-construction-projets.com\/wp-content\/uploads\/2022\/10\/EXEGY_Q-285x66.png 285w, https:\/\/www.vinci-construction-projets.com\/wp-content\/uploads\/2022\/10\/EXEGY_Q.png 842w\" sizes=\"auto, (max-width: 265px) 100vw, 265px\" \/><\/h5>\n<p>Con <strong>Exegy<\/strong>, la marca de hormig\u00f3n ultra bajo en carbono de VINCI Construction, a la que estamos asociados a trav\u00e9s de la Tunnel Factory, ponemos nuestro sentido de la innovaci\u00f3n al servicio de la eficiencia energ\u00e9tica de nuestras estructuras. <strong>Esto significa hasta un 70 % menos de emisiones que el hormig\u00f3n tradicional, \u00a1y adem\u00e1s manteniendo o mejorando su rendimiento!<\/strong><\/p>\n<p><span class=\"ui-provider xu b c d e f g h i j k l m n o p q r s t u v w x y z ab ac ae af ag ah ai aj ak\" dir=\"ltr\">Descubran nuestras innovaciones y compromisos con <a href=\"https:\/\/exegy-solutions.com\/en\/accueil\/\">Exegy<\/a><\/span><\/p>\n<p>&nbsp;<\/p>\n<h4>Una cultura MEDIOAMBIENTAL EN EL CENTRO DE NUESTRA ESTRATEGIA<\/h4>\n<p>Nuestros equipos son los primeros actores de nuestra ambici\u00f3n. Nos comprometemos a sensibilizarlos con <strong>iniciativas s\u00f3lidas que sean fuente de innovaci\u00f3n y progreso.<\/strong><\/p>\n<p>Comprometida con Act4Nature, VINCI tambi\u00e9n lanz\u00f3 su primer D\u00eda del Medio Ambiente en 2020. Este impuls\u00f3 su <strong>Premio Medioambiental<\/strong>, que marca nuestro compromiso y el de todos nuestros equipos. Con casi un centenar de iniciativas presentadas, participan activamente en el despliegue de <strong>soluciones pragm\u00e1ticas y modulares que pueden trasladarse a nuestras obras en todo el mundo<\/strong>, en particular con <strong>dos galardonados mundiales<\/strong>: Exegy, y el uso ecol\u00f3gico del agua en nuestro proyecto de estaci\u00f3n de transferencia de energ\u00eda por bombeo de Abdelmoumen en Marruecos.<\/p>\n<p><img loading=\"lazy\" decoding=\"async\" class=\"alignnone size-full wp-image-18370\" src=\"https:\/\/www.vinci-construction-projets.com\/wp-content\/uploads\/2022\/10\/capture.jpg\" alt=\"\" width=\"831\" height=\"555\" srcset=\"https:\/\/www.vinci-construction-projets.com\/wp-content\/uploads\/2022\/10\/capture.jpg 831w, https:\/\/www.vinci-construction-projets.com\/wp-content\/uploads\/2022\/10\/capture-300x200.jpg 300w, https:\/\/www.vinci-construction-projets.com\/wp-content\/uploads\/2022\/10\/capture-768x513.jpg 768w, https:\/\/www.vinci-construction-projets.com\/wp-content\/uploads\/2022\/10\/capture-400x267.jpg 400w, https:\/\/www.vinci-construction-projets.com\/wp-content\/uploads\/2022\/10\/capture-359x240.jpg 359w, https:\/\/www.vinci-construction-projets.com\/wp-content\/uploads\/2022\/10\/capture-720x481.jpg 720w, https:\/\/www.vinci-construction-projets.com\/wp-content\/uploads\/2022\/10\/capture-509x340.jpg 509w, https:\/\/www.vinci-construction-projets.com\/wp-content\/uploads\/2022\/10\/capture-427x285.jpg 427w, https:\/\/www.vinci-construction-projets.com\/wp-content\/uploads\/2022\/10\/capture-689x460.jpg 689w, https:\/\/www.vinci-construction-projets.com\/wp-content\/uploads\/2022\/10\/capture-386x258.jpg 386w, https:\/\/www.vinci-construction-projets.com\/wp-content\/uploads\/2022\/10\/capture-719x480.jpg 719w, https:\/\/www.vinci-construction-projets.com\/wp-content\/uploads\/2022\/10\/capture-524x350.jpg 524w, https:\/\/www.vinci-construction-projets.com\/wp-content\/uploads\/2022\/10\/capture-299x200.jpg 299w, https:\/\/www.vinci-construction-projets.com\/wp-content\/uploads\/2022\/10\/capture-285x190.jpg 285w, https:\/\/www.vinci-construction-projets.com\/wp-content\/uploads\/2022\/10\/capture-554x370.jpg 554w\" sizes=\"auto, (max-width: 831px) 100vw, 831px\" \/><\/p>\n<p>Desde entonces, cada a\u00f1o, el D\u00eda del Medio Ambiente es la ocasi\u00f3n para llevar a cabo una amplia campa\u00f1a de sensibilizaci\u00f3n sobre nuestros retos y destacar las iniciativas derivadas de nuestros proyectos. Tambi\u00e9n fue una oportunidad para establecer una asociaci\u00f3n con Reforest&#8217;Action para la plantaci\u00f3n de miles de \u00e1rboles en los pa\u00edses donde estamos presentes (Colombia, Costa de Marfil y Francia).<\/p>\n<p><strong>Tambi\u00e9n formamos a nuestros equipos sobre los retos medioambientales<\/strong> para que puedan dar una respuesta pertinente que integre nuestros retos medioambientales en todas sus actividades. Para que sean accesibles al mayor n\u00famero posible de personas, estos cursos de formaci\u00f3n est\u00e1n a disposici\u00f3n de los empleados en modalidad de aprendizaje electr\u00f3nico o presencial. Permiten sensibilizarlas, aumentar sus competencias y proporcionarles las claves esenciales para integrar cada vez m\u00e1s las consideraciones medioambientales desde las primeras fases de un proyecto, de acuerdo con nuestro enfoque Environment in Design y, en \u00faltima instancia, para alcanzar nuestros objetivos medioambientales.<\/p>\n","protected":false},"excerpt":{"rendered":"<p>Con el fin de construir\u00a0un futuro de la construcci\u00f3n bajo en carbono, virtuoso y responsable en beneficio de las generaciones futuras, contribuimos al desarrollo de soluciones innovadoras y sostenibles en torno a las tres \u00e1reas prioritarias del Grupo VINCI: actuar en favor del clima, optimizar los recursos mediante la econom\u00eda circular y preservar el entorno [&hellip;]<\/p>\n","protected":false},"author":17,"featured_media":0,"parent":10795,"menu_order":0,"comment_status":"closed","ping_status":"closed","template":"","meta":{"_acf_changed":false,"footnotes":""},"class_list":["post-10816","page","type-page","status-publish","hentry"],"acf":[],"_links":{"self":[{"href":"https:\/\/www.vinci-construction-projets.com\/es\/wp-json\/wp\/v2\/pages\/10816","targetHints":{"allow":["GET"]}}],"collection":[{"href":"https:\/\/www.vinci-construction-projets.com\/es\/wp-json\/wp\/v2\/pages"}],"about":[{"href":"https:\/\/www.vinci-construction-projets.com\/es\/wp-json\/wp\/v2\/types\/page"}],"author":[{"embeddable":true,"href":"https:\/\/www.vinci-construction-projets.com\/es\/wp-json\/wp\/v2\/users\/17"}],"replies":[{"embeddable":true,"href":"https:\/\/www.vinci-construction-projets.com\/es\/wp-json\/wp\/v2\/comments?post=10816"}],"version-history":[{"count":21,"href":"https:\/\/www.vinci-construction-projets.com\/es\/wp-json\/wp\/v2\/pages\/10816\/revisions"}],"predecessor-version":[{"id":18829,"href":"https:\/\/www.vinci-construction-projets.com\/es\/wp-json\/wp\/v2\/pages\/10816\/revisions\/18829"}],"up":[{"embeddable":true,"href":"https:\/\/www.vinci-construction-projets.com\/es\/wp-json\/wp\/v2\/pages\/10795"}],"wp:attachment":[{"href":"https:\/\/www.vinci-construction-projets.com\/es\/wp-json\/wp\/v2\/media?parent=10816"}],"curies":[{"name":"wp","href":"https:\/\/api.w.org\/{rel}","templated":true}]}}