{"id":10861,"date":"2016-06-30T08:55:03","date_gmt":"2016-06-30T07:55:03","guid":{"rendered":"http:\/\/vinci-construction-projets.com\/nous-rejoindre\/etudiants\/"},"modified":"2022-12-12T10:15:14","modified_gmt":"2022-12-12T09:15:14","slug":"etudiantes","status":"publish","type":"page","link":"https:\/\/www.vinci-construction-projets.com\/es\/unase-a-nuestro-equipo\/etudiantes\/","title":{"rendered":"Estudiantes"},"content":{"rendered":"<h4 class=\"p1\">Las pr\u00e1cticas en la empresa<\/h4>\n<p class=\"p1\">Tradicionalmente venimos acogiendo en <strong>nuestras obras<\/strong> a j\u00f3venes en pr\u00e1cticas, <strong>as\u00ed como en nuestros servicios funcionales y t\u00e9cnicos en la sede de la empresa<\/strong>. Estos per\u00edodos de pr\u00e1cticas son objeto de un convenio entre el centro educativo (en Francia o en el extranjero), el estudiante y VINCI Construction Grands Projets.<\/p>\n","protected":false},"excerpt":{"rendered":"<p>Las pr\u00e1cticas en la empresa Tradicionalmente venimos acogiendo en nuestras obras a j\u00f3venes en pr\u00e1cticas, as\u00ed como en nuestros servicios funcionales y t\u00e9cnicos en la sede de la empresa. Estos per\u00edodos de pr\u00e1cticas son objeto de un convenio entre el centro educativo (en Francia o en el extranjero), el estudiante y VINCI Construction Grands Projets.<\/p>\n","protected":false},"author":17,"featured_media":0,"parent":10845,"menu_order":0,"comment_status":"closed","ping_status":"closed","template":"","meta":{"_acf_changed":false,"footnotes":""},"class_list":["post-10861","page","type-page","status-publish","hentry"],"acf":[],"_links":{"self":[{"href":"https:\/\/www.vinci-construction-projets.com\/es\/wp-json\/wp\/v2\/pages\/10861","targetHints":{"allow":["GET"]}}],"collection":[{"href":"https:\/\/www.vinci-construction-projets.com\/es\/wp-json\/wp\/v2\/pages"}],"about":[{"href":"https:\/\/www.vinci-construction-projets.com\/es\/wp-json\/wp\/v2\/types\/page"}],"author":[{"embeddable":true,"href":"https:\/\/www.vinci-construction-projets.com\/es\/wp-json\/wp\/v2\/users\/17"}],"replies":[{"embeddable":true,"href":"https:\/\/www.vinci-construction-projets.com\/es\/wp-json\/wp\/v2\/comments?post=10861"}],"version-history":[{"count":11,"href":"https:\/\/www.vinci-construction-projets.com\/es\/wp-json\/wp\/v2\/pages\/10861\/revisions"}],"predecessor-version":[{"id":18770,"href":"https:\/\/www.vinci-construction-projets.com\/es\/wp-json\/wp\/v2\/pages\/10861\/revisions\/18770"}],"up":[{"embeddable":true,"href":"https:\/\/www.vinci-construction-projets.com\/es\/wp-json\/wp\/v2\/pages\/10845"}],"wp:attachment":[{"href":"https:\/\/www.vinci-construction-projets.com\/es\/wp-json\/wp\/v2\/media?parent=10861"}],"curies":[{"name":"wp","href":"https:\/\/api.w.org\/{rel}","templated":true}]}}