{"id":10871,"date":"2016-06-30T13:23:06","date_gmt":"2016-06-30T12:23:06","guid":{"rendered":"http:\/\/vinci-construction-projets.com\/nous-rejoindre\/experimentes\/"},"modified":"2017-10-20T15:21:49","modified_gmt":"2017-10-20T13:21:49","slug":"experimentados","status":"publish","type":"page","link":"https:\/\/www.vinci-construction-projets.com\/es\/unase-a-nuestro-equipo\/experimentados\/","title":{"rendered":"Profesionales Experimentados"},"content":{"rendered":"<p><img loading=\"lazy\" decoding=\"async\" class=\"alignright wp-image-8045 \" src=\"http:\/\/vinci-construction-projets.com\/wp-content\/uploads\/2016\/06\/ITER_2016.jpg\" alt=\"iter_2016\" width=\"600\" height=\"340\" srcset=\"https:\/\/www.vinci-construction-projets.com\/wp-content\/uploads\/2016\/06\/ITER_2016.jpg 600w, https:\/\/www.vinci-construction-projets.com\/wp-content\/uploads\/2016\/06\/ITER_2016-300x170.jpg 300w, https:\/\/www.vinci-construction-projets.com\/wp-content\/uploads\/2016\/06\/ITER_2016-400x227.jpg 400w, https:\/\/www.vinci-construction-projets.com\/wp-content\/uploads\/2016\/06\/ITER_2016-503x285.jpg 503w, https:\/\/www.vinci-construction-projets.com\/wp-content\/uploads\/2016\/06\/ITER_2016-386x219.jpg 386w, https:\/\/www.vinci-construction-projets.com\/wp-content\/uploads\/2016\/06\/ITER_2016-353x200.jpg 353w, https:\/\/www.vinci-construction-projets.com\/wp-content\/uploads\/2016\/06\/ITER_2016-285x162.jpg 285w\" sizes=\"auto, (max-width: 600px) 100vw, 600px\" \/><\/p>\n<p>\u00a1Colabore en proyectos excepcionales!<br \/>\nComo dise\u00f1ador y constructor y filial del grupo VINCI, l\u00edder a nivel mundial en el sector de las concesiones y de la construcci\u00f3n, hemos diversificado nuestra actividad abarcando diferentes \u00e1mbitos de negocio: <strong>edificaci\u00f3n, construcciones funcionales, infraestructuras de transportes, infraestructuras hidr\u00e1ulicas, energ\u00edas e\u00a0<em>Oil &amp; gas<\/em>, medio ambiente y miner\u00eda. <\/strong><\/p>\n<p>Nuestra actividad se desarrolla en el marco de <strong>proyectos de varios centenares de millones de euros, a nivel internacional. <\/strong><\/p>\n<p>VINCI Construction Grands Projets ofrece<strong> oportunidades profesionales en Francia y en el extranjero<\/strong>, que re\u00fanen todas las competencias claves necesarias para la realizaci\u00f3n de grandes obras:<\/p>\n<ul>\n<li>Obras<\/li>\n<li>T\u00e9cnica<\/li>\n<li>Material<\/li>\n<li>Calidad, Seguridad y Medio Ambiente<\/li>\n<li>Sistemas de Informaci\u00f3n<\/li>\n<li>Finanzas, Recursos Humanos, Gabinete Jur\u00eddico y Comunicaci\u00f3n<\/li>\n<\/ul>\n","protected":false},"excerpt":{"rendered":"<p>\u00a1Colabore en proyectos excepcionales! Como dise\u00f1ador y constructor y filial del grupo VINCI, l\u00edder a nivel mundial en el sector de las concesiones y de la construcci\u00f3n, hemos diversificado nuestra actividad abarcando diferentes \u00e1mbitos de negocio: edificaci\u00f3n, construcciones funcionales, infraestructuras de transportes, infraestructuras hidr\u00e1ulicas, energ\u00edas e\u00a0Oil &amp; gas, medio ambiente y miner\u00eda. Nuestra actividad se [&hellip;]<\/p>\n","protected":false},"author":17,"featured_media":0,"parent":10845,"menu_order":0,"comment_status":"closed","ping_status":"closed","template":"","meta":{"_acf_changed":false,"footnotes":""},"class_list":["post-10871","page","type-page","status-publish","hentry"],"acf":[],"_links":{"self":[{"href":"https:\/\/www.vinci-construction-projets.com\/es\/wp-json\/wp\/v2\/pages\/10871","targetHints":{"allow":["GET"]}}],"collection":[{"href":"https:\/\/www.vinci-construction-projets.com\/es\/wp-json\/wp\/v2\/pages"}],"about":[{"href":"https:\/\/www.vinci-construction-projets.com\/es\/wp-json\/wp\/v2\/types\/page"}],"author":[{"embeddable":true,"href":"https:\/\/www.vinci-construction-projets.com\/es\/wp-json\/wp\/v2\/users\/17"}],"replies":[{"embeddable":true,"href":"https:\/\/www.vinci-construction-projets.com\/es\/wp-json\/wp\/v2\/comments?post=10871"}],"version-history":[{"count":5,"href":"https:\/\/www.vinci-construction-projets.com\/es\/wp-json\/wp\/v2\/pages\/10871\/revisions"}],"predecessor-version":[{"id":13565,"href":"https:\/\/www.vinci-construction-projets.com\/es\/wp-json\/wp\/v2\/pages\/10871\/revisions\/13565"}],"up":[{"embeddable":true,"href":"https:\/\/www.vinci-construction-projets.com\/es\/wp-json\/wp\/v2\/pages\/10845"}],"wp:attachment":[{"href":"https:\/\/www.vinci-construction-projets.com\/es\/wp-json\/wp\/v2\/media?parent=10871"}],"curies":[{"name":"wp","href":"https:\/\/api.w.org\/{rel}","templated":true}]}}