{"id":10880,"date":"2016-12-13T10:21:03","date_gmt":"2016-12-13T09:21:03","guid":{"rendered":"http:\/\/vinci-construction-projets.com\/nous-rejoindre\/pourquoi-nous-rejoindre\/"},"modified":"2017-10-20T15:17:41","modified_gmt":"2017-10-20T13:17:41","slug":"por-que-unirse-a-nosotros","status":"publish","type":"page","link":"https:\/\/www.vinci-construction-projets.com\/es\/unase-a-nuestro-equipo\/por-que-unirse-a-nosotros\/","title":{"rendered":"5 razones para unirse a nosotros"},"content":{"rendered":"<h4 class=\"p1\">1\/ Participe en proyectos excepcionales en todo el mundo<\/h4>\n<p>Unirse a VINCI Construction Grands Projets, es formar parte de <strong>proyectos diversos<\/strong>, por sus caracter\u00edsticas t\u00e9cnicas, su dimensi\u00f3n y su localizaci\u00f3n geogr\u00e1fica.<\/p>\n<p>Nuestros empleados est\u00e1n implicados a diario en el <strong>dise\u00f1o y ejecuci\u00f3n de destacados proyectos<\/strong>.<br \/>\nNuestra actividad se concentra <strong>principalmente a nivel internacional<\/strong>,\u00a0sobre todo en Europa, en Sudam\u00e9rica, en Oriente Medio y en el Sudeste Asi\u00e1tico.<\/p>\n<p class=\"p1\">Descubra nuestros excepcionales proyectos <a href=\"http:\/\/vinci-construction-projets.com\/es\/nuestro-saber-hacer\/nuestras-obras\/\" target=\"_blank\" rel=\"noopener\">en todo el mundo<\/a> (en curso o concluidos).<\/p>\n<p class=\"p1\"><img loading=\"lazy\" decoding=\"async\" class=\"alignnone wp-image-1870 size-full\" src=\"http:\/\/vinci-construction-projets.com\/wp-content\/uploads\/2016\/07\/Tchernobyl_1140_480.jpg\" alt=\"Tchernobyl_1140_480\" width=\"1406\" height=\"479\" srcset=\"https:\/\/www.vinci-construction-projets.com\/wp-content\/uploads\/2016\/07\/Tchernobyl_1140_480.jpg 1406w, https:\/\/www.vinci-construction-projets.com\/wp-content\/uploads\/2016\/07\/Tchernobyl_1140_480-300x102.jpg 300w, https:\/\/www.vinci-construction-projets.com\/wp-content\/uploads\/2016\/07\/Tchernobyl_1140_480-768x262.jpg 768w, https:\/\/www.vinci-construction-projets.com\/wp-content\/uploads\/2016\/07\/Tchernobyl_1140_480-1024x349.jpg 1024w, https:\/\/www.vinci-construction-projets.com\/wp-content\/uploads\/2016\/07\/Tchernobyl_1140_480-400x136.jpg 400w, https:\/\/www.vinci-construction-projets.com\/wp-content\/uploads\/2016\/07\/Tchernobyl_1140_480-720x245.jpg 720w, https:\/\/www.vinci-construction-projets.com\/wp-content\/uploads\/2016\/07\/Tchernobyl_1140_480-600x204.jpg 600w, https:\/\/www.vinci-construction-projets.com\/wp-content\/uploads\/2016\/07\/Tchernobyl_1140_480-590x201.jpg 590w, https:\/\/www.vinci-construction-projets.com\/wp-content\/uploads\/2016\/07\/Tchernobyl_1140_480-793x270.jpg 793w, https:\/\/www.vinci-construction-projets.com\/wp-content\/uploads\/2016\/07\/Tchernobyl_1140_480-386x132.jpg 386w, https:\/\/www.vinci-construction-projets.com\/wp-content\/uploads\/2016\/07\/Tchernobyl_1140_480-780x266.jpg 780w, https:\/\/www.vinci-construction-projets.com\/wp-content\/uploads\/2016\/07\/Tchernobyl_1140_480-1027x350.jpg 1027w, https:\/\/www.vinci-construction-projets.com\/wp-content\/uploads\/2016\/07\/Tchernobyl_1140_480-1200x409.jpg 1200w, https:\/\/www.vinci-construction-projets.com\/wp-content\/uploads\/2016\/07\/Tchernobyl_1140_480-285x97.jpg 285w\" sizes=\"auto, (max-width: 1406px) 100vw, 1406px\" \/><\/p>\n<h4 class=\"p2\">2\/ Forme parte de equipos apasionados, guiados por la excelencia y con fuertes valores<\/h4>\n<p class=\"p2\">En los actos m\u00e1s simples como en los m\u00e1s t\u00e9cnicos, sin perder de vista el respeto por el medio ambiente, nuestra empresa <strong>aspira a la excelencia en el dise\u00f1o, la construcci\u00f3n y la financiaci\u00f3n<\/strong> de grandes proyectos.<br \/>\nEsta exigencia se traduce en unos <strong>estrictos requisitos en materia de salud y seguridad.<\/strong><br \/>\nVINCI Construction Grands Projets trabaja en todo el mundo y promueve la <strong>diversidad de los equipos<\/strong> en todas sus dimensiones.<br \/>\nDurante la fase de contrataci\u00f3n, se presta especial atenci\u00f3n a la transparencia y a un tratamiento igualitario de las candidaturas. Posteriormente, nos aseguramos de que el desarrollo profesional sea coherente con las competencias y el desempe\u00f1o del empleado.<\/p>\n<h4>3\/ Aproveche las oportunidades de carreras internas ofrecidas por un gran grupo<\/h4>\n<h4><img loading=\"lazy\" decoding=\"async\" class=\"alignright wp-image-1873 \" src=\"http:\/\/vinci-construction-projets.com\/wp-content\/uploads\/2016\/07\/D02_8761-1024x681.jpg\" alt=\"D02_8761\" width=\"601\" height=\"400\" srcset=\"https:\/\/www.vinci-construction-projets.com\/wp-content\/uploads\/2016\/07\/D02_8761-1024x681.jpg 1024w, https:\/\/www.vinci-construction-projets.com\/wp-content\/uploads\/2016\/07\/D02_8761-300x200.jpg 300w, https:\/\/www.vinci-construction-projets.com\/wp-content\/uploads\/2016\/07\/D02_8761-768x511.jpg 768w, https:\/\/www.vinci-construction-projets.com\/wp-content\/uploads\/2016\/07\/D02_8761-1112x740.jpg 1112w, https:\/\/www.vinci-construction-projets.com\/wp-content\/uploads\/2016\/07\/D02_8761-400x266.jpg 400w, https:\/\/www.vinci-construction-projets.com\/wp-content\/uploads\/2016\/07\/D02_8761-361x240.jpg 361w, https:\/\/www.vinci-construction-projets.com\/wp-content\/uploads\/2016\/07\/D02_8761-720x479.jpg 720w, https:\/\/www.vinci-construction-projets.com\/wp-content\/uploads\/2016\/07\/D02_8761-511x340.jpg 511w, https:\/\/www.vinci-construction-projets.com\/wp-content\/uploads\/2016\/07\/D02_8761-428x285.jpg 428w, https:\/\/www.vinci-construction-projets.com\/wp-content\/uploads\/2016\/07\/D02_8761-691x460.jpg 691w, https:\/\/www.vinci-construction-projets.com\/wp-content\/uploads\/2016\/07\/D02_8761-386x257.jpg 386w, https:\/\/www.vinci-construction-projets.com\/wp-content\/uploads\/2016\/07\/D02_8761-721x480.jpg 721w, https:\/\/www.vinci-construction-projets.com\/wp-content\/uploads\/2016\/07\/D02_8761-526x350.jpg 526w, https:\/\/www.vinci-construction-projets.com\/wp-content\/uploads\/2016\/07\/D02_8761-301x200.jpg 301w, https:\/\/www.vinci-construction-projets.com\/wp-content\/uploads\/2016\/07\/D02_8761-285x190.jpg 285w, https:\/\/www.vinci-construction-projets.com\/wp-content\/uploads\/2016\/07\/D02_8761.jpg 2000w\" sizes=\"auto, (max-width: 601px) 100vw, 601px\" \/><\/h4>\n<p class=\"p1\">Nuestra actividad de negocio de grandes proyectos s\u00f3lo es posible mediante la <strong>movilidad<\/strong> de su personal, tanto dentro de VINCI Construction Grands Projets como de las dem\u00e1s entidades del grupo VINCI, teniendo en cuenta sus destinos deseados y las aspiraciones profesionales.<br \/>\nLas <strong>carreras profesionales de progresi\u00f3n<\/strong> est\u00e1n individualizadas. Con frecuencia se organizan de manera alterna entre la obra y la sede para acelerar el desarrollo profesional.<\/p>\n<p>El <strong>sistema de gesti\u00f3n des carreras<\/strong> recae en la gesti\u00f3n en colaboraci\u00f3n con la direcci\u00f3n de recursos humanos.<\/p>\n<p>VINCI Construction Grands Projets apuesta por la <strong>transmisi\u00f3n del saber-hacer<\/strong>, el <strong>desarrollo de las competencias<\/strong> y la <strong>formaci\u00f3n<\/strong> para promocionar a sus empleados y acompa\u00f1ar las tendencias de los mercados.<\/p>\n<p class=\"p1\">La direcci\u00f3n de recursos humanos ha creado <strong>herramientas de gesti\u00f3n de carrera<\/strong> para responder del mejor modo posible a los destinos y aspiraciones de cada uno:<\/p>\n<ul>\n<li class=\"p1\">todas las oportunidades laborales dentro del grupo VINCI est\u00e1n disponibles para nuestros empleados a trav\u00e9s de un portal de movilidad interna,<\/li>\n<li class=\"p1\">la <em>entrevista anual <\/em>permite hacer un balance entre los objetivos fijados por el gerente y los objetivos alcanzados por el empleado con el fin de satisfacer sus aspiraciones.\u00a0De manera coordinada con la direcci\u00f3n de recursos humanos, el gerente propone formaciones al empleado para apoyarle en su carrera profesional,<\/li>\n<li class=\"p1\">las <em>revisiones<\/em> del personal permiten evaluar de manera colegiada las competencias y el desempe\u00f1o, y validar planes individuales de desarrollo para cada empleado.<\/li>\n<\/ul>\n<h4>4\/ Disfrute de una din\u00e1mica pol\u00edtica de formaci\u00f3n profesional<\/h4>\n<p>VINCI Construction Grands Projets tiene una <strong>pol\u00edtica activa de formaci\u00f3n<\/strong> y supera sistem\u00e1ticamente sus obligaciones legales (1 % de la masa salarial), habiendo dedicado en estos tres \u00faltimos a\u00f1os un esfuerzo de formaci\u00f3n medio superior al 4 %.<br \/>\nTodos nuestros empleados tienen acceso a una amplia oferta formativa en diferentes \u00e1mbitos:<\/p>\n<ul>\n<li>formaciones \u00abactividad principal y t\u00e9cnica\u00bb,<\/li>\n<li>formaciones en gesti\u00f3n (entrevistas individuales, gesti\u00f3n de equipo, hablar en p\u00fablico\u2026),<\/li>\n<li>formaci\u00f3n en materia de calidad, seguridad y medio ambiente, as\u00ed como en desarrollo sostenible,<\/li>\n<li>ense\u00f1anza de idiomas.<\/li>\n<\/ul>\n<p>Las formaciones son impartidas cada vez m\u00e1s a trav\u00e9s de <strong>m\u00f3dulos internos por nuestros expertos<\/strong>, tanto en la sede como en lo lugares donde tienen lugar los proyectos, mediante cursos adaptados a los grandes proyectos y a las caracter\u00edsticas espec\u00edficas de nuestros oficios. Todos nuestros m\u00f3dulos se imparten en franc\u00e9s, ingl\u00e9s y espa\u00f1ol, en funci\u00f3n de las necesidades del proyecto.<br \/>\nEn caso de peticiones espec\u00edficas tambi\u00e9n cooperamos con <strong>organismos externos<\/strong>. Una propuesta de posibles cursos de formaci\u00f3n con diferentes herramientas para que el empleado sea \u00abactor\u00bb de su carrera profesional.<\/p>\n<h4>5\/\u00a0 Disfrute de una atractiva retribuci\u00f3n global<\/h4>\n<p>La<strong> pol\u00edtica salarial<\/strong> de VINCI Construction Grands Projets comprende:<\/p>\n<ul>\n<li>un sistema de <em>retribuci\u00f3n individual<\/em>:\n<ul>\n<li>el salario que remunera una determinada funci\u00f3n o competencia<\/li>\n<li>la prima, que es variable, y que remunera un nivel de rendimiento<\/li>\n<\/ul>\n<\/li>\n<li>un sistema de <em>retribuci\u00f3n colectivo<\/em>:\n<ul>\n<li>la participaci\u00f3n en los beneficios, que constituye una remuneraci\u00f3n variable colectiva y aleatoria calculada en base a los resultados de la empresa,<\/li>\n<li>el plan de ahorros del grupo VINCI (Castor) que ofrece a todos los empleados que tengan un contrato de derecho franc\u00e9s y con tres meses de antig\u00fcedad, la posibilidad de constituir un ahorro, invertido en acciones VINCI<\/li>\n<\/ul>\n<\/li>\n<\/ul>\n","protected":false},"excerpt":{"rendered":"<p>1\/ Participe en proyectos excepcionales en todo el mundo Unirse a VINCI Construction Grands Projets, es formar parte de proyectos diversos, por sus caracter\u00edsticas t\u00e9cnicas, su dimensi\u00f3n y su localizaci\u00f3n geogr\u00e1fica. Nuestros empleados est\u00e1n implicados a diario en el dise\u00f1o y ejecuci\u00f3n de destacados proyectos. Nuestra actividad se concentra principalmente a nivel internacional,\u00a0sobre todo en [&hellip;]<\/p>\n","protected":false},"author":17,"featured_media":0,"parent":10845,"menu_order":0,"comment_status":"closed","ping_status":"closed","template":"","meta":{"_acf_changed":false,"footnotes":""},"class_list":["post-10880","page","type-page","status-publish","hentry"],"acf":[],"_links":{"self":[{"href":"https:\/\/www.vinci-construction-projets.com\/es\/wp-json\/wp\/v2\/pages\/10880","targetHints":{"allow":["GET"]}}],"collection":[{"href":"https:\/\/www.vinci-construction-projets.com\/es\/wp-json\/wp\/v2\/pages"}],"about":[{"href":"https:\/\/www.vinci-construction-projets.com\/es\/wp-json\/wp\/v2\/types\/page"}],"author":[{"embeddable":true,"href":"https:\/\/www.vinci-construction-projets.com\/es\/wp-json\/wp\/v2\/users\/17"}],"replies":[{"embeddable":true,"href":"https:\/\/www.vinci-construction-projets.com\/es\/wp-json\/wp\/v2\/comments?post=10880"}],"version-history":[{"count":8,"href":"https:\/\/www.vinci-construction-projets.com\/es\/wp-json\/wp\/v2\/pages\/10880\/revisions"}],"predecessor-version":[{"id":10881,"href":"https:\/\/www.vinci-construction-projets.com\/es\/wp-json\/wp\/v2\/pages\/10880\/revisions\/10881"}],"up":[{"embeddable":true,"href":"https:\/\/www.vinci-construction-projets.com\/es\/wp-json\/wp\/v2\/pages\/10845"}],"wp:attachment":[{"href":"https:\/\/www.vinci-construction-projets.com\/es\/wp-json\/wp\/v2\/media?parent=10880"}],"curies":[{"name":"wp","href":"https:\/\/api.w.org\/{rel}","templated":true}]}}