{"id":10887,"date":"2016-07-01T11:22:24","date_gmt":"2016-07-01T10:22:24","guid":{"rendered":"http:\/\/vinci-construction-projets.com\/nous-rejoindre\/comment-postuler\/"},"modified":"2022-05-11T16:35:59","modified_gmt":"2022-05-11T14:35:59","slug":"como-presentar-candidatura","status":"publish","type":"page","link":"https:\/\/www.vinci-construction-projets.com\/es\/unase-a-nuestro-equipo\/como-presentar-candidatura\/","title":{"rendered":"C\u00f3mo presentar su candidatura"},"content":{"rendered":"<p><img loading=\"lazy\" decoding=\"async\" class=\"wp-image-14189 size-full aligncenter\" src=\"http:\/\/vinci-construction-projets.com\/wp-content\/uploads\/2018\/01\/Integration-2016.jpg\" alt=\"\" width=\"1362\" height=\"489\" srcset=\"https:\/\/www.vinci-construction-projets.com\/wp-content\/uploads\/2018\/01\/Integration-2016.jpg 1362w, https:\/\/www.vinci-construction-projets.com\/wp-content\/uploads\/2018\/01\/Integration-2016-300x108.jpg 300w, https:\/\/www.vinci-construction-projets.com\/wp-content\/uploads\/2018\/01\/Integration-2016-768x276.jpg 768w, https:\/\/www.vinci-construction-projets.com\/wp-content\/uploads\/2018\/01\/Integration-2016-1024x368.jpg 1024w, https:\/\/www.vinci-construction-projets.com\/wp-content\/uploads\/2018\/01\/Integration-2016-400x144.jpg 400w, https:\/\/www.vinci-construction-projets.com\/wp-content\/uploads\/2018\/01\/Integration-2016-720x259.jpg 720w, https:\/\/www.vinci-construction-projets.com\/wp-content\/uploads\/2018\/01\/Integration-2016-600x215.jpg 600w, https:\/\/www.vinci-construction-projets.com\/wp-content\/uploads\/2018\/01\/Integration-2016-590x212.jpg 590w, https:\/\/www.vinci-construction-projets.com\/wp-content\/uploads\/2018\/01\/Integration-2016-793x285.jpg 793w, https:\/\/www.vinci-construction-projets.com\/wp-content\/uploads\/2018\/01\/Integration-2016-386x139.jpg 386w, https:\/\/www.vinci-construction-projets.com\/wp-content\/uploads\/2018\/01\/Integration-2016-780x280.jpg 780w, https:\/\/www.vinci-construction-projets.com\/wp-content\/uploads\/2018\/01\/Integration-2016-1337x480.jpg 1337w, https:\/\/www.vinci-construction-projets.com\/wp-content\/uploads\/2018\/01\/Integration-2016-975x350.jpg 975w, https:\/\/www.vinci-construction-projets.com\/wp-content\/uploads\/2018\/01\/Integration-2016-1200x431.jpg 1200w, https:\/\/www.vinci-construction-projets.com\/wp-content\/uploads\/2018\/01\/Integration-2016-285x102.jpg 285w, https:\/\/www.vinci-construction-projets.com\/wp-content\/uploads\/2018\/01\/Integration-2016-1031x370.jpg 1031w\" sizes=\"auto, (max-width: 1362px) 100vw, 1362px\" \/><\/p>\n<h4>1.\u00a0<strong>Presentaci\u00f3n de su candidatura<\/strong><\/h4>\n<p>Presente su expediente de candidatura <strong>en el espacio de empleo de nuestra p\u00e1gina web<\/strong>: <a href=\"https:\/\/jobs.vinci.com\/en\" target=\"_blank\" rel=\"noopener\">Espacio Candidatos<\/a>.<br \/>\nTodas las candidaturas recibidas a trav\u00e9s de la p\u00e1gina web en respuesta a una oferta de empleo ser\u00e1n tramitadas a la mayor brevedad.<\/p>\n<h4>2. <strong>Preselecci\u00f3n<\/strong><\/h4>\n<p>Su candidatura ser\u00e1 estudiada por los recursos humanos.<br \/>\nEn caso de ser preseleccionado(a), se le invitar\u00e1 a mantener una <strong>primera entrevista telef\u00f3nica<\/strong>. Se trata de una evaluaci\u00f3n inicial de sus competencias en relaci\u00f3n con la necesidad expresada, sus habilidades sociales y su conocimiento de la empresa.<\/p>\n<p><a href=\"http:\/\/vinci-construction-projets.com\/es\/video\/algunos-consejos-para-prepararse-para-entrevista\/\"><img loading=\"lazy\" decoding=\"async\" class=\"alignright wp-image-14301 size-full\" src=\"http:\/\/vinci-construction-projets.com\/wp-content\/uploads\/2018\/01\/image-conseils-ES.jpg\" alt=\"\" width=\"600\" height=\"340\" srcset=\"https:\/\/www.vinci-construction-projets.com\/wp-content\/uploads\/2018\/01\/image-conseils-ES.jpg 600w, https:\/\/www.vinci-construction-projets.com\/wp-content\/uploads\/2018\/01\/image-conseils-ES-300x170.jpg 300w, https:\/\/www.vinci-construction-projets.com\/wp-content\/uploads\/2018\/01\/image-conseils-ES-400x227.jpg 400w, https:\/\/www.vinci-construction-projets.com\/wp-content\/uploads\/2018\/01\/image-conseils-ES-503x285.jpg 503w, https:\/\/www.vinci-construction-projets.com\/wp-content\/uploads\/2018\/01\/image-conseils-ES-386x219.jpg 386w, https:\/\/www.vinci-construction-projets.com\/wp-content\/uploads\/2018\/01\/image-conseils-ES-353x200.jpg 353w, https:\/\/www.vinci-construction-projets.com\/wp-content\/uploads\/2018\/01\/image-conseils-ES-285x162.jpg 285w\" sizes=\"auto, (max-width: 600px) 100vw, 600px\" \/><\/a><\/p>\n<h4>3. Entrevista con recursos humanos<\/h4>\n<p>Si la primera conversaci\u00f3n telef\u00f3nica fuera positiva, daremos continuidad al proceso iniciado. Se le solicitar\u00e1 entonces que pase <strong>una entrevista con RH<\/strong>, completada eventualmente con un cuestionario de personalidad.<br \/>\nEn el transcurso de dicha entrevista, <strong>realizaremos una presentaci\u00f3n de la empresa y de nuestra organizaci\u00f3n y evaluaremos su capacidad para integrarse en la empresa y para mantener con \u00e9sta una relaci\u00f3n laboral duradera<\/strong>.<\/p>\n<h4>4. Entrevista operativa\/m\u00e1nager<\/h4>\n<p>Si la entrevista con RRHH fuera concluyente, o de forma paralela a la misma, <strong>deber\u00e1 pasar una entrevista con el m\u00e1nager<\/strong> responsable de la contrataci\u00f3n y, eventualmente, con sus superiores jer\u00e1rquicos y\/o personas del \u00e1mbito de actividad al que presenta su candidatura. A parte de <strong>sus conocimientos t\u00e9cnicos, el m\u00e1nager evaluar\u00e1 su incorporaci\u00f3n<\/strong> al equipo que dirige, as\u00ed como <strong>su motivaci\u00f3n<\/strong> para el puesto.<\/p>\n<h4><strong>5. Candidatura aceptada<\/strong><\/h4>\n<p>Si su candidatura resultara seleccionada, <strong>el departamento de recursos humanos se pondr\u00e1 en contacto<\/strong> <strong>con usted<\/strong> para hacerle una oferta verbal con todas las condiciones detalladas. Si acepta dicha oferta, le ser\u00e1 enviada una propuesta por escrito, seguida de la formalizaci\u00f3n de un contrato de trabajo.<\/p>\n","protected":false},"excerpt":{"rendered":"<p>1.\u00a0Presentaci\u00f3n de su candidatura Presente su expediente de candidatura en el espacio de empleo de nuestra p\u00e1gina web: Espacio Candidatos. Todas las candidaturas recibidas a trav\u00e9s de la p\u00e1gina web en respuesta a una oferta de empleo ser\u00e1n tramitadas a la mayor brevedad. 2. Preselecci\u00f3n Su candidatura ser\u00e1 estudiada por los recursos humanos. En caso [&hellip;]<\/p>\n","protected":false},"author":17,"featured_media":0,"parent":10845,"menu_order":3,"comment_status":"closed","ping_status":"closed","template":"","meta":{"_acf_changed":false,"footnotes":""},"class_list":["post-10887","page","type-page","status-publish","hentry"],"acf":[],"_links":{"self":[{"href":"https:\/\/www.vinci-construction-projets.com\/es\/wp-json\/wp\/v2\/pages\/10887","targetHints":{"allow":["GET"]}}],"collection":[{"href":"https:\/\/www.vinci-construction-projets.com\/es\/wp-json\/wp\/v2\/pages"}],"about":[{"href":"https:\/\/www.vinci-construction-projets.com\/es\/wp-json\/wp\/v2\/types\/page"}],"author":[{"embeddable":true,"href":"https:\/\/www.vinci-construction-projets.com\/es\/wp-json\/wp\/v2\/users\/17"}],"replies":[{"embeddable":true,"href":"https:\/\/www.vinci-construction-projets.com\/es\/wp-json\/wp\/v2\/comments?post=10887"}],"version-history":[{"count":12,"href":"https:\/\/www.vinci-construction-projets.com\/es\/wp-json\/wp\/v2\/pages\/10887\/revisions"}],"predecessor-version":[{"id":18112,"href":"https:\/\/www.vinci-construction-projets.com\/es\/wp-json\/wp\/v2\/pages\/10887\/revisions\/18112"}],"up":[{"embeddable":true,"href":"https:\/\/www.vinci-construction-projets.com\/es\/wp-json\/wp\/v2\/pages\/10845"}],"wp:attachment":[{"href":"https:\/\/www.vinci-construction-projets.com\/es\/wp-json\/wp\/v2\/media?parent=10887"}],"curies":[{"name":"wp","href":"https:\/\/api.w.org\/{rel}","templated":true}]}}