{"id":10899,"date":"2016-06-30T15:49:17","date_gmt":"2016-06-30T14:49:17","guid":{"rendered":"http:\/\/vinci-construction-projets.com\/nous-rejoindre\/nos-metiers\/direction-travaux\/"},"modified":"2017-10-20T15:24:08","modified_gmt":"2017-10-20T13:24:08","slug":"direccion-obras","status":"publish","type":"page","link":"https:\/\/www.vinci-construction-projets.com\/es\/unase-a-nuestro-equipo\/nuestros-oficios\/direccion-obras\/","title":{"rendered":"Direcci\u00f3n de Obras"},"content":{"rendered":"<h4>Director de proyecto<\/h4>\n<p>Adscrito al Director de Zona, es el garante de que el proyecto se ci\u00f1a al presupuesto, y de que se cumplan los plazos as\u00ed como el pliego de condiciones establecido por el Cliente. Su cometido es definir, movilizar y coordinar los medios necesarios para una determinada misi\u00f3n, con apoyo de los equipos de producci\u00f3n, de los servicios administrativos y financieros, contractuales, t\u00e9cnicos, de materiales as\u00ed como de calidad, higiene, seguridad y medio ambiente. \u00c9ste vela por la aplicaci\u00f3n y dinamizaci\u00f3n de las pol\u00edticas generales de la empresa (calidad, seguridad, recursos humanos\u2026) y hace seguimiento de los presupuestos. Est\u00e1 a la escucha del cliente.<\/p>\n<h4><strong>Director de obra<\/strong><\/h4>\n<p>Adscrito al Director de Proyectos, dirige la ejecuci\u00f3n de los trabajos de acuerdo con el plan de obras, el presupuesto, los criterios de calidad y de seguridad establecidos por el Cliente o el Director del Proyecto. Su cometido es definir, movilizar y coordinar los medios humanos necesarios para una determinada misi\u00f3n, con apoyo de los servicios t\u00e9cnicos, de suministro de material y de calidad, higiene, seguridad y medio ambiente, as\u00ed como de los servicios contractuales, administrativos y financieros adscritos al proyecto. \u00c9ste aplica las pol\u00edticas generales de la empresa, en especial en materia de calidad y seguridad.<\/p>\n<h4>Ingeniero de obra y encargado de obra<\/h4>\n<p>Adscrito al director de obra, es el responsable de la organizaci\u00f3n, la direcci\u00f3n y la coordinaci\u00f3n de la obra. Su funci\u00f3n es la implementaci\u00f3n de los medios necesarios para la ejecuci\u00f3n de la obra de conformidad con los plazos, costes, calidad y seguridad estipulados (presupuesto, m\u00e9todos, mano de obra y preparaci\u00f3n de la obra). Tambi\u00e9n asegura el cumplimiento de los planes de obra y la calidad de ejecuci\u00f3n de los trabajos. Es el responsable de establecer las normas de prevenci\u00f3n aplicables a las obras, as\u00ed como de su cumplimiento. \u00c9ste debe, asimismo, establecer y mantener relaciones con los colaboradores externos (representante del cliente, proveedores, subcontratistas) y con los colaboradores internos (jefes de obra, gestores, oficina de proyectos\u2026).<\/p>\n<h4 style=\"text-align: left;\">Jefe de obra<\/h4>\n<p style=\"text-align: left;\">Adscrito al encargado de obra o al ingeniero de obra, supervisa el montaje de la obra, el suministro, la recepci\u00f3n de la maquinaria y de los materiales, as\u00ed como el control de los abastecimientos. \u00c9ste organiza el trabajo en base a los planes y coordina la acci\u00f3n de los diferentes profesionales presentes en la obra. Tambi\u00e9n entran dentro de su cometido los plazos de ejecuci\u00f3n y la determinaci\u00f3n de los vol\u00famenes de horas y de mano de obra necesarios, as\u00ed como la preparaci\u00f3n de las reuniones de obra. \u00c9ste participa en la formaci\u00f3n del personal y en la dinamizaci\u00f3n de los equipos.<\/p>\n","protected":false},"excerpt":{"rendered":"<p>Director de proyecto Adscrito al Director de Zona, es el garante de que el proyecto se ci\u00f1a al presupuesto, y de que se cumplan los plazos as\u00ed como el pliego de condiciones establecido por el Cliente. Su cometido es definir, movilizar y coordinar los medios necesarios para una determinada misi\u00f3n, con apoyo de los equipos [&hellip;]<\/p>\n","protected":false},"author":17,"featured_media":0,"parent":10892,"menu_order":0,"comment_status":"closed","ping_status":"closed","template":"","meta":{"_acf_changed":false,"footnotes":""},"class_list":["post-10899","page","type-page","status-publish","hentry"],"acf":[],"_links":{"self":[{"href":"https:\/\/www.vinci-construction-projets.com\/es\/wp-json\/wp\/v2\/pages\/10899","targetHints":{"allow":["GET"]}}],"collection":[{"href":"https:\/\/www.vinci-construction-projets.com\/es\/wp-json\/wp\/v2\/pages"}],"about":[{"href":"https:\/\/www.vinci-construction-projets.com\/es\/wp-json\/wp\/v2\/types\/page"}],"author":[{"embeddable":true,"href":"https:\/\/www.vinci-construction-projets.com\/es\/wp-json\/wp\/v2\/users\/17"}],"replies":[{"embeddable":true,"href":"https:\/\/www.vinci-construction-projets.com\/es\/wp-json\/wp\/v2\/comments?post=10899"}],"version-history":[{"count":6,"href":"https:\/\/www.vinci-construction-projets.com\/es\/wp-json\/wp\/v2\/pages\/10899\/revisions"}],"predecessor-version":[{"id":13568,"href":"https:\/\/www.vinci-construction-projets.com\/es\/wp-json\/wp\/v2\/pages\/10899\/revisions\/13568"}],"up":[{"embeddable":true,"href":"https:\/\/www.vinci-construction-projets.com\/es\/wp-json\/wp\/v2\/pages\/10892"}],"wp:attachment":[{"href":"https:\/\/www.vinci-construction-projets.com\/es\/wp-json\/wp\/v2\/media?parent=10899"}],"curies":[{"name":"wp","href":"https:\/\/api.w.org\/{rel}","templated":true}]}}