{"id":10903,"date":"2016-06-30T15:59:13","date_gmt":"2016-06-30T14:59:13","guid":{"rendered":"http:\/\/vinci-construction-projets.com\/nous-rejoindre\/nos-metiers\/direction-technique\/"},"modified":"2017-10-20T15:25:31","modified_gmt":"2017-10-20T13:25:31","slug":"direccion-tecnica","status":"publish","type":"page","link":"https:\/\/www.vinci-construction-projets.com\/es\/unase-a-nuestro-equipo\/nuestros-oficios\/direccion-tecnica\/","title":{"rendered":"Direcci\u00f3n T\u00e9cnica"},"content":{"rendered":"<h4>Director t\u00e9cnico<\/h4>\n<p>Adscrito al director de proyecto, su misi\u00f3n consiste en organizar, movilizar y dirigir la direcci\u00f3n t\u00e9cnica del proyecto en el marco de nuestros grandes proyectos. Sus \u00e1mbitos son, por lo general, los estudios de concepci\u00f3n y de ejecuci\u00f3n, incluyendo la geotecnia, los m\u00e9todos y la planificaci\u00f3n. Es el responsable de los temas t\u00e9cnicos del proyecto y, como tal, aporta y propone soluciones\/alternativas t\u00e9cnicas, supervisa las cantidades a implementar y gestiona la marcha de los estudios y su aprobaci\u00f3n. \u00c9ste dinamiza el equipo t\u00e9cnico del proyecto y gestiona los contratos de proveedores de estudios.<\/p>\n<h4>Ingeniero analista de precios<\/h4>\n<p>Es el responsable de la totalidad o de parte de la evaluaci\u00f3n financiera de un proyecto. Una vez completado el an\u00e1lisis t\u00e9cnico del proyecto, establece los m\u00e9todos, las partes constructivas y el programa previsional de las obras. \u00c9ste determina asimismo el coste de las obras y los medios humanos y materiales necesarios para la resoluci\u00f3n de los trabajos, velando en todo momento por la rentabilidad.<\/p>\n<h4>Ingeniero de estructuras<\/h4>\n<p class=\"p2\">En estrecha colaboraci\u00f3n con los responsables de la obra, es el encargado de los estudios de ejecuci\u00f3n y de los c\u00e1lculos de estructuras. Procede al estudio y preparaci\u00f3n de los expedientes t\u00e9cnicos y coordina la elaboraci\u00f3n de los planos de encofrado y armaduras necesarias para la construcci\u00f3n de una obra. \u00c9ste establece de manera global o provisional los procedimientos t\u00e9cnicos, los m\u00e9todos organizativos y el coste de la construcci\u00f3n.<\/p>\n<h4 class=\"p2\">Ingeniero de m\u00e9todos<\/h4>\n<p class=\"p2\">Adscrito al director de m\u00e9todos, en interrelaci\u00f3n con los estudios de estructuras y la obra, establece en una fase previa una metodolog\u00eda de trabajo y un plan de ejecuci\u00f3n. De \u00e9l depende la elaboraci\u00f3n de los calendarios de trabajo o instalaci\u00f3n, el dise\u00f1o de los equipos espec\u00edficos necesarios para la construcci\u00f3n, de acuerdo con los presupuestos, en la b\u00fasqueda de resultados y de la innovaci\u00f3n.<\/p>\n<h4>Planificador de sistemas<\/h4>\n<p>Adscrito al ingeniero de proyectos, desarrolla las soluciones t\u00e9cnicas aplicadas a los proyectos, present\u00e1ndolas en forma de planos y de modelos digitales. Elabora los documentos necesarios para la correcta comprensi\u00f3n del calendario de ejecuci\u00f3n de las obras y la definici\u00f3n o la fabricaci\u00f3n de los equipos especiales necesarios para la construcci\u00f3n.<\/p>\n<h4>BIM Manager<\/h4>\n<p>Organiza la puesta en marcha y el seguimiento de los proyectos BIM (Building Information Modeling), coordinando a los diferentes actores implicados en los procesos BIM. Se encarga de la generaci\u00f3n de modelos BIM y de sus funcionalidades, al tiempo que es responsable del desarrollo de los est\u00e1ndares BIM, de su implementaci\u00f3n, as\u00ed como de su utilizaci\u00f3n en el proyecto. \u00c9ste elabora y actualiza el BIM Execution Plan, genera las plantillas de proyecto de conformidad con los requisitos del proyecto en sus diferentes fases (dise\u00f1o, construcci\u00f3n y explotaci\u00f3n y mantenimiento). \u00c9ste determina y supervisa los indicadores de rendimiento para verificar el pleno respeto del proceso BIM.<\/p>\n<h4>Ingeniero de planificaci\u00f3n<\/h4>\n<p>En la obra, es el responsable de toda la planificaci\u00f3n y de la evaluaci\u00f3n in situ de la marcha del proyecto. En interacci\u00f3n con los equipos de producci\u00f3n, identifica las diferentes restricciones de planificaci\u00f3n de las partes implicadas. Reactualiza la planificaci\u00f3n de acuerdo con las instrucciones de la Direcci\u00f3n de Obra, analiza las desviaciones y propone planes de acci\u00f3n para optimizar los plazos en funci\u00f3n de las exigencias internas y externas del proyecto. En la sede, es el responsable del an\u00e1lisis de los documentos contractuales y de la s\u00edntesis de los puntos relativos a los plazos. \u00c9ste se hace cargo del estudio y preparaci\u00f3n de la programaci\u00f3n del proyecto en colaboraci\u00f3n con las dem\u00e1s partes implicadas, indicando la ruta cr\u00edtica. \u00c9ste se ocupa, asimismo, de organizar la parte relativa a la planificaci\u00f3n del dossier de presentaci\u00f3n de ofertas, del an\u00e1lisis de riesgos y de la redacci\u00f3n de las reservas relacionadas con el programa, as\u00ed como de establecer una previsi\u00f3n de tesorer\u00eda.<\/p>\n<h4>Ingeniero geot\u00e9cnico<\/h4>\n<p>Adscrito a la direcci\u00f3n t\u00e9cnica (divisi\u00f3n de geotecnia del departamento cient\u00edfico), participa en la gesti\u00f3n t\u00e9cnica de los proyectos (puentes, obras subterr\u00e1neas, estaciones, aeropuertos, plantas de depuraci\u00f3n, edificios, presas, dep\u00f3sitos de gas natural licuado, etc.), interviniendo en todas las cuestiones relacionadas con el suelo: definici\u00f3n, seguimiento e interpretaci\u00f3n de los estudios geot\u00e9cnicos, an\u00e1lisis de riesgos, definici\u00f3n de los par\u00e1metros para el c\u00e1lculo de estructuras, investigaci\u00f3n y optimizaci\u00f3n de soluciones t\u00e9cnicas y estructuras de contenci\u00f3n, consolidaci\u00f3n de los suelos, descenso del nivel de agua, etc.). \u00c9ste trabaja en estrecha colaboraci\u00f3n con las diferentes instancias de la direcci\u00f3n t\u00e9cnica, de las direcciones operativas y de las obras.<\/p>\n","protected":false},"excerpt":{"rendered":"<p>Director t\u00e9cnico Adscrito al director de proyecto, su misi\u00f3n consiste en organizar, movilizar y dirigir la direcci\u00f3n t\u00e9cnica del proyecto en el marco de nuestros grandes proyectos. Sus \u00e1mbitos son, por lo general, los estudios de concepci\u00f3n y de ejecuci\u00f3n, incluyendo la geotecnia, los m\u00e9todos y la planificaci\u00f3n. Es el responsable de los temas t\u00e9cnicos [&hellip;]<\/p>\n","protected":false},"author":17,"featured_media":0,"parent":10892,"menu_order":0,"comment_status":"closed","ping_status":"closed","template":"","meta":{"_acf_changed":false,"footnotes":""},"class_list":["post-10903","page","type-page","status-publish","hentry"],"acf":[],"_links":{"self":[{"href":"https:\/\/www.vinci-construction-projets.com\/es\/wp-json\/wp\/v2\/pages\/10903","targetHints":{"allow":["GET"]}}],"collection":[{"href":"https:\/\/www.vinci-construction-projets.com\/es\/wp-json\/wp\/v2\/pages"}],"about":[{"href":"https:\/\/www.vinci-construction-projets.com\/es\/wp-json\/wp\/v2\/types\/page"}],"author":[{"embeddable":true,"href":"https:\/\/www.vinci-construction-projets.com\/es\/wp-json\/wp\/v2\/users\/17"}],"replies":[{"embeddable":true,"href":"https:\/\/www.vinci-construction-projets.com\/es\/wp-json\/wp\/v2\/comments?post=10903"}],"version-history":[{"count":4,"href":"https:\/\/www.vinci-construction-projets.com\/es\/wp-json\/wp\/v2\/pages\/10903\/revisions"}],"predecessor-version":[{"id":13569,"href":"https:\/\/www.vinci-construction-projets.com\/es\/wp-json\/wp\/v2\/pages\/10903\/revisions\/13569"}],"up":[{"embeddable":true,"href":"https:\/\/www.vinci-construction-projets.com\/es\/wp-json\/wp\/v2\/pages\/10892"}],"wp:attachment":[{"href":"https:\/\/www.vinci-construction-projets.com\/es\/wp-json\/wp\/v2\/media?parent=10903"}],"curies":[{"name":"wp","href":"https:\/\/api.w.org\/{rel}","templated":true}]}}