{"id":10908,"date":"2016-06-30T16:10:08","date_gmt":"2016-06-30T15:10:08","guid":{"rendered":"http:\/\/vinci-construction-projets.com\/nous-rejoindre\/nos-metiers\/direction-materiel\/"},"modified":"2017-10-20T15:24:43","modified_gmt":"2017-10-20T13:24:43","slug":"direccion-material","status":"publish","type":"page","link":"https:\/\/www.vinci-construction-projets.com\/es\/unase-a-nuestro-equipo\/nuestros-oficios\/direccion-material\/","title":{"rendered":"Direcci\u00f3n de materiales"},"content":{"rendered":"<h4>Director de materiales (obra)<\/h4>\n<p>Adscrito al director de proyecto, es el encargado de la organizaci\u00f3n y de los recursos \u00abmateriales\u00bb necesarios para la ejecuci\u00f3n de la obra. Es quien propone a su direcci\u00f3n los materiales m\u00e1s adecuados al contexto del proyecto (planificaci\u00f3n, ritmo de fabricaci\u00f3n, normativa,\u00a0etc.). \u00c9ste gestiona los acuerdos de compra o de alquiler, y participa en la definici\u00f3n de las instalaciones de la obra en relaci\u00f3n con los m\u00e9todos. Es el garante del mantenimiento de las condiciones operativas de los equipos y del respeto de los presupuestos establecidos.<\/p>\n<h4>Ingeniero de materiales<\/h4>\n<p>Adscrito al director de materiales, elabora las especificaciones t\u00e9cnicas y realiza las consultas de compras o de alquiler. \u00c9ste planifica y organiza el mantenimiento de los equipos a su cargo, as\u00ed como las operaciones espec\u00edficas. Es el responsable de su presupuesto, as\u00ed como del seguimiento de sus gastos. Est\u00e1 relacionado con los servicios de m\u00e9todos y de producci\u00f3n.<\/p>\n<h4>Mec\u00e1nico<\/h4>\n<p>Dentro del equipo de materiales, es el responsable del mantenimiento peri\u00f3dico, del diagn\u00f3stico en caso de aver\u00eda, de las reparaciones y del reglaje de las m\u00e1quinas a su cargo. \u00c9ste garantiza el mantenimiento del nivel de seguridad de las m\u00e1quinas, as\u00ed como la trazabilidad de sus intervenciones. \u00c9ste puede dirigir un equipo.<\/p>\n<h4>Electricista<\/h4>\n<p>Dentro del equipo de materiales, realiza todos los trabajos instalaciones el\u00e9ctricas y de conexi\u00f3n de dispositivos, respetando los esquemas que se le transmiten y las normas de seguridad el\u00e9ctrica. Garantiza el mantenimiento de las instalaciones de conformidad con la normativa. Realiza intervenciones de diagn\u00f3stico y la reparaci\u00f3n de los equipos.<\/p>\n<h4>Oficios especializados<\/h4>\n<p><strong>T\u00e9cnico en automatizaci\u00f3n:<\/strong> especialista en programaci\u00f3n de los aut\u00f3matas utilizados para el control y supervisi\u00f3n de las m\u00e1quinas<\/p>\n<p><strong>T\u00e9cnico en hidr\u00e1ulica:<\/strong> mec\u00e1nico especializado en hidr\u00e1ulica de potencia (m\u00e1quinas), que est\u00e1 familiarizado con la lectura de los esquemas hidr\u00e1ulicos para el diagn\u00f3stico de aver\u00edas<\/p>\n<p><strong>Calderero:<\/strong> especialista en el trabajo de los metales ferrosos y aleaciones, \u00e9ste realiza piezas a partir de los planos o de las medidas tomadas. Debe dominar el manejo de los equipos habituales de un taller de calderer\u00eda (soplete, equipos de soldadura, etc.)<\/p>\n","protected":false},"excerpt":{"rendered":"<p>Director de materiales (obra) Adscrito al director de proyecto, es el encargado de la organizaci\u00f3n y de los recursos \u00abmateriales\u00bb necesarios para la ejecuci\u00f3n de la obra. Es quien propone a su direcci\u00f3n los materiales m\u00e1s adecuados al contexto del proyecto (planificaci\u00f3n, ritmo de fabricaci\u00f3n, normativa,\u00a0etc.). \u00c9ste gestiona los acuerdos de compra o de alquiler, [&hellip;]<\/p>\n","protected":false},"author":17,"featured_media":0,"parent":10892,"menu_order":0,"comment_status":"closed","ping_status":"closed","template":"","meta":{"_acf_changed":false,"footnotes":""},"class_list":["post-10908","page","type-page","status-publish","hentry"],"acf":[],"_links":{"self":[{"href":"https:\/\/www.vinci-construction-projets.com\/es\/wp-json\/wp\/v2\/pages\/10908","targetHints":{"allow":["GET"]}}],"collection":[{"href":"https:\/\/www.vinci-construction-projets.com\/es\/wp-json\/wp\/v2\/pages"}],"about":[{"href":"https:\/\/www.vinci-construction-projets.com\/es\/wp-json\/wp\/v2\/types\/page"}],"author":[{"embeddable":true,"href":"https:\/\/www.vinci-construction-projets.com\/es\/wp-json\/wp\/v2\/users\/17"}],"replies":[{"embeddable":true,"href":"https:\/\/www.vinci-construction-projets.com\/es\/wp-json\/wp\/v2\/comments?post=10908"}],"version-history":[{"count":5,"href":"https:\/\/www.vinci-construction-projets.com\/es\/wp-json\/wp\/v2\/pages\/10908\/revisions"}],"predecessor-version":[{"id":13571,"href":"https:\/\/www.vinci-construction-projets.com\/es\/wp-json\/wp\/v2\/pages\/10908\/revisions\/13571"}],"up":[{"embeddable":true,"href":"https:\/\/www.vinci-construction-projets.com\/es\/wp-json\/wp\/v2\/pages\/10892"}],"wp:attachment":[{"href":"https:\/\/www.vinci-construction-projets.com\/es\/wp-json\/wp\/v2\/media?parent=10908"}],"curies":[{"name":"wp","href":"https:\/\/api.w.org\/{rel}","templated":true}]}}