{"id":10988,"date":"2016-05-16T08:59:14","date_gmt":"2016-05-16T07:59:14","guid":{"rendered":"http:\/\/vinci-construction-projets.com\/mentions-legales\/"},"modified":"2023-06-28T16:43:37","modified_gmt":"2023-06-28T14:43:37","slug":"menciones-legales","status":"publish","type":"page","link":"https:\/\/www.vinci-construction-projets.com\/es\/menciones-legales\/","title":{"rendered":"Menciones legales"},"content":{"rendered":"<p class=\"p1\">El sitio web <a href=\"http:\/\/www.vinci-construction-projets.com\">www.vinci-construction-projets.com<\/a> es propiedad de VINCI, Sociedad An\u00f3nima con un capital de 1,500,854,942.50 euros a fecha de 31\/05\/2019, inscrita en el Registro Mercantil de Nanterre con el n\u00famero 552.037.806.00585, con domicilio social sito en:<\/p>\n<p class=\"p1\">1973, boulevard de la D\u00e9fense<br \/>\n92000 Nanterre cedex &#8211; Francia<br \/>\nT\u00e9l : +33 (0)1 57 98 83 00<\/p>\n<p class=\"p1\">Directora de Comunicaci\u00f3n: Anne-Sophie Royer<br \/>\nResponsable de la publicaci\u00f3n: Gabrielle Delaporte<\/p>\n<p class=\"p1\">El presente sitio ha sido objeto de una declaraci\u00f3n ante la Comisi\u00f3n Nacional de Inform\u00e1tica y Libertades (CNIL), en aplicaci\u00f3n de las disposiciones de la Ley n\u00b02004-801 de 6 de agosto de 2004, relativa a la protecci\u00f3n de las personas f\u00edsicas en lo que respecta al tratamiento de datos personales, por la que se modifica la ley n\u00b078-17 de 6 de enero de 1978 relativa a la inform\u00e1tica, a los ficheros y a las libertades, modificada y est\u00e1 alojado en los servidores de VINCI en Rueil-Malmaison. El n\u00famero de registro en la CNIL es el 833209.<\/p>\n<p class=\"p1\">El sitio <a href=\"http:\/\/www.vinci-construction-projets.com\">www.vinci-construction-projets.com<\/a> se rige por la legislaci\u00f3n francesa; los visitantes que accedan al mismo desde el extranjero deber\u00e1n asegurarse de respetar las leyes aplicables a nivel local.<\/p>\n<p class=\"p1\">Las menciones legales pueden ser modificadas en todo momento sin previo aviso, por lo que les recomendamos que las consulten con regularidad. \u00daltima actualizaci\u00f3n: agosto de\u00a02018.<\/p>\n<h5 class=\"p1\">Datos personales<\/h5>\n<p>La informaci\u00f3n recopilada est\u00e1 destinada exclusivamente al departamento de comunicaci\u00f3n de VINCI Construction Grands Projets. No se transmitir\u00e1 a terceros ninguno de sus datos personales.<\/p>\n<p>Los visitantes de este sitio web son informados y autorizan a que puedan almacenarse temporalmente chivatos o \u201ccookies\u201d en su computadora, tableta o tel\u00e9fono celular para facilitar la navegaci\u00f3n por el sitio, enviarles servicios adaptados a su terminal (computadora, celular o tableta) y realizar estad\u00edsticas de visitas. El usuario es libre de rechazar estos cookies configurando su navegador a trav\u00e9s de la p\u00e1gina web: <a href=\"https:\/\/www.cnil.fr\/en\/home\" target=\"_blank\" rel=\"noopener\">www.cnil.fr<\/a>.<\/p>\n<p>Toda informaci\u00f3n de car\u00e1cter personal que facilite a VINCI est\u00e1 sujeta a los dispuesto en la ley n\u00b078-17 \u00abInform\u00e1tica y Libertades\u00bb de 6 de enero de 1978 relativa a la inform\u00e1tica, a los ficheros y a las libertades, modificada. En este sentido, usted puede ejercer su derecho de acceso, rectificaci\u00f3n, cancelaci\u00f3n y oposici\u00f3n al tratamiento de sus datos personales, que podr\u00e1 ejercer en todo momento escribiendo a la direcci\u00f3n por correo electr\u00f3nico a: <a href=\"mailto:contact.vcgp@vinci-construction.com\" target=\"_blank\" rel=\"noopener\">contact.vcgp@vinci-construction.com<\/a> o por correo: Contacto DPO VINCI Construction Grands Projets,1973, boulevard de la D\u00e9fense 92000 Nanterre cedex, Francia.<\/p>\n<h5 class=\"p1\">Propiedad intelectual<\/h5>\n<p class=\"p1\">El Grupo VINCI tiene, se reserva y conserva los derechos de propiedad intelectual, incluidos los derechos de reproducci\u00f3n de este sitio y de sus contenidos.<\/p>\n<p class=\"p1\">En consecuencia, la reproducci\u00f3n parcial o total de este sitio y su contenido est\u00e1 estrictamente prohibida sin el permiso por escrito de VINCI.<\/p>\n<p class=\"p1\">Las marcas, patentes, logotipos y otros signos distintivos contenidos en este sitio son propiedad del Grupo VINCI o est\u00e1n sujetos a una autorizaci\u00f3n de uso. No podr\u00e1 otorgarse ning\u00fan derecho o licencia para cualquiera de estos elementos sin la autorizaci\u00f3n por escrito del Grupo VINCI o del tercero titular de los mismos.<\/p>\n<p class=\"p1\"><span style=\"line-height: 1.5;\"><strong>Cr\u00e9ditos de las fotos:<\/strong> fototecas VINCI y filiales, J\u00e9r\u00f4me Cabanel, Thierry Duvivier, Cyrille Dupont, Laurent de Gebhardt\/Le studio 360, Trilogic, Francis Vigouroux, Laurent Wargon, Aerial Innovations, Pascal Le Doar\u00e9<br \/>\n<\/span><strong>Cr\u00e9ditos de los v\u00eddeos:<\/strong> CAPA, Check-in Films, OnAir Production, Tulipes &amp; Cie, Kinepix<\/p>\n<h5 class=\"p1\">Exclusi\u00f3n de garant\u00edas y l\u00edmites de responsabilidad<\/h5>\n<p class=\"p1\">El usuario del sitio web <a href=\"http:\/\/www.vinci-construction-projets.com\">www.vinci-construction-projets.com<\/a>\u00a0reconoce haber le\u00eddo y entendido las presentes condiciones de uso y se compromete a respetarlas.<\/p>\n<p class=\"p1\">VINCI no se hace responsable los da\u00f1os directos o indirectos que pudieran derivarse del acceso al sitio o de su uso y\/o de la informaci\u00f3n contenida en el mismo, incluyendo la inaccesibilidad, la p\u00e9rdida de datos, da\u00f1os, destrucci\u00f3n o virus que puedan afectar al equipo inform\u00e1tico del usuario y\/o de la presencia de virus en su p\u00e1gina web.<\/p>\n<p class=\"p1\">Aunque VINCI se esfuerza en proporcionar un contenido fiable en su sitio web, ello no garantiza que su contenido est\u00e9 libre de inexactitudes u omisiones y no se hace responsable de los errores u omisiones ni de la falta de disponibilidad de la informaci\u00f3n y servicios. VINCI se reserva en todo momento y sin preaviso, el derecho a introducir mejoras y\/o cambios en el contenido de su sitio web.<\/p>\n<p class=\"p1\">En consecuencia, el usuario reconoce hacer uso de esta informaci\u00f3n bajo su exclusiva responsabilidad.<\/p>\n<h5 class=\"p1\">Enlaces a otros sitios web<\/h5>\n<p class=\"p1\">El sitio puede incluir enlaces a otros sitios web o a otras fuentes de Internet. En la medida en que VINCI no puede controlar estos sitios y fuentes externas, VINCI no se hace responsable de la disponibilidad de los mismos ni, por consiguiente, de los contenidos, publicidades, productos, servicios o cualquier otro material disponible en o a trav\u00e9s de dichos sitios o fuentes externas. Estos enlaces son ofrecidos a los usuarios del sitio VINCI como un servicio. La decisi\u00f3n de activar los enlaces es exclusivamente suya.<\/p>\n<p class=\"p1\">Le recordamos que los sitios ajenos est\u00e1n sometidos a sus propias condiciones de uso.<\/p>\n<p class=\"p1\"><strong>Dise\u00f1o y desarrollo:<\/strong> TequilaR\u00e1pido<\/p>\n","protected":false},"excerpt":{"rendered":"<p>El sitio web www.vinci-construction-projets.com es propiedad de VINCI, Sociedad An\u00f3nima con un capital de 1,500,854,942.50 euros a fecha de 31\/05\/2019, inscrita en el Registro Mercantil de Nanterre con el n\u00famero 552.037.806.00585, con domicilio social sito en: 1973, boulevard de la D\u00e9fense 92000 Nanterre cedex &#8211; Francia T\u00e9l : +33 (0)1 57 98 83 00 Directora [&hellip;]<\/p>\n","protected":false},"author":17,"featured_media":0,"parent":0,"menu_order":0,"comment_status":"closed","ping_status":"closed","template":"","meta":{"_acf_changed":false,"footnotes":""},"class_list":["post-10988","page","type-page","status-publish","hentry"],"acf":[],"_links":{"self":[{"href":"https:\/\/www.vinci-construction-projets.com\/es\/wp-json\/wp\/v2\/pages\/10988","targetHints":{"allow":["GET"]}}],"collection":[{"href":"https:\/\/www.vinci-construction-projets.com\/es\/wp-json\/wp\/v2\/pages"}],"about":[{"href":"https:\/\/www.vinci-construction-projets.com\/es\/wp-json\/wp\/v2\/types\/page"}],"author":[{"embeddable":true,"href":"https:\/\/www.vinci-construction-projets.com\/es\/wp-json\/wp\/v2\/users\/17"}],"replies":[{"embeddable":true,"href":"https:\/\/www.vinci-construction-projets.com\/es\/wp-json\/wp\/v2\/comments?post=10988"}],"version-history":[{"count":13,"href":"https:\/\/www.vinci-construction-projets.com\/es\/wp-json\/wp\/v2\/pages\/10988\/revisions"}],"predecessor-version":[{"id":19528,"href":"https:\/\/www.vinci-construction-projets.com\/es\/wp-json\/wp\/v2\/pages\/10988\/revisions\/19528"}],"wp:attachment":[{"href":"https:\/\/www.vinci-construction-projets.com\/es\/wp-json\/wp\/v2\/media?parent=10988"}],"curies":[{"name":"wp","href":"https:\/\/api.w.org\/{rel}","templated":true}]}}