{"id":10992,"date":"2016-05-16T08:59:19","date_gmt":"2016-05-16T07:59:19","guid":{"rendered":"http:\/\/vinci-construction-projets.com\/accessibilite\/"},"modified":"2024-07-26T10:46:14","modified_gmt":"2024-07-26T08:46:14","slug":"accesibilidad","status":"publish","type":"page","link":"https:\/\/www.vinci-construction-projets.com\/es\/accesibilidad\/","title":{"rendered":"Accesibilidad"},"content":{"rendered":"<p>VINCI Construction Grands Projets se compromete a hacer accesible su sitio web de conformidad con el art\u00edculo 47 de la Ley n\u00ba 2005-102 de 11 de febrero de 2005.<\/p>\n<p>Para ello, aplicar\u00e1 la estrategia y las acciones detalladas en su plan plurianual que se est\u00e1 elaborando actualmente.<\/p>\n<p>Esta declaraci\u00f3n de accesibilidad se aplica a <a href=\"https:\/\/www.vinci-construction-projets.com\/es\/\">VINCI Construction Grands Projets<\/a><\/p>\n<p>&nbsp;<\/p>\n<h2>ESTADO DE CONFORMIDAD<\/h2>\n<p>La obra VINCI Construction Grands Projets es parcialmente conforme al nivel RGAA 4.1 Doble-A (AA) debido a las no conformidades y desviaciones que se enumeran a continuaci\u00f3n.<\/p>\n<h3>RESULTADOS DE LAS PRUEBAS<\/h3>\n<p>La auditor\u00eda de conformidad realizada por <a href=\"https:\/\/www.ipedis.com\/\" target=\"_blank\" rel=\"noopener\">Ipedis<\/a> revela que el porcentaje de conformidad es del 52,83%:<\/p>\n<ul>\n<li>28 criterios conformes<\/li>\n<li>25 criterios no conformes<\/li>\n<li>53 criterios no aplicables<\/li>\n<\/ul>\n<h3>CONTENIDOS NO ACCESIBLES<\/h3>\n<p>Los contenidos enumerados a continuaci\u00f3n no son accesibles por los siguientes motivos.<\/p>\n<h4>Incumplimiento<\/h4>\n<p>En este documento se describen varios elementos de incumplimiento, algunos de los cuales son recurrentes en varias p\u00e1ginas:<\/p>\n<ul>\n<li>Algunas im\u00e1genes decorativas no son ignoradas por un lector de pantalla.<\/li>\n<li>Algunas alternativas de texto a las im\u00e1genes informativas son irrelevantes.<\/li>\n<li>Algunos marcos (iframe) no tienen t\u00edtulo.<\/li>\n<li>Algunos textos no tienen suficiente contraste con su fondo.<\/li>\n<li>Algunos componentes o elementos gr\u00e1ficos no contrastan bien con su fondo.<\/li>\n<li>El t\u00edtulo de algunos enlaces y su contexto no permiten comprender su funci\u00f3n o destino.<\/li>\n<li>Algunas secuencias de comandos no son compatibles con el lector de pantalla.<\/li>\n<li>Algunos cambios de contexto no son anunciados o controlables por el usuario.<\/li>\n<li>Algunos mensajes de estado no se muestran correctamente al lector de pantalla.<\/li>\n<li>Algunas p\u00e1ginas tienen un c\u00f3digo fuente no v\u00e1lido: reglas de escritura, apertura, cierre y anidamiento de elementos, unicidad de los atributos id.<\/li>\n<li>Algunas etiquetas HTML se utilizan \u00fanicamente con fines de presentaci\u00f3n visual.<\/li>\n<li>En algunas p\u00e1ginas, la informaci\u00f3n no est\u00e1 estructurada adecuadamente mediante encabezados (elemento h1. h2. etc.).<\/li>\n<li>Algunas citas no est\u00e1n etiquetadas como tales.<\/li>\n<li>Algunas informaciones desaparecen al desactivar CSS.<\/li>\n<li>Algunas informaciones se vuelven incomprensibles al desactivar CSS.<\/li>\n<li>Algunos enlaces no evidentes no se resaltan con un color de contraste y un cambio de visualizaci\u00f3n al enfocar el teclado o mover el rat\u00f3n.<\/li>\n<li>Algunas informaciones s\u00f3lo se dan por su forma, tama\u00f1o o posici\u00f3n.<\/li>\n<li>Parte del contenido se oculta cuando el ancho de pantalla es de 320 px.<\/li>\n<li>Algunos contenidos adicionales que s\u00f3lo aparecen mediante CSS no se hacen visibles a la navegaci\u00f3n por teclado.<\/li>\n<li>Algunos campos de formulario no controlan la entrada correctamente.<\/li>\n<li>Algunos campos de formulario no ofrecen sugerencias para corregir errores de entrada.<\/li>\n<li>Algunos campos de formulario no facilitan la cumplimentaci\u00f3n autom\u00e1tica.<\/li>\n<li>En algunas p\u00e1ginas, el orden de tabulaci\u00f3n no es coherente.<\/li>\n<li>Algunas p\u00e1ginas contienen una trampa de teclado.<\/li>\n<li>Algunos documentos ofim\u00e1ticos no son accesibles y no tienen alternativa.<\/li>\n<\/ul>\n<h2>ESTABLECIMIENTO DE ESTA DECLARACI\u00d3N DE ACCESIBILIDAD<\/h2>\n<p>Esta declaraci\u00f3n fue realizada el 07\/12\/2023 y ha sido actualizada el 15\/07\/2024<\/p>\n<p>Tecnolog\u00edas utilizadas para el desarrollo del sitio web<\/p>\n<ul>\n<li>HTML5<\/li>\n<li>CSS<\/li>\n<li>JavaScript<\/li>\n<\/ul>\n<p>Las pruebas de las p\u00e1ginas web se realizaron con las siguientes combinaciones de agentes de usuario y lectores de pantalla:<\/p>\n<ul>\n<li>NVDA con Google Chrome<br \/>\nEn la evaluaci\u00f3n se utilizaron las siguientes herramientas<\/li>\n<\/ul>\n<p>Extensi\u00f3n web Tanaguru<\/p>\n<ul>\n<li>WCAG &#8211; Comprobador de contraste<br \/>\nSelector de color accesible<br \/>\nTaba11y<br \/>\nAxe DevTools &#8211; Pruebas de accesibilidad web<br \/>\nAsistente RGAA<br \/>\nComprobador de accesibilidad PDF (PAC) 2021<\/li>\n<\/ul>\n<p>P\u00e1ginas del sitio que han sido objeto de la verificaci\u00f3n de conformidad:<\/p>\n<ul>\n<li><a href=\"https:\/\/www.vinci-construction-projets.com\/es\/\">P\u00e1gina de inicio<\/a><\/li>\n<li><a href=\"https:\/\/www.vinci-construction-projets.com\/es\/contacto\/\">Contacto<\/a><\/li>\n<li><a href=\"https:\/\/www.vinci-construction-projets.com\/es\/menciones-legales\/\">Menciones legales<\/a><\/li>\n<li><a href=\"https:\/\/www.vinci-construction-projets.com\/es\/mapa-sitio\/\">Mapa del sitio<\/a><\/li>\n<li><a href=\"https:\/\/www.vinci-construction-projets.com\/es\/accesibilidad\/\">Accesibilidad<\/a><\/li>\n<li><a href=\"https:\/\/www.vinci-construction-projets.com\/es\/la-empresa\/nuestros-establecimientos\/\">Nuestras sedes<\/a><\/li>\n<li><a href=\"https:\/\/www.vinci-construction-projets.com\/es\/nuestro-saber-hacer\/nuestros-conocimientos-tecnicos\/\">Nuestras especialidades<\/a><\/li>\n<li><a href=\"https:\/\/www.vinci-construction-projets.com\/es\/nuestros-compromisos\/igualdad-profesional\/\">Trayectoria profesional<\/a><\/li>\n<li><a href=\"https:\/\/www.vinci-construction-projets.com\/es\/newsroom\/documentos\/\">Documentos<\/a><\/li>\n<li><a href=\"https:\/\/www.vinci-construction-projets.com\/es\/realisations\/i-64-hampton-roads-bridge-tunnel-between-hampton-and-norfolk\/\">T\u00fanel del puente I-64 Hampton Roads<\/a><\/li>\n<li><a href=\"https:\/\/www.vinci-construction-projets.com\/es\/nuestros-compromisos\/proteger-medio-ambiente\/\">Protecci\u00f3n del medio ambiente<\/a><\/li>\n<\/ul>\n<h2>COMENTARIOS Y CONTACTO<\/h2>\n<p>Si no puede acceder a alg\u00fan contenido o servicio, puede ponerse en contacto con el gestor del sitio web para que le dirija a una alternativa accesible o para obtener el contenido de otra forma.<\/p>\n<p>P\u00f3ngase en contacto con el departamento de comunicaci\u00f3n de VINCI Construction Grands Projets en la siguiente direcci\u00f3n de correo electr\u00f3nico: <a href=\"mailto:communication.vcgp@vinci-construction.com\">communication.vcgp@vinci-construction.com<\/a><\/p>\n<h2>CANALES DE CONTACTO<\/h2>\n<p>Este procedimiento se aplicar\u00e1 en el siguiente caso:<\/p>\n<p>Has comunicado al gestor de la web una falta de accesibilidad que te impide acceder a alguno de los contenidos o servicios del portal y no has recibido una respuesta satisfactoria.<\/p>\n<ul>\n<li>Escriba un mensaje al <a href=\"https:\/\/formulaire.defenseurdesdroits.fr\/\">Defensor del Pueblo<\/a><\/li>\n<li>P\u00f3ngase en <a href=\"https:\/\/www.defenseurdesdroits.fr\/saisir\/delegues\" target=\"_blank\" rel=\"noopener\">contacto con el delegado del Defensor en su regi\u00f3n<\/a><\/li>\n<li>Env\u00ede un correo por correo postal (gratuito, no ponga sello)<br \/>\nD\u00e9fenseur des droits Libre r\u00e9ponse 71120 75342 Paris CEDEX 07<\/li>\n<\/ul>\n<p>&nbsp;<\/p>\n","protected":false},"excerpt":{"rendered":"<p>VINCI Construction Grands Projets se compromete a hacer accesible su sitio web de conformidad con el art\u00edculo 47 de la Ley n\u00ba 2005-102 de 11 de febrero de 2005. Para ello, aplicar\u00e1 la estrategia y las acciones detalladas en su plan plurianual que se est\u00e1 elaborando actualmente. Esta declaraci\u00f3n de accesibilidad se aplica a VINCI [&hellip;]<\/p>\n","protected":false},"author":17,"featured_media":0,"parent":0,"menu_order":0,"comment_status":"closed","ping_status":"closed","template":"","meta":{"_acf_changed":false,"footnotes":""},"class_list":["post-10992","page","type-page","status-publish","hentry"],"acf":[],"_links":{"self":[{"href":"https:\/\/www.vinci-construction-projets.com\/es\/wp-json\/wp\/v2\/pages\/10992","targetHints":{"allow":["GET"]}}],"collection":[{"href":"https:\/\/www.vinci-construction-projets.com\/es\/wp-json\/wp\/v2\/pages"}],"about":[{"href":"https:\/\/www.vinci-construction-projets.com\/es\/wp-json\/wp\/v2\/types\/page"}],"author":[{"embeddable":true,"href":"https:\/\/www.vinci-construction-projets.com\/es\/wp-json\/wp\/v2\/users\/17"}],"replies":[{"embeddable":true,"href":"https:\/\/www.vinci-construction-projets.com\/es\/wp-json\/wp\/v2\/comments?post=10992"}],"version-history":[{"count":9,"href":"https:\/\/www.vinci-construction-projets.com\/es\/wp-json\/wp\/v2\/pages\/10992\/revisions"}],"predecessor-version":[{"id":20389,"href":"https:\/\/www.vinci-construction-projets.com\/es\/wp-json\/wp\/v2\/pages\/10992\/revisions\/20389"}],"wp:attachment":[{"href":"https:\/\/www.vinci-construction-projets.com\/es\/wp-json\/wp\/v2\/media?parent=10992"}],"curies":[{"name":"wp","href":"https:\/\/api.w.org\/{rel}","templated":true}]}}