{"id":11082,"date":"2016-10-19T16:56:51","date_gmt":"2016-10-19T14:56:51","guid":{"rendered":"http:\/\/vinci-construction-projets.com\/bim\/"},"modified":"2022-11-04T15:30:51","modified_gmt":"2022-11-04T14:30:51","slug":"bim","status":"publish","type":"page","link":"https:\/\/www.vinci-construction-projets.com\/es\/nuestro-saber-hacer\/nuestros-conocimientos-tecnicos\/bim\/","title":{"rendered":"BIM, Building Information Modeling"},"content":{"rendered":"<h4>\u00bfQu\u00e9 es el BIM?<\/h4>\n<p><img loading=\"lazy\" decoding=\"async\" class=\"size-full wp-image-18458 aligncenter\" src=\"https:\/\/www.vinci-construction-projets.com\/wp-content\/uploads\/2022\/11\/bimbim.png\" alt=\"\" width=\"3896\" height=\"657\" srcset=\"https:\/\/www.vinci-construction-projets.com\/wp-content\/uploads\/2022\/11\/bimbim.png 3896w, https:\/\/www.vinci-construction-projets.com\/wp-content\/uploads\/2022\/11\/bimbim-300x51.png 300w, https:\/\/www.vinci-construction-projets.com\/wp-content\/uploads\/2022\/11\/bimbim-768x130.png 768w, https:\/\/www.vinci-construction-projets.com\/wp-content\/uploads\/2022\/11\/bimbim-1024x173.png 1024w, https:\/\/www.vinci-construction-projets.com\/wp-content\/uploads\/2022\/11\/bimbim-1440x243.png 1440w, https:\/\/www.vinci-construction-projets.com\/wp-content\/uploads\/2022\/11\/bimbim-400x67.png 400w, https:\/\/www.vinci-construction-projets.com\/wp-content\/uploads\/2022\/11\/bimbim-720x121.png 720w, https:\/\/www.vinci-construction-projets.com\/wp-content\/uploads\/2022\/11\/bimbim-600x101.png 600w, https:\/\/www.vinci-construction-projets.com\/wp-content\/uploads\/2022\/11\/bimbim-590x99.png 590w, https:\/\/www.vinci-construction-projets.com\/wp-content\/uploads\/2022\/11\/bimbim-793x134.png 793w, https:\/\/www.vinci-construction-projets.com\/wp-content\/uploads\/2022\/11\/bimbim-386x65.png 386w, https:\/\/www.vinci-construction-projets.com\/wp-content\/uploads\/2022\/11\/bimbim-780x132.png 780w, https:\/\/www.vinci-construction-projets.com\/wp-content\/uploads\/2022\/11\/bimbim-1200x202.png 1200w, https:\/\/www.vinci-construction-projets.com\/wp-content\/uploads\/2022\/11\/bimbim-285x48.png 285w\" sizes=\"auto, (max-width: 3896px) 100vw, 3896px\" \/><\/p>\n<p>El BIM, <em>Building Information Modeling<\/em>, es un enfoque que utiliza un modelo digital (maqueta) para <strong>apoyar el dise\u00f1o, la construcci\u00f3n y la explotaci\u00f3n y el mantenimiento de una estructura<\/strong>.<\/p>\n<p>Una plataforma colaborativa permite a cada actor, seg\u00fan sus necesidades, acceder a una base de datos espec\u00edfica del proyecto que garantiza la fiabilidad, la unicidad y la actualizaci\u00f3n de toda la informaci\u00f3n t\u00e9cnica del proyecto. Esta tecnolog\u00eda permite <strong>compartir conocimientos e informaci\u00f3n sobre una estructura<\/strong>, proporcionando una base fiable para la toma de decisiones a lo largo de su ciclo de vida.<\/p>\n<p>El BIM es, por tanto, una <strong>fuente de informaci\u00f3n \u00fanica, la \u00fanica que utilizan todas las partes interesadas en un proyecto<\/strong>.<\/p>\n<h4>\u00bfPor qu\u00e9 BIM? USOS<\/h4>\n<h5>El uso de BIM es una aut\u00e9ntica revoluci\u00f3n en las pr\u00e1cticas de construcci\u00f3n, y se ha convertido en un requisito para casi todos nuestros clientes. Sus objetivos son, por lo general, los siguientes:<\/h5>\n<ul>\n<li>La recopilaci\u00f3n de las maquetas finales para el archivado exhaustivo y estructurado de toda la informaci\u00f3n del proyecto y de su uso y su actualizaci\u00f3n durante el uso y mantenimiento de la estructura,<\/li>\n<\/ul>\n<h5><em>Modelizaci\u00f3n de la construcci\u00f3n de los viaductos de Hampton Roads Bridge-Tunnel<\/em><\/h5>\n<ul>\n<li>Comunicaci\u00f3n con las partes interesadas, aprovechando el aspecto pedag\u00f3gico vinculado al uso de modelos 3D e incluso 4D (visualizaci\u00f3n del proceso de construcci\u00f3n en el tiempo). El uso de realidad virtual, mixta o aumentada, tambi\u00e9n facilita la comprensi\u00f3n del proyecto para los participantes no entendidos.<\/li>\n<\/ul>\n<h5>Adem\u00e1s de estos usos, nuestros propios equipos tambi\u00e9n aprovechan el BIM:<\/h5>\n<ul>\n<li>En la fase de dise\u00f1o:<\/li>\n<\/ul>\n<h5><img loading=\"lazy\" decoding=\"async\" class=\"size-full wp-image-18461 alignleft\" src=\"https:\/\/www.vinci-construction-projets.com\/wp-content\/uploads\/2022\/11\/fondation-LV.jpg\" alt=\"\" width=\"735\" height=\"375\" srcset=\"https:\/\/www.vinci-construction-projets.com\/wp-content\/uploads\/2022\/11\/fondation-LV.jpg 735w, https:\/\/www.vinci-construction-projets.com\/wp-content\/uploads\/2022\/11\/fondation-LV-300x153.jpg 300w, https:\/\/www.vinci-construction-projets.com\/wp-content\/uploads\/2022\/11\/fondation-LV-400x204.jpg 400w, https:\/\/www.vinci-construction-projets.com\/wp-content\/uploads\/2022\/11\/fondation-LV-720x367.jpg 720w, https:\/\/www.vinci-construction-projets.com\/wp-content\/uploads\/2022\/11\/fondation-LV-600x306.jpg 600w, https:\/\/www.vinci-construction-projets.com\/wp-content\/uploads\/2022\/11\/fondation-LV-559x285.jpg 559w, https:\/\/www.vinci-construction-projets.com\/wp-content\/uploads\/2022\/11\/fondation-LV-386x197.jpg 386w, https:\/\/www.vinci-construction-projets.com\/wp-content\/uploads\/2022\/11\/fondation-LV-686x350.jpg 686w, https:\/\/www.vinci-construction-projets.com\/wp-content\/uploads\/2022\/11\/fondation-LV-285x145.jpg 285w, https:\/\/www.vinci-construction-projets.com\/wp-content\/uploads\/2022\/11\/fondation-LV-725x370.jpg 725w\" sizes=\"auto, (max-width: 735px) 100vw, 735px\" \/><\/h5>\n<p><em>Fundaci\u00f3n Louis Vuitton<\/em><\/p>\n<p><em>&#8211;\u00a0<\/em>Utilizaci\u00f3n de esc\u00e1neres 3D \/ LIDAR para los registros del existente y la construcci\u00f3n de maquetas de proyecto sobre una base fiable<\/p>\n<p>&nbsp;<\/p>\n<p>&nbsp;<\/p>\n<p>&nbsp;<\/p>\n<p>&nbsp;<\/p>\n<p>&nbsp;<\/p>\n<p>&nbsp;<\/p>\n<p><img loading=\"lazy\" decoding=\"async\" class=\"size-full wp-image-18464 alignright\" src=\"https:\/\/www.vinci-construction-projets.com\/wp-content\/uploads\/2022\/11\/Panama.png\" alt=\"\" width=\"295\" height=\"273\" srcset=\"https:\/\/www.vinci-construction-projets.com\/wp-content\/uploads\/2022\/11\/Panama.png 295w, https:\/\/www.vinci-construction-projets.com\/wp-content\/uploads\/2022\/11\/Panama-259x240.png 259w, https:\/\/www.vinci-construction-projets.com\/wp-content\/uploads\/2022\/11\/Panama-216x200.png 216w, https:\/\/www.vinci-construction-projets.com\/wp-content\/uploads\/2022\/11\/Panama-285x264.png 285w\" sizes=\"auto, (max-width: 295px) 100vw, 295px\" \/><\/p>\n<p><em>Armaduras del puente de Panam\u00e1<\/em><\/p>\n<p><em>&#8211;\u00a0<\/em>Modelizaci\u00f3n con diferentes niveles de detalle a medida que avanza el dise\u00f1o<\/p>\n<p>&#8211; Coordinaci\u00f3n espacial mediante la federaci\u00f3n de los modelos desarrollados por los distintos actores del proyecto<\/p>\n<p>&#8211; Revisi\u00f3n del proyecto colaborativo en torno al modelo<\/p>\n<p>&#8211; Seguimiento de las evoluciones del proyecto mediante el uso de plataformas espec\u00edficas<\/p>\n<p>&#8211; Enlaces entre los modelos 3D BIM y los modelos anal\u00edticos de c\u00e1lculo<\/p>\n<p>&#8211; Edici\u00f3n de los planos directamente a partir de los modelos<\/p>\n<p>&nbsp;<\/p>\n<p><img loading=\"lazy\" decoding=\"async\" class=\"size-full wp-image-18467 alignleft\" src=\"https:\/\/www.vinci-construction-projets.com\/wp-content\/uploads\/2022\/11\/prep.png\" alt=\"\" width=\"605\" height=\"340\" srcset=\"https:\/\/www.vinci-construction-projets.com\/wp-content\/uploads\/2022\/11\/prep.png 605w, https:\/\/www.vinci-construction-projets.com\/wp-content\/uploads\/2022\/11\/prep-300x169.png 300w, https:\/\/www.vinci-construction-projets.com\/wp-content\/uploads\/2022\/11\/prep-400x225.png 400w, https:\/\/www.vinci-construction-projets.com\/wp-content\/uploads\/2022\/11\/prep-600x337.png 600w, https:\/\/www.vinci-construction-projets.com\/wp-content\/uploads\/2022\/11\/prep-507x285.png 507w, https:\/\/www.vinci-construction-projets.com\/wp-content\/uploads\/2022\/11\/prep-386x217.png 386w, https:\/\/www.vinci-construction-projets.com\/wp-content\/uploads\/2022\/11\/prep-356x200.png 356w, https:\/\/www.vinci-construction-projets.com\/wp-content\/uploads\/2022\/11\/prep-285x160.png 285w\" sizes=\"auto, (max-width: 605px) 100vw, 605px\" \/><\/p>\n<ul>\n<li>En la fase de licitaci\u00f3n y preparaci\u00f3n de la obra<\/li>\n<\/ul>\n<p>&#8211; Desarrollo de m\u00e9todos de construcci\u00f3n y escalonamiento basados en modelos 3D<\/p>\n<p>&#8211; Extracci\u00f3n de las cantidades necesarias para el c\u00e1lculo de costes, estudios comparativos de variantes<\/p>\n<p>&#8211; Formaci\u00f3n del personal gracias al uso de la realidad virtual<\/p>\n<p>&nbsp;<\/p>\n<p>&nbsp;<\/p>\n<p>&nbsp;<\/p>\n<p>&nbsp;<\/p>\n<p><img loading=\"lazy\" decoding=\"async\" class=\"size-full wp-image-18471 alignright\" src=\"https:\/\/www.vinci-construction-projets.com\/wp-content\/uploads\/2022\/11\/Phase-travaux.png\" alt=\"\" width=\"340\" height=\"453\" srcset=\"https:\/\/www.vinci-construction-projets.com\/wp-content\/uploads\/2022\/11\/Phase-travaux.png 340w, https:\/\/www.vinci-construction-projets.com\/wp-content\/uploads\/2022\/11\/Phase-travaux-225x300.png 225w, https:\/\/www.vinci-construction-projets.com\/wp-content\/uploads\/2022\/11\/Phase-travaux-180x240.png 180w, https:\/\/www.vinci-construction-projets.com\/wp-content\/uploads\/2022\/11\/Phase-travaux-255x340.png 255w, https:\/\/www.vinci-construction-projets.com\/wp-content\/uploads\/2022\/11\/Phase-travaux-214x285.png 214w, https:\/\/www.vinci-construction-projets.com\/wp-content\/uploads\/2022\/11\/Phase-travaux-263x350.png 263w, https:\/\/www.vinci-construction-projets.com\/wp-content\/uploads\/2022\/11\/Phase-travaux-150x200.png 150w, https:\/\/www.vinci-construction-projets.com\/wp-content\/uploads\/2022\/11\/Phase-travaux-285x380.png 285w, https:\/\/www.vinci-construction-projets.com\/wp-content\/uploads\/2022\/11\/Phase-travaux-278x370.png 278w\" sizes=\"auto, (max-width: 340px) 100vw, 340px\" \/><\/p>\n<ul>\n<li>Durante la fase de obras<\/li>\n<\/ul>\n<p>&#8211; Visualizaci\u00f3n de las maquetas en el lugar de la obra, adem\u00e1s de los planos, para una mejor comprensi\u00f3n de las estructuras a realizar o de su entorno o para consultar la informaci\u00f3n almacenada en la base de datos asociada a la maqueta<\/p>\n<p>&#8211; Asistencia a la construcci\u00f3n mediante el uso de realidad mixta o aumentada<\/p>\n<p>&#8211; Introducci\u00f3n de la informaci\u00f3n de la obra para introducirla en la maqueta: avance, controles de calidad, reservas, etc.<\/p>\n<p>&#8211; Controles de calidad y actualizaci\u00f3n de modelos \u00abTal como est\u00e1n construidos\u00bb a partir de registros de esc\u00e1ner 3D \u2013 LIDAR. Todos estos usos contribuyen a una mejor calidad de los proyectos y a un desarrollo m\u00e1s fluido:<\/p>\n<p style=\"padding-left: 60px;\">&#8211; Un dise\u00f1o de mayor calidad, una mejor coordinaci\u00f3n entre los distintos oficios,<\/p>\n<p style=\"padding-left: 60px;\">&#8211; Mejor consideraci\u00f3n de los m\u00e9todos de construcci\u00f3n y de los requisitos de explotaci\u00f3n y mantenimiento,<\/p>\n<p style=\"padding-left: 60px;\">&#8211; Control de los costes y los plazos mediante la recuperaci\u00f3n de las cantidades derivadas de las maquetas y la producci\u00f3n de las fases de trabajo en 4D,<\/p>\n<p style=\"padding-left: 60px;\">&#8211; Una gesti\u00f3n m\u00e1s eficaz de la informaci\u00f3n a lo largo del proyecto.<\/p>\n<p>&nbsp;<\/p>\n<h4>\u00bfC\u00d3MO? NUESTRA ORGANIZACI\u00d3N<\/h4>\n<p>A cada uno de nuestros proyectos se le asigna un BIM Manager, asistido cuando es necesario por uno o varios coordinadores BIM. En estrecha relaci\u00f3n con todas las partes interesadas en el proyecto, define los m\u00e9todos de uso de BIM, implementa las herramientas inform\u00e1ticas necesarias y garantiza el buen funcionamiento de los procesos.<\/p>\n<p>En la sede de la empresa, un equipo especializado apoya a los interlocutores de los proyectos sobre cuestiones espec\u00edficas. Adem\u00e1s:<\/p>\n<ul>\n<li>Define los procesos y recursos necesarios para la realizaci\u00f3n del proyecto durante el proceso de licitaci\u00f3n y contribuye a su cuantificaci\u00f3n. Si es necesario, redacta los documentos t\u00e9cnicos que definen la estrategia BIM presentada en apoyo de la licitaci\u00f3n<\/li>\n<li>Contribuye al proceso de contrataci\u00f3n de los equipos BIM de los proyectos<\/li>\n<li>Realiza directamente todo o parte del BIM Management de determinados proyectos<\/li>\n<li>Prepara y proporciona a todo el personal de la empresa una formaci\u00f3n adaptada a los retos espec\u00edficos de nuestros proyectos<\/li>\n<li>Garantiza la vigilancia tecnol\u00f3gica en este campo en r\u00e1pida evoluci\u00f3n<\/li>\n<li>Desarrolla herramientas y documentos gu\u00eda para facilitar el despliegue de los procedimientos BIM en nuestros proyectos<\/li>\n<li>Analiza los retornos de experiencia de todos nuestros proyectos para la mejora continua de nuestras pr\u00e1cticas<\/li>\n<\/ul>\n<p style=\"text-align: center;\">\n<div id=\"attachment_18474\" style=\"width: 615px\" class=\"wp-caption aligncenter\"><img loading=\"lazy\" decoding=\"async\" aria-describedby=\"caption-attachment-18474\" class=\"wp-image-18474 size-full\" src=\"https:\/\/www.vinci-construction-projets.com\/wp-content\/uploads\/2022\/11\/NZ.jpg\" alt=\"\" width=\"605\" height=\"340\" srcset=\"https:\/\/www.vinci-construction-projets.com\/wp-content\/uploads\/2022\/11\/NZ.jpg 605w, https:\/\/www.vinci-construction-projets.com\/wp-content\/uploads\/2022\/11\/NZ-300x169.jpg 300w, https:\/\/www.vinci-construction-projets.com\/wp-content\/uploads\/2022\/11\/NZ-400x225.jpg 400w, https:\/\/www.vinci-construction-projets.com\/wp-content\/uploads\/2022\/11\/NZ-600x337.jpg 600w, https:\/\/www.vinci-construction-projets.com\/wp-content\/uploads\/2022\/11\/NZ-507x285.jpg 507w, https:\/\/www.vinci-construction-projets.com\/wp-content\/uploads\/2022\/11\/NZ-386x217.jpg 386w, https:\/\/www.vinci-construction-projets.com\/wp-content\/uploads\/2022\/11\/NZ-356x200.jpg 356w, https:\/\/www.vinci-construction-projets.com\/wp-content\/uploads\/2022\/11\/NZ-285x160.jpg 285w\" sizes=\"auto, (max-width: 605px) 100vw, 605px\" \/><p id=\"caption-attachment-18474\" class=\"wp-caption-text\">El proyecto City Rail \u2013 Auckland \u2013 Nueva Zelanda<\/p><\/div>\n<p>Este proyecto tiene como fin la construcci\u00f3n de un enlace ferroviario soterrado en el centro de la ciudad de Auckland. Supone la perforaci\u00f3n de unos 7 km de t\u00fanel, la construcci\u00f3n de tres estaciones subterr\u00e1neas y las conexiones con las v\u00edas existentes a ambos lados. Incluye la construcci\u00f3n de la obra civil y todo el equipamiento de las estructuras. Un equipo de 15 personas est\u00e1 dedicado a la implantaci\u00f3n del procedimiento BIM, en las fases de dise\u00f1o, preparaci\u00f3n de la obra, construcci\u00f3n y entrega, todo ello en estrecha colaboraci\u00f3n con el cliente. Entre las realizaciones m\u00e1s destacadas en este \u00e1mbito cabe destacar:<\/p>\n<p>&#8211; La realizaci\u00f3n de fases 4D muy detalladas para la realizaci\u00f3n de cada estaci\u00f3n en un entorno con grandes restricciones.<\/p>\n<p>&#8211; El uso de la realidad virtual (drive-through) para familiarizar muy regularmente a los conductores de tren de las v\u00edas existentes que se mantienen en servicio cerca de las obras con los cambios en el entorno asociados a las obras<\/p>\n<p>&#8211; El seguimiento de las principales cantidades a medida que se desarrolla el dise\u00f1o<\/p>\n<p>&#8211; El uso masivo de tabletas en la obra para acceder a las maquetas e introducir informaci\u00f3n a medida que avanza la construcci\u00f3n<\/p>\n","protected":false},"excerpt":{"rendered":"<p>\u00bfQu\u00e9 es el BIM? El BIM, Building Information Modeling, es un enfoque que utiliza un modelo digital (maqueta) para apoyar el dise\u00f1o, la construcci\u00f3n y la explotaci\u00f3n y el mantenimiento de una estructura. Una plataforma colaborativa permite a cada actor, seg\u00fan sus necesidades, acceder a una base de datos espec\u00edfica del proyecto que garantiza la [&hellip;]<\/p>\n","protected":false},"author":17,"featured_media":0,"parent":11096,"menu_order":0,"comment_status":"closed","ping_status":"closed","template":"","meta":{"_acf_changed":false,"footnotes":""},"class_list":["post-11082","page","type-page","status-publish","hentry"],"acf":[],"_links":{"self":[{"href":"https:\/\/www.vinci-construction-projets.com\/es\/wp-json\/wp\/v2\/pages\/11082","targetHints":{"allow":["GET"]}}],"collection":[{"href":"https:\/\/www.vinci-construction-projets.com\/es\/wp-json\/wp\/v2\/pages"}],"about":[{"href":"https:\/\/www.vinci-construction-projets.com\/es\/wp-json\/wp\/v2\/types\/page"}],"author":[{"embeddable":true,"href":"https:\/\/www.vinci-construction-projets.com\/es\/wp-json\/wp\/v2\/users\/17"}],"replies":[{"embeddable":true,"href":"https:\/\/www.vinci-construction-projets.com\/es\/wp-json\/wp\/v2\/comments?post=11082"}],"version-history":[{"count":14,"href":"https:\/\/www.vinci-construction-projets.com\/es\/wp-json\/wp\/v2\/pages\/11082\/revisions"}],"predecessor-version":[{"id":18480,"href":"https:\/\/www.vinci-construction-projets.com\/es\/wp-json\/wp\/v2\/pages\/11082\/revisions\/18480"}],"up":[{"embeddable":true,"href":"https:\/\/www.vinci-construction-projets.com\/es\/wp-json\/wp\/v2\/pages\/11096"}],"wp:attachment":[{"href":"https:\/\/www.vinci-construction-projets.com\/es\/wp-json\/wp\/v2\/media?parent=11082"}],"curies":[{"name":"wp","href":"https:\/\/api.w.org\/{rel}","templated":true}]}}