{"id":11099,"date":"2017-02-22T16:28:26","date_gmt":"2017-02-22T15:28:26","guid":{"rendered":"http:\/\/vinci-construction-projets.com\/nos-expertises\/methodes-preparation-de-chantier\/"},"modified":"2022-11-14T14:07:25","modified_gmt":"2022-11-14T13:07:25","slug":"metodos-preparacion-de-obra","status":"publish","type":"page","link":"https:\/\/www.vinci-construction-projets.com\/es\/nuestro-saber-hacer\/nuestros-conocimientos-tecnicos\/metodos-preparacion-de-obra\/","title":{"rendered":"M\u00e9todos y preparaci\u00f3n de la obra"},"content":{"rendered":"<h4 class=\"p1\">UNA SECUENCIACI\u00d3N \u00d3PTIMA DEL LUGAR DE LA OBRA<\/h4>\n<p><img loading=\"lazy\" decoding=\"async\" class=\"size-full wp-image-18555 alignright\" src=\"https:\/\/www.vinci-construction-projets.com\/wp-content\/uploads\/2022\/11\/methodes-et-prep1.jpg\" alt=\"\" width=\"500\" height=\"283\" srcset=\"https:\/\/www.vinci-construction-projets.com\/wp-content\/uploads\/2022\/11\/methodes-et-prep1.jpg 500w, https:\/\/www.vinci-construction-projets.com\/wp-content\/uploads\/2022\/11\/methodes-et-prep1-300x170.jpg 300w, https:\/\/www.vinci-construction-projets.com\/wp-content\/uploads\/2022\/11\/methodes-et-prep1-400x226.jpg 400w, https:\/\/www.vinci-construction-projets.com\/wp-content\/uploads\/2022\/11\/methodes-et-prep1-386x218.jpg 386w, https:\/\/www.vinci-construction-projets.com\/wp-content\/uploads\/2022\/11\/methodes-et-prep1-353x200.jpg 353w, https:\/\/www.vinci-construction-projets.com\/wp-content\/uploads\/2022\/11\/methodes-et-prep1-285x161.jpg 285w\" sizes=\"auto, (max-width: 500px) 100vw, 500px\" \/><\/p>\n<p>Nuestro departamento de M\u00e9todos interviene desde el <strong>primer d\u00eda del dise\u00f1o de un proyecto<\/strong>: la definici\u00f3n de las sucesivas fases de c<\/p>\n<p>onstrucci\u00f3n tiene implicaciones directas en el c\u00e1lculo estructural, la planificaci\u00f3n y el coste del proyecto. <strong>El desarrollo y la optimizaci\u00f3n de los m\u00e9todos de construcci\u00f3n es, por tanto, un factor clave para conseguir proyectos de menor riesgo, m\u00e1s sostenibles y m\u00e1s econ\u00f3micos.<\/strong><br \/>\nNos basamos en nuestro retorno de experiencia mundial y en el contacto directo con los proyectos en curso para proponer variantes u optimizaciones durante la fase de licitaci\u00f3n.<\/p>\n<p>Tambi\u00e9n intervenimos <strong>durante la ejecuci\u00f3n del proyecto<\/strong> para precisar con m\u00e1s detalle las decisiones constructivas tomadas durante la licitaci\u00f3n.<br \/>\nEl enfoque <a href=\"http:\/\/vinci-construction-projets.com\/fr\/nos-engagements\/politique-securite\/\"><em>Safety in Design<\/em><\/a> desempe\u00f1a un papel preponderante en la elaboraci\u00f3n de m\u00e9todos para proponer soluciones que favorezcan una mayor seguridad tanto en la fase de construcci\u00f3n como en la de explotaci\u00f3n de la estructura.<\/p>\n<p><strong><em>El Metro de EL Cairo<\/em><\/strong><\/p>\n<p class=\"p1\"><em>Para los tramos a\u00e9reos de la l\u00ednea 3 del metro de El Cairo, en Egipto, intervenimos en varios frentes: todos los m\u00e9todos de prefabricaci\u00f3n de las dovelas de viaductos, con el dise\u00f1o de una zona de prefabricaci\u00f3n y almacenamiento de dovelas de 80 000 m2 y el aprovisionamiento de equipos, los m\u00e9todos de montaje de estas dovelas mediante una viga autoportante que avanza en zonas urbanas muy estrechas, los m\u00e9todos de montaje y el lanzamiento de un arco met\u00e1lico de 73 m sobre un cruce, as\u00ed como el dise\u00f1o de cruces sobre autopistas en curva en zonas de acceso muy limitado.<\/em><\/p>\n<h4><strong>M\u00c9TODOS A MEDIDA<\/strong><\/h4>\n<p>Decidir un m\u00e9todo de construcci\u00f3n significa tambi\u00e9n <strong>decidir las obras provisionales<\/strong> que permitir\u00e1n construir la estructura definitiva. Estas estructuras provisionales suelen ser las primeras en aparecer en una obra y desaparecen en cuanto el proyecto est\u00e1 terminado. Pero esta vida limitada no debe hacernos olvidar su importancia crucial: con el procedimiento <a href=\"http:\/\/vinci-construction-projets.com\/fr\/nos-engagements\/politique-securite\/\"><em>Safety in Design<\/em><\/a> est\u00e1n <strong>dise\u00f1adas para ofrecer las mejores condiciones posibles para llevar a cabo los trabajos en la obra<\/strong>; bien integradas en la secuenciaci\u00f3n de la obra, garantizan su correcto desarrollo en cuanto a tiempo y costes.<br \/>\nNuestros equipos se encargan de la identificaci\u00f3n, el dise\u00f1o y el dimensionamiento de estas estructuras temporales espec\u00edficas desde la fase de licitaci\u00f3n. Durante la ejecuci\u00f3n, se encargan del dise\u00f1o detallado y de la relaci\u00f3n con los constructores especializados.<\/p>\n<p><em><strong>High-Speed 2<\/strong><\/em><\/p>\n<p>Para la construcci\u00f3n de los viaductos con dovelas prefabricadas, nuestro departamento, en estrecha colaboraci\u00f3n con el proyecto y las oficinas de dise\u00f1o t\u00e9cnico, desarroll\u00f3 los m\u00e9todos generales y luego los m\u00e9todos detallados de prefabricaci\u00f3n e instalaci\u00f3n. Esto incluye la definici\u00f3n de las c\u00e9lulas de prefabricaci\u00f3n, las superestructuras de instalaci\u00f3n y los m\u00e1stiles de arriostrado temporales. Todo estos equipos fueron predimensionados para permitir a los dise\u00f1adores avanzar y al proyecto consultar con los proveedores.<\/p>\n<h4 class=\"p1\">M\u00c9TODOS INNOVADORES<\/h4>\n<p>La variedad de nuestros estudios y el car\u00e1cter global de los retornos de experiencias nos permiten<strong> importar en algunos pa\u00edses m\u00e9todos de construcci\u00f3n innovadores<\/strong>, que a\u00fan no han sido probados localmente, pero que hemos desarrollado con \u00e9xito en otras obras. Eso nos permite ofrecer con total confianza unas variantes perfectamente adaptadas.<\/p>\n<p><em><strong>La Nueva Carretera del Litoral<\/strong><\/em><\/p>\n<p>Para el proyecto de la\u00a0<a href=\"http:\/\/vinci-construction-projets.com\/fr\/realisations\/nouvelle-route-littoral-la-reunion\/\"><em>Nueva Carretera del Litoral<\/em><\/a> en la isla de la Reuni\u00f3n, el grupo propuso un m\u00e9todo de construcci\u00f3n alternativo que consiste en prefabricar m\u00e1s del 95 % de la estructura en tierra, a fin de reducir los riesgos y la peligrosidad del trabajo mar\u00edtimo. Esto implic\u00f3 la prefabricaci\u00f3n de elementos inusualmente grandes (4800 toneladas para las bases, 2420 toneladas para las megadovelas y 2300 toneladas para las cabezas de los pilotes). Todos los elementos de los soportes se transportaron e instalaron en el mar utilizando la megabarcaza autoelevadora Zourite, desarrollada espec\u00edficamente para el proyecto y propuesta como variante en la licitaci\u00f3n.<\/p>\n<p><em><strong>El Puente Atl\u00e1ntico en Panam\u00e1<\/strong><\/em><\/p>\n<p>Para el Puente Atl\u00e1ntico de Panam\u00e1, con varios vanos de gran altura, desarrollamos cimbras de apuntalamiento telesc\u00f3picas de gran capacidad (2000 toneladas de carga a 60 m de altura). El telescopado desde la base reduce las actividades de montaje en altura y permite el desmontaje bajo la estructura y la retirada de la cimbra sin necesidad de utilizar una gr\u00faa.<\/p>\n<p>&nbsp;<\/p>\n","protected":false},"excerpt":{"rendered":"<p>UNA SECUENCIACI\u00d3N \u00d3PTIMA DEL LUGAR DE LA OBRA Nuestro departamento de M\u00e9todos interviene desde el primer d\u00eda del dise\u00f1o de un proyecto: la definici\u00f3n de las sucesivas fases de c onstrucci\u00f3n tiene implicaciones directas en el c\u00e1lculo estructural, la planificaci\u00f3n y el coste del proyecto. El desarrollo y la optimizaci\u00f3n de los m\u00e9todos de construcci\u00f3n [&hellip;]<\/p>\n","protected":false},"author":17,"featured_media":0,"parent":11096,"menu_order":0,"comment_status":"closed","ping_status":"closed","template":"","meta":{"_acf_changed":false,"footnotes":""},"class_list":["post-11099","page","type-page","status-publish","hentry"],"acf":[],"_links":{"self":[{"href":"https:\/\/www.vinci-construction-projets.com\/es\/wp-json\/wp\/v2\/pages\/11099","targetHints":{"allow":["GET"]}}],"collection":[{"href":"https:\/\/www.vinci-construction-projets.com\/es\/wp-json\/wp\/v2\/pages"}],"about":[{"href":"https:\/\/www.vinci-construction-projets.com\/es\/wp-json\/wp\/v2\/types\/page"}],"author":[{"embeddable":true,"href":"https:\/\/www.vinci-construction-projets.com\/es\/wp-json\/wp\/v2\/users\/17"}],"replies":[{"embeddable":true,"href":"https:\/\/www.vinci-construction-projets.com\/es\/wp-json\/wp\/v2\/comments?post=11099"}],"version-history":[{"count":7,"href":"https:\/\/www.vinci-construction-projets.com\/es\/wp-json\/wp\/v2\/pages\/11099\/revisions"}],"predecessor-version":[{"id":18560,"href":"https:\/\/www.vinci-construction-projets.com\/es\/wp-json\/wp\/v2\/pages\/11099\/revisions\/18560"}],"up":[{"embeddable":true,"href":"https:\/\/www.vinci-construction-projets.com\/es\/wp-json\/wp\/v2\/pages\/11096"}],"wp:attachment":[{"href":"https:\/\/www.vinci-construction-projets.com\/es\/wp-json\/wp\/v2\/media?parent=11099"}],"curies":[{"name":"wp","href":"https:\/\/api.w.org\/{rel}","templated":true}]}}