{"id":11104,"date":"2017-02-22T16:07:46","date_gmt":"2017-02-22T15:07:46","guid":{"rendered":"http:\/\/vinci-construction-projets.com\/nos-expertises\/structures\/"},"modified":"2017-10-20T14:42:10","modified_gmt":"2017-10-20T12:42:10","slug":"estructuras","status":"publish","type":"page","link":"https:\/\/www.vinci-construction-projets.com\/es\/nuestro-saber-hacer\/nuestros-conocimientos-tecnicos\/estructuras\/","title":{"rendered":"Estudios de estructuras"},"content":{"rendered":"<h4><strong>El estudio de estructuras directamente relacionado con el proyecto<\/strong><\/h4>\n<p>Nuestros ingenieros especializados en el c\u00e1lculo de estructuras forman parte del equipo de licitaci\u00f3n en interacci\u00f3n con los ingenieros de m\u00e9todos, geot\u00e9cnicos o, incluso, de planificaci\u00f3n. Esta estrecha relaci\u00f3n con los equipos del proyecto a nivel interno, as\u00ed como el an\u00e1lisis de la experiencia adquirida en proyectos precedentes, nos permite <strong>ofrecer variantes en caso de modalidad de dise\u00f1o y construcci\u00f3n<\/strong> o <strong>aportar una revisi\u00f3n cr\u00edtica de los estudios ya realizados<\/strong> en caso de que se trate \u00fanicamente de un contrato de construcci\u00f3n. De este modo, cualquier optimizaci\u00f3n introducida en el dise\u00f1o se ve acompa\u00f1ada de un an\u00e1lisis del comportamiento de las estructuras.<\/p>\n<p>Nuestros expertos son, adem\u00e1s, <strong>miembros activos<\/strong> <strong>de redes profesionales<\/strong>, y algunos de ellos incluso docentes en escuelas de ingenieros y miembros de asociaciones profesionales. La empresa es miembro, por ejemplo, del ASBI (American Segmental Bridge Institute).<\/p>\n<h4><strong>La supervisi\u00f3n de los estudios<\/strong><\/h4>\n<p><img loading=\"lazy\" decoding=\"async\" class=\"alignright wp-image-9516 size-full\" src=\"http:\/\/vinci-construction-projets.com\/wp-content\/uploads\/2017\/02\/Newport.jpg\" alt=\"Contournement Newport\" width=\"600\" height=\"340\" srcset=\"https:\/\/www.vinci-construction-projets.com\/wp-content\/uploads\/2017\/02\/Newport.jpg 600w, https:\/\/www.vinci-construction-projets.com\/wp-content\/uploads\/2017\/02\/Newport-300x170.jpg 300w, https:\/\/www.vinci-construction-projets.com\/wp-content\/uploads\/2017\/02\/Newport-400x227.jpg 400w, https:\/\/www.vinci-construction-projets.com\/wp-content\/uploads\/2017\/02\/Newport-503x285.jpg 503w, https:\/\/www.vinci-construction-projets.com\/wp-content\/uploads\/2017\/02\/Newport-386x219.jpg 386w, https:\/\/www.vinci-construction-projets.com\/wp-content\/uploads\/2017\/02\/Newport-353x200.jpg 353w, https:\/\/www.vinci-construction-projets.com\/wp-content\/uploads\/2017\/02\/Newport-285x162.jpg 285w\" sizes=\"auto, (max-width: 600px) 100vw, 600px\" \/><\/p>\n<p>El punto fuerte de nuestros expertos internos en estudio de estructuras reside, asimismo, en su <strong>capacidad para organizar y supervisar, tanto t\u00e9cnica como contractualmente, oficinas de estudios externas<\/strong> para la ejecuci\u00f3n de nuestros proyectos, en todo el mundo.<\/p>\n<p>Ocurre a veces que, una vez iniciadas las obras, el cliente se ve obligado a introducir modificaciones en el proyecto: nuestro equipo interno de expertos se moviliza entonces de forma inmediata para realizar o dirigir los estudios de estructuras relativos a dicho cambio de proyecto. La capacidad de respuesta y la relaci\u00f3n directa con la obra garantizan, en este caso, un control de los plazos y de los costes asociados.<\/p>\n<h6 class=\"p1\"><strong>Foco Proyecto Circunvalaci\u00f3n de Newport<\/strong><\/h6>\n<p><em>En Reino Unido, nuestro consorcio desarrolla en ECI el proyecto de <a href=\"http:\/\/vinci-construction-projets.com\/es\/realisations\/contournement-routier-newport\/\" target=\"_blank\" rel=\"noopener\">circunvalaci\u00f3n de Newport<\/a>, la Autopista M4. El valor a\u00f1adido de nuestros estudios de estructuras internas consiste, en particular, en comprometernos con las cantidades para presentar al cliente la oferta m\u00e1s ajustada, gracias a nuestra previsi\u00f3n respecto a la evoluci\u00f3n del proyecto, directamente in situ.<\/em><\/p>\n<h4><strong>Herramientas de c\u00e1lculo desarrolladas a nivel interno<\/strong><\/h4>\n<p>A partir de los a\u00f1os 90, las empresas que se fusionaron en el 2000 para formar el grupo VINCI se comprometieron a desarrollar a nivel interno herramientas de c\u00e1lculo y de modelizaci\u00f3n. Estas diversas experiencias de desarrollo interno han permitido a nuestros equipos adquirir una <strong>agilidad para aprender a manejar r\u00e1pidamente las diferentes herramientas<\/strong> con las que trabajan en la actualidad los clientes, socios u oficinas de estudios en todo el mundo.<\/p>\n<p>Con el desarrollo generalizado de proyectos en BIM, nuestros equipos de ingenieros de estructuras han desarrollado una <strong>competencia especial en el c\u00e1lculo de las diferencias entre la modelizaci\u00f3n de la maqueta BIM y la de los c\u00e1lculos estructurales.<\/strong><\/p>\n<h6 class=\"p1\"><strong>Foco Proyecto Fundaci\u00f3n Louis Vuitton<\/strong><\/h6>\n<p><em>Para el proyecto de la Fundaci\u00f3n Louis Vuitton en Par\u00eds, se encarg\u00f3 a nuestro equipo de ingenieros de estructuras la coordinaci\u00f3n del modelo a partir del cual se ejecutar\u00edan las obras<\/em> <em>Nuestra versatilidad para trabajar con diferentes tipos de programas de c\u00e1lculo y modelizaci\u00f3n nos permitieron ofrecer una soluci\u00f3n de modelizaci\u00f3n com\u00fan para todos los actores de este proyecto.<\/em><\/p>\n","protected":false},"excerpt":{"rendered":"<p>El estudio de estructuras directamente relacionado con el proyecto Nuestros ingenieros especializados en el c\u00e1lculo de estructuras forman parte del equipo de licitaci\u00f3n en interacci\u00f3n con los ingenieros de m\u00e9todos, geot\u00e9cnicos o, incluso, de planificaci\u00f3n. Esta estrecha relaci\u00f3n con los equipos del proyecto a nivel interno, as\u00ed como el an\u00e1lisis de la experiencia adquirida en [&hellip;]<\/p>\n","protected":false},"author":17,"featured_media":0,"parent":11096,"menu_order":0,"comment_status":"closed","ping_status":"closed","template":"","meta":{"_acf_changed":false,"footnotes":""},"class_list":["post-11104","page","type-page","status-publish","hentry"],"acf":[],"_links":{"self":[{"href":"https:\/\/www.vinci-construction-projets.com\/es\/wp-json\/wp\/v2\/pages\/11104","targetHints":{"allow":["GET"]}}],"collection":[{"href":"https:\/\/www.vinci-construction-projets.com\/es\/wp-json\/wp\/v2\/pages"}],"about":[{"href":"https:\/\/www.vinci-construction-projets.com\/es\/wp-json\/wp\/v2\/types\/page"}],"author":[{"embeddable":true,"href":"https:\/\/www.vinci-construction-projets.com\/es\/wp-json\/wp\/v2\/users\/17"}],"replies":[{"embeddable":true,"href":"https:\/\/www.vinci-construction-projets.com\/es\/wp-json\/wp\/v2\/comments?post=11104"}],"version-history":[{"count":11,"href":"https:\/\/www.vinci-construction-projets.com\/es\/wp-json\/wp\/v2\/pages\/11104\/revisions"}],"predecessor-version":[{"id":13549,"href":"https:\/\/www.vinci-construction-projets.com\/es\/wp-json\/wp\/v2\/pages\/11104\/revisions\/13549"}],"up":[{"embeddable":true,"href":"https:\/\/www.vinci-construction-projets.com\/es\/wp-json\/wp\/v2\/pages\/11096"}],"wp:attachment":[{"href":"https:\/\/www.vinci-construction-projets.com\/es\/wp-json\/wp\/v2\/media?parent=11104"}],"curies":[{"name":"wp","href":"https:\/\/api.w.org\/{rel}","templated":true}]}}