{"id":11109,"date":"2017-02-22T15:54:53","date_gmt":"2017-02-22T14:54:53","guid":{"rendered":"http:\/\/vinci-construction-projets.com\/nos-expertises\/geotechnique\/"},"modified":"2022-11-14T15:46:35","modified_gmt":"2022-11-14T14:46:35","slug":"geotecnia","status":"publish","type":"page","link":"https:\/\/www.vinci-construction-projets.com\/es\/nuestro-saber-hacer\/nuestros-conocimientos-tecnicos\/geotecnia\/","title":{"rendered":"Geotecnia"},"content":{"rendered":"<h4 class=\"p1\">EL AN\u00c1LISIS DEL SUELO, LA BASE DE CUALQUIER PROYECTO<\/h4>\n<p>Tanto si se construye bajo tierra como en superficie, el an\u00e1lisis del suelo es el primer criterio de viabilidad de un proyecto.\u00a0<strong>De la precisi\u00f3n del an\u00e1lisis geot\u00e9cnico depende el control de los riesgos de una obra.<\/strong> Nuestros equipos especializados pueden al mismo tiempo\u00a0<strong>analizar la calidad de un expediente <\/strong>de\u00a0consulta y asumir el papel de\u00a0<strong>prescriptor para realizar an\u00e1lisis adicionales<\/strong><\/p>\n<h4><strong>La cultura de la optimizaci\u00f3n en la fase de dise\u00f1o<\/strong><\/h4>\n<p>Nuestras referencias internacionales, los conocimientos de nuestros equipos geot\u00e9cnicos y el retorno de experiencia mundial en el que nos basamos alimentan nuestra capacidad para dominar todo tipo de suelos y sus cualidades. Este conocimiento de los suelos nos permite proponer<strong> las soluciones m\u00e1s pertinentes y sostenibles para un proyecto m\u00e1s seguro y econ\u00f3mico.<\/strong><br \/>\nAl formar parte de VINCI podemos adem\u00e1s trabajar en red <strong>con otras filiales del Grupo especializadas en cimentaci\u00f3n y refuerzo del suelo<\/strong>.<\/p>\n<h4 class=\"p1\"><img loading=\"lazy\" decoding=\"async\" class=\"alignright wp-image-9504 size-full\" src=\"http:\/\/vinci-construction-projets.com\/wp-content\/uploads\/2017\/02\/Yamal-LNG.jpg\" alt=\"yamal-lng\" width=\"600\" height=\"338\" srcset=\"https:\/\/www.vinci-construction-projets.com\/wp-content\/uploads\/2017\/02\/Yamal-LNG.jpg 600w, https:\/\/www.vinci-construction-projets.com\/wp-content\/uploads\/2017\/02\/Yamal-LNG-300x169.jpg 300w, https:\/\/www.vinci-construction-projets.com\/wp-content\/uploads\/2017\/02\/Yamal-LNG-400x225.jpg 400w, https:\/\/www.vinci-construction-projets.com\/wp-content\/uploads\/2017\/02\/Yamal-LNG-506x285.jpg 506w, https:\/\/www.vinci-construction-projets.com\/wp-content\/uploads\/2017\/02\/Yamal-LNG-386x217.jpg 386w, https:\/\/www.vinci-construction-projets.com\/wp-content\/uploads\/2017\/02\/Yamal-LNG-355x200.jpg 355w, https:\/\/www.vinci-construction-projets.com\/wp-content\/uploads\/2017\/02\/Yamal-LNG-285x161.jpg 285w\" sizes=\"auto, (max-width: 600px) 100vw, 600px\" \/><\/h4>\n<p><strong><em>El proyecto Yamal LNG<\/em><\/strong><\/p>\n<p><em>En Yamal (Siberia), para construir cuatro dep\u00f3sitos de GNL m\u00e1s all\u00e1 del C\u00edrculo Polar \u00c1rtico, conseguimos optimizar el dise\u00f1o de los cimientos, ahorrando a nuestro cliente la mitad de los metros lineales de pilotes para sostener los dep\u00f3sitos, ni m\u00e1s ni menos que 111 kil\u00f3metros. Nuestro enfoque innovador, que consiste en utilizar pilotes colocados dentro de unos \u00abcalcetines\u00bb rellenos de un material insensible al agua, permiti\u00f3 controlar las dificultades que plantea el suelo at\u00edpico del permafrost. Para este proyecto, trabajamos en red con oficinas de dise\u00f1o rusas y un laboratorio del Grupo VINCI en Francia para probar nuestra soluci\u00f3n antes de aplicarla sobre el terreno.<\/em><\/p>\n<p><em><strong>El proyecto de Kitimat LNG<\/strong><\/em><br \/>\n<em>En la Columbia Brit\u00e1nica (Canad\u00e1), para construir un dep\u00f3sito de GNL en un entorno altamente s\u00edsmico, optimizamos el dise\u00f1o de la cimentaci\u00f3n dise\u00f1ando un sistema de inclusiones r\u00edgidas no conectadas a la solera, lo que simplific\u00f3 la construcci\u00f3n del dep\u00f3sito a la vez que densific\u00f3 el suelo y le confiri\u00f3 las caracter\u00edsticas necesarias para resistir los efectos del se\u00edsmo.<\/em><\/p>\n<p>&nbsp;<\/p>\n<p>Nuestra experiencia se manifiesta tambi\u00e9n\u00a0<strong>durante la fase de construcci\u00f3n de la obra<\/strong>, con las labores de definici\u00f3n e interpretaci\u00f3n de campa\u00f1as geot\u00e9cnicas complementarias, seguimiento peri\u00f3dico de la obra, as\u00ed como estudios de ejecuci\u00f3n o tareas de peritaje encomendadas por los equipos de proyecto sobre los siguientes temas: muros de contenci\u00f3n temporales o permanentes, estabilidad de taludes y terraplenes, descenso de la capa fre\u00e1tica y estabilidad de la base de la excavaci\u00f3n, consolidaci\u00f3n de suelos compresibles, densificaci\u00f3n de suelos, c\u00e1lculo y seguimiento de asentamientos, y dimensionamiento geot\u00e9cnico de cimentaciones profundas y superficiales Esta presencia cerca de las obras refuerza a\u00fan m\u00e1s nuestro saber hacer, gracias a la integraci\u00f3n de la que se benefician nuestros clientes en nuestras respuestas a las licitaciones.<\/p>\n<div id=\"attachment_18570\" style=\"width: 1034px\" class=\"wp-caption aligncenter\"><img loading=\"lazy\" decoding=\"async\" aria-describedby=\"caption-attachment-18570\" class=\"size-large wp-image-18570\" src=\"https:\/\/www.vinci-construction-projets.com\/wp-content\/uploads\/2022\/11\/page-contenus-g\u00e9otechnique-1024x371.png\" alt=\"\" width=\"1024\" height=\"371\" srcset=\"https:\/\/www.vinci-construction-projets.com\/wp-content\/uploads\/2022\/11\/page-contenus-g\u00e9otechnique-1024x371.png 1024w, https:\/\/www.vinci-construction-projets.com\/wp-content\/uploads\/2022\/11\/page-contenus-g\u00e9otechnique-300x109.png 300w, https:\/\/www.vinci-construction-projets.com\/wp-content\/uploads\/2022\/11\/page-contenus-g\u00e9otechnique-768x278.png 768w, https:\/\/www.vinci-construction-projets.com\/wp-content\/uploads\/2022\/11\/page-contenus-g\u00e9otechnique-1440x522.png 1440w, https:\/\/www.vinci-construction-projets.com\/wp-content\/uploads\/2022\/11\/page-contenus-g\u00e9otechnique-400x145.png 400w, https:\/\/www.vinci-construction-projets.com\/wp-content\/uploads\/2022\/11\/page-contenus-g\u00e9otechnique-720x261.png 720w, https:\/\/www.vinci-construction-projets.com\/wp-content\/uploads\/2022\/11\/page-contenus-g\u00e9otechnique-600x217.png 600w, https:\/\/www.vinci-construction-projets.com\/wp-content\/uploads\/2022\/11\/page-contenus-g\u00e9otechnique-590x214.png 590w, https:\/\/www.vinci-construction-projets.com\/wp-content\/uploads\/2022\/11\/page-contenus-g\u00e9otechnique-793x287.png 793w, https:\/\/www.vinci-construction-projets.com\/wp-content\/uploads\/2022\/11\/page-contenus-g\u00e9otechnique-386x140.png 386w, https:\/\/www.vinci-construction-projets.com\/wp-content\/uploads\/2022\/11\/page-contenus-g\u00e9otechnique-780x282.png 780w, https:\/\/www.vinci-construction-projets.com\/wp-content\/uploads\/2022\/11\/page-contenus-g\u00e9otechnique-1325x480.png 1325w, https:\/\/www.vinci-construction-projets.com\/wp-content\/uploads\/2022\/11\/page-contenus-g\u00e9otechnique-966x350.png 966w, https:\/\/www.vinci-construction-projets.com\/wp-content\/uploads\/2022\/11\/page-contenus-g\u00e9otechnique-1200x435.png 1200w, https:\/\/www.vinci-construction-projets.com\/wp-content\/uploads\/2022\/11\/page-contenus-g\u00e9otechnique-285x103.png 285w, https:\/\/www.vinci-construction-projets.com\/wp-content\/uploads\/2022\/11\/page-contenus-g\u00e9otechnique-1022x370.png 1022w\" sizes=\"auto, (max-width: 1024px) 100vw, 1024px\" \/><p id=\"caption-attachment-18570\" class=\"wp-caption-text\">Muros de contenci\u00f3n de la estaci\u00f3n Nasser del metro de El Cairo\u00a0 \u00a0 \u00a0 \u00a0 \u00a0 \u00a0 \u00a0 \u00a0 \u00a0 \u00a0 \u00a0 \u00a0 \u00a0 \u00a0 \u00a0 \u00a0 \u00a0 \u00a0 \u00a0 \u00a0\u00a0Estabilidad de los taludes de la estaci\u00f3n de transferencia de energ\u00eda por\u00a0 \u00a0 \u00a0 \u00a0 \u00a0 \u00a0 \u00a0 \u00a0 \u00a0 \u00a0 \u00a0 \u00a0 \u00a0 \u00a0 \u00a0 \u00a0 \u00a0 \u00a0 \u00a0 \u00a0 \u00a0 \u00a0 \u00a0 \u00a0 \u00a0 \u00a0 \u00a0 \u00a0 \u00a0 \u00a0 \u00a0 \u00a0 \u00a0 \u00a0 \u00a0 \u00a0 \u00a0 \u00a0 \u00a0 \u00a0 \u00a0 \u00a0 \u00a0 \u00a0 \u00a0 \u00a0 \u00a0 \u00a0 \u00a0 \u00a0 \u00a0 \u00a0 \u00a0 \u00a0 \u00a0 \u00a0 \u00a0 \u00a0 \u00a0 \u00a0 \u00a0 \u00a0 \u00a0 \u00a0 \u00a0 \u00a0 \u00a0 \u00a0 \u00a0 \u00a0 \u00a0 \u00a0 \u00a0 \u00a0 \u00a0 \u00a0 \u00a0 \u00a0 \u00a0 \u00a0 \u00a0 \u00a0 \u00a0 \u00a0 \u00a0 \u00a0 \u00a0 \u00a0 bombeo (STEP) de Abdelmoumen<\/p><\/div>\n<p>En VINCI Construction Grands Projets, la geotecnia es una ciencia que se ejerce a diario y sobre el terreno, en estrecha colaboraci\u00f3n con los equipos de obra, desde una perspectiva decididamente operativa y marcada por la innovaci\u00f3n y la optimizaci\u00f3n<\/p>\n","protected":false},"excerpt":{"rendered":"<p>EL AN\u00c1LISIS DEL SUELO, LA BASE DE CUALQUIER PROYECTO Tanto si se construye bajo tierra como en superficie, el an\u00e1lisis del suelo es el primer criterio de viabilidad de un proyecto.\u00a0De la precisi\u00f3n del an\u00e1lisis geot\u00e9cnico depende el control de los riesgos de una obra. Nuestros equipos especializados pueden al mismo tiempo\u00a0analizar la calidad de [&hellip;]<\/p>\n","protected":false},"author":17,"featured_media":0,"parent":11096,"menu_order":0,"comment_status":"closed","ping_status":"closed","template":"","meta":{"_acf_changed":false,"footnotes":""},"class_list":["post-11109","page","type-page","status-publish","hentry"],"acf":[],"_links":{"self":[{"href":"https:\/\/www.vinci-construction-projets.com\/es\/wp-json\/wp\/v2\/pages\/11109","targetHints":{"allow":["GET"]}}],"collection":[{"href":"https:\/\/www.vinci-construction-projets.com\/es\/wp-json\/wp\/v2\/pages"}],"about":[{"href":"https:\/\/www.vinci-construction-projets.com\/es\/wp-json\/wp\/v2\/types\/page"}],"author":[{"embeddable":true,"href":"https:\/\/www.vinci-construction-projets.com\/es\/wp-json\/wp\/v2\/users\/17"}],"replies":[{"embeddable":true,"href":"https:\/\/www.vinci-construction-projets.com\/es\/wp-json\/wp\/v2\/comments?post=11109"}],"version-history":[{"count":9,"href":"https:\/\/www.vinci-construction-projets.com\/es\/wp-json\/wp\/v2\/pages\/11109\/revisions"}],"predecessor-version":[{"id":18578,"href":"https:\/\/www.vinci-construction-projets.com\/es\/wp-json\/wp\/v2\/pages\/11109\/revisions\/18578"}],"up":[{"embeddable":true,"href":"https:\/\/www.vinci-construction-projets.com\/es\/wp-json\/wp\/v2\/pages\/11096"}],"wp:attachment":[{"href":"https:\/\/www.vinci-construction-projets.com\/es\/wp-json\/wp\/v2\/media?parent=11109"}],"curies":[{"name":"wp","href":"https:\/\/api.w.org\/{rel}","templated":true}]}}