{"id":11114,"date":"2017-02-22T15:36:10","date_gmt":"2017-02-22T14:36:10","guid":{"rendered":"http:\/\/vinci-construction-projets.com\/nos-expertises\/beton\/"},"modified":"2023-06-12T13:42:37","modified_gmt":"2023-06-12T11:42:37","slug":"concreto","status":"publish","type":"page","link":"https:\/\/www.vinci-construction-projets.com\/es\/nuestro-saber-hacer\/nuestros-conocimientos-tecnicos\/concreto\/","title":{"rendered":"Concreto"},"content":{"rendered":"<h4 class=\"p1\"><strong>LA F\u00d3RMULA ADECUADA EN EL LUGAR ADECUADO<\/strong><\/h4>\n<p>El hormig\u00f3n es el <strong>componente b\u00e1sico de muchos proyectos<\/strong> de infraestructuras y edificios. Sin embargo, su producci\u00f3n requiere un alto nivel de conocimientos, sobre todo porque <strong>las exigencias son cada vez mayores<\/strong>:<\/p>\n<ul>\n<li class=\"p1\">facilidad de aplicaci\u00f3n<\/li>\n<li class=\"p1\">sostenibilidad<\/li>\n<li class=\"p1\">minimizaci\u00f3n del impacto medioambiental<\/li>\n<li class=\"p1\">resistencia (a corto y largo plazo)<\/li>\n<li>est\u00e9tica del revestimiento<\/li>\n<li>&#8230;.<\/li>\n<\/ul>\n<p>Las grandes estructuras que nos encargan nuestros clientes se encuentran a veces en zonas sometidas a condiciones clim\u00e1ticas extremas (fr\u00edo extremo, desierto, oc\u00e9ano, etc.); nosotros conocemos bien el comportamiento <strong>del material en estos entornos agresivos<\/strong>.<\/p>\n<p><img loading=\"lazy\" decoding=\"async\" class=\"alignright wp-image-9495\" src=\"http:\/\/vinci-construction-projets.com\/wp-content\/uploads\/2017\/02\/Assiout-copie.jpg\" alt=\"assiout-copie\" width=\"600\" height=\"340\" srcset=\"https:\/\/www.vinci-construction-projets.com\/wp-content\/uploads\/2017\/02\/Assiout-copie.jpg 600w, https:\/\/www.vinci-construction-projets.com\/wp-content\/uploads\/2017\/02\/Assiout-copie-300x170.jpg 300w, https:\/\/www.vinci-construction-projets.com\/wp-content\/uploads\/2017\/02\/Assiout-copie-400x227.jpg 400w, https:\/\/www.vinci-construction-projets.com\/wp-content\/uploads\/2017\/02\/Assiout-copie-503x285.jpg 503w, https:\/\/www.vinci-construction-projets.com\/wp-content\/uploads\/2017\/02\/Assiout-copie-386x219.jpg 386w, https:\/\/www.vinci-construction-projets.com\/wp-content\/uploads\/2017\/02\/Assiout-copie-353x200.jpg 353w, https:\/\/www.vinci-construction-projets.com\/wp-content\/uploads\/2017\/02\/Assiout-copie-285x162.jpg 285w\" sizes=\"auto, (max-width: 600px) 100vw, 600px\" \/><strong><em>La nueva presa de Asiut <\/em><\/strong><br \/>\nPor ejemplo, para la construcci\u00f3n de la nueva presa de Asiut en Egipto, los \u00e1ridos locales eran reactivos a la reacci\u00f3n \u00e1lcali. El coste de encontrar \u00e1ridos \u00abcompatibles\u00bb a 200 kil\u00f3metros del lugar del proyecto fue una gran dificultad que fuimos capaces de superar. Formulamos un hormig\u00f3n con \u00e1ridos locales y seleccionamos un aglutinante adaptado (cemento Portland, escoria molida, relleno de piedra caliza), ajust\u00e1ndonos al presupuesto del cliente y reduciendo considerablemente la huella de carbono del proyecto.<br \/>\nComo <strong>especificador\/formulador de hormig\u00f3n de renombre mundial<\/strong>, analizamos los pliegos de condiciones y dise\u00f1amos f\u00f3rmulas predictivas para el c\u00e1lculo preciso de los costes y el calibrado de los equipos de producci\u00f3n. Cada parte de la estructura tiene su propia f\u00f3rmula. Se necesitaron nada menos que 40 f\u00f3rmulas de hormig\u00f3n diferentes para construir el puente de R\u00edo-Antirio.<\/p>\n<p>&nbsp;<\/p>\n<h4>EL COMPORTAMIENTO T\u00c9RMICO DEL HORMIG\u00d3N MODELADO<\/h4>\n<p>Uno de los retos actuales relacionados con el uso del hormig\u00f3n es su comportamiento t\u00e9rmico al endurecerse. Gracias a cuatro tesis que hemos realizado en los \u00faltimos 10 a\u00f1os en colaboraci\u00f3n con el Laboratorio de Materiales y Durabilidad de las Construcciones de Toulouse y a nuestra participaci\u00f3n en asociaciones cient\u00edficas internacionales, hemos desarrollado herramientas de modelizaci\u00f3n del comportamiento del hormig\u00f3n en sus primeras fases de desarrollo, que fueron galardonadas con el Premio a la innovaci\u00f3n de VINCI en 2015.<br \/>\nNuestra experiencia en fen\u00f3menos termomec\u00e1nicos tambi\u00e9n nos permite modelar y justificar los medios utilizados para prevenir o limitar la fisuraci\u00f3n del hormig\u00f3n a una edad temprana.<\/p>\n<h4>UNA HUELLA MEDIOAMBIENTAL REDUCIDA<\/h4>\n<p><a href=\"https:\/\/www.vinci-construction-projets.com\/es\/nuestros-compromisos\/proteger-medio-ambiente\/capture-2-2\/\" rel=\"attachment wp-att-18356\"><img loading=\"lazy\" decoding=\"async\" class=\"alignleft wp-image-18356 \" src=\"https:\/\/www.vinci-construction-projets.com\/wp-content\/uploads\/2022\/10\/Capture-200x300.png\" alt=\"\" width=\"205\" height=\"308\" srcset=\"https:\/\/www.vinci-construction-projets.com\/wp-content\/uploads\/2022\/10\/Capture-200x300.png 200w, https:\/\/www.vinci-construction-projets.com\/wp-content\/uploads\/2022\/10\/Capture-768x1152.png 768w, https:\/\/www.vinci-construction-projets.com\/wp-content\/uploads\/2022\/10\/Capture-683x1024.png 683w, https:\/\/www.vinci-construction-projets.com\/wp-content\/uploads\/2022\/10\/Capture-494x740.png 494w, https:\/\/www.vinci-construction-projets.com\/wp-content\/uploads\/2022\/10\/Capture-320x480.png 320w, https:\/\/www.vinci-construction-projets.com\/wp-content\/uploads\/2022\/10\/Capture-160x240.png 160w, https:\/\/www.vinci-construction-projets.com\/wp-content\/uploads\/2022\/10\/Capture-347x520.png 347w, https:\/\/www.vinci-construction-projets.com\/wp-content\/uploads\/2022\/10\/Capture-227x340.png 227w, https:\/\/www.vinci-construction-projets.com\/wp-content\/uploads\/2022\/10\/Capture-190x285.png 190w, https:\/\/www.vinci-construction-projets.com\/wp-content\/uploads\/2022\/10\/Capture-307x460.png 307w, https:\/\/www.vinci-construction-projets.com\/wp-content\/uploads\/2022\/10\/Capture-480x720.png 480w, https:\/\/www.vinci-construction-projets.com\/wp-content\/uploads\/2022\/10\/Capture-233x350.png 233w, https:\/\/www.vinci-construction-projets.com\/wp-content\/uploads\/2022\/10\/Capture-133x200.png 133w, https:\/\/www.vinci-construction-projets.com\/wp-content\/uploads\/2022\/10\/Capture-253x380.png 253w, https:\/\/www.vinci-construction-projets.com\/wp-content\/uploads\/2022\/10\/Capture-311x466.png 311w, https:\/\/www.vinci-construction-projets.com\/wp-content\/uploads\/2022\/10\/Capture-247x370.png 247w, https:\/\/www.vinci-construction-projets.com\/wp-content\/uploads\/2022\/10\/Capture.png 891w\" sizes=\"auto, (max-width: 205px) 100vw, 205px\" \/><\/a>Tambi\u00e9n apoyamos a nuestros clientes en sus esfuerzos por reducir el impacto medioambiental de sus proyectos, especialmente su huella de carbono.<\/p>\n<p>Para ello, en 2008 desarrollamos y seguimos desarrollando un programa inform\u00e1tico bautizado como CO2Crete ImpactTM, que nos permite cuantificar las emisiones de CO2 del hormig\u00f3n a lo largo de su proceso de fabricaci\u00f3n, transporte y ejecuci\u00f3n.<\/p>\n<p>Los hormigones bajos en carbono tambi\u00e9n ofrecen una excelente alternativa, ahora que VINCI y VINCI Construction Grands Projets dise\u00f1an una industria de la construcci\u00f3n descarbonizada y ecorresponsable.<strong> Utilizamos nuestro sentido de la innovaci\u00f3n para mejorar nuestra eficiencia energ\u00e9tica y la de nuestras estructuras<\/strong>. La marca Exegy de VINCI Construction pretende promover el uso de hormigones bajos en carbono para alcanzar los objetivos de reducir nuestras emisiones Scope 3 en un 30 % y utilizar un 90 % de hormigones bajos en carbono para 2030, manteniendo o mejorando sus prestaciones.<\/p>\n<p>Por ejemplo, gracias a la acci\u00f3n concertada de la Tunnel Factory y de la marca Exegy, instalamos, por primera vez en Francia, dovelas ultrabajas en carbono en nuestra obra de la l\u00ednea 18-1 del Grand Paris Express, el mayor proyecto de movilidad urbana de Europa.<\/p>\n<p><span class=\"ui-provider xu b c d e f g h i j k l m n o p q r s t u v w x y z ab ac ae af ag ah ai aj ak\" dir=\"ltr\">Descubran nuestras innovaciones y compromisos con <a href=\"https:\/\/exegy-solutions.com\/en\/accueil\/\">Exegy<\/a><\/span><\/p>\n<h4>Una red de expertos con recursos internacionales<\/h4>\n<p>VINCI Construction Grands Projets despliega su <strong>cultura de colaboraci\u00f3n en todo el mundo<\/strong>. Estamos integrados en una red de expertos internacionales que movilizamos en las zonas geogr\u00e1ficas donde operamos. Tambi\u00e9n movilizamos las sinergias dentro del Grupo VINCI. En Francia, llevamos muchos a\u00f1os trabajando en estrecha colaboraci\u00f3n con el laboratorio de hormig\u00f3n de VINCI Construction France en Marolles. Adem\u00e1s, Exegy ha federado a\u00fan m\u00e1s nuestra estrecha colaboraci\u00f3n con las otras divisiones de hormig\u00f3n de Eurovia (con el centro t\u00e9cnico de M\u00e9rignac) y Soletanche Freyssinet (y su centro t\u00e9cnico de Montgeron). Asimismo, utilizamos los retornos de experiencia que recibimos de todos nuestros proyectos internacionales, tanto los que est\u00e1n en curso como los que se han entregado, para consolidar nuestra experiencia de manera continua.<\/p>\n","protected":false},"excerpt":{"rendered":"<p>LA F\u00d3RMULA ADECUADA EN EL LUGAR ADECUADO El hormig\u00f3n es el componente b\u00e1sico de muchos proyectos de infraestructuras y edificios. Sin embargo, su producci\u00f3n requiere un alto nivel de conocimientos, sobre todo porque las exigencias son cada vez mayores: facilidad de aplicaci\u00f3n sostenibilidad minimizaci\u00f3n del impacto medioambiental resistencia (a corto y largo plazo) est\u00e9tica del [&hellip;]<\/p>\n","protected":false},"author":17,"featured_media":0,"parent":11096,"menu_order":0,"comment_status":"closed","ping_status":"closed","template":"","meta":{"_acf_changed":false,"footnotes":""},"class_list":["post-11114","page","type-page","status-publish","hentry"],"acf":[],"_links":{"self":[{"href":"https:\/\/www.vinci-construction-projets.com\/es\/wp-json\/wp\/v2\/pages\/11114","targetHints":{"allow":["GET"]}}],"collection":[{"href":"https:\/\/www.vinci-construction-projets.com\/es\/wp-json\/wp\/v2\/pages"}],"about":[{"href":"https:\/\/www.vinci-construction-projets.com\/es\/wp-json\/wp\/v2\/types\/page"}],"author":[{"embeddable":true,"href":"https:\/\/www.vinci-construction-projets.com\/es\/wp-json\/wp\/v2\/users\/17"}],"replies":[{"embeddable":true,"href":"https:\/\/www.vinci-construction-projets.com\/es\/wp-json\/wp\/v2\/comments?post=11114"}],"version-history":[{"count":14,"href":"https:\/\/www.vinci-construction-projets.com\/es\/wp-json\/wp\/v2\/pages\/11114\/revisions"}],"predecessor-version":[{"id":19505,"href":"https:\/\/www.vinci-construction-projets.com\/es\/wp-json\/wp\/v2\/pages\/11114\/revisions\/19505"}],"up":[{"embeddable":true,"href":"https:\/\/www.vinci-construction-projets.com\/es\/wp-json\/wp\/v2\/pages\/11096"}],"wp:attachment":[{"href":"https:\/\/www.vinci-construction-projets.com\/es\/wp-json\/wp\/v2\/media?parent=11114"}],"curies":[{"name":"wp","href":"https:\/\/api.w.org\/{rel}","templated":true}]}}