{"id":11123,"date":"2016-12-14T10:56:41","date_gmt":"2016-12-14T09:56:41","guid":{"rendered":"http:\/\/vinci-construction-projets.com\/nos-expertises\/hydraulique\/"},"modified":"2022-11-14T10:26:02","modified_gmt":"2022-11-14T09:26:02","slug":"hidraulica","status":"publish","type":"page","link":"https:\/\/www.vinci-construction-projets.com\/es\/nuestro-saber-hacer\/nuestros-conocimientos-tecnicos\/hidraulica\/","title":{"rendered":"Hidr\u00e1ulica, el control integral del ciclo del agua"},"content":{"rendered":"<h5 class=\"p1\">Una pericia hidr\u00e1ulica \u00fanica<\/h5>\n<div id=\"attachment_8811\" style=\"width: 610px\" class=\"wp-caption alignright\"><img loading=\"lazy\" decoding=\"async\" aria-describedby=\"caption-attachment-8811\" class=\"wp-image-8811 size-full\" src=\"http:\/\/vinci-construction-projets.com\/wp-content\/uploads\/2016\/12\/Great-River-Jamaique.jpg\" alt=\"great-river-jamaique\" width=\"600\" height=\"340\" srcset=\"https:\/\/www.vinci-construction-projets.com\/wp-content\/uploads\/2016\/12\/Great-River-Jamaique.jpg 600w, https:\/\/www.vinci-construction-projets.com\/wp-content\/uploads\/2016\/12\/Great-River-Jamaique-300x170.jpg 300w, https:\/\/www.vinci-construction-projets.com\/wp-content\/uploads\/2016\/12\/Great-River-Jamaique-400x227.jpg 400w, https:\/\/www.vinci-construction-projets.com\/wp-content\/uploads\/2016\/12\/Great-River-Jamaique-503x285.jpg 503w, https:\/\/www.vinci-construction-projets.com\/wp-content\/uploads\/2016\/12\/Great-River-Jamaique-386x219.jpg 386w, https:\/\/www.vinci-construction-projets.com\/wp-content\/uploads\/2016\/12\/Great-River-Jamaique-353x200.jpg 353w, https:\/\/www.vinci-construction-projets.com\/wp-content\/uploads\/2016\/12\/Great-River-Jamaique-285x162.jpg 285w\" sizes=\"auto, (max-width: 600px) 100vw, 600px\" \/><p id=\"caption-attachment-8811\" class=\"wp-caption-text\">Estaci\u00f3n de bombeo y de tratamiento de Great river (Jamaica)<\/p><\/div>\n<p>Intervenimos en todas las etapas de un proyecto proponiendo soluciones adaptadas y modulares desde la captaci\u00f3n del agua hasta su depuraci\u00f3n para devolverla al medio natural, pasando por el tratamiento, el almacenamiento, el trasvase y la distribuci\u00f3n.<br \/>\nLlevamos a cabo proyectos llave en mano (desde el dise\u00f1o hasta la ejecuci\u00f3n y el seguimiento) y elaboramos soluciones a medida. Nuestra oferta integrada tambi\u00e9n puede ampliarse a la financiaci\u00f3n.<\/p>\n<p>Rendimiento garantizado<\/p>\n<p>Sean quienes sean nuestros clientes (p\u00fablicos, privados o institucionales), nuestros equipos garantizan la perfecta adaptaci\u00f3n de las estructuras a sus necesidades y al rendimiento deseados (t\u00e9cnico y econ\u00f3mico), cumpliendo al mismo tiempo los requisitos de calidad y las normas medioambientales.<\/p>\n<h4 class=\"p1\">CAPTACI\u00d3N Y ALMACENAMIENTO DE AGUA BRUTA<\/h4>\n<p>Con el fin de movilizar eficazmente los recursos h\u00eddricos para satisfacer las necesidades de agua potable y de riego, aplicamos nuestra experiencia en:<\/p>\n<ul>\n<li>dise\u00f1o y construcci\u00f3n de infraestructuras,<\/li>\n<li class=\"p1\">suministro e instalaci\u00f3n de equipos electromec\u00e1nicos,<\/li>\n<li class=\"p1\">mantenimiento y optimizaci\u00f3n de las obras existentes.<\/li>\n<\/ul>\n<p>&nbsp;<\/p>\n<p>&nbsp;<\/p>\n<p class=\"p1\"><a href=\"http:\/\/www.hydroplus.com\/hydroplus\/hydroplus.nsf\/web\/index.htm&amp;lng=L2\" target=\"_blank\" rel=\"attachment wp-att-8121 noopener noreferrer\"><img loading=\"lazy\" decoding=\"async\" class=\"wp-image-8121 alignleft\" src=\"http:\/\/vinci-construction-projets.com\/wp-content\/uploads\/2016\/12\/H-289x300.jpg\" alt=\"h\" width=\"101\" height=\"105\" srcset=\"https:\/\/www.vinci-construction-projets.com\/wp-content\/uploads\/2016\/12\/H-289x300.jpg 289w, https:\/\/www.vinci-construction-projets.com\/wp-content\/uploads\/2016\/12\/H-768x796.jpg 768w, https:\/\/www.vinci-construction-projets.com\/wp-content\/uploads\/2016\/12\/H-988x1024.jpg 988w, https:\/\/www.vinci-construction-projets.com\/wp-content\/uploads\/2016\/12\/H-714x740.jpg 714w, https:\/\/www.vinci-construction-projets.com\/wp-content\/uploads\/2016\/12\/H-400x415.jpg 400w, https:\/\/www.vinci-construction-projets.com\/wp-content\/uploads\/2016\/12\/H-232x240.jpg 232w, https:\/\/www.vinci-construction-projets.com\/wp-content\/uploads\/2016\/12\/H-502x520.jpg 502w, https:\/\/www.vinci-construction-projets.com\/wp-content\/uploads\/2016\/12\/H-328x340.jpg 328w, https:\/\/www.vinci-construction-projets.com\/wp-content\/uploads\/2016\/12\/H-275x285.jpg 275w, https:\/\/www.vinci-construction-projets.com\/wp-content\/uploads\/2016\/12\/H-444x460.jpg 444w, https:\/\/www.vinci-construction-projets.com\/wp-content\/uploads\/2016\/12\/H-386x400.jpg 386w, https:\/\/www.vinci-construction-projets.com\/wp-content\/uploads\/2016\/12\/H-463x480.jpg 463w, https:\/\/www.vinci-construction-projets.com\/wp-content\/uploads\/2016\/12\/H-695x720.jpg 695w, https:\/\/www.vinci-construction-projets.com\/wp-content\/uploads\/2016\/12\/H-338x350.jpg 338w, https:\/\/www.vinci-construction-projets.com\/wp-content\/uploads\/2016\/12\/H-193x200.jpg 193w, https:\/\/www.vinci-construction-projets.com\/wp-content\/uploads\/2016\/12\/H-285x295.jpg 285w, https:\/\/www.vinci-construction-projets.com\/wp-content\/uploads\/2016\/12\/H-357x370.jpg 357w, https:\/\/www.vinci-construction-projets.com\/wp-content\/uploads\/2016\/12\/H.jpg 1772w\" sizes=\"auto, (max-width: 101px) 100vw, 101px\" \/><\/a><\/p>\n<div id=\"attachment_18485\" style=\"width: 423px\" class=\"wp-caption alignright\"><img loading=\"lazy\" decoding=\"async\" aria-describedby=\"caption-attachment-18485\" class=\"wp-image-18485 size-full\" src=\"https:\/\/www.vinci-construction-projets.com\/wp-content\/uploads\/2022\/11\/ile-maurice.jpg\" alt=\"\" width=\"413\" height=\"310\" srcset=\"https:\/\/www.vinci-construction-projets.com\/wp-content\/uploads\/2022\/11\/ile-maurice.jpg 413w, https:\/\/www.vinci-construction-projets.com\/wp-content\/uploads\/2022\/11\/ile-maurice-300x225.jpg 300w, https:\/\/www.vinci-construction-projets.com\/wp-content\/uploads\/2022\/11\/ile-maurice-400x300.jpg 400w, https:\/\/www.vinci-construction-projets.com\/wp-content\/uploads\/2022\/11\/ile-maurice-320x240.jpg 320w, https:\/\/www.vinci-construction-projets.com\/wp-content\/uploads\/2022\/11\/ile-maurice-380x285.jpg 380w, https:\/\/www.vinci-construction-projets.com\/wp-content\/uploads\/2022\/11\/ile-maurice-386x290.jpg 386w, https:\/\/www.vinci-construction-projets.com\/wp-content\/uploads\/2022\/11\/ile-maurice-266x200.jpg 266w, https:\/\/www.vinci-construction-projets.com\/wp-content\/uploads\/2022\/11\/ile-maurice-285x214.jpg 285w\" sizes=\"auto, (max-width: 413px) 100vw, 413px\" \/><p id=\"caption-attachment-18485\" class=\"wp-caption-text\">Isla Mauricio \u2013 Presa de Sans Souci \u2013 Aumento de la capacidad de almacenamiento mediante la instalaci\u00f3n de un sistema Fusegate\u00ae de 3 m de altura<\/p><\/div>\n<p>Hydroplus desarrolla y comercializa procedimientos patentados internacionalmente, como Fusegate\u00ae que aumenta la capacidad de almacenamiento de los embalses, mejora la seguridad de las presas y controla las crecidas de los r\u00edos.<br \/>\nSimple y r\u00e1pido de aplicar, el sistema Fusegate\u00ae es una soluci\u00f3n econ\u00f3mica que se diferencia de los sistemas convencionales por su fiabilidad, larga vida \u00fatil y m\u00ednimo mantenimiento.<\/p>\n<p>&nbsp;<\/p>\n<p>&nbsp;<\/p>\n<p>&nbsp;<\/p>\n<p>&nbsp;<\/p>\n<p>&nbsp;<\/p>\n<p>&nbsp;<\/p>\n<p>&nbsp;<\/p>\n<h4>PRODUCCI\u00d3N DE AGUA POTABLE<\/h4>\n<p>Como empresa de instalaciones industriales complejas capaz de dise\u00f1ar y construir <strong>plantas de producci\u00f3n de agua potable a partir de todo tipo de aguas naturales<\/strong>, respondemos a todos los retos sanitarios actuales y futuros.<\/p>\n<p>Nuestro departamento de hidr\u00e1ulica dise\u00f1a proyectos a medida, perfectamente adaptados a cada situaci\u00f3n, <strong>integrando los procedimientos de tratamiento m\u00e1s eficaces, fiables y rentables<\/strong> <strong>econ\u00f3micamente<\/strong>. Disponemos de una gama completa de procedimientos de tratamiento para satisfacer todas las calidades de agua natural y garantizar que el agua cumpla las normas de potabilidad en todas las circunstancias.<\/p>\n<p>Dominamos <strong>todos los procedimientos convencionales<\/strong> (decantaci\u00f3n, filtraci\u00f3n, cloraci\u00f3n), pero tambi\u00e9n ofrecemos procedimientos <strong>m\u00e1s tecnol\u00f3gicos<\/strong> (reactor de carb\u00f3n activado: Carbosogea\u2122, ultrafiltraci\u00f3n por membranas: MBV Pure\u2122&#8230;) para alcanzar los objetivos marcados por nuestros clientes.<\/p>\n<p>&nbsp;<\/p>\n<p>&nbsp;<\/p>\n<p>&nbsp;<\/p>\n<div id=\"attachment_18489\" style=\"width: 541px\" class=\"wp-caption alignleft\"><img loading=\"lazy\" decoding=\"async\" aria-describedby=\"caption-attachment-18489\" class=\"wp-image-18489 \" src=\"https:\/\/www.vinci-construction-projets.com\/wp-content\/uploads\/2022\/11\/PS70-Doha.jpg\" alt=\"\" width=\"531\" height=\"359\" srcset=\"https:\/\/www.vinci-construction-projets.com\/wp-content\/uploads\/2022\/11\/PS70-Doha.jpg 1384w, https:\/\/www.vinci-construction-projets.com\/wp-content\/uploads\/2022\/11\/PS70-Doha-300x203.jpg 300w, https:\/\/www.vinci-construction-projets.com\/wp-content\/uploads\/2022\/11\/PS70-Doha-768x519.jpg 768w, https:\/\/www.vinci-construction-projets.com\/wp-content\/uploads\/2022\/11\/PS70-Doha-1024x692.jpg 1024w, https:\/\/www.vinci-construction-projets.com\/wp-content\/uploads\/2022\/11\/PS70-Doha-1095x740.jpg 1095w, https:\/\/www.vinci-construction-projets.com\/wp-content\/uploads\/2022\/11\/PS70-Doha-400x270.jpg 400w, https:\/\/www.vinci-construction-projets.com\/wp-content\/uploads\/2022\/11\/PS70-Doha-355x240.jpg 355w, https:\/\/www.vinci-construction-projets.com\/wp-content\/uploads\/2022\/11\/PS70-Doha-720x486.jpg 720w, https:\/\/www.vinci-construction-projets.com\/wp-content\/uploads\/2022\/11\/PS70-Doha-503x340.jpg 503w, https:\/\/www.vinci-construction-projets.com\/wp-content\/uploads\/2022\/11\/PS70-Doha-422x285.jpg 422w, https:\/\/www.vinci-construction-projets.com\/wp-content\/uploads\/2022\/11\/PS70-Doha-681x460.jpg 681w, https:\/\/www.vinci-construction-projets.com\/wp-content\/uploads\/2022\/11\/PS70-Doha-386x261.jpg 386w, https:\/\/www.vinci-construction-projets.com\/wp-content\/uploads\/2022\/11\/PS70-Doha-711x480.jpg 711w, https:\/\/www.vinci-construction-projets.com\/wp-content\/uploads\/2022\/11\/PS70-Doha-518x350.jpg 518w, https:\/\/www.vinci-construction-projets.com\/wp-content\/uploads\/2022\/11\/PS70-Doha-296x200.jpg 296w, https:\/\/www.vinci-construction-projets.com\/wp-content\/uploads\/2022\/11\/PS70-Doha-285x193.jpg 285w, https:\/\/www.vinci-construction-projets.com\/wp-content\/uploads\/2022\/11\/PS70-Doha-548x370.jpg 548w\" sizes=\"auto, (max-width: 531px) 100vw, 531px\" \/><p id=\"caption-attachment-18489\" class=\"wp-caption-text\">Estaci\u00f3n de bombeo PS70 (Doha)<\/p><\/div>\n<h4 class=\"p1\">BOMBEO, TRANSPORTE Y DISTRIBUCI\u00d3N<\/h4>\n<p>Nuestros conocimientos y experiencia nos permiten ofrecer soluciones llave en mano para todo tipo de proyectos de bombeo, sea cual sea su caudal, presi\u00f3n o altura de elevaci\u00f3n.<br \/>\nTambi\u00e9n instalamos tuber\u00edas de todos los di\u00e1metros y en todo tipo de materiales (hierro fundido, HDPE, PVC, PRV, acero, etc.) y dominamos todas las t\u00e9cnicas de instalaci\u00f3n (zanja abierta, excavaci\u00f3n, microtunelado), creando o rehabilitando as\u00ed redes de distribuci\u00f3n de todos los tama\u00f1os.<\/p>\n<p>&nbsp;<\/p>\n<p>&nbsp;<\/p>\n<p>&nbsp;<\/p>\n<p>&nbsp;<\/p>\n<p>&nbsp;<\/p>\n<p>&nbsp;<\/p>\n<h4 class=\"p1\"><\/h4>\n<h4 class=\"p1\">CAPTACI\u00d3N Y TRANSPORTE DE AGUAS RESIDUALES<\/h4>\n<p class=\"p1\">La captaci\u00f3n y el transporte de aguas residuales constituyen desaf\u00edos indispensables para la preservaci\u00f3n de los r\u00edos y de las aguas subterr\u00e1neas.<\/p>\n<p>Tenemos todos los conocimientos y experiencia necesarios en materia de <strong>dise\u00f1o, construcci\u00f3n, rehabilitaci\u00f3n y mantenimiento de redes de saneamiento<\/strong>, as\u00ed como de las obras asociadas a dichas redes. Esta experiencia est\u00e1 tanto al servicio de peque\u00f1as infraestructuras como de grandes proyectos de infraestructuras.<\/p>\n<p>Dominamos adem\u00e1s <strong>todas las tecnolog\u00edas de instalaci\u00f3n de colectores y conductos de transporte<\/strong>, ya sea de redes por gravedad o a presi\u00f3n, de instalaci\u00f3n tradicional, mediante excavaci\u00f3n, tuneladora o microtuneladora.<\/p>\n<h4><\/h4>\n<h4><\/h4>\n<p>&nbsp;<\/p>\n<p>&nbsp;<\/p>\n<div id=\"attachment_18492\" style=\"width: 542px\" class=\"wp-caption alignright\"><img loading=\"lazy\" decoding=\"async\" aria-describedby=\"caption-attachment-18492\" class=\"wp-image-18492\" src=\"https:\/\/www.vinci-construction-projets.com\/wp-content\/uploads\/2022\/11\/Station-Bruxelles-Sud.jpg\" alt=\"\" width=\"532\" height=\"355\" srcset=\"https:\/\/www.vinci-construction-projets.com\/wp-content\/uploads\/2022\/11\/Station-Bruxelles-Sud.jpg 1384w, https:\/\/www.vinci-construction-projets.com\/wp-content\/uploads\/2022\/11\/Station-Bruxelles-Sud-300x200.jpg 300w, https:\/\/www.vinci-construction-projets.com\/wp-content\/uploads\/2022\/11\/Station-Bruxelles-Sud-768x513.jpg 768w, https:\/\/www.vinci-construction-projets.com\/wp-content\/uploads\/2022\/11\/Station-Bruxelles-Sud-1024x684.jpg 1024w, https:\/\/www.vinci-construction-projets.com\/wp-content\/uploads\/2022\/11\/Station-Bruxelles-Sud-1108x740.jpg 1108w, https:\/\/www.vinci-construction-projets.com\/wp-content\/uploads\/2022\/11\/Station-Bruxelles-Sud-400x267.jpg 400w, https:\/\/www.vinci-construction-projets.com\/wp-content\/uploads\/2022\/11\/Station-Bruxelles-Sud-359x240.jpg 359w, https:\/\/www.vinci-construction-projets.com\/wp-content\/uploads\/2022\/11\/Station-Bruxelles-Sud-720x481.jpg 720w, https:\/\/www.vinci-construction-projets.com\/wp-content\/uploads\/2022\/11\/Station-Bruxelles-Sud-509x340.jpg 509w, https:\/\/www.vinci-construction-projets.com\/wp-content\/uploads\/2022\/11\/Station-Bruxelles-Sud-427x285.jpg 427w, https:\/\/www.vinci-construction-projets.com\/wp-content\/uploads\/2022\/11\/Station-Bruxelles-Sud-689x460.jpg 689w, https:\/\/www.vinci-construction-projets.com\/wp-content\/uploads\/2022\/11\/Station-Bruxelles-Sud-386x258.jpg 386w, https:\/\/www.vinci-construction-projets.com\/wp-content\/uploads\/2022\/11\/Station-Bruxelles-Sud-719x480.jpg 719w, https:\/\/www.vinci-construction-projets.com\/wp-content\/uploads\/2022\/11\/Station-Bruxelles-Sud-524x350.jpg 524w, https:\/\/www.vinci-construction-projets.com\/wp-content\/uploads\/2022\/11\/Station-Bruxelles-Sud-285x190.jpg 285w, https:\/\/www.vinci-construction-projets.com\/wp-content\/uploads\/2022\/11\/Station-Bruxelles-Sud-554x370.jpg 554w\" sizes=\"auto, (max-width: 532px) 100vw, 532px\" \/><p id=\"caption-attachment-18492\" class=\"wp-caption-text\">Depuradora de Bruselas Sur<\/p><\/div>\n<h4 class=\"p1\">TRATAMIENTO DE AGUAS RESIDUALES<\/h4>\n<p>Como<strong> \u00fanica empresa francesa de instalaciones industriales complejas especializada en la depuraci\u00f3n de aguas residuales y pluviales,<\/strong> desarrollamos y ofrecemos <strong>una gama completa y coherente de productos y procedimientos<\/strong>, para que el agua devuelta a su entorno natural cumpla con la normativa medioambiental m\u00e1s estricta.<\/p>\n<p>Adem\u00e1s de nuestras numerosas referencias de plantas depuradoras de configuraci\u00f3n convencional, hemos desarrollado soluciones eficaces para responder a los retos medioambientales de hoy y de ma\u00f1ana, como el tratamiento de cultivo fijo R3F\u2122 (procedimiento MBBR) y la separaci\u00f3n por membranas R-MES\u2122 (procedimiento MBR), una tecnolog\u00eda que permite, entre otras cosas, la reutilizaci\u00f3n selectiva del agua tratada (Re-Use).<br \/>\nAsimismo, nuestro enfoque EcoSave\u00ae, basado en el an\u00e1lisis completo y el seguimiento eficaz del ciclo de vida de las instalaciones, garantiza <strong>su idoneidad para una huella medioambiental controlada y un funcionamiento optimizado.<\/strong><\/p>\n<p>Por otra parte, nuestro m\u00e9todo EcoSave\u00ae, basado en el an\u00e1lisis integral y en el seguimiento efectivo del ciclo de vida, garantiza <strong>instalaciones con un impacto medioambiental controlado y un funcionamiento optimizado<\/strong>.<\/p>\n<p>&nbsp;<\/p>\n<p>&nbsp;<\/p>\n<h4 class=\"p1\">REDUCCI\u00d3N DE LAS AGUAS NO FACTURADAS Y REDES INTELIGENTES<\/h4>\n<p>Como actor del desarrollo y de la implantaci\u00f3n de redes inteligentes, integramos <strong>ingenier\u00eda y sistemas inteligentes para optimizar la gesti\u00f3n de los sistemas de agua potable y saneamiento<\/strong>.<\/p>\n<p class=\"p1\"><b><a href=\"http:\/\/www.wmi-water.com\/WMI\/wmi.nsf\/web\/index.htm&amp;lng=1\" target=\"_blank\" rel=\"attachment wp-att-8119 noopener noreferrer\"><img loading=\"lazy\" decoding=\"async\" class=\"wp-image-8119 alignleft\" src=\"http:\/\/vinci-construction-projets.com\/wp-content\/uploads\/2016\/12\/wmi-300x139.jpg\" alt=\"wmi\" width=\"170\" height=\"79\" srcset=\"https:\/\/www.vinci-construction-projets.com\/wp-content\/uploads\/2016\/12\/wmi-300x139.jpg 300w, https:\/\/www.vinci-construction-projets.com\/wp-content\/uploads\/2016\/12\/wmi-768x356.jpg 768w, https:\/\/www.vinci-construction-projets.com\/wp-content\/uploads\/2016\/12\/wmi-400x185.jpg 400w, https:\/\/www.vinci-construction-projets.com\/wp-content\/uploads\/2016\/12\/wmi-720x334.jpg 720w, https:\/\/www.vinci-construction-projets.com\/wp-content\/uploads\/2016\/12\/wmi-600x278.jpg 600w, https:\/\/www.vinci-construction-projets.com\/wp-content\/uploads\/2016\/12\/wmi-590x273.jpg 590w, https:\/\/www.vinci-construction-projets.com\/wp-content\/uploads\/2016\/12\/wmi-793x368.jpg 793w, https:\/\/www.vinci-construction-projets.com\/wp-content\/uploads\/2016\/12\/wmi-386x179.jpg 386w, https:\/\/www.vinci-construction-projets.com\/wp-content\/uploads\/2016\/12\/wmi-780x362.jpg 780w, https:\/\/www.vinci-construction-projets.com\/wp-content\/uploads\/2016\/12\/wmi-755x350.jpg 755w, https:\/\/www.vinci-construction-projets.com\/wp-content\/uploads\/2016\/12\/wmi-285x132.jpg 285w, https:\/\/www.vinci-construction-projets.com\/wp-content\/uploads\/2016\/12\/wmi-798x370.jpg 798w, https:\/\/www.vinci-construction-projets.com\/wp-content\/uploads\/2016\/12\/wmi.jpg 973w\" sizes=\"auto, (max-width: 170px) 100vw, 170px\" \/><\/a><\/b>Con <a href=\"http:\/\/www.wmi-water.com\/WMI\/wmi.nsf\/web\/index.htm&amp;lng=3\">nuestra filial WMI<\/a>, aportamos una <strong>soluci\u00f3n flexible de diagn\u00f3stico, optimizaci\u00f3n y ayuda para la gesti\u00f3n eficiente de las redes de agua potable y saneamiento<\/strong>. Nuestros conocimientos para reducir las aguas no facturadas, detectar las p\u00e9rdidas, optimizar presiones, sectorizar, modelizar y gestionar a los clientes, sit\u00faan a WMI como l\u00edder de este mercado.<br \/>\nWMI establece junto con los administradores las soluciones adaptadas de an\u00e1lisis, procesamiento y restituci\u00f3n de datos.\u00a0 \u00c9sta privilegia soluciones de comunicaci\u00f3n interoperables y compatibles con los sistemas implantados.<\/p>\n<p>Gracias a la gesti\u00f3n inteligente de las redes, trabajamos para lograr <strong>mayor seguridad, fiabilidad, control de decisiones y de operaciones<\/strong>. Ofrecemos un mejor servicio a nuestros clientes, as\u00ed como un rendimiento<strong> medioambiental y econ\u00f3mico<\/strong> optimizado.<\/p>\n","protected":false},"excerpt":{"rendered":"<p>Una pericia hidr\u00e1ulica \u00fanica Intervenimos en todas las etapas de un proyecto proponiendo soluciones adaptadas y modulares desde la captaci\u00f3n del agua hasta su depuraci\u00f3n para devolverla al medio natural, pasando por el tratamiento, el almacenamiento, el trasvase y la distribuci\u00f3n. Llevamos a cabo proyectos llave en mano (desde el dise\u00f1o hasta la ejecuci\u00f3n y [&hellip;]<\/p>\n","protected":false},"author":17,"featured_media":0,"parent":11096,"menu_order":0,"comment_status":"closed","ping_status":"closed","template":"","meta":{"_acf_changed":false,"footnotes":""},"class_list":["post-11123","page","type-page","status-publish","hentry"],"acf":[],"_links":{"self":[{"href":"https:\/\/www.vinci-construction-projets.com\/es\/wp-json\/wp\/v2\/pages\/11123","targetHints":{"allow":["GET"]}}],"collection":[{"href":"https:\/\/www.vinci-construction-projets.com\/es\/wp-json\/wp\/v2\/pages"}],"about":[{"href":"https:\/\/www.vinci-construction-projets.com\/es\/wp-json\/wp\/v2\/types\/page"}],"author":[{"embeddable":true,"href":"https:\/\/www.vinci-construction-projets.com\/es\/wp-json\/wp\/v2\/users\/17"}],"replies":[{"embeddable":true,"href":"https:\/\/www.vinci-construction-projets.com\/es\/wp-json\/wp\/v2\/comments?post=11123"}],"version-history":[{"count":18,"href":"https:\/\/www.vinci-construction-projets.com\/es\/wp-json\/wp\/v2\/pages\/11123\/revisions"}],"predecessor-version":[{"id":18536,"href":"https:\/\/www.vinci-construction-projets.com\/es\/wp-json\/wp\/v2\/pages\/11123\/revisions\/18536"}],"up":[{"embeddable":true,"href":"https:\/\/www.vinci-construction-projets.com\/es\/wp-json\/wp\/v2\/pages\/11096"}],"wp:attachment":[{"href":"https:\/\/www.vinci-construction-projets.com\/es\/wp-json\/wp\/v2\/media?parent=11123"}],"curies":[{"name":"wp","href":"https:\/\/api.w.org\/{rel}","templated":true}]}}