{"id":11137,"date":"2017-02-06T16:07:41","date_gmt":"2017-02-06T15:07:41","guid":{"rendered":"http:\/\/vinci-construction-projets.com\/nos-expertises\/etudes-de-prix-planification\/"},"modified":"2022-11-14T11:29:16","modified_gmt":"2022-11-14T10:29:16","slug":"estudio-precio-planificacion","status":"publish","type":"page","link":"https:\/\/www.vinci-construction-projets.com\/es\/nuestro-saber-hacer\/nuestros-conocimientos-tecnicos\/estudio-precio-planificacion\/","title":{"rendered":"Estudio de precios y planificaci\u00f3n"},"content":{"rendered":"<h4 class=\"p1\">UNA COMPRENSI\u00d3N \u00daNICA DE LOS PROYECTOS<\/h4>\n<p>Establecemos el coste y la planificaci\u00f3n de los proyectos en la fase de licitaci\u00f3n en estrecha colaboraci\u00f3n con los equipos encargados del dise\u00f1o, los m\u00e9todos y las compras. Juntos, elaboramos un escenario de construcci\u00f3n claro y detallado y proponemos optimizaciones y variantes para una obra m\u00e1s eficiente, sostenible y econ\u00f3mica.<\/p>\n<p>Nuestro personal especializado en el estudio de precios se beneficia de una formaci\u00f3n en ingenier\u00eda que garantiza la <strong>plena comprensi\u00f3n del objeto que se va a dise\u00f1ar y de los medios necesarios para su realizaci\u00f3n<\/strong>. Adem\u00e1s, nuestros equipos de planificaci\u00f3n <strong>redactan de antemano el desarrollo de la obra<\/strong>, una operaci\u00f3n que ahora es esencial para el dise\u00f1o de proyectos en BIM. Por tanto, las interfaces, los plazos y los costes de dise\u00f1o y construcci\u00f3n se estiman con precisi\u00f3n.<\/p>\n<p>Los equipos tambi\u00e9n prestan apoyo a los proyectos en la fase de ejecuci\u00f3n en los aspectos de planificaci\u00f3n y, en el caso de los equipos de estudio de precios, en el contexto de las obras nuevas o la preparaci\u00f3n de un expediente de reclamaci\u00f3n.<\/p>\n<p>&nbsp;<\/p>\n<h5 class=\"p1\"><a href=\"http:\/\/vinci-construction-projets.com\/fr\/notre-expertise\/infographie\/etudes-de-prix-planification\/assiout2\/\" rel=\"attachment wp-att-8748\"><img loading=\"lazy\" decoding=\"async\" class=\"alignright wp-image-8748 size-full\" src=\"http:\/\/vinci-construction-projets.com\/wp-content\/uploads\/2017\/02\/Assiout2.jpg\" alt=\"assiout2\" width=\"598\" height=\"339\" srcset=\"https:\/\/www.vinci-construction-projets.com\/wp-content\/uploads\/2017\/02\/Assiout2.jpg 598w, https:\/\/www.vinci-construction-projets.com\/wp-content\/uploads\/2017\/02\/Assiout2-300x170.jpg 300w, https:\/\/www.vinci-construction-projets.com\/wp-content\/uploads\/2017\/02\/Assiout2-400x227.jpg 400w, https:\/\/www.vinci-construction-projets.com\/wp-content\/uploads\/2017\/02\/Assiout2-503x285.jpg 503w, https:\/\/www.vinci-construction-projets.com\/wp-content\/uploads\/2017\/02\/Assiout2-386x219.jpg 386w, https:\/\/www.vinci-construction-projets.com\/wp-content\/uploads\/2017\/02\/Assiout2-353x200.jpg 353w, https:\/\/www.vinci-construction-projets.com\/wp-content\/uploads\/2017\/02\/Assiout2-285x162.jpg 285w\" sizes=\"auto, (max-width: 598px) 100vw, 598px\" \/><\/a>La presa de Asiut<\/h5>\n<p><em>La variante t\u00e9cnica que propusimos para la construcci\u00f3n de la nueva presa de Asiut permiti\u00f3 reducir el presupuesto en un 15 % en comparaci\u00f3n con la oferta de nuestros competidores. En lugar de las complejas obras de hormig\u00f3n sumergido, las oficinas de dise\u00f1o de la sede en Francia y las instaladas en El Cairo prefirieron bajar el nivel del Nilo y su capa fre\u00e1tica 28 m gracias a un dique provisional y un sistema de bombeo. As\u00ed, los trabajos de cimentaci\u00f3n pudieron realizarse en seco, incluso durante las legendarias crecidas del r\u00edo egipcio.<\/em><\/p>\n<h4 class=\"p1\"><\/h4>\n<h4 class=\"p1\"><\/h4>\n<p>&nbsp;<\/p>\n<p>&nbsp;<\/p>\n<p>&nbsp;<\/p>\n","protected":false},"excerpt":{"rendered":"<p>UNA COMPRENSI\u00d3N \u00daNICA DE LOS PROYECTOS Establecemos el coste y la planificaci\u00f3n de los proyectos en la fase de licitaci\u00f3n en estrecha colaboraci\u00f3n con los equipos encargados del dise\u00f1o, los m\u00e9todos y las compras. Juntos, elaboramos un escenario de construcci\u00f3n claro y detallado y proponemos optimizaciones y variantes para una obra m\u00e1s eficiente, sostenible y [&hellip;]<\/p>\n","protected":false},"author":17,"featured_media":0,"parent":11096,"menu_order":0,"comment_status":"closed","ping_status":"closed","template":"","meta":{"_acf_changed":false,"footnotes":""},"class_list":["post-11137","page","type-page","status-publish","hentry"],"acf":[],"_links":{"self":[{"href":"https:\/\/www.vinci-construction-projets.com\/es\/wp-json\/wp\/v2\/pages\/11137","targetHints":{"allow":["GET"]}}],"collection":[{"href":"https:\/\/www.vinci-construction-projets.com\/es\/wp-json\/wp\/v2\/pages"}],"about":[{"href":"https:\/\/www.vinci-construction-projets.com\/es\/wp-json\/wp\/v2\/types\/page"}],"author":[{"embeddable":true,"href":"https:\/\/www.vinci-construction-projets.com\/es\/wp-json\/wp\/v2\/users\/17"}],"replies":[{"embeddable":true,"href":"https:\/\/www.vinci-construction-projets.com\/es\/wp-json\/wp\/v2\/comments?post=11137"}],"version-history":[{"count":12,"href":"https:\/\/www.vinci-construction-projets.com\/es\/wp-json\/wp\/v2\/pages\/11137\/revisions"}],"predecessor-version":[{"id":18544,"href":"https:\/\/www.vinci-construction-projets.com\/es\/wp-json\/wp\/v2\/pages\/11137\/revisions\/18544"}],"up":[{"embeddable":true,"href":"https:\/\/www.vinci-construction-projets.com\/es\/wp-json\/wp\/v2\/pages\/11096"}],"wp:attachment":[{"href":"https:\/\/www.vinci-construction-projets.com\/es\/wp-json\/wp\/v2\/media?parent=11137"}],"curies":[{"name":"wp","href":"https:\/\/api.w.org\/{rel}","templated":true}]}}