{"id":11143,"date":"2017-02-06T16:56:47","date_gmt":"2017-02-06T15:56:47","guid":{"rendered":"http:\/\/vinci-construction-projets.com\/nos-expertises\/materiel\/"},"modified":"2022-11-15T10:12:19","modified_gmt":"2022-11-15T09:12:19","slug":"material","status":"publish","type":"page","link":"https:\/\/www.vinci-construction-projets.com\/es\/nuestro-saber-hacer\/nuestros-conocimientos-tecnicos\/material\/","title":{"rendered":"Material"},"content":{"rendered":"<h4><\/h4>\n<h4 class=\"p1\"><img loading=\"lazy\" decoding=\"async\" class=\"alignright wp-image-8772 size-full\" src=\"http:\/\/vinci-construction-projets.com\/wp-content\/uploads\/2017\/02\/NOH-0062.jpg\" alt=\"noh-0062\" width=\"599\" height=\"340\" srcset=\"https:\/\/www.vinci-construction-projets.com\/wp-content\/uploads\/2017\/02\/NOH-0062.jpg 599w, https:\/\/www.vinci-construction-projets.com\/wp-content\/uploads\/2017\/02\/NOH-0062-300x170.jpg 300w, https:\/\/www.vinci-construction-projets.com\/wp-content\/uploads\/2017\/02\/NOH-0062-400x227.jpg 400w, https:\/\/www.vinci-construction-projets.com\/wp-content\/uploads\/2017\/02\/NOH-0062-502x285.jpg 502w, https:\/\/www.vinci-construction-projets.com\/wp-content\/uploads\/2017\/02\/NOH-0062-386x219.jpg 386w, https:\/\/www.vinci-construction-projets.com\/wp-content\/uploads\/2017\/02\/NOH-0062-352x200.jpg 352w, https:\/\/www.vinci-construction-projets.com\/wp-content\/uploads\/2017\/02\/NOH-0062-285x162.jpg 285w\" sizes=\"auto, (max-width: 599px) 100vw, 599px\" \/><\/h4>\n<h4 class=\"p1\">Una gesti\u00f3n eficaz para un parque de material seguro<\/h4>\n<p>VINCI Construction Grands Projets participa permanentemente en unos cuarenta proyectos de gran envergadura en m\u00e1s de 20 pa\u00edses de todos los continentes. <strong>Gestionar eficazmente un parque de material tan globalizado<\/strong> con recursos locales y normas regionales tan variadas es<strong> todo un reto.<\/strong><br \/>\nPor ello, desarrollamos <strong>una herramienta interna de gesti\u00f3n de material<\/strong> al servicio de nuestra ambici\u00f3n com\u00fan: dotar a los proyectos de unas m\u00e1quinas y herramientas seguros, cuyo mantenimiento riguroso garantice su rendimiento, y permitir su r\u00e1pida movilizaci\u00f3n en cualquier parte del mundo.<\/p>\n<p>&nbsp;<\/p>\n<p>&nbsp;<\/p>\n<h5 class=\"p1\"><img loading=\"lazy\" decoding=\"async\" class=\"alignright wp-image-8762 size-full\" src=\"http:\/\/vinci-construction-projets.com\/wp-content\/uploads\/2017\/02\/NRL-LA-REUNION-10-2016185.jpg\" alt=\"nrl-la-reunion-10-2016185\" width=\"599\" height=\"340\" srcset=\"https:\/\/www.vinci-construction-projets.com\/wp-content\/uploads\/2017\/02\/NRL-LA-REUNION-10-2016185.jpg 599w, https:\/\/www.vinci-construction-projets.com\/wp-content\/uploads\/2017\/02\/NRL-LA-REUNION-10-2016185-300x170.jpg 300w, https:\/\/www.vinci-construction-projets.com\/wp-content\/uploads\/2017\/02\/NRL-LA-REUNION-10-2016185-400x227.jpg 400w, https:\/\/www.vinci-construction-projets.com\/wp-content\/uploads\/2017\/02\/NRL-LA-REUNION-10-2016185-502x285.jpg 502w, https:\/\/www.vinci-construction-projets.com\/wp-content\/uploads\/2017\/02\/NRL-LA-REUNION-10-2016185-386x219.jpg 386w, https:\/\/www.vinci-construction-projets.com\/wp-content\/uploads\/2017\/02\/NRL-LA-REUNION-10-2016185-352x200.jpg 352w, https:\/\/www.vinci-construction-projets.com\/wp-content\/uploads\/2017\/02\/NRL-LA-REUNION-10-2016185-285x162.jpg 285w\" sizes=\"auto, (max-width: 599px) 100vw, 599px\" \/><\/h5>\n<h4 class=\"p1\">El dise\u00f1o de herramientas innovadoras y ESPEC\u00cdFICAS<\/h4>\n<p style=\"text-align: justify;\">Nuestros proyectos son \u00fanicos. A menudo son de una magnitud extraordinaria y presentan unos desaf\u00edos t\u00e9cnicos igual de excepcionales. Nuestra pol\u00edtica de innovaci\u00f3n, centrada en nuestros proyectos, anima a nuestros equipos a dise\u00f1ar herramientas a medida, con una tecnolog\u00eda de vanguardia.<br \/>\n<strong>Anclada en el ADN de VINCI Construction Grands Projets, la innovaci\u00f3n se expresa a trav\u00e9s del desarrollo de prototipos de herramientas o m\u00e1quinas<\/strong>, desarrollados gracias a<strong> una s\u00f3lida cultura de colaboraci\u00f3n<\/strong> con industriales de diferentes sectores y <strong>start-ups<\/strong>.<br \/>\nAs\u00ed, podemos adaptar las herramientas existentes a nuestras necesidades espec\u00edficas, o crearlas desde cero para responder a los retos a los que nos enfrentamos. Elaboramos los an\u00e1lisis funcionales del nuevo material, prestando especial atenci\u00f3n a los aspectos de seguridad y medio ambiente, y luego hacemos un seguimiento del proceso de fabricaci\u00f3n con nuestro socio industrial antes de formar al personal contratado localmente sobre su uso.<\/p>\n<p>&nbsp;<\/p>\n<h5 class=\"p1\">La Nueva Carretera del Litoral<\/h5>\n<p class=\"p1\"><em>Para construir el viaducto de la Nueva Carretera del Litoral en la Isla de la Reuni\u00f3n, uno de los retos era conseguir que los trabajos mar\u00edtimos fueran seguros tras reducirlos al m\u00ednimo necesario gracias a una prefabricaci\u00f3n en tierra superior al 95 %. Para instalar los elementos prefabricados de unas dimensiones extraordinarias en el mar, se imagin\u00f3, dise\u00f1\u00f3 y construy\u00f3 una barcaza autoelevadora y autopropulsada del tama\u00f1o de un campo de rugby y con una capacidad de elevaci\u00f3n excepcional para una obra eficiente y segura. <\/em><\/p>\n<h5 class=\"p1\">El Metro de El Cairo<\/h5>\n<p><em>En el proyecto del metro de El Cairo en Egipto, la tuneladora de una fase anterior se transform\u00f3 para realizar la 4.\u00aa fase de la l\u00ednea 3. La tuneladora Imhotep, que anteriormente funcionaba a presi\u00f3n de tierra, se modific\u00f3 in situ para que funcionara a presi\u00f3n de lodo a\u00f1adiendo un sistema de evacuaci\u00f3n hidr\u00e1ulica de los escombros.<\/em><\/p>\n","protected":false},"excerpt":{"rendered":"<p>Una gesti\u00f3n eficaz para un parque de material seguro VINCI Construction Grands Projets participa permanentemente en unos cuarenta proyectos de gran envergadura en m\u00e1s de 20 pa\u00edses de todos los continentes. Gestionar eficazmente un parque de material tan globalizado con recursos locales y normas regionales tan variadas es todo un reto. Por ello, desarrollamos una [&hellip;]<\/p>\n","protected":false},"author":17,"featured_media":0,"parent":11096,"menu_order":0,"comment_status":"closed","ping_status":"closed","template":"","meta":{"_acf_changed":false,"footnotes":""},"class_list":["post-11143","page","type-page","status-publish","hentry"],"acf":[],"_links":{"self":[{"href":"https:\/\/www.vinci-construction-projets.com\/es\/wp-json\/wp\/v2\/pages\/11143","targetHints":{"allow":["GET"]}}],"collection":[{"href":"https:\/\/www.vinci-construction-projets.com\/es\/wp-json\/wp\/v2\/pages"}],"about":[{"href":"https:\/\/www.vinci-construction-projets.com\/es\/wp-json\/wp\/v2\/types\/page"}],"author":[{"embeddable":true,"href":"https:\/\/www.vinci-construction-projets.com\/es\/wp-json\/wp\/v2\/users\/17"}],"replies":[{"embeddable":true,"href":"https:\/\/www.vinci-construction-projets.com\/es\/wp-json\/wp\/v2\/comments?post=11143"}],"version-history":[{"count":9,"href":"https:\/\/www.vinci-construction-projets.com\/es\/wp-json\/wp\/v2\/pages\/11143\/revisions"}],"predecessor-version":[{"id":18591,"href":"https:\/\/www.vinci-construction-projets.com\/es\/wp-json\/wp\/v2\/pages\/11143\/revisions\/18591"}],"up":[{"embeddable":true,"href":"https:\/\/www.vinci-construction-projets.com\/es\/wp-json\/wp\/v2\/pages\/11096"}],"wp:attachment":[{"href":"https:\/\/www.vinci-construction-projets.com\/es\/wp-json\/wp\/v2\/media?parent=11143"}],"curies":[{"name":"wp","href":"https:\/\/api.w.org\/{rel}","templated":true}]}}