{"id":11150,"date":"2016-12-23T14:33:09","date_gmt":"2016-12-23T13:33:09","guid":{"rendered":"http:\/\/vinci-construction-projets.com\/nos-expertises\/lng-lpg\/"},"modified":"2022-12-13T14:42:08","modified_gmt":"2022-12-13T13:42:08","slug":"gnl-gpl","status":"publish","type":"page","link":"https:\/\/www.vinci-construction-projets.com\/es\/nuestro-saber-hacer\/nuestros-conocimientos-tecnicos\/gnl-gpl\/","title":{"rendered":"GNL Y GLP"},"content":{"rendered":"<h4><\/h4>\n<h4 class=\"p1\">50 A\u00d1OS DE EXPERIENCIA COMO INTEGRADORES AL SERVICIO DE PROYECTOS ENERG\u00c9TICOS<\/h4>\n<p>Nuestra experiencia en ingenier\u00eda, ingenier\u00eda civil y actividades de proceso es la base de nuestra capacidad para llevar a cabo proyectos de dise\u00f1o y construcci\u00f3n altamente t\u00e9cnicos y asegurar todas sus interfaces. Nos ha permitido desarrollar competencias en materia de direcci\u00f3n de obras y <strong>gesti\u00f3n de proyectos en entornos complejos<\/strong> y consolidarnos como un actor clave en el sector. Nuestros clientes se benefician de una gesti\u00f3n de proyectos centralizada y global, para un control optimizado de riesgos, costes y plazos.<\/p>\n<p><strong>GNL (gas natural licuado): Como especialistas en dep\u00f3sitos de almacenamiento,<\/strong> tambi\u00e9n desplegamos soluciones para <strong>terminales de regasificaci\u00f3n o licuefacci\u00f3n<\/strong> combinando nuestros conocimientos con los de nuestros socios.<\/p>\n<p><strong>GLP (gas licuado de petr\u00f3leo): <\/strong>Ofrecemos soluciones llave en mano para<strong> las terminales de embotellado<\/strong>, desde el asesoramiento (dise\u00f1o, espacio disponible, presupuesto) hasta el dise\u00f1o y la construcci\u00f3n de los dep\u00f3sitos de almacenamiento adecuados (esferas, tubos, etc.) en nuestros talleres de Dunkerque antes del transporte hacia las instalaciones.<\/p>\n<p>Estos conocimientos<strong> en materia de calderer\u00eda pesada<\/strong> y la capacidad de producir componentes no est\u00e1ndar se ponen al servicio de toda la cadena de valor de la energ\u00eda: <strong>almacenamiento de hidrocarburos, energ\u00edas marinas renovables y energ\u00eda nuclear.<\/strong><\/p>\n<h4 class=\"p1\">CUALIDADES \u00daNICAS AL SERVICIO DE NUESTROS CLIENTES<\/h4>\n<h5><strong>Capacidad de despliegue en cualquier parte del mundo<\/strong><\/h5>\n<p>Nos destacamos por nuestra capacidad para <strong>realizar un r\u00e1pido despliegue en proyectos de gran envergadura en los cinco continentes<\/strong> y para operar en los <strong>entornos m\u00e1s complejos.<\/strong><br \/>\nCombinada con nuestra solidez financiera, nuestra experiencia en el dise\u00f1o y la construcci\u00f3n de infraestructuras energ\u00e9ticas, en particular de dep\u00f3sitos de almacenamiento de gas natural licuado y gas licuado de petr\u00f3leo, nos ha permitido realizar grandes proyectos en todas las latitudes.<\/p>\n<h5>Gesti\u00f3n global y unificada de los proyectos para obtener ofertas competitivas<\/h5>\n<p>Nuestros amplios recursos de ingenier\u00eda, que se ponen en juego desde el proceso, garantizan a nuestros clientes una interfaz \u00fanica y una gesti\u00f3n optimizada del proyecto.<br \/>\nEn particular, ofrecemos una experiencia de vanguardia en materia de dep\u00f3sitos de almacenamiento y la capacidad de <strong>poner todas las disciplinas de ingenier\u00eda al servicio del proyecto.<\/strong><\/p>\n<p>Estamos en condiciones de ofrecer<strong> las soluciones m\u00e1s competitivas<\/strong> gracias a nuestra experiencia de vanguardia (fabricaci\u00f3n propia del componente primario, incluido el 9% de n\u00edquel), una red de socios y subcontratistas especializados y un departamento de compras y log\u00edstica que nos permite brindar alternativas para todo tipo de entornos (por ejemplo, ausencia de carreteras y transporte por barco y rompehielos, etc.) a un coste reducido y en el plazo requerido (podemos mencionar la <strong>construcci\u00f3n de los dep\u00f3sitos de GNL de Yamal, que se complet\u00f3 un a\u00f1o antes de lo previsto<\/strong>).<\/p>\n<div id=\"attachment_18726\" style=\"width: 1034px\" class=\"wp-caption aligncenter\"><img loading=\"lazy\" decoding=\"async\" aria-describedby=\"caption-attachment-18726\" class=\"wp-image-18726 size-large\" src=\"https:\/\/www.vinci-construction-projets.com\/wp-content\/uploads\/2022\/11\/2018-02-01-SABETTA-5507-1024x683.jpg\" alt=\"\" width=\"1024\" height=\"683\" srcset=\"https:\/\/www.vinci-construction-projets.com\/wp-content\/uploads\/2022\/11\/2018-02-01-SABETTA-5507-1024x683.jpg 1024w, https:\/\/www.vinci-construction-projets.com\/wp-content\/uploads\/2022\/11\/2018-02-01-SABETTA-5507-300x200.jpg 300w, https:\/\/www.vinci-construction-projets.com\/wp-content\/uploads\/2022\/11\/2018-02-01-SABETTA-5507-768x513.jpg 768w, https:\/\/www.vinci-construction-projets.com\/wp-content\/uploads\/2022\/11\/2018-02-01-SABETTA-5507-1109x740.jpg 1109w, https:\/\/www.vinci-construction-projets.com\/wp-content\/uploads\/2022\/11\/2018-02-01-SABETTA-5507-400x267.jpg 400w, https:\/\/www.vinci-construction-projets.com\/wp-content\/uploads\/2022\/11\/2018-02-01-SABETTA-5507-360x240.jpg 360w, https:\/\/www.vinci-construction-projets.com\/wp-content\/uploads\/2022\/11\/2018-02-01-SABETTA-5507-720x480.jpg 720w, https:\/\/www.vinci-construction-projets.com\/wp-content\/uploads\/2022\/11\/2018-02-01-SABETTA-5507-509x340.jpg 509w, https:\/\/www.vinci-construction-projets.com\/wp-content\/uploads\/2022\/11\/2018-02-01-SABETTA-5507-427x285.jpg 427w, https:\/\/www.vinci-construction-projets.com\/wp-content\/uploads\/2022\/11\/2018-02-01-SABETTA-5507-689x460.jpg 689w, https:\/\/www.vinci-construction-projets.com\/wp-content\/uploads\/2022\/11\/2018-02-01-SABETTA-5507-386x258.jpg 386w, https:\/\/www.vinci-construction-projets.com\/wp-content\/uploads\/2022\/11\/2018-02-01-SABETTA-5507-719x480.jpg 719w, https:\/\/www.vinci-construction-projets.com\/wp-content\/uploads\/2022\/11\/2018-02-01-SABETTA-5507-524x350.jpg 524w, https:\/\/www.vinci-construction-projets.com\/wp-content\/uploads\/2022\/11\/2018-02-01-SABETTA-5507-285x190.jpg 285w, https:\/\/www.vinci-construction-projets.com\/wp-content\/uploads\/2022\/11\/2018-02-01-SABETTA-5507-554x370.jpg 554w\" sizes=\"auto, (max-width: 1024px) 100vw, 1024px\" \/><p id=\"caption-attachment-18726\" class=\"wp-caption-text\">Los cuatro dep\u00f3sitos criog\u00e9nicos de Yamal LNG en el coraz\u00f3n de Siberia Occidental, m\u00e1s all\u00e1 del c\u00edrculo polar \u00e1rtico (Rusia)<\/p><\/div>\n<h4>CAPACIDAD DE ACTUAR EN CONDICIONES EXTREMAS<\/h4>\n<p>Nos hemos ganado una reputaci\u00f3n sin igual por nuestra capacidad para dise\u00f1ar y construir infraestructuras en <strong>entornos complejos<\/strong>, ya sea <strong>en desiertos<\/strong> (temperaturas extremas en Argelia o Wheatstone, en Australia), <strong>zonas tropicales h\u00famedas<\/strong> (100% de humedad en las instalaciones de la isla de Bonny, en Nigeria) o <strong>extensiones \u00e1rticas<\/strong> (hasta -50\u00b0C y noches de varios meses, sin accidentes graves, en el proyecto Yamal, en Siberia, en Rusia).<\/p>\n<p>Esta capacidad se basa en el desarrollo de <strong>conocimientos excepcionales<\/strong>, que abarcan todas las etapas del proyecto, desde la ingenier\u00eda b\u00e1sica hasta la ejecuci\u00f3n, garantizando <strong>la realizaci\u00f3n de estudios (constructibilidad, dise\u00f1o, operabilidad, etc.) eficientes<\/strong>, incluso en <strong>territorios con elevado riesgo s\u00edsmico<\/strong>, con una experiencia reconocida en el campo (aislamiento de cimientos, tratamiento de suelos contra la licuefacci\u00f3n, etc.).<br \/>\nAsimismo, nuestras referencias nos permiten ofrecer <strong>dise\u00f1os que cumplen todas las normas t\u00e9cnicas internacionales<\/strong>.<\/p>\n<p><strong>Adaptamos nuestros m\u00e9todos de construcci\u00f3n a las condiciones de los proyectos<\/strong>: modularizaci\u00f3n para acortar los tiempos de construcci\u00f3n, hormigonado en tiempo caluroso en entornos des\u00e9rticos (temperaturas superiores a 40\u00b0C) o en climas \u00e1rticos (hasta -50\u00b0C), uso de encofrados deslizantes o autotrepantes para proyectos realizados con mano de obra limitada en regiones propensas a sufrir huracanes, son ejemplos y testimonios de nuestros conocimientos al servicio de nuestros proyectos y nuestros clientes.<\/p>\n<p><strong>La integraci\u00f3n de las problem\u00e1ticas medioambientales y de seguridad<\/strong> con nuestros enfoques Environment in Design, que garantiza la consideraci\u00f3n del impacto medioambiental de nuestras estructuras desde la fase de dise\u00f1o, y Safety in Design (com\u00fan a VINCI Construction), que refleja nuestra ambici\u00f3n de lograr una seguridad \u00f3ptima durante la construcci\u00f3n, la explotaci\u00f3n y el mantenimiento de las infraestructuras, garantiza tambi\u00e9n una gesti\u00f3n \u00f3ptima de los riesgos.<\/p>\n<p>Nuestros equipos de puesta en servicio tambi\u00e9n intervienen en las labores de ingenier\u00eda hasta el despliegue in situ para garantizar la puesta en servicio de las instalaciones.<\/p>\n<div id=\"attachment_18724\" style=\"width: 1034px\" class=\"wp-caption aligncenter\"><img loading=\"lazy\" decoding=\"async\" aria-describedby=\"caption-attachment-18724\" class=\"wp-image-18724 size-large\" src=\"https:\/\/www.vinci-construction-projets.com\/wp-content\/uploads\/2022\/11\/MicrosoftTeams-image-4-1024x683.jpg\" alt=\"\" width=\"1024\" height=\"683\" srcset=\"https:\/\/www.vinci-construction-projets.com\/wp-content\/uploads\/2022\/11\/MicrosoftTeams-image-4-1024x683.jpg 1024w, https:\/\/www.vinci-construction-projets.com\/wp-content\/uploads\/2022\/11\/MicrosoftTeams-image-4-300x200.jpg 300w, https:\/\/www.vinci-construction-projets.com\/wp-content\/uploads\/2022\/11\/MicrosoftTeams-image-4-768x512.jpg 768w, https:\/\/www.vinci-construction-projets.com\/wp-content\/uploads\/2022\/11\/MicrosoftTeams-image-4-1110x740.jpg 1110w, https:\/\/www.vinci-construction-projets.com\/wp-content\/uploads\/2022\/11\/MicrosoftTeams-image-4-400x267.jpg 400w, https:\/\/www.vinci-construction-projets.com\/wp-content\/uploads\/2022\/11\/MicrosoftTeams-image-4-360x240.jpg 360w, https:\/\/www.vinci-construction-projets.com\/wp-content\/uploads\/2022\/11\/MicrosoftTeams-image-4-720x480.jpg 720w, https:\/\/www.vinci-construction-projets.com\/wp-content\/uploads\/2022\/11\/MicrosoftTeams-image-4-510x340.jpg 510w, https:\/\/www.vinci-construction-projets.com\/wp-content\/uploads\/2022\/11\/MicrosoftTeams-image-4-428x285.jpg 428w, https:\/\/www.vinci-construction-projets.com\/wp-content\/uploads\/2022\/11\/MicrosoftTeams-image-4-690x460.jpg 690w, https:\/\/www.vinci-construction-projets.com\/wp-content\/uploads\/2022\/11\/MicrosoftTeams-image-4-386x257.jpg 386w, https:\/\/www.vinci-construction-projets.com\/wp-content\/uploads\/2022\/11\/MicrosoftTeams-image-4-525x350.jpg 525w, https:\/\/www.vinci-construction-projets.com\/wp-content\/uploads\/2022\/11\/MicrosoftTeams-image-4-285x190.jpg 285w, https:\/\/www.vinci-construction-projets.com\/wp-content\/uploads\/2022\/11\/MicrosoftTeams-image-4-555x370.jpg 555w\" sizes=\"auto, (max-width: 1024px) 100vw, 1024px\" \/><p id=\"caption-attachment-18724\" class=\"wp-caption-text\">R\u00e9servoirs LNG de Wheatstone (Australie)<\/p><\/div>\n<h4>NUESTROS VALORES Y COMPROMISOS<\/h4>\n<ul>\n<li>La seguridad es nuestra m\u00e1xima prioridad. No escatimamos esfuerzos para reducir a cero los accidentes graves.<\/li>\n<li>Respetamos las normas m\u00e1s rigurosas del sector en materia de calidad, medio ambiente y desarrollo sostenible para satisfacer a nuestros clientes y socios y cumplir nuestros propios compromisos y objetivos.<br \/>\n=&gt; Huella de carbono, estudiar soluciones para reducir nuestro impacto ambiental, multiculturalismo de los equipos, etc.<\/li>\n<li>Respeto dede los plazos: entregamos a tiempo los equipos esenciales para proyectos de gran envergadura y alto potencial, al tiempo que practicamos un modo de gesti\u00f3n que se basa en el riesgo.<\/li>\n<\/ul>\n<div id=\"attachment_18744\" style=\"width: 1034px\" class=\"wp-caption aligncenter\"><img loading=\"lazy\" decoding=\"async\" aria-describedby=\"caption-attachment-18744\" class=\"wp-image-18744 size-large\" src=\"https:\/\/www.vinci-construction-projets.com\/wp-content\/uploads\/2022\/11\/Image3-1-1024x275.png\" alt=\"\" width=\"1024\" height=\"275\" srcset=\"https:\/\/www.vinci-construction-projets.com\/wp-content\/uploads\/2022\/11\/Image3-1-1024x275.png 1024w, https:\/\/www.vinci-construction-projets.com\/wp-content\/uploads\/2022\/11\/Image3-1-300x81.png 300w, https:\/\/www.vinci-construction-projets.com\/wp-content\/uploads\/2022\/11\/Image3-1-768x206.png 768w, https:\/\/www.vinci-construction-projets.com\/wp-content\/uploads\/2022\/11\/Image3-1-1440x387.png 1440w, https:\/\/www.vinci-construction-projets.com\/wp-content\/uploads\/2022\/11\/Image3-1-400x108.png 400w, https:\/\/www.vinci-construction-projets.com\/wp-content\/uploads\/2022\/11\/Image3-1-720x194.png 720w, https:\/\/www.vinci-construction-projets.com\/wp-content\/uploads\/2022\/11\/Image3-1-600x161.png 600w, https:\/\/www.vinci-construction-projets.com\/wp-content\/uploads\/2022\/11\/Image3-1-590x159.png 590w, https:\/\/www.vinci-construction-projets.com\/wp-content\/uploads\/2022\/11\/Image3-1-793x213.png 793w, https:\/\/www.vinci-construction-projets.com\/wp-content\/uploads\/2022\/11\/Image3-1-386x104.png 386w, https:\/\/www.vinci-construction-projets.com\/wp-content\/uploads\/2022\/11\/Image3-1-780x210.png 780w, https:\/\/www.vinci-construction-projets.com\/wp-content\/uploads\/2022\/11\/Image3-1-1302x350.png 1302w, https:\/\/www.vinci-construction-projets.com\/wp-content\/uploads\/2022\/11\/Image3-1-1200x323.png 1200w, https:\/\/www.vinci-construction-projets.com\/wp-content\/uploads\/2022\/11\/Image3-1-285x77.png 285w\" sizes=\"auto, (max-width: 1024px) 100vw, 1024px\" \/><p id=\"caption-attachment-18744\" class=\"wp-caption-text\">Esferas de almacenamiento de Zeta (M\u00e9xico)\u00a0 \u00a0 \u00a0 \u00a0 \u00a0 \u00a0 \u00a0 \u00a0 \u00a0 \u00a0 \u00a0 \u00a0 \u00a0 \u00a0 \u00a0 \u00a0 \u00a0 \u00a0 \u00a0 \u00a0 \u00a0 \u00a0 \u00a0 \u00a0 \u00a0 \u00a0 \u00a0 \u00a0 \u00a0 \u00a0 \u00a0 \u00a0 \u00a0 \u00a0 \u00a0 \u00a0 \u00a0 \u00a0 \u00a0Proyecto Gate LNG (Rotterdam)<\/p><\/div>\n","protected":false},"excerpt":{"rendered":"<p>50 A\u00d1OS DE EXPERIENCIA COMO INTEGRADORES AL SERVICIO DE PROYECTOS ENERG\u00c9TICOS Nuestra experiencia en ingenier\u00eda, ingenier\u00eda civil y actividades de proceso es la base de nuestra capacidad para llevar a cabo proyectos de dise\u00f1o y construcci\u00f3n altamente t\u00e9cnicos y asegurar todas sus interfaces. Nos ha permitido desarrollar competencias en materia de direcci\u00f3n de obras y [&hellip;]<\/p>\n","protected":false},"author":17,"featured_media":0,"parent":11096,"menu_order":0,"comment_status":"closed","ping_status":"closed","template":"","meta":{"_acf_changed":false,"footnotes":""},"class_list":["post-11150","page","type-page","status-publish","hentry"],"acf":[],"_links":{"self":[{"href":"https:\/\/www.vinci-construction-projets.com\/es\/wp-json\/wp\/v2\/pages\/11150","targetHints":{"allow":["GET"]}}],"collection":[{"href":"https:\/\/www.vinci-construction-projets.com\/es\/wp-json\/wp\/v2\/pages"}],"about":[{"href":"https:\/\/www.vinci-construction-projets.com\/es\/wp-json\/wp\/v2\/types\/page"}],"author":[{"embeddable":true,"href":"https:\/\/www.vinci-construction-projets.com\/es\/wp-json\/wp\/v2\/users\/17"}],"replies":[{"embeddable":true,"href":"https:\/\/www.vinci-construction-projets.com\/es\/wp-json\/wp\/v2\/comments?post=11150"}],"version-history":[{"count":10,"href":"https:\/\/www.vinci-construction-projets.com\/es\/wp-json\/wp\/v2\/pages\/11150\/revisions"}],"predecessor-version":[{"id":18777,"href":"https:\/\/www.vinci-construction-projets.com\/es\/wp-json\/wp\/v2\/pages\/11150\/revisions\/18777"}],"up":[{"embeddable":true,"href":"https:\/\/www.vinci-construction-projets.com\/es\/wp-json\/wp\/v2\/pages\/11096"}],"wp:attachment":[{"href":"https:\/\/www.vinci-construction-projets.com\/es\/wp-json\/wp\/v2\/media?parent=11150"}],"curies":[{"name":"wp","href":"https:\/\/api.w.org\/{rel}","templated":true}]}}