{"id":11159,"date":"2017-02-07T11:54:32","date_gmt":"2017-02-07T10:54:32","guid":{"rendered":"http:\/\/vinci-construction-projets.com\/nos-expertises\/travaux-souterrains\/"},"modified":"2022-11-16T14:30:50","modified_gmt":"2022-11-16T13:30:50","slug":"trabajos-subterraneos","status":"publish","type":"page","link":"https:\/\/www.vinci-construction-projets.com\/es\/nuestro-saber-hacer\/nuestros-conocimientos-tecnicos\/trabajos-subterraneos\/","title":{"rendered":"Trabajos subterr\u00e1neos"},"content":{"rendered":"<h4><\/h4>\n<h4>UNA EXPERIENCIA MUNDIALMENTE RECONOCIDA EN EL DISE\u00d1O Y LA CONSTRUCCI\u00d3N DE T\u00daNELES<\/h4>\n<p>Nuestros clientes se benefician de nuestro saber hacer reconocido tras haber trabajado en todo el mundo en proyectos con m\u00e1s<strong> de 2000 km de t\u00faneles realizados<\/strong> en los \u00faltimos cuarenta a\u00f1os, lo que nos convierte en un actor clave en el sector. Nuestra excelencia operativa se alimenta del retorno de experiencias recibido en todo el mundo como resultado de todos nuestros proyectos y de los<strong> programas de innovaci\u00f3n compartidos dentro de VINCI Construction.<\/strong><\/p>\n<p>Tambi\u00e9n adoptamos un <strong>enfoque de colaboraci\u00f3n con nuestros clientes<\/strong> para satisfacer sus necesidades espec\u00edficas y realizar proyectos que contribuyan al desarrollo de los territorios y de unas infraestructuras perennes, gracias a nuestros equipos experimentados que trabajan en entornos complejos y a nuestra capacidad para desarrollar soluciones a medida.<\/p>\n<p>&nbsp;<\/p>\n<h4>LA ELECCI\u00d3N DE LA MEJOR T\u00c9CNICA DE EXCAVACI\u00d3N: TUNELADORA O CONVENCIONAL<\/h4>\n<p>Hemos desarrollado competencias especializadas en<strong> todos los m\u00e9todos de excavaci\u00f3n<\/strong>, tanto con tuneladoras como convencionales y realizamos t\u00faneles desde su dise\u00f1o hasta su recepci\u00f3n, cualquiera que sea su complejidad.<\/p>\n<div id=\"attachment_18604\" style=\"width: 407px\" class=\"wp-caption alignleft\"><img loading=\"lazy\" decoding=\"async\" aria-describedby=\"caption-attachment-18604\" class=\"wp-image-18604 size-full\" src=\"https:\/\/www.vinci-construction-projets.com\/wp-content\/uploads\/2022\/11\/travaux-souterrain-1.gif\" alt=\"\" width=\"397\" height=\"245\" \/><p id=\"caption-attachment-18604\" class=\"wp-caption-text\">T\u00fanel del proyecto Rijnlandroute en los Pa\u00edses Bajos<\/p><\/div>\n<p>Somos <strong>expertos en el uso de tuneladoras<\/strong> y nos beneficiamos tambi\u00e9n de las relaciones establecidas desde hace tiempo con los mejores proveedores especializados en este campo. De este modo, podemos responder a los condicionantes espec\u00edficos de los proyectos de nuestros clientes. Dominamos la <strong>prefabricaci\u00f3n de las dovelas<\/strong>, cuyas tolerancias son inferiores a un mil\u00edmetro y cuyos ritmos de producci\u00f3n son cr\u00edticos para respetar los plazos, la construcci\u00f3n de las<strong> plantas de tratamiento de lodos<\/strong> cuando es necesario, as\u00ed como <strong>toda la log\u00edstica asociada a la ejecuci\u00f3n de las obras<\/strong>, que es la clave de cualquier proyecto subterr\u00e1neo y crucial para el buen funcionamiento del proyecto.<\/p>\n<p>Nuestra experiencia, solicitada en todos los rincones del mundo, nos ha llevado a realizar grandes proyectos a lo largo de estos a\u00f1os, tanto en la construcci\u00f3n de metros (como los de Copenhague en Dinamarca y Lusail en Qatar) como en infraestructuras viarias (como Rijnlanroute en los Pa\u00edses Bajos) o infraestructuras hidr\u00e1ulicas (como el proyecto Tideway en el Reino Unido).<\/p>\n<p>&nbsp;<\/p>\n<p>&nbsp;<\/p>\n<p><img loading=\"lazy\" decoding=\"async\" class=\"size-full wp-image-18607 alignright\" src=\"https:\/\/www.vinci-construction-projets.com\/wp-content\/uploads\/2022\/11\/travaux-souterrain-2.jpg\" alt=\"\" width=\"334\" height=\"222\" srcset=\"https:\/\/www.vinci-construction-projets.com\/wp-content\/uploads\/2022\/11\/travaux-souterrain-2.jpg 334w, https:\/\/www.vinci-construction-projets.com\/wp-content\/uploads\/2022\/11\/travaux-souterrain-2-300x199.jpg 300w, https:\/\/www.vinci-construction-projets.com\/wp-content\/uploads\/2022\/11\/travaux-souterrain-2-301x200.jpg 301w, https:\/\/www.vinci-construction-projets.com\/wp-content\/uploads\/2022\/11\/travaux-souterrain-2-285x189.jpg 285w\" sizes=\"auto, (max-width: 334px) 100vw, 334px\" \/><\/p>\n<p>Tambi\u00e9n dominamos <strong>las t\u00e9cnicas de excavaci\u00f3n convencionales<\/strong> (NATM o SCL), tanto con <strong>explosivos como con m\u00e9todos mecanizados.<\/strong><br \/>\nNuestras capacidades nos permiten trabajar en todo el espectro de operaciones, incluyendo el dise\u00f1o de sistemas de mejora del terreno, la instalaci\u00f3n de sistemas de impermeabilizaci\u00f3n y la colocaci\u00f3n del revestimiento final. Probadas en lugares tan diversos como las laderas del Atlas en Marruecos para la construcci\u00f3n de la estaci\u00f3n de transferencia de energ\u00eda por bombeo de Abdelmoumen, y en un entorno urbano denso en el mayor proyecto de infraestructura de Nueva Zelanda con la construcci\u00f3n del metro City Rail Link de Auckland, nuestras <strong>soluciones a medida<\/strong>, perfectamente adaptadas a los problemas encontrados, demuestran nuestro amplio saber hacer (por ejemplo, equipos especialmente dise\u00f1ados para la excavaci\u00f3n de pozos o secuencias de excavaci\u00f3n complejas)<\/p>\n<p>&nbsp;<\/p>\n<p>&nbsp;<\/p>\n<h4>UNA EXPERIENCIA EN GEOTECNIA ESENCIAL PARA EL \u00c9XITO DE LOS PROYECTOS<\/h4>\n<p>Nuestro<strong> experiencia interna en geotecnia<\/strong> garantiza una mejor <strong>comprensi\u00f3n de la idoneidad del suelo y de los medios que deben utilizarse<\/strong> para llevar a cabo nuestros proyectos. Esta competencia es la garant\u00eda de nuestra excelencia operativa durante la ejecuci\u00f3n de las obras.<\/p>\n<p>Por ejemplo, para la construcci\u00f3n del <a href=\"http:\/\/vinci-construction-projets.com\/fr\/realisations\/metro-doha-ligne-rouge\/\">metro de Doha (Red Line South)<\/a> propusimos sustituir los accesos peatonales, cuya construcci\u00f3n requer\u00eda el desv\u00edo de numerosas redes urbanas, por accesos subterr\u00e1neos que pasaran por debajo de estas redes, gracias a un soporte de \u00abmegab\u00f3veda de paraguas\u00bb que garantizara bajos asentamientos de la superficie.<\/p>\n<p>Tambi\u00e9n podemos<strong> evaluar el impacto de la excavaci\u00f3n de nuestras estructuras en el entorno construido<\/strong> y establecer las instrucciones de conducci\u00f3n de las tuneladoras en consecuencia. El t\u00fanel de Shieldhall, en Escocia, es un ejemplo perfecto: en diciembre de 2016, nuestros equipos pilotaron el paso de una tuneladora a presi\u00f3n de lodo bajo el haz de v\u00edas de ferrocarril que conecta Glasgow, con menos de 4 metros de recubrimiento, sin crear asentamientos perjudiciales.<\/p>\n<p>Adem\u00e1s, sabemos<strong> definir las posibles necesidades de tratamiento del terreno<\/strong>, como la congelaci\u00f3n del suelo, para permitir la realizaci\u00f3n de obras bajo el nivel fre\u00e1tico. Una t\u00e9cnica utilizada en varias ocasiones por nuestros equipos, en particular en B\u00e9lgica para la construcci\u00f3n de pasos transversales de t\u00faneles ferroviarios en el puerto de Amberes, el <a href=\"http:\/\/vinci-construction-projets.com\/fr\/realisations\/liaison-ferroviaire-liefkenshoek\/\">Liefkenshoek<\/a>, los <a href=\"https:\/\/www.vinci-construction-projets.com\/fr\/realisations\/rijnlandroute\/\">t\u00faneles de carretera de Rijnlandroute<\/a>, o en la prolongaci\u00f3n norte de la l\u00ednea 14 del Grand Paris Express.<\/p>\n<p>&nbsp;<\/p>\n<h4>LA INNOVACI\u00d3N COMPARTIDA AL SERVICIO DE LOS PROYECTOS<\/h4>\n<p>Nos basamos en <strong>programas de innovaci\u00f3n compartidos y en directrices operativas comunes, aprovechando la experiencia transversal de VINCI Construction<\/strong> en la construcci\u00f3n de t\u00faneles.<br \/>\nDesarrollo de nuevas ofertas, en particular mediante el uso de <strong>la inteligencia artificial<\/strong> y aparici\u00f3n de nuevas herramientas para <strong>aumentar a\u00fan m\u00e1s la seguridad<\/strong> de nuestro personal de ejecuci\u00f3n y<strong> nuestro rendimiento operativo<\/strong>: las ventajas de esta integraci\u00f3n son numerosas y nos permiten permanecer a la vanguardia de las innovaciones tecnol\u00f3gicas en el sector.<\/p>\n<div id=\"attachment_18610\" style=\"width: 1034px\" class=\"wp-caption alignleft\"><img loading=\"lazy\" decoding=\"async\" aria-describedby=\"caption-attachment-18610\" class=\"wp-image-18610 size-large\" src=\"https:\/\/www.vinci-construction-projets.com\/wp-content\/uploads\/2022\/11\/2YC2025-1024x682.jpg\" alt=\"\" width=\"1024\" height=\"682\" srcset=\"https:\/\/www.vinci-construction-projets.com\/wp-content\/uploads\/2022\/11\/2YC2025-1024x682.jpg 1024w, https:\/\/www.vinci-construction-projets.com\/wp-content\/uploads\/2022\/11\/2YC2025-300x200.jpg 300w, https:\/\/www.vinci-construction-projets.com\/wp-content\/uploads\/2022\/11\/2YC2025-768x512.jpg 768w, https:\/\/www.vinci-construction-projets.com\/wp-content\/uploads\/2022\/11\/2YC2025-1110x740.jpg 1110w, https:\/\/www.vinci-construction-projets.com\/wp-content\/uploads\/2022\/11\/2YC2025-400x267.jpg 400w, https:\/\/www.vinci-construction-projets.com\/wp-content\/uploads\/2022\/11\/2YC2025-360x240.jpg 360w, https:\/\/www.vinci-construction-projets.com\/wp-content\/uploads\/2022\/11\/2YC2025-720x480.jpg 720w, https:\/\/www.vinci-construction-projets.com\/wp-content\/uploads\/2022\/11\/2YC2025-510x340.jpg 510w, https:\/\/www.vinci-construction-projets.com\/wp-content\/uploads\/2022\/11\/2YC2025-428x285.jpg 428w, https:\/\/www.vinci-construction-projets.com\/wp-content\/uploads\/2022\/11\/2YC2025-690x460.jpg 690w, https:\/\/www.vinci-construction-projets.com\/wp-content\/uploads\/2022\/11\/2YC2025-386x257.jpg 386w, https:\/\/www.vinci-construction-projets.com\/wp-content\/uploads\/2022\/11\/2YC2025-525x350.jpg 525w, https:\/\/www.vinci-construction-projets.com\/wp-content\/uploads\/2022\/11\/2YC2025-285x190.jpg 285w, https:\/\/www.vinci-construction-projets.com\/wp-content\/uploads\/2022\/11\/2YC2025-555x370.jpg 555w, https:\/\/www.vinci-construction-projets.com\/wp-content\/uploads\/2022\/11\/2YC2025.jpg 2000w\" sizes=\"auto, (max-width: 1024px) 100vw, 1024px\" \/><p id=\"caption-attachment-18610\" class=\"wp-caption-text\"><strong>First low-carbon segment in France on line 18-1 of the Grand Paris Express<\/strong><\/p><\/div>\n<p style=\"text-align: justify;\"><strong>LinKtech, <\/strong>una plataforma de intercambio e innovaci\u00f3n que re\u00fane a las entidades de la Divisi\u00f3n de Grandes Proyectos de VINCI Construction, y la Tunnel Factory son ejemplos destacados de nuestro enfoque. La Tunnel Factory, dedicada a la innovaci\u00f3n en el uso de tuneladoras, permite el<strong> despliegue de herramientas innovadoras en nuestras obras<\/strong>, de acuerdo con las \u00e1reas de investigaci\u00f3n definidas: log\u00edstica, materiales y procedimientos, datos e inteligencia artificial, geotecnia y geof\u00edsica, y hormig\u00f3n ultra bajo en carbono.<br \/>\n<em>CAP<\/em>, un software desarrollado internamente por VINCI Construction, permite <strong>controlar en tiempo real todos los par\u00e1metros<\/strong> de funcionamiento <strong>de las tuneladoras<\/strong>. El acceso a esta base de datos se realiza a trav\u00e9s de la web y garantiza la agilidad y la pertinencia de las instrucciones dadas a nuestros proyectos en curso, con el fin de mejorar el rendimiento de las excavaciones o prestar apoyo en las obras durante los pasos m\u00e1s delicados.<strong><br \/>\n<\/strong><\/p>\n<p style=\"text-align: justify;\">Nuestra cultura de colaboraci\u00f3n con los mayores industriales del sector tambi\u00e9n garantiza el desarrollo continuo de nuestras herramientas en aras de un mayor rendimiento.<\/p>\n<p style=\"text-align: justify;\">As\u00ed, para excavar los <a href=\"http:\/\/vinci-construction-projets.com\/fr\/realisations\/tunnels-ferroviaires-hallandsas\/\">t\u00faneles de Hallands\u00e5s<\/a>\u00a0en Suecia, dise\u00f1amos junto con nuestro proveedor una tuneladora capaz de soportar una presi\u00f3n de 13 bares, un r\u00e9cord para la \u00e9poca. Esta colaboraci\u00f3n duradera es el origen del desarrollo de varias m\u00e1quinas de doble modo que permiten adaptarse a una geolog\u00eda variable en un mismo proyecto.<\/p>\n<p>&nbsp;<\/p>\n<p>&nbsp;<\/p>\n<h5><strong>Descubra nuestra experiencia y descargue nuestros cat\u00e1logos: <\/strong><\/h5>\n","protected":false},"excerpt":{"rendered":"<p>UNA EXPERIENCIA MUNDIALMENTE RECONOCIDA EN EL DISE\u00d1O Y LA CONSTRUCCI\u00d3N DE T\u00daNELES Nuestros clientes se benefician de nuestro saber hacer reconocido tras haber trabajado en todo el mundo en proyectos con m\u00e1s de 2000 km de t\u00faneles realizados en los \u00faltimos cuarenta a\u00f1os, lo que nos convierte en un actor clave en el sector. Nuestra [&hellip;]<\/p>\n","protected":false},"author":17,"featured_media":0,"parent":11096,"menu_order":0,"comment_status":"closed","ping_status":"closed","template":"","meta":{"_acf_changed":false,"footnotes":""},"class_list":["post-11159","page","type-page","status-publish","hentry"],"acf":[],"_links":{"self":[{"href":"https:\/\/www.vinci-construction-projets.com\/es\/wp-json\/wp\/v2\/pages\/11159","targetHints":{"allow":["GET"]}}],"collection":[{"href":"https:\/\/www.vinci-construction-projets.com\/es\/wp-json\/wp\/v2\/pages"}],"about":[{"href":"https:\/\/www.vinci-construction-projets.com\/es\/wp-json\/wp\/v2\/types\/page"}],"author":[{"embeddable":true,"href":"https:\/\/www.vinci-construction-projets.com\/es\/wp-json\/wp\/v2\/users\/17"}],"replies":[{"embeddable":true,"href":"https:\/\/www.vinci-construction-projets.com\/es\/wp-json\/wp\/v2\/comments?post=11159"}],"version-history":[{"count":16,"href":"https:\/\/www.vinci-construction-projets.com\/es\/wp-json\/wp\/v2\/pages\/11159\/revisions"}],"predecessor-version":[{"id":18654,"href":"https:\/\/www.vinci-construction-projets.com\/es\/wp-json\/wp\/v2\/pages\/11159\/revisions\/18654"}],"up":[{"embeddable":true,"href":"https:\/\/www.vinci-construction-projets.com\/es\/wp-json\/wp\/v2\/pages\/11096"}],"wp:attachment":[{"href":"https:\/\/www.vinci-construction-projets.com\/es\/wp-json\/wp\/v2\/media?parent=11159"}],"curies":[{"name":"wp","href":"https:\/\/api.w.org\/{rel}","templated":true}]}}