{"id":11165,"date":"2016-09-29T17:21:55","date_gmt":"2016-09-29T15:21:55","guid":{"rendered":"http:\/\/vinci-construction-projets.com\/nos-expertises\/integration-systemes\/"},"modified":"2022-11-15T10:56:49","modified_gmt":"2022-11-15T09:56:49","slug":"integracion-sistemas","status":"publish","type":"page","link":"https:\/\/www.vinci-construction-projets.com\/es\/nuestro-saber-hacer\/nuestros-conocimientos-tecnicos\/integracion-sistemas\/","title":{"rendered":"Integraci\u00f3n de sistemas"},"content":{"rendered":"<h4><\/h4>\n<h4 class=\"p1\"><img loading=\"lazy\" decoding=\"async\" class=\"alignright wp-image-6953 size-full\" src=\"http:\/\/vinci-construction-projets.com\/wp-content\/uploads\/2016\/09\/LRT-Lusail-0007.jpg\" alt=\"LRT-Lusail-0007\" width=\"600\" height=\"340\" srcset=\"https:\/\/www.vinci-construction-projets.com\/wp-content\/uploads\/2016\/09\/LRT-Lusail-0007.jpg 600w, https:\/\/www.vinci-construction-projets.com\/wp-content\/uploads\/2016\/09\/LRT-Lusail-0007-300x170.jpg 300w, https:\/\/www.vinci-construction-projets.com\/wp-content\/uploads\/2016\/09\/LRT-Lusail-0007-400x227.jpg 400w, https:\/\/www.vinci-construction-projets.com\/wp-content\/uploads\/2016\/09\/LRT-Lusail-0007-503x285.jpg 503w, https:\/\/www.vinci-construction-projets.com\/wp-content\/uploads\/2016\/09\/LRT-Lusail-0007-386x219.jpg 386w, https:\/\/www.vinci-construction-projets.com\/wp-content\/uploads\/2016\/09\/LRT-Lusail-0007-353x200.jpg 353w, https:\/\/www.vinci-construction-projets.com\/wp-content\/uploads\/2016\/09\/LRT-Lusail-0007-285x162.jpg 285w\" sizes=\"auto, (max-width: 600px) 100vw, 600px\" \/><\/h4>\n<h4 class=\"p1\">ENTREGAR PROYECTOS LLAVE EN MANO<\/h4>\n<p>Este saber hacer se plasma en proyectos de diversa \u00edndole, como metros, trenes, autopistas, t\u00faneles, infraestructuras hidr\u00e1ulicas (presas, estaciones de bombeo, estaciones de tratamiento y distribuci\u00f3n de agua) y obras del sector energ\u00e9tico.<\/p>\n<p>&nbsp;<\/p>\n<p class=\"p1\"><strong><em>Qatar<\/em><\/strong><\/p>\n<p><em>En Qatar, nuestra filial Qatari Diar VINCI Construction, en consorcio con un proveedor de equipos, entreg\u00f3 en 2020 las cuatro l\u00edneas de un\u00a0<a href=\"http:\/\/vinci-construction-projets.com\/fr\/realisations\/lrt-lusail\/\">metro ligero<\/a> llave en mano en la ciudad nueva de Lusail: intervenimos como Early Contractor Involvement (ECI) cuando el plan maestro de esta metr\u00f3poli de 200 000 habitantes apenas se hab\u00eda dise\u00f1ado.<\/em><\/p>\n<p>&nbsp;<\/p>\n<h4>INTEGRAR LAS CUESTIONES TRANSVERSALES CR\u00cdTICAS PARA LOS PROYECTOS<\/h4>\n<p>Algunos temas que son cr\u00edticos para el buen funcionamiento de una estructura, como el rayo, la corrosi\u00f3n, la protecci\u00f3n el\u00e9ctrica o la lucha contra las corrientes par\u00e1sitas, a veces se descuidan porque son transversales a los distintos oficios que intervienen en la obra. Nuestra experiencia como integrador nos permite identificarlas en las fases iniciales y garantizar que los distintos participantes en el proyecto las tengan en cuenta.<\/p>\n<p>&nbsp;<\/p>\n<h4 class=\"p1\">UNA CONSULTOR\u00cdA DE DISE\u00d1O Y CONSTRUCCI\u00d3N GANADORA<\/h4>\n<p>Comprender los problemas relacionados con los equipos desde el principio del proyecto permite optimizar las dimensiones de la estructura para hacerla m\u00e1s eficaz, m\u00e1s segura, menos costosa y entregable en un plazo m\u00e1s corto. Los proyectos desarrollados en la modalidad de dise\u00f1o-construcci\u00f3n, en los que podemos desplegar nuestros conocimientos de ingenier\u00eda de sistemas (m\u00e9todo en V), se benefician por lo tanto m\u00e1s de nuestras competencias como integrador.<\/p>\n<p><img loading=\"lazy\" decoding=\"async\" class=\"size-large wp-image-18595 aligncenter\" src=\"https:\/\/www.vinci-construction-projets.com\/wp-content\/uploads\/2022\/11\/tunnel-1024x581.jpg\" alt=\"\" width=\"1024\" height=\"581\" srcset=\"https:\/\/www.vinci-construction-projets.com\/wp-content\/uploads\/2022\/11\/tunnel-1024x581.jpg 1024w, https:\/\/www.vinci-construction-projets.com\/wp-content\/uploads\/2022\/11\/tunnel-300x170.jpg 300w, https:\/\/www.vinci-construction-projets.com\/wp-content\/uploads\/2022\/11\/tunnel-768x435.jpg 768w, https:\/\/www.vinci-construction-projets.com\/wp-content\/uploads\/2022\/11\/tunnel-1305x740.jpg 1305w, https:\/\/www.vinci-construction-projets.com\/wp-content\/uploads\/2022\/11\/tunnel-400x227.jpg 400w, https:\/\/www.vinci-construction-projets.com\/wp-content\/uploads\/2022\/11\/tunnel-720x408.jpg 720w, https:\/\/www.vinci-construction-projets.com\/wp-content\/uploads\/2022\/11\/tunnel-600x340.jpg 600w, https:\/\/www.vinci-construction-projets.com\/wp-content\/uploads\/2022\/11\/tunnel-503x285.jpg 503w, https:\/\/www.vinci-construction-projets.com\/wp-content\/uploads\/2022\/11\/tunnel-793x450.jpg 793w, https:\/\/www.vinci-construction-projets.com\/wp-content\/uploads\/2022\/11\/tunnel-386x219.jpg 386w, https:\/\/www.vinci-construction-projets.com\/wp-content\/uploads\/2022\/11\/tunnel-780x442.jpg 780w, https:\/\/www.vinci-construction-projets.com\/wp-content\/uploads\/2022\/11\/tunnel-847x480.jpg 847w, https:\/\/www.vinci-construction-projets.com\/wp-content\/uploads\/2022\/11\/tunnel-617x350.jpg 617w, https:\/\/www.vinci-construction-projets.com\/wp-content\/uploads\/2022\/11\/tunnel-353x200.jpg 353w, https:\/\/www.vinci-construction-projets.com\/wp-content\/uploads\/2022\/11\/tunnel-285x162.jpg 285w, https:\/\/www.vinci-construction-projets.com\/wp-content\/uploads\/2022\/11\/tunnel-653x370.jpg 653w, https:\/\/www.vinci-construction-projets.com\/wp-content\/uploads\/2022\/11\/tunnel.jpg 1875w\" sizes=\"auto, (max-width: 1024px) 100vw, 1024px\" \/><\/p>\n<p>As\u00ed, <strong>la anticipaci\u00f3n de las necesidades de ventilaci\u00f3n o los objetivos de evacuaci\u00f3n del p\u00fablico en caso de incendio<\/strong>\u00a0tienen un impacto directo en las dimensiones de los t\u00faneles. Desde la fase de dise\u00f1o, nuestros equipos de integraci\u00f3n de sistemas pueden proponer\u00a0<strong>optimizaciones de dise\u00f1o que proporcionar\u00e1n un mejor funcionamiento de la estructura<\/strong>. El enfoque\u00a0<a href=\"http:\/\/vinci-construction-projets.com\/fr\/nos-engagements\/politique-securite\/\">Safety in Design<\/a>, que consiste en identificar lo antes posible en el dise\u00f1o de un proyecto las cuestiones de seguridad para quienes construir\u00e1n la estructura y quienes la utilizar\u00e1n, se enmarca plenamente a esta estrategia.<\/p>\n<p>&nbsp;<\/p>\n<p class=\"p1\"><em><strong>Duplex A86<\/strong><\/em><\/p>\n<p><em>En el t\u00fanel\u00a0<\/em><a href=\"http:\/\/vinci-construction-projets.com\/fr\/realisations\/duplex-a86\/\"><em>A86 Duplex\u00a0<\/em><\/a><em>al oeste de Par\u00eds, la lucha contra los incendios y la evacuaci\u00f3n de los t\u00faneles fueron cuestiones especialmente importantes, unos meses despu\u00e9s del desastre del incendio del t\u00fanel del Mont Blanc.<br \/>\nPara garantizar el rendimiento de la estructura en este sentido, se estudi\u00f3 con gran detalle el tiempo de evacuaci\u00f3n del humo y se desarrollaron modelos para demostrar la eficacia del dise\u00f1o propuesto.\u00a0Se instal\u00f3 un innovador sistema de refrigeraci\u00f3n del t\u00fanel con rociadores para luchar contra las llamas en caso de incendio.<\/em><\/p>\n","protected":false},"excerpt":{"rendered":"<p>ENTREGAR PROYECTOS LLAVE EN MANO Este saber hacer se plasma en proyectos de diversa \u00edndole, como metros, trenes, autopistas, t\u00faneles, infraestructuras hidr\u00e1ulicas (presas, estaciones de bombeo, estaciones de tratamiento y distribuci\u00f3n de agua) y obras del sector energ\u00e9tico. &nbsp; Qatar En Qatar, nuestra filial Qatari Diar VINCI Construction, en consorcio con un proveedor de equipos, [&hellip;]<\/p>\n","protected":false},"author":17,"featured_media":0,"parent":11096,"menu_order":0,"comment_status":"closed","ping_status":"closed","template":"","meta":{"_acf_changed":false,"footnotes":""},"class_list":["post-11165","page","type-page","status-publish","hentry"],"acf":[],"_links":{"self":[{"href":"https:\/\/www.vinci-construction-projets.com\/es\/wp-json\/wp\/v2\/pages\/11165","targetHints":{"allow":["GET"]}}],"collection":[{"href":"https:\/\/www.vinci-construction-projets.com\/es\/wp-json\/wp\/v2\/pages"}],"about":[{"href":"https:\/\/www.vinci-construction-projets.com\/es\/wp-json\/wp\/v2\/types\/page"}],"author":[{"embeddable":true,"href":"https:\/\/www.vinci-construction-projets.com\/es\/wp-json\/wp\/v2\/users\/17"}],"replies":[{"embeddable":true,"href":"https:\/\/www.vinci-construction-projets.com\/es\/wp-json\/wp\/v2\/comments?post=11165"}],"version-history":[{"count":14,"href":"https:\/\/www.vinci-construction-projets.com\/es\/wp-json\/wp\/v2\/pages\/11165\/revisions"}],"predecessor-version":[{"id":18602,"href":"https:\/\/www.vinci-construction-projets.com\/es\/wp-json\/wp\/v2\/pages\/11165\/revisions\/18602"}],"up":[{"embeddable":true,"href":"https:\/\/www.vinci-construction-projets.com\/es\/wp-json\/wp\/v2\/pages\/11096"}],"wp:attachment":[{"href":"https:\/\/www.vinci-construction-projets.com\/es\/wp-json\/wp\/v2\/media?parent=11165"}],"curies":[{"name":"wp","href":"https:\/\/api.w.org\/{rel}","templated":true}]}}