{"id":11184,"date":"2016-05-16T08:48:00","date_gmt":"2016-05-16T07:48:00","guid":{"rendered":"http:\/\/vinci-construction-projets.com\/qui-nous-sommes\/"},"modified":"2024-08-06T11:10:51","modified_gmt":"2024-08-06T09:10:51","slug":"quienes-somos","status":"publish","type":"page","link":"https:\/\/www.vinci-construction-projets.com\/es\/la-empresa\/quienes-somos\/","title":{"rendered":"Quienes somos"},"content":{"rendered":"<p>&nbsp;<\/p>\n<p><img loading=\"lazy\" decoding=\"async\" class=\"alignright wp-image-1138\" src=\"https:\/\/www.vinci-construction-projets.com\/wp-content\/uploads\/2016\/05\/c48_08-grece__0102.jpg_pont_charilaos_trikoupis_document-1024x683.jpeg\" alt=\"Pont Charilaos Trikoupis\" width=\"600\" height=\"400\" srcset=\"https:\/\/www.vinci-construction-projets.com\/wp-content\/uploads\/2016\/05\/c48_08-grece__0102.jpg_pont_charilaos_trikoupis_document-1024x683.jpeg 1024w, https:\/\/www.vinci-construction-projets.com\/wp-content\/uploads\/2016\/05\/c48_08-grece__0102.jpg_pont_charilaos_trikoupis_document-300x200.jpeg 300w, https:\/\/www.vinci-construction-projets.com\/wp-content\/uploads\/2016\/05\/c48_08-grece__0102.jpg_pont_charilaos_trikoupis_document-768x512.jpeg 768w, https:\/\/www.vinci-construction-projets.com\/wp-content\/uploads\/2016\/05\/c48_08-grece__0102.jpg_pont_charilaos_trikoupis_document-1110x740.jpeg 1110w, https:\/\/www.vinci-construction-projets.com\/wp-content\/uploads\/2016\/05\/c48_08-grece__0102.jpg_pont_charilaos_trikoupis_document-400x267.jpeg 400w, https:\/\/www.vinci-construction-projets.com\/wp-content\/uploads\/2016\/05\/c48_08-grece__0102.jpg_pont_charilaos_trikoupis_document-360x240.jpeg 360w, https:\/\/www.vinci-construction-projets.com\/wp-content\/uploads\/2016\/05\/c48_08-grece__0102.jpg_pont_charilaos_trikoupis_document-720x480.jpeg 720w, https:\/\/www.vinci-construction-projets.com\/wp-content\/uploads\/2016\/05\/c48_08-grece__0102.jpg_pont_charilaos_trikoupis_document-510x340.jpeg 510w, https:\/\/www.vinci-construction-projets.com\/wp-content\/uploads\/2016\/05\/c48_08-grece__0102.jpg_pont_charilaos_trikoupis_document-428x285.jpeg 428w, https:\/\/www.vinci-construction-projets.com\/wp-content\/uploads\/2016\/05\/c48_08-grece__0102.jpg_pont_charilaos_trikoupis_document-690x460.jpeg 690w, https:\/\/www.vinci-construction-projets.com\/wp-content\/uploads\/2016\/05\/c48_08-grece__0102.jpg_pont_charilaos_trikoupis_document-386x257.jpeg 386w, https:\/\/www.vinci-construction-projets.com\/wp-content\/uploads\/2016\/05\/c48_08-grece__0102.jpg_pont_charilaos_trikoupis_document-525x350.jpeg 525w, https:\/\/www.vinci-construction-projets.com\/wp-content\/uploads\/2016\/05\/c48_08-grece__0102.jpg_pont_charilaos_trikoupis_document-285x190.jpeg 285w\" sizes=\"auto, (max-width: 600px) 100vw, 600px\" \/><\/p>\n<p><span style=\"font-size: 16px;\">Dise\u00f1amos y llevamos a cabo grandes proyectos de ingenier\u00eda civil y construcci\u00f3n en todo el mundo:\u00a0<\/span><\/p>\n<ul style=\"list-style-type: circle;\">\n<li><strong>Infraestructuras de transporte<\/strong>: puentes y viaductos, obras subterr\u00e1neas, obras lineales de superficie, obras mar\u00edtimas<\/li>\n<li><strong>Edificios y estructuras funcionales<\/strong>: torres de oficinas y viviendas, aparcamientos, aeropuertos, estructuras administrativas y culturales<\/li>\n<li><strong>Energ\u00eda<\/strong>: centrales t\u00e9rmicas y nucleares, almacenamiento masivo subterr\u00e1neo de energ\u00eda,\u00a0dep\u00f3sitos de GNL y GLP, infraestructuras de producci\u00f3n de energ\u00eda descarbonizada (hidr\u00f3geno, biog\u00e1s, electricidad, etc.)<\/li>\n<li><strong>Hidr\u00e1ulica y medio ambiente<\/strong>:<\/li>\n<li>presas, plantas de bombeo y tratamiento de aguas residuales, distribuci\u00f3n y evacuaci\u00f3n de agua<strong>, <\/strong>sistemas de alcantarillado y mejora de las redes de agua potable, vertederos, recuperaci\u00f3n energ\u00e9tica<\/li>\n<\/ul>\n<p>&nbsp;<\/p>\n<p>Nuestro alto nivel de conocimentos de integrador, nuestra fuerte capacidad de ingenier\u00eda y de gesti\u00f3n de proyecto, van juntos con una organizaci\u00f3n reactiva y una pol\u00edtica de colaboraci\u00f3n con las empresas locales, y nos permiten desarrollar <strong>soluciones globales y modulares.<\/strong><\/p>\n<p>Junto a VINCI Construction Terrassement Grands Projets, Dodin Campenon Bernard y Spiecapag, VINCI Construction Grands Projets es una de las cuatro empresas de la <strong>Divisi\u00f3n de grandes proyectos<\/strong>, todas ellas filiales del \u00e1mbito de la Construcci\u00f3n de VINCI. Las empresas de la Divisi\u00f3n de grandes proyectos dominan todas las competencias relacionadas con la realizaci\u00f3n de obras civiles y de edificaci\u00f3n complejas.\u00a0 Trabajan en casi 50\u00a0pa\u00edses de los 5\u00a0continentes.<\/p>\n<p>&nbsp;<\/p>\n<p><strong>Empresa comprometida, <\/strong><a href=\"https:\/\/www.vinci.com\/vinci.nsf\/fr\/page\/essentiel.htm\">VINCI <\/a><strong>es l\u00edder mundial en concesiones, energ\u00eda y construcci\u00f3n<\/strong> y emplea a m\u00e1s de 260\u00a0000\u00a0personas en casi 120\u00a0pa\u00edses. Su misi\u00f3n<strong>: dise\u00f1ar, financiar, construir y gestionar infraestructuras e instalaciones\u00a0<\/strong>que, ante la emergencia clim\u00e1tica, ayuden a acelerar la transformaci\u00f3n del entorno vital, las infraestructuras y la movilidad, adem\u00e1s de contribuir al progreso social actuando como una empresa humanista, inclusiva y solidaria.<\/p>\n<p>&nbsp;<\/p>\n<p><img loading=\"lazy\" decoding=\"async\" class=\"aligncenter wp-image-17415 \" src=\"https:\/\/www.vinci-construction-projets.com\/wp-content\/uploads\/2021\/06\/organigramme-ESP.jpg\" alt=\"\" width=\"763\" height=\"530\" srcset=\"https:\/\/www.vinci-construction-projets.com\/wp-content\/uploads\/2021\/06\/organigramme-ESP.jpg 1317w, https:\/\/www.vinci-construction-projets.com\/wp-content\/uploads\/2021\/06\/organigramme-ESP-300x208.jpg 300w, https:\/\/www.vinci-construction-projets.com\/wp-content\/uploads\/2021\/06\/organigramme-ESP-768x534.jpg 768w, https:\/\/www.vinci-construction-projets.com\/wp-content\/uploads\/2021\/06\/organigramme-ESP-1024x711.jpg 1024w, https:\/\/www.vinci-construction-projets.com\/wp-content\/uploads\/2021\/06\/organigramme-ESP-1065x740.jpg 1065w, https:\/\/www.vinci-construction-projets.com\/wp-content\/uploads\/2021\/06\/organigramme-ESP-400x278.jpg 400w, https:\/\/www.vinci-construction-projets.com\/wp-content\/uploads\/2021\/06\/organigramme-ESP-345x240.jpg 345w, https:\/\/www.vinci-construction-projets.com\/wp-content\/uploads\/2021\/06\/organigramme-ESP-720x500.jpg 720w, https:\/\/www.vinci-construction-projets.com\/wp-content\/uploads\/2021\/06\/organigramme-ESP-489x340.jpg 489w, https:\/\/www.vinci-construction-projets.com\/wp-content\/uploads\/2021\/06\/organigramme-ESP-410x285.jpg 410w, https:\/\/www.vinci-construction-projets.com\/wp-content\/uploads\/2021\/06\/organigramme-ESP-662x460.jpg 662w, https:\/\/www.vinci-construction-projets.com\/wp-content\/uploads\/2021\/06\/organigramme-ESP-386x268.jpg 386w, https:\/\/www.vinci-construction-projets.com\/wp-content\/uploads\/2021\/06\/organigramme-ESP-691x480.jpg 691w, https:\/\/www.vinci-construction-projets.com\/wp-content\/uploads\/2021\/06\/organigramme-ESP-504x350.jpg 504w, https:\/\/www.vinci-construction-projets.com\/wp-content\/uploads\/2021\/06\/organigramme-ESP-288x200.jpg 288w, https:\/\/www.vinci-construction-projets.com\/wp-content\/uploads\/2021\/06\/organigramme-ESP-285x198.jpg 285w, https:\/\/www.vinci-construction-projets.com\/wp-content\/uploads\/2021\/06\/organigramme-ESP-533x370.jpg 533w\" sizes=\"auto, (max-width: 763px) 100vw, 763px\" \/><\/p>\n","protected":false},"excerpt":{"rendered":"<p>&nbsp; Dise\u00f1amos y llevamos a cabo grandes proyectos de ingenier\u00eda civil y construcci\u00f3n en todo el mundo:\u00a0 Infraestructuras de transporte: puentes y viaductos, obras subterr\u00e1neas, obras lineales de superficie, obras mar\u00edtimas Edificios y estructuras funcionales: torres de oficinas y viviendas, aparcamientos, aeropuertos, estructuras administrativas y culturales Energ\u00eda: centrales t\u00e9rmicas y nucleares, almacenamiento masivo subterr\u00e1neo de [&hellip;]<\/p>\n","protected":false},"author":17,"featured_media":0,"parent":11202,"menu_order":1,"comment_status":"closed","ping_status":"closed","template":"","meta":{"_acf_changed":false,"footnotes":""},"class_list":["post-11184","page","type-page","status-publish","hentry"],"acf":[],"_links":{"self":[{"href":"https:\/\/www.vinci-construction-projets.com\/es\/wp-json\/wp\/v2\/pages\/11184","targetHints":{"allow":["GET"]}}],"collection":[{"href":"https:\/\/www.vinci-construction-projets.com\/es\/wp-json\/wp\/v2\/pages"}],"about":[{"href":"https:\/\/www.vinci-construction-projets.com\/es\/wp-json\/wp\/v2\/types\/page"}],"author":[{"embeddable":true,"href":"https:\/\/www.vinci-construction-projets.com\/es\/wp-json\/wp\/v2\/users\/17"}],"replies":[{"embeddable":true,"href":"https:\/\/www.vinci-construction-projets.com\/es\/wp-json\/wp\/v2\/comments?post=11184"}],"version-history":[{"count":44,"href":"https:\/\/www.vinci-construction-projets.com\/es\/wp-json\/wp\/v2\/pages\/11184\/revisions"}],"predecessor-version":[{"id":20401,"href":"https:\/\/www.vinci-construction-projets.com\/es\/wp-json\/wp\/v2\/pages\/11184\/revisions\/20401"}],"up":[{"embeddable":true,"href":"https:\/\/www.vinci-construction-projets.com\/es\/wp-json\/wp\/v2\/pages\/11202"}],"wp:attachment":[{"href":"https:\/\/www.vinci-construction-projets.com\/es\/wp-json\/wp\/v2\/media?parent=11184"}],"curies":[{"name":"wp","href":"https:\/\/api.w.org\/{rel}","templated":true}]}}