{"id":11220,"date":"2016-07-12T10:19:06","date_gmt":"2016-07-12T08:19:06","guid":{"rendered":"http:\/\/vinci-construction-projets.com\/nos-engagements\/politique-securite\/"},"modified":"2023-11-15T16:20:10","modified_gmt":"2023-11-15T15:20:10","slug":"politica-seguridad","status":"publish","type":"page","link":"https:\/\/www.vinci-construction-projets.com\/es\/nuestros-compromisos\/politica-seguridad\/","title":{"rendered":"Nuestro enfoque en materia de salud y seguridad"},"content":{"rendered":"<p><strong>Se apoya en tres pilares fundamentales: la transparencia, la ejemplaridad y el di\u00e1logo.<\/strong><\/p>\n<p>Nuestra cultura de \u00ab<strong>cero accidentes<\/strong>\u00bb ocupa un lugar central en cada una de nuestras actividades.<\/p>\n<p>Refleja nuestra ambici\u00f3n de preservar la integridad f\u00edsica y moral de nuestras hombres y mujeres, as\u00ed como la de todas las personas que participan en nuestros proyectos. Su seguridad y su salud se encuentran entre los pilares m\u00e1s importantes de nuestro rendimiento operativo. Es el sentido de nuestro compromiso.<\/p>\n<p>Tambi\u00e9n encarna la especial atenci\u00f3n que prestamos a garantizar una seguridad \u00f3ptima durante la construcci\u00f3n, la explotaci\u00f3n y el mantenimiento de nuestras estructuras.<\/p>\n<h4>\u00abLA SEGURIDAD ANTE TODO\u00bb<\/h4>\n<p><img loading=\"lazy\" decoding=\"async\" class=\"alignright wp-image-13551 size-full\" src=\"https:\/\/www.vinci-construction-projets.com\/wp-content\/uploads\/2016\/07\/la-seguridad-e1505893400313.png\" alt=\"\" width=\"267\" height=\"139\" \/><\/p>\n<p>Para que nuestras obras sean espacios seguros, nuestro valor <strong>\u00abLa seguridad ante todo\u00bb<\/strong> se impone a todos, sin distinci\u00f3n. Se basa en primer lugar en la b\u00fasqueda de la excelencia, impulsada por el esp\u00edritu de equipo y la responsabilidad individual y colectiva.<\/p>\n<p>As\u00ed, m\u00e1s all\u00e1 de la aplicaci\u00f3n de las leyes, los reglamentos y los requisitos contractuales, implementamos la organizaci\u00f3n, los procesos y todos los medios de protecci\u00f3n necesarios para preservar la salud y garantizar la seguridad de nuestras partes interesadas: empleados, subcontratistas, socios, clientes, visitantes y futuros usuarios.<br \/>\nLa seguridad es una parte integral de nuestro enfoque de gesti\u00f3n y constituye una fuente de progreso. Favorece la calidad de nuestras obras y la preservaci\u00f3n de nuestros conocimientos, nuestra experiencia y nuestras habilidades. Se trata de una condici\u00f3n esencial para el desarrollo de nuestros empleados y tambi\u00e9n contribuye a la satisfacci\u00f3n de nuestros clientes.<\/p>\n<h4>LA SEGURIDAD DESDE EL DISE\u00d1O<\/h4>\n<p><a href=\"https:\/\/www.vinci-construction-projets.com\/fr\/nuestros-compromisos\/politica-seguridad\/logo-sid_fev2016\/\" rel=\"attachment wp-att-11221\"><img loading=\"lazy\" decoding=\"async\" class=\"alignright wp-image-11221\" src=\"https:\/\/www.vinci-construction-projets.com\/wp-content\/uploads\/2016\/07\/Logo-SiD_fev2016-300x138.jpg\" alt=\"\" width=\"230\" height=\"106\" srcset=\"https:\/\/www.vinci-construction-projets.com\/wp-content\/uploads\/2016\/07\/Logo-SiD_fev2016-300x138.jpg 300w, https:\/\/www.vinci-construction-projets.com\/wp-content\/uploads\/2016\/07\/Logo-SiD_fev2016-768x353.jpg 768w, https:\/\/www.vinci-construction-projets.com\/wp-content\/uploads\/2016\/07\/Logo-SiD_fev2016-1024x471.jpg 1024w, https:\/\/www.vinci-construction-projets.com\/wp-content\/uploads\/2016\/07\/Logo-SiD_fev2016-1440x663.jpg 1440w, https:\/\/www.vinci-construction-projets.com\/wp-content\/uploads\/2016\/07\/Logo-SiD_fev2016-400x184.jpg 400w, https:\/\/www.vinci-construction-projets.com\/wp-content\/uploads\/2016\/07\/Logo-SiD_fev2016-720x331.jpg 720w, https:\/\/www.vinci-construction-projets.com\/wp-content\/uploads\/2016\/07\/Logo-SiD_fev2016-600x276.jpg 600w, https:\/\/www.vinci-construction-projets.com\/wp-content\/uploads\/2016\/07\/Logo-SiD_fev2016-590x271.jpg 590w, https:\/\/www.vinci-construction-projets.com\/wp-content\/uploads\/2016\/07\/Logo-SiD_fev2016-793x365.jpg 793w, https:\/\/www.vinci-construction-projets.com\/wp-content\/uploads\/2016\/07\/Logo-SiD_fev2016-386x178.jpg 386w, https:\/\/www.vinci-construction-projets.com\/wp-content\/uploads\/2016\/07\/Logo-SiD_fev2016-780x359.jpg 780w, https:\/\/www.vinci-construction-projets.com\/wp-content\/uploads\/2016\/07\/Logo-SiD_fev2016-1043x480.jpg 1043w, https:\/\/www.vinci-construction-projets.com\/wp-content\/uploads\/2016\/07\/Logo-SiD_fev2016-761x350.jpg 761w, https:\/\/www.vinci-construction-projets.com\/wp-content\/uploads\/2016\/07\/Logo-SiD_fev2016-285x131.jpg 285w\" sizes=\"auto, (max-width: 230px) 100vw, 230px\" \/><\/a>La seguridad de los empleados, las partes interesadas y los usuarios de nuestras estructuras debe estar garantizada durante todo su ciclo de vida, y nos comprometemos a lograrlo desde la fase de dise\u00f1o.<br \/>\nDesde 2014, implementamos el enfoque <strong>Safety in Design, com\u00fan<\/strong> a todas las entidades de VINCI Construction, que consiste en optimizar nuestras estructuras durante su dise\u00f1o y durante la preparaci\u00f3n de nuestras obras, para garantizar una seguridad \u00f3ptima durante las fases de construcci\u00f3n, explotaci\u00f3n y mantenimiento.<\/p>\n<h4>LA FORMACI\u00d3N, UN ENFOQUE PROACTIVO Y ESENCIAL<\/h4>\n<p>Nuestro enfoque est\u00e1 estructurado por la convicci\u00f3n de que<strong> la prevenci\u00f3n depende en primer lugar de la formaci\u00f3n continua de todas las personas que participan en nuestros proyectos.<\/strong> Promovemos una verdadera din\u00e1mica, basada en la concienciaci\u00f3n de nuestro personal de ejecuci\u00f3n, para reforzar la conciencia de la responsabilidad compartida en todas nuestras obras, en todo el mundo. Acompa\u00f1amos nuestro enfoque con numerosas iniciativas que est\u00e1n firmemente arraigadas en nuestra empresa y que contribuyen a reforzar nuestra cultura en materia de seguridad:<\/p>\n<ul>\n<li>\u00a0El programa <strong>Liderar mediante la seguridad<\/strong>, lanzado en 2011 y actualizado en 2018 y 2022, est\u00e1 destinado a los equipos directivos. Permite establecer una aut\u00e9ntica cultura de la seguridad en el nivel m\u00e1s alto de la jerarqu\u00eda y responsabilizar a los directivos.<\/li>\n<li>Las variaciones operativas del programa Liderar la seguridad se llevan a cabo en nuestros proyectos con <strong>Producir con seguridad<\/strong>. Estas sesiones de formaci\u00f3n y entrenamiento permiten que los equipos de supervisi\u00f3n de las obras comprendan por s\u00ed mismos su papel en materia de seguridad.<\/li>\n<li>La formaci\u00f3n <strong>(A)live on site<\/strong>, creada en 2008, conciencia al personal de producci\u00f3n sobre sus actitudes y comportamientos a trav\u00e9s de v\u00eddeos grabados <em>in situ<\/em> y que ellos mismos comentan.\u00a0Este ejercicio de autocr\u00edtica aumenta el nivel de conciencia de todos en la obra.<\/li>\n<li>La formaci\u00f3n <strong>Accident Investigation<\/strong>, lanzada en 2017, tiene el objetivo de certificar de forma interna un equipo capaz de analizar eficazmente todo tipo de incidentes y accidentes, asistir en la gesti\u00f3n de eventuales crisis, realizar la investigaci\u00f3n necesaria, sacar a la luz las causas y proponer las acciones correctivas necesarias para evitar la repetici\u00f3n. Gracias a este equipo formado, podemos trabajar en profundidad y reducir as\u00ed el n\u00famero y la gravedad de estos accidentes para llegar a cero accidentes graves. Esta formaci\u00f3n se presenta en varias versiones en funci\u00f3n de la audiencia y de la actuaci\u00f3n esperada (equipo de campo, responsables de prevenci\u00f3n, equipo de direcci\u00f3n o que interviene en casos de accidentes graves).<\/li>\n<li>La formaci\u00f3n <strong>Prestart (preinicio)<\/strong>, creada en 2017, permite que los equipos de supervisi\u00f3n de las obras desarrollen sus competencias para que sus mensajes diarios de inicio de turno sean lo m\u00e1s eficaces posible. El <strong>Prestart<\/strong> permite intercambiar informaci\u00f3n sobre las tareas del d\u00eda, las herramientas, el contexto en el que se desarrolla la obra, los peligros identificados y los aspectos a los que los equipos deben prestar atenci\u00f3n, en un lenguaje accesible y compartido.<\/li>\n<li>Tras la implementaci\u00f3n de la formaci\u00f3n <strong>Prestart<\/strong> en 2017, en 2018 iniciamos la formaci\u00f3n <strong>Pre-Task (tarea previa)<\/strong>, la etapa que ense\u00f1a a los equipos de supervisi\u00f3n de la producci\u00f3n a difundir el mensaje de los procedimientos de ejecuci\u00f3n a los equipos que tienen que implementarlos.<\/li>\n<\/ul>\n<h4>LOS SAFETY DAYS, UN MOMENTO DE PUESTA EN COM\u00daN<img decoding=\"async\" class=\"aligncenter\" title=\"\" src=\"https:\/\/www.vinci-construction-projets.com\/wp-content\/uploads\/2022\/10\/Securite.jpg\" alt=\"\" \/><\/h4>\n<p><strong>Los Safety Days<\/strong>, una iniciativa transversal del polo construcci\u00f3n de VINCI, son tambi\u00e9n un <strong>vector fundamental para poner en com\u00fan valores y recursos, garantizando que nuestros equipos adquieran las habilidades necesarias<\/strong>. Esta semana dedicada a la prevenci\u00f3n de riesgos, que tambi\u00e9n re\u00fane a nuestros socios y subcontratistas, alimenta nuestra cultura en materia de seguridad al involucrar a cada una de nuestras sedes y a cada uno de los participantes a trav\u00e9s de talleres, conferencias y formaciones personalizadas, con un <strong>objetivo claro: lograr el objetivo de cero accidentes<\/strong>.<\/p>\n<h4>EL ESQUEMA \u00abPRODUCIR CON SEGURIDAD\u00bb<\/h4>\n<p><a href=\"https:\/\/www.vinci-construction-projets.com\/fr\/nuestros-compromisos\/politica-seguridad\/vc_2019_productive-and-safe_eng_edited-2-2\/\" rel=\"attachment wp-att-18385\"><img loading=\"lazy\" decoding=\"async\" class=\"size-large wp-image-18385 aligncenter\" src=\"https:\/\/www.vinci-construction-projets.com\/wp-content\/uploads\/2022\/10\/VC_2019_Productive-and-safe_ENG_edited-1-1024x635.png\" alt=\"\" width=\"1024\" height=\"635\" srcset=\"https:\/\/www.vinci-construction-projets.com\/wp-content\/uploads\/2022\/10\/VC_2019_Productive-and-safe_ENG_edited-1-1024x635.png 1024w, https:\/\/www.vinci-construction-projets.com\/wp-content\/uploads\/2022\/10\/VC_2019_Productive-and-safe_ENG_edited-1-300x186.png 300w, https:\/\/www.vinci-construction-projets.com\/wp-content\/uploads\/2022\/10\/VC_2019_Productive-and-safe_ENG_edited-1-768x477.png 768w, https:\/\/www.vinci-construction-projets.com\/wp-content\/uploads\/2022\/10\/VC_2019_Productive-and-safe_ENG_edited-1-400x248.png 400w, https:\/\/www.vinci-construction-projets.com\/wp-content\/uploads\/2022\/10\/VC_2019_Productive-and-safe_ENG_edited-1-387x240.png 387w, https:\/\/www.vinci-construction-projets.com\/wp-content\/uploads\/2022\/10\/VC_2019_Productive-and-safe_ENG_edited-1-720x447.png 720w, https:\/\/www.vinci-construction-projets.com\/wp-content\/uploads\/2022\/10\/VC_2019_Productive-and-safe_ENG_edited-1-548x340.png 548w, https:\/\/www.vinci-construction-projets.com\/wp-content\/uploads\/2022\/10\/VC_2019_Productive-and-safe_ENG_edited-1-459x285.png 459w, https:\/\/www.vinci-construction-projets.com\/wp-content\/uploads\/2022\/10\/VC_2019_Productive-and-safe_ENG_edited-1-741x460.png 741w, https:\/\/www.vinci-construction-projets.com\/wp-content\/uploads\/2022\/10\/VC_2019_Productive-and-safe_ENG_edited-1-386x240.png 386w, https:\/\/www.vinci-construction-projets.com\/wp-content\/uploads\/2022\/10\/VC_2019_Productive-and-safe_ENG_edited-1-774x480.png 774w, https:\/\/www.vinci-construction-projets.com\/wp-content\/uploads\/2022\/10\/VC_2019_Productive-and-safe_ENG_edited-1-564x350.png 564w, https:\/\/www.vinci-construction-projets.com\/wp-content\/uploads\/2022\/10\/VC_2019_Productive-and-safe_ENG_edited-1-322x200.png 322w, https:\/\/www.vinci-construction-projets.com\/wp-content\/uploads\/2022\/10\/VC_2019_Productive-and-safe_ENG_edited-1-285x177.png 285w, https:\/\/www.vinci-construction-projets.com\/wp-content\/uploads\/2022\/10\/VC_2019_Productive-and-safe_ENG_edited-1-596x370.png 596w, https:\/\/www.vinci-construction-projets.com\/wp-content\/uploads\/2022\/10\/VC_2019_Productive-and-safe_ENG_edited-1.png 1170w\" sizes=\"auto, (max-width: 1024px) 100vw, 1024px\" \/><\/a><\/p>\n<p>Este esquema define en 5\u00a0etapas fundamentales el modo de garantizar que los riesgos se identifiquen y se aborden en todos los niveles de la preparaci\u00f3n de nuestros proyectos y que tambi\u00e9n se comuniquen a las personas encargadas de su gesti\u00f3n. Estas 5\u00a0etapas son:<\/p>\n<ul>\n<li>el despliegue del enfoque Safety in Design (v\u00e9ase m\u00e1s arriba) durante las fases de estudios y preparaci\u00f3n,<\/li>\n<li>la elaboraci\u00f3n colegiada y sistem\u00e1tica de los procedimientos de ejecuci\u00f3n necesarios para la construcci\u00f3n de la estructura. Estos procedimientos, que son los documentos centrales del enfoque, transmitir\u00e1n a los equipos de construcci\u00f3n todos nuestros requisitos y modos de operaci\u00f3n <em>ad hoc<\/em>,<\/li>\n<li>la preparaci\u00f3n de la explicaci\u00f3n y la explicaci\u00f3n de estos procedimientos de ejecuci\u00f3n a los equipos de construcci\u00f3n durante la etapa de Pre-Task,<\/li>\n<li>La sesi\u00f3n informativa diaria del turno durante la actividad de Prestart, que aborda la totalidad de la tarea (obra, planificaci\u00f3n, coactividad, calidad), hace hincapi\u00e9 en la importancia de integrar la seguridad en las obras,<\/li>\n<li>Y la capacidad de los equipos de producci\u00f3n de dar un paso atr\u00e1s cuando el modo de operaci\u00f3n \u00abreal\u00bb ya no se corresponde con el plan. Para adaptar el modo de operaci\u00f3n o el plan, pero, en \u00faltima instancia, asegurarse siempre de trabajar de manera eficaz y segura.<\/li>\n<\/ul>\n","protected":false},"excerpt":{"rendered":"<p>Se apoya en tres pilares fundamentales: la transparencia, la ejemplaridad y el di\u00e1logo. Nuestra cultura de \u00abcero accidentes\u00bb ocupa un lugar central en cada una de nuestras actividades. Refleja nuestra ambici\u00f3n de preservar la integridad f\u00edsica y moral de nuestras hombres y mujeres, as\u00ed como la de todas las personas que participan en nuestros proyectos. [&hellip;]<\/p>\n","protected":false},"author":17,"featured_media":0,"parent":10795,"menu_order":0,"comment_status":"closed","ping_status":"closed","template":"","meta":{"_acf_changed":false,"footnotes":""},"class_list":["post-11220","page","type-page","status-publish","hentry"],"acf":[],"_links":{"self":[{"href":"https:\/\/www.vinci-construction-projets.com\/es\/wp-json\/wp\/v2\/pages\/11220","targetHints":{"allow":["GET"]}}],"collection":[{"href":"https:\/\/www.vinci-construction-projets.com\/es\/wp-json\/wp\/v2\/pages"}],"about":[{"href":"https:\/\/www.vinci-construction-projets.com\/es\/wp-json\/wp\/v2\/types\/page"}],"author":[{"embeddable":true,"href":"https:\/\/www.vinci-construction-projets.com\/es\/wp-json\/wp\/v2\/users\/17"}],"replies":[{"embeddable":true,"href":"https:\/\/www.vinci-construction-projets.com\/es\/wp-json\/wp\/v2\/comments?post=11220"}],"version-history":[{"count":14,"href":"https:\/\/www.vinci-construction-projets.com\/es\/wp-json\/wp\/v2\/pages\/11220\/revisions"}],"predecessor-version":[{"id":19675,"href":"https:\/\/www.vinci-construction-projets.com\/es\/wp-json\/wp\/v2\/pages\/11220\/revisions\/19675"}],"up":[{"embeddable":true,"href":"https:\/\/www.vinci-construction-projets.com\/es\/wp-json\/wp\/v2\/pages\/10795"}],"wp:attachment":[{"href":"https:\/\/www.vinci-construction-projets.com\/es\/wp-json\/wp\/v2\/media?parent=11220"}],"curies":[{"name":"wp","href":"https:\/\/api.w.org\/{rel}","templated":true}]}}