{"id":14693,"date":"2018-03-23T12:25:27","date_gmt":"2018-03-23T11:25:27","guid":{"rendered":"http:\/\/vinci-construction-projets.com\/?page_id=14693"},"modified":"2019-09-03T15:27:16","modified_gmt":"2019-09-03T13:27:16","slug":"datos-personales","status":"publish","type":"page","link":"https:\/\/www.vinci-construction-projets.com\/es\/datos-personales\/","title":{"rendered":"Datos personales"},"content":{"rendered":"<h5>Informaci\u00f3n sobre el uso de cookies<\/h5>\n<p>Al consultar nuestra p\u00e1gina web <a href=\"http:\/\/www.vinci-construction-projets.com\" target=\"_blank\" rel=\"noopener\">www.vinci-construction-projets.com<\/a>, puede almacenarse informaci\u00f3n en archivos \u00abcookies\u00bb instalados en su computadora, tableta o celular. Esta p\u00e1gina le permite comprender qu\u00e9 es una cookie, para qu\u00e9 se utiliza y c\u00f3mo se puede configurar.<\/p>\n<h5><strong>\u00bfQu\u00e9 es una cookie?<\/strong><\/h5>\n<p>Una cookie es un archivo de texto que se instala, seg\u00fan las opciones elegidas, en su dispositivo (computadora, celular o tableta) durante la visita a un sitio web o consulta de una publicidad en l\u00ednea. Su funci\u00f3n es recopilar informaci\u00f3n sobre su navegaci\u00f3n y enviarle servicios adaptados a su dispositivo (computadora, celular o tableta).<br \/>\nLas cookies son administradas por su navegador de Internet y solo el emisor de una cookie puede leer o modificar la informaci\u00f3n que contiene.<br \/>\nLa cookie no lo identifica personalmente, solo al navegador de su dispositivo.<\/p>\n<h5>\u00bfPara qu\u00e9 sirven las cookies emitidas en nuestra p\u00e1gina web?<\/h5>\n<p>Pueden registrarse tres tipos de cookies en su terminal durante una visita a nuestro sitio web. Estas cookies corresponden a las finalidades descritas a continuaci\u00f3n:<\/p>\n<p><strong>1. Las cookies t\u00e9cnicas<\/strong> son necesarias para navegar por nuestra p\u00e1gina web, as\u00ed como para acceder a los diferentes productos y servicios. En particular, las cookies t\u00e9cnicas permiten reconocerle, indicar su paso por tal o cual p\u00e1gina y mejorar de este modo su comodidad de navegaci\u00f3n: adaptar la presentaci\u00f3n del sitio web a las preferencias de visualizaci\u00f3n de su dispositivo (idioma utilizado, resoluci\u00f3n de pantalla), memorizar contrase\u00f1as y otra informaci\u00f3n relativa a un formulario que usted habr\u00e1 cumplimentado en el sitio web (registro o acceso al \u00e1rea de miembros). Las cookies t\u00e9cnicas tambi\u00e9n se pueden utilizar para implementar medidas de seguridad (este es el caso, por ejemplo, cuando se le requiere que inicie sesi\u00f3n de nuevo en el \u00e1rea de miembros tras un determinado per\u00edodo de tiempo). Estas cookies no se pueden desactivar ni configurar, so pena de ya no poder acceder al sitio web ni a sus servicios.<\/p>\n<p><strong>2. Las cookies anal\u00edticas<\/strong> son emitidas por nosotros o por nuestros proveedores de servicios t\u00e9cnicos con el fin de medir la audiencia de los diversos contenidos y secciones de nuestra p\u00e1gina web, para evaluarlos y mejorar su organizaci\u00f3n. Estas cookies tambi\u00e9n permiten, dado el caso, detectar problemas en la navegaci\u00f3n y, en consecuencia, mejorar la ergonom\u00eda de nuestros servicios. Estas cookies solo producen estad\u00edsticas an\u00f3nimas y vol\u00famenes de visitas, y excluyen cualquier dato personal. La duraci\u00f3n de estas cookies anal\u00edticas no supera los 13 meses.<\/p>\n<p><strong>3. Las cookies de \u00abredes sociales\u00bb<\/strong> permiten compartir contenidos de nuestra p\u00e1gina web con otras personas o bien dar a conocer a dichas personas su consulta u opini\u00f3n sobre un determinado contenido de la p\u00e1gina. Este es el caso, en particular, de los botones \u00abcompartir\u00bb, \u00abme gusta\u00bb, de las redes sociales \u00abFacebook\u00bb, \u00abTwitter\u00bb o \u00abLinkedIn\u00bb. La red social que proporciona dicho bot\u00f3n de aplicaci\u00f3n puede identificarle gracias al mismo, aun cuando usted no lo hubiera utilizado durante la consulta de nuestra p\u00e1gina web. Para conocer las finalidades de uso, sobre todo publicitarias, de la informaci\u00f3n de navegaci\u00f3n que las redes sociales pueden recopilar a trav\u00e9s de estos botones de aplicaci\u00f3n, consulte las pol\u00edticas de privacidad de dichas redes sociales.\u00a0 La duraci\u00f3n de estas cookies no supera los 13 meses.<\/p>\n<h5>Sus opciones en relaci\u00f3n con las cookies<\/h5>\n<p>Al hacer uso de nuestra p\u00e1gina web, usted consiente el uso de las cookies anteriormente referidas. No obstante, tiene la opci\u00f3n de deshabilitar en cualquier momento la totalidad o parte de estas cookies, con la excepci\u00f3n de las cookies t\u00e9cnicas necesarias para el funcionamiento de la p\u00e1gina web, tal y como se indic\u00f3 anteriormente. Su navegador tambi\u00e9n puede configurarse para que le notifique las cookies que est\u00e1n instaladas en su dispositivo y le solicite si las acepta o no.<\/p>\n<p><strong>1. Rechazar una cookie a trav\u00e9s de su navegador<\/strong><\/p>\n<p>Tiene la opci\u00f3n de deshabilitar en todo momento la totalidad o parte de las cookies. Su navegador tambi\u00e9n puede configurarse para que le notifique las cookies que est\u00e1n instaladas en su dispositivo y le solicite si las acepta o no (caso por caso o en su totalidad). Le recordamos, no obstante, que la desactivaci\u00f3n de todas las cookies le impedir\u00e1 utilizar nuestro sitio web en condiciones normales, con la excepci\u00f3n de las funciones b\u00e1sicas.<\/p>\n<p>La configuraci\u00f3n de cada navegador es diferente para la administraci\u00f3n de las cookies y de sus opciones. \u00c9sta se describe en el men\u00fa de ayuda de su navegador, que le permitir\u00e1 saber c\u00f3mo cambiar sus preferencias en materia de cookies. Para:<\/p>\n<ul>\n<li><a href=\"https:\/\/support.google.com\/chrome\/answer\/95647\" target=\"_blank\" rel=\"noopener noreferrer\">Google Chrome\u2122<\/a><\/li>\n<li><a href=\"https:\/\/support.microsoft.com\/help\/17442\/windows-internet-explorer-delete-manage-cookies\" target=\"_blank\" rel=\"noopener noreferrer\">Microsoft Internet Explorer\u2122<\/a><\/li>\n<li><a href=\"https:\/\/support.mozilla.org\/kb\/enable-and-disable-cookies-website-preferences\" target=\"_blank\" rel=\"noopener noreferrer\">Mozilla Firefox\u2122<\/a><\/li>\n<li><a href=\"https:\/\/support.apple.com\/fr-fr\/guide\/safari\/sfri11471\/mac\" target=\"_blank\" rel=\"noopener noreferrer\">Apple Safari\u2122<\/a><\/li>\n<li><a href=\"https:\/\/www.accepterlescookies.com\/comment-accepter-les-cookies-sur-opera.html\" target=\"_blank\" rel=\"noopener noreferrer\">Opera\u2122<\/a><\/li>\n<\/ul>\n<p>Puede configurar, asimismo, su navegador para que env\u00ede un c\u00f3digo que indique a los sitios web que no desea ser rastreado (opci\u00f3n \u00abNo rastrear\u00bb). Para:<\/p>\n<ul>\n<li><a href=\"https:\/\/support.google.com\/chrome\/answer\/2790761\" target=\"_blank\" rel=\"noopener noreferrer\">Google Chrome\u2122<\/a><\/li>\n<li><a href=\"https:\/\/support.microsoft.com\/help\/17288\/windows-internet-explorer-11-use-do-not-track\" target=\"_blank\" rel=\"noopener noreferrer\">Microsoft Internet Explorer\u2122<\/a><\/li>\n<li><a href=\"https:\/\/support.mozilla.org\/kb\/how-do-i-turn-do-not-track-feature\" target=\"_blank\" rel=\"noopener noreferrer\">Mozilla Firefox\u2122<\/a><\/li>\n<li><a href=\"https:\/\/support.apple.com\/fr-fr\/guide\/safari\/sfri40732\/mac\" target=\"_blank\" rel=\"noopener noreferrer\">Apple Safari\u2122<\/a><\/li>\n<li><a href=\"http:\/\/help.opera.com\/Windows\/12.10\/en\/notrack.html\" target=\"_blank\" rel=\"noopener noreferrer\">Opera\u2122<\/a><\/li>\n<\/ul>\n<p><strong>2. Rechazar una cookie de medici\u00f3n de audiencia<\/strong><\/p>\n<p>En nuestro sitio web, las cookies anal\u00edticas son alojadas por la empresa Google Analytics.<br \/>\nSi no desea que nuestro sitio web guarde cookies en su navegador para fines de medici\u00f3n de audiencia, podr\u00e1 hacer clic en el siguiente enlace de desactivaci\u00f3n que instalar\u00e1 una cookie en su navegador cuya \u00fanica funci\u00f3n ser\u00e1 desactivarlas.\u00a0Haga clic aqu\u00ed para rechazar las cookies anal\u00edticas de Google.<br \/>\nSi desea bloquear globalmente el uso de sus datos por los archivos de JavaScript de Google Analytics, descargue el complemento del navegador para la desactivaci\u00f3n de Google Analytics.\u00a0https:\/\/tools.google.com\/dlpage\/gaoptout?hl=fr<\/p>\n<p><strong>3. Rechazar una cookie emitida por una red social<\/strong><\/p>\n<p>Si no desea que nuestro sitio web guarde cookies en su navegador con este fin, podr\u00e1 hacer clic en los siguientes enlaces de desactivaci\u00f3n que instalar\u00e1n en su navegador una cookie cuya \u00fanica funci\u00f3n es neutralizar la utilizaci\u00f3n de otras cookies procedentes del mismo emisor.\u00a0 La desactivaci\u00f3n de estas cookies evitar\u00e1, por lo tanto, toda interacci\u00f3n con las redes sociales en cuesti\u00f3n:<\/p>\n<ul>\n<li><a href=\"https:\/\/www.facebook.com\/policies\/cookies\/\" target=\"_blank\" rel=\"noopener noreferrer\">Facebook<\/a><\/li>\n<li><a href=\"https:\/\/support.twitter.com\/articles\/20169453\" target=\"_blank\" rel=\"noopener noreferrer\">Twitter<\/a><\/li>\n<li><a href=\"https:\/\/www.linkedin.com\/legal\/cookie-policy\" target=\"_blank\" rel=\"noopener noreferrer\">LinkedIn<\/a><\/li>\n<\/ul>\n<p>Tenga en cuenta que para satisfacer sus diferentes deseos son precisas una cookie o varias cookies espec\u00edficas. Si elimina todas las cookies almacenadas en su dispositivo relacionadas con nuestro sitio web, ya no sabremos qu\u00e9 consentimiento o rechazo ha emitido. Esto supondr\u00e1, por lo tanto, restablecer su consentimiento, de forma que tendr\u00e1 que rechazar de nuevo el o las cookies que no desee almacenar. Del mismo modo, si usa otro navegador de Internet, deber\u00e1 rechazar estas cookies nuevamente porque sus opciones, as\u00ed como las cookies con las que est\u00e1n vinculadas, dependen del navegador y del terminal (computadora, tableta, Smartphone, etc.) que usted utiliza para consultar nuestro sitio web.<\/p>\n","protected":false},"excerpt":{"rendered":"<p>Informaci\u00f3n sobre el uso de cookies Al consultar nuestra p\u00e1gina web www.vinci-construction-projets.com, puede almacenarse informaci\u00f3n en archivos \u00abcookies\u00bb instalados en su computadora, tableta o celular. Esta p\u00e1gina le permite comprender qu\u00e9 es una cookie, para qu\u00e9 se utiliza y c\u00f3mo se puede configurar. \u00bfQu\u00e9 es una cookie? Una cookie es un archivo de texto que [&hellip;]<\/p>\n","protected":false},"author":17,"featured_media":0,"parent":0,"menu_order":0,"comment_status":"closed","ping_status":"closed","template":"","meta":{"_acf_changed":false,"footnotes":""},"class_list":["post-14693","page","type-page","status-publish","hentry"],"acf":[],"_links":{"self":[{"href":"https:\/\/www.vinci-construction-projets.com\/es\/wp-json\/wp\/v2\/pages\/14693","targetHints":{"allow":["GET"]}}],"collection":[{"href":"https:\/\/www.vinci-construction-projets.com\/es\/wp-json\/wp\/v2\/pages"}],"about":[{"href":"https:\/\/www.vinci-construction-projets.com\/es\/wp-json\/wp\/v2\/types\/page"}],"author":[{"embeddable":true,"href":"https:\/\/www.vinci-construction-projets.com\/es\/wp-json\/wp\/v2\/users\/17"}],"replies":[{"embeddable":true,"href":"https:\/\/www.vinci-construction-projets.com\/es\/wp-json\/wp\/v2\/comments?post=14693"}],"version-history":[{"count":8,"href":"https:\/\/www.vinci-construction-projets.com\/es\/wp-json\/wp\/v2\/pages\/14693\/revisions"}],"predecessor-version":[{"id":16155,"href":"https:\/\/www.vinci-construction-projets.com\/es\/wp-json\/wp\/v2\/pages\/14693\/revisions\/16155"}],"wp:attachment":[{"href":"https:\/\/www.vinci-construction-projets.com\/es\/wp-json\/wp\/v2\/media?parent=14693"}],"curies":[{"name":"wp","href":"https:\/\/api.w.org\/{rel}","templated":true}]}}