{"id":18918,"date":"2023-04-11T10:03:52","date_gmt":"2023-04-11T08:03:52","guid":{"rendered":"https:\/\/www.vinci-construction-projets.com\/?page_id=18918"},"modified":"2023-05-02T11:57:49","modified_gmt":"2023-05-02T09:57:49","slug":"almacenamiento-subterraneo-de-energia","status":"publish","type":"page","link":"https:\/\/www.vinci-construction-projets.com\/es\/nuestro-saber-hacer\/nuestros-conocimientos-tecnicos\/almacenamiento-subterraneo-de-energia\/","title":{"rendered":"Almacenamiento subterr\u00e1neo de energ\u00eda"},"content":{"rendered":"<h4><span class=\"ui-provider gp b c d e f g h i j k l m n o p q r s t u v w x y z ab ac ae af ag ah ai aj ak\" dir=\"ltr\">EXPERIENCIA SUBTERR\u00c1NEA AL SERVICIO DEL ALMACENAMIENTO MASIVO DE ENERG\u00cdA<\/span><\/h4>\n<h5>L\u00edder mundial en almacenamiento subterr\u00e1neo<\/h5>\n<p>Con nuestra filial <a href=\"https:\/\/www.geostockgroup.com\/\">Geostock<\/a>, <span class=\"ui-provider gp b c d e f g h i j k l m n o p q r s t u v w x y z ab ac ae af ag ah ai aj ak\" dir=\"ltr\">nuestra experiencia se ha desarrollado en el campo estrat\u00e9gico del <strong>almacenamiento subterr\u00e1neo de energ\u00eda.<\/strong> <strong>Como l\u00edder mundial del sector<\/strong>, Geostock ofrece un saber hacer \u00fanico desde hace 60 a\u00f1os en la implementaci\u00f3n de infraestructuras seguras, econ\u00f3micas y respetuosas con el medio ambiente.<\/span><\/p>\n<p>Con nuestros<strong> 500 ingenieros y t\u00e9cnicos<\/strong>, contribuimos al control de los flujos de energ\u00eda en todo el mundo. De hecho, nuestro saber hacer se ha puesto a prueba en m\u00e1s de 50 pa\u00edses.<\/p>\n<p>Nuestro dominio de todas las t\u00e9cnicas (cavidades salinas o minadas y dep\u00f3sitos porosos) nos permite ofrecer a nuestros clientes <strong>servicios de gran alcance a lo largo del ciclo de vida de los almacenamientos, en las actividades de consultor\u00eda, ingenier\u00eda, construcci\u00f3n y explotaci\u00f3n.<\/strong><\/p>\n<div id=\"attachment_19474\" style=\"width: 1034px\" class=\"wp-caption aligncenter\"><a href=\"https:\/\/www.vinci-construction-projets.com\/es\/stockage-souterrain-denergie-1-2\/\"><img loading=\"lazy\" decoding=\"async\" aria-describedby=\"caption-attachment-19474\" class=\"size-large wp-image-19474\" src=\"https:\/\/www.vinci-construction-projets.com\/wp-content\/uploads\/2023\/05\/Stockage-souterrain-d\u00e9nergie-1-1024x684.jpg\" alt=\"\" width=\"1024\" height=\"684\" srcset=\"https:\/\/www.vinci-construction-projets.com\/wp-content\/uploads\/2023\/05\/Stockage-souterrain-d\u00e9nergie-1-1024x684.jpg 1024w, https:\/\/www.vinci-construction-projets.com\/wp-content\/uploads\/2023\/05\/Stockage-souterrain-d\u00e9nergie-1-300x200.jpg 300w, https:\/\/www.vinci-construction-projets.com\/wp-content\/uploads\/2023\/05\/Stockage-souterrain-d\u00e9nergie-1-768x513.jpg 768w, https:\/\/www.vinci-construction-projets.com\/wp-content\/uploads\/2023\/05\/Stockage-souterrain-d\u00e9nergie-1-1108x740.jpg 1108w, https:\/\/www.vinci-construction-projets.com\/wp-content\/uploads\/2023\/05\/Stockage-souterrain-d\u00e9nergie-1-400x267.jpg 400w, https:\/\/www.vinci-construction-projets.com\/wp-content\/uploads\/2023\/05\/Stockage-souterrain-d\u00e9nergie-1-359x240.jpg 359w, https:\/\/www.vinci-construction-projets.com\/wp-content\/uploads\/2023\/05\/Stockage-souterrain-d\u00e9nergie-1-720x481.jpg 720w, https:\/\/www.vinci-construction-projets.com\/wp-content\/uploads\/2023\/05\/Stockage-souterrain-d\u00e9nergie-1-509x340.jpg 509w, https:\/\/www.vinci-construction-projets.com\/wp-content\/uploads\/2023\/05\/Stockage-souterrain-d\u00e9nergie-1-427x285.jpg 427w, https:\/\/www.vinci-construction-projets.com\/wp-content\/uploads\/2023\/05\/Stockage-souterrain-d\u00e9nergie-1-689x460.jpg 689w, https:\/\/www.vinci-construction-projets.com\/wp-content\/uploads\/2023\/05\/Stockage-souterrain-d\u00e9nergie-1-386x258.jpg 386w, https:\/\/www.vinci-construction-projets.com\/wp-content\/uploads\/2023\/05\/Stockage-souterrain-d\u00e9nergie-1-719x480.jpg 719w, https:\/\/www.vinci-construction-projets.com\/wp-content\/uploads\/2023\/05\/Stockage-souterrain-d\u00e9nergie-1-524x350.jpg 524w, https:\/\/www.vinci-construction-projets.com\/wp-content\/uploads\/2023\/05\/Stockage-souterrain-d\u00e9nergie-1-285x190.jpg 285w, https:\/\/www.vinci-construction-projets.com\/wp-content\/uploads\/2023\/05\/Stockage-souterrain-d\u00e9nergie-1-554x370.jpg 554w, https:\/\/www.vinci-construction-projets.com\/wp-content\/uploads\/2023\/05\/Stockage-souterrain-d\u00e9nergie-1.jpg 1384w\" sizes=\"auto, (max-width: 1024px) 100vw, 1024px\" \/><\/a><p id=\"caption-attachment-19474\" class=\"wp-caption-text\"><em><span class=\"ui-provider gr b c d e f g h i j k l m n o p q r s t u v w x y z ab ac ae af ag ah ai aj ak\" dir=\"ltr\">Cavidad de roca de Jurong &#8211; A 150 metros bajo el mar, las 5 cavidades de almacenamiento permiten almacenar aproximadamente 1,3 millones de m3\u00a0de productos petrol\u00edferos l\u00edquidos. Geostock intervino como asistente en la direcci\u00f3n de obra y gestiona ahora, como parte de un consorcio, este almacenamiento excepcional (Singapur).<\/span><\/em><\/p><\/div>\n<p>De este modo, intervenimos en las fases previas de los proyectos de almacenamiento subterr\u00e1neo de energ\u00eda proporcionando una <strong>visi\u00f3n de alto valor a\u00f1adido sobre su viabilidad t\u00e9cnica, econ\u00f3mica y ambiental\u00a0<\/strong>y proponiendo las estrategias de dimensionamiento e implantaci\u00f3n m\u00e1s adecuadas (n\u00famero de unidades, capacidades, caudales, tasa de disponibilidad, etc.).<\/p>\n<p>Geostock, como empresa de ingenier\u00eda de excelencia, ofrece una <strong>experiencia de vanguardia en las actividades subterr\u00e1neas<\/strong> (geof\u00edsica, geolog\u00eda, hidrogeolog\u00eda, geotecnia, ingenier\u00eda civil subterr\u00e1nea, perforaci\u00f3n, ingenier\u00eda de dep\u00f3sitos, lixiviaci\u00f3n) y relacionadas con <strong>equipos industriales de superficie y subterr\u00e1neos<\/strong> y apoya a sus clientes en el desarrollo de sus proyectos.<\/p>\n<p>Tambi\u00e9n ofrece su colaboraci\u00f3n en la <strong>realizaci\u00f3n, tanto como asistente en la direcci\u00f3n de obra como integrador,<\/strong> dentro de un grupo a cargo de la construcci\u00f3n. Geostock ha adquirido un saber hacer \u00fanico en esta \u00e1rea, fruto de la sinergia entre ingenier\u00eda y explotaci\u00f3n que permite iniciar y mantener un proceso de mejora continua, gracias a la retroalimentaci\u00f3n mundial sobre cada uno de estos componentes.<\/p>\n<div id=\"attachment_19477\" style=\"width: 1034px\" class=\"wp-caption aligncenter\"><a href=\"https:\/\/www.vinci-construction-projets.com\/es\/stockage-souterrain-denergie-2-2\/\"><img loading=\"lazy\" decoding=\"async\" aria-describedby=\"caption-attachment-19477\" class=\"size-large wp-image-19477\" src=\"https:\/\/www.vinci-construction-projets.com\/wp-content\/uploads\/2023\/05\/Stockage-souterrain-d\u00e9nergie-2-1024x576.jpg\" alt=\"\" width=\"1024\" height=\"576\" srcset=\"https:\/\/www.vinci-construction-projets.com\/wp-content\/uploads\/2023\/05\/Stockage-souterrain-d\u00e9nergie-2-1024x576.jpg 1024w, https:\/\/www.vinci-construction-projets.com\/wp-content\/uploads\/2023\/05\/Stockage-souterrain-d\u00e9nergie-2-300x169.jpg 300w, https:\/\/www.vinci-construction-projets.com\/wp-content\/uploads\/2023\/05\/Stockage-souterrain-d\u00e9nergie-2-768x432.jpg 768w, https:\/\/www.vinci-construction-projets.com\/wp-content\/uploads\/2023\/05\/Stockage-souterrain-d\u00e9nergie-2-1317x740.jpg 1317w, https:\/\/www.vinci-construction-projets.com\/wp-content\/uploads\/2023\/05\/Stockage-souterrain-d\u00e9nergie-2-400x225.jpg 400w, https:\/\/www.vinci-construction-projets.com\/wp-content\/uploads\/2023\/05\/Stockage-souterrain-d\u00e9nergie-2-720x405.jpg 720w, https:\/\/www.vinci-construction-projets.com\/wp-content\/uploads\/2023\/05\/Stockage-souterrain-d\u00e9nergie-2-600x337.jpg 600w, https:\/\/www.vinci-construction-projets.com\/wp-content\/uploads\/2023\/05\/Stockage-souterrain-d\u00e9nergie-2-507x285.jpg 507w, https:\/\/www.vinci-construction-projets.com\/wp-content\/uploads\/2023\/05\/Stockage-souterrain-d\u00e9nergie-2-793x446.jpg 793w, https:\/\/www.vinci-construction-projets.com\/wp-content\/uploads\/2023\/05\/Stockage-souterrain-d\u00e9nergie-2-386x217.jpg 386w, https:\/\/www.vinci-construction-projets.com\/wp-content\/uploads\/2023\/05\/Stockage-souterrain-d\u00e9nergie-2-780x438.jpg 780w, https:\/\/www.vinci-construction-projets.com\/wp-content\/uploads\/2023\/05\/Stockage-souterrain-d\u00e9nergie-2-854x480.jpg 854w, https:\/\/www.vinci-construction-projets.com\/wp-content\/uploads\/2023\/05\/Stockage-souterrain-d\u00e9nergie-2-623x350.jpg 623w, https:\/\/www.vinci-construction-projets.com\/wp-content\/uploads\/2023\/05\/Stockage-souterrain-d\u00e9nergie-2-356x200.jpg 356w, https:\/\/www.vinci-construction-projets.com\/wp-content\/uploads\/2023\/05\/Stockage-souterrain-d\u00e9nergie-2-285x160.jpg 285w, https:\/\/www.vinci-construction-projets.com\/wp-content\/uploads\/2023\/05\/Stockage-souterrain-d\u00e9nergie-2-658x370.jpg 658w, https:\/\/www.vinci-construction-projets.com\/wp-content\/uploads\/2023\/05\/Stockage-souterrain-d\u00e9nergie-2.jpg 1386w\" sizes=\"auto, (max-width: 1024px) 100vw, 1024px\" \/><\/a><p id=\"caption-attachment-19477\" class=\"wp-caption-text\"><span class=\"ui-provider gr b c d e f g h i j k l m n o p q r s t u v w x y z ab ac ae af ag ah ai aj ak\" dir=\"ltr\">Sitio de almacenamiento de Lavera (Francia)<\/span><\/p><\/div>\n<p><span class=\"ui-provider gp b c d e f g h i j k l m n o p q r s t u v w x y z ab ac ae af ag ah ai aj ak\" dir=\"ltr\">Adem\u00e1s, formamos a los futuros equipos de explotaci\u00f3n y podemos garantizar, de acuerdo con las necesidades espec\u00edficas de nuestros clientes, <strong>la explotaci\u00f3n de los almacenamientos subterr\u00e1neos.<\/strong><\/span><\/p>\n<h5><span class=\"ui-provider gp b c d e f g h i j k l m n o p q r s t u v w x y z ab ac ae af ag ah ai aj ak\" dir=\"ltr\">Un saber hacer al servicio de las energ\u00edas libres de carbono<\/span><\/h5>\n<p><span class=\"ui-provider gp b c d e f g h i j k l m n o p q r s t u v w x y z ab ac ae af ag ah ai aj ak\" dir=\"ltr\">M\u00e1s all\u00e1 de los hidrocarburos l\u00edquidos, licuados o gaseosos o del CO<i>2<\/i>, estamos totalmente comprometidos con el <strong>desarrollo de soluciones de almacenamiento de energ\u00eda libres de carbono, como el aire comprimido o el hidr\u00f3geno.<\/strong> Nuestras soluciones respaldan la ambici\u00f3n global de los actores del sector frente a la necesidad de reducir las emisiones de carbono en toda la cadena energ\u00e9tica.<\/span><\/p>\n<div id=\"attachment_19480\" style=\"width: 1034px\" class=\"wp-caption aligncenter\"><a href=\"https:\/\/www.vinci-construction-projets.com\/es\/stockage-souterrain-denergie-3-2\/\"><img loading=\"lazy\" decoding=\"async\" aria-describedby=\"caption-attachment-19480\" class=\"size-large wp-image-19480\" src=\"https:\/\/www.vinci-construction-projets.com\/wp-content\/uploads\/2023\/05\/Stockage-souterrain-d\u00e9nergie-3-1024x723.jpg\" alt=\"\" width=\"1024\" height=\"723\" srcset=\"https:\/\/www.vinci-construction-projets.com\/wp-content\/uploads\/2023\/05\/Stockage-souterrain-d\u00e9nergie-3-1024x723.jpg 1024w, https:\/\/www.vinci-construction-projets.com\/wp-content\/uploads\/2023\/05\/Stockage-souterrain-d\u00e9nergie-3-300x212.jpg 300w, https:\/\/www.vinci-construction-projets.com\/wp-content\/uploads\/2023\/05\/Stockage-souterrain-d\u00e9nergie-3-768x542.jpg 768w, https:\/\/www.vinci-construction-projets.com\/wp-content\/uploads\/2023\/05\/Stockage-souterrain-d\u00e9nergie-3-1049x740.jpg 1049w, https:\/\/www.vinci-construction-projets.com\/wp-content\/uploads\/2023\/05\/Stockage-souterrain-d\u00e9nergie-3-400x282.jpg 400w, https:\/\/www.vinci-construction-projets.com\/wp-content\/uploads\/2023\/05\/Stockage-souterrain-d\u00e9nergie-3-340x240.jpg 340w, https:\/\/www.vinci-construction-projets.com\/wp-content\/uploads\/2023\/05\/Stockage-souterrain-d\u00e9nergie-3-720x508.jpg 720w, https:\/\/www.vinci-construction-projets.com\/wp-content\/uploads\/2023\/05\/Stockage-souterrain-d\u00e9nergie-3-482x340.jpg 482w, https:\/\/www.vinci-construction-projets.com\/wp-content\/uploads\/2023\/05\/Stockage-souterrain-d\u00e9nergie-3-404x285.jpg 404w, https:\/\/www.vinci-construction-projets.com\/wp-content\/uploads\/2023\/05\/Stockage-souterrain-d\u00e9nergie-3-652x460.jpg 652w, https:\/\/www.vinci-construction-projets.com\/wp-content\/uploads\/2023\/05\/Stockage-souterrain-d\u00e9nergie-3-386x272.jpg 386w, https:\/\/www.vinci-construction-projets.com\/wp-content\/uploads\/2023\/05\/Stockage-souterrain-d\u00e9nergie-3-680x480.jpg 680w, https:\/\/www.vinci-construction-projets.com\/wp-content\/uploads\/2023\/05\/Stockage-souterrain-d\u00e9nergie-3-496x350.jpg 496w, https:\/\/www.vinci-construction-projets.com\/wp-content\/uploads\/2023\/05\/Stockage-souterrain-d\u00e9nergie-3-283x200.jpg 283w, https:\/\/www.vinci-construction-projets.com\/wp-content\/uploads\/2023\/05\/Stockage-souterrain-d\u00e9nergie-3-285x201.jpg 285w, https:\/\/www.vinci-construction-projets.com\/wp-content\/uploads\/2023\/05\/Stockage-souterrain-d\u00e9nergie-3-524x370.jpg 524w, https:\/\/www.vinci-construction-projets.com\/wp-content\/uploads\/2023\/05\/Stockage-souterrain-d\u00e9nergie-3.jpg 1386w\" sizes=\"auto, (max-width: 1024px) 100vw, 1024px\" \/><\/a><p id=\"caption-attachment-19480\" class=\"wp-caption-text\">Almacenamiento de aire comrimido\u00a0<\/p><\/div>\n","protected":false},"excerpt":{"rendered":"<p>EXPERIENCIA SUBTERR\u00c1NEA AL SERVICIO DEL ALMACENAMIENTO MASIVO DE ENERG\u00cdA L\u00edder mundial en almacenamiento subterr\u00e1neo Con nuestra filial Geostock, nuestra experiencia se ha desarrollado en el campo estrat\u00e9gico del almacenamiento subterr\u00e1neo de energ\u00eda. Como l\u00edder mundial del sector, Geostock ofrece un saber hacer \u00fanico desde hace 60 a\u00f1os en la implementaci\u00f3n de infraestructuras seguras, econ\u00f3micas y [&hellip;]<\/p>\n","protected":false},"author":17,"featured_media":0,"parent":11096,"menu_order":0,"comment_status":"closed","ping_status":"closed","template":"","meta":{"_acf_changed":false,"footnotes":""},"class_list":["post-18918","page","type-page","status-publish","hentry"],"acf":[],"_links":{"self":[{"href":"https:\/\/www.vinci-construction-projets.com\/es\/wp-json\/wp\/v2\/pages\/18918","targetHints":{"allow":["GET"]}}],"collection":[{"href":"https:\/\/www.vinci-construction-projets.com\/es\/wp-json\/wp\/v2\/pages"}],"about":[{"href":"https:\/\/www.vinci-construction-projets.com\/es\/wp-json\/wp\/v2\/types\/page"}],"author":[{"embeddable":true,"href":"https:\/\/www.vinci-construction-projets.com\/es\/wp-json\/wp\/v2\/users\/17"}],"replies":[{"embeddable":true,"href":"https:\/\/www.vinci-construction-projets.com\/es\/wp-json\/wp\/v2\/comments?post=18918"}],"version-history":[{"count":5,"href":"https:\/\/www.vinci-construction-projets.com\/es\/wp-json\/wp\/v2\/pages\/18918\/revisions"}],"predecessor-version":[{"id":19483,"href":"https:\/\/www.vinci-construction-projets.com\/es\/wp-json\/wp\/v2\/pages\/18918\/revisions\/19483"}],"up":[{"embeddable":true,"href":"https:\/\/www.vinci-construction-projets.com\/es\/wp-json\/wp\/v2\/pages\/11096"}],"wp:attachment":[{"href":"https:\/\/www.vinci-construction-projets.com\/es\/wp-json\/wp\/v2\/media?parent=18918"}],"curies":[{"name":"wp","href":"https:\/\/api.w.org\/{rel}","templated":true}]}}