{"id":18924,"date":"2023-04-11T10:33:55","date_gmt":"2023-04-11T08:33:55","guid":{"rendered":"https:\/\/www.vinci-construction-projets.com\/?page_id=18924"},"modified":"2023-05-03T15:37:49","modified_gmt":"2023-05-03T13:37:49","slug":"valorizacion-energetica","status":"publish","type":"page","link":"https:\/\/www.vinci-construction-projets.com\/es\/nuestro-saber-hacer\/nuestros-conocimientos-tecnicos\/valorizacion-energetica\/","title":{"rendered":"Valorizaci\u00f3n energ\u00e9tica"},"content":{"rendered":"<h4>LA VALORIZACI\u00d3N ENERG\u00c9TICA DE LOS RESIDUOS: UNA ENERG\u00cdA LIMPIA Y CASI ILIMITADA<\/h4>\n<p>La conversi\u00f3n de los residuos en energ\u00eda se ha convertido en un reto ambiental, social y urbano crucial. Ofrece una <strong>soluci\u00f3n sostenible y econ\u00f3mica a los retos que plantea la generaci\u00f3n de residuos.<\/strong><br \/>\nComo fuente de energ\u00eda renovable (electricidad, calor, fr\u00edo, hidr\u00f3geno), la valorizaci\u00f3n de los residuos los convierte en un recurso energ\u00e9tico casi inagotable. Contribuye a la descarbonizaci\u00f3n de la industria y los territorios.<\/p>\n<h4>UN DOMINIO DE LA INGENIER\u00cdA CIVIL Y DE LOS PROCEDIMIENTOS: UN ACTIVO \u00daNICO AL SERVICIO DE SUS PROYECTOS<\/h4>\n<p>Somos <strong>la \u00fanica empresa de instalaciones industriales complejas del sector<\/strong> que ofrece servicios de dise\u00f1o y construcci\u00f3n de plantas llave en mano <strong>llevando a cabo en nombre propio las actividades de ingenier\u00eda civil<\/strong>, y a trav\u00e9s de nuestra filial VINCI Environnement somos un actor clave en el mercado franc\u00e9s e internacional.<\/p>\n<div id=\"attachment_19487\" style=\"width: 1034px\" class=\"wp-caption aligncenter\"><a href=\"https:\/\/www.vinci-construction-projets.com\/es\/nuestro-saber-hacer\/nuestros-conocimientos-tecnicos\/valorizacion-energetica\/microsoftteams-image-21-2\/\" rel=\"attachment wp-att-19487\"><img loading=\"lazy\" decoding=\"async\" aria-describedby=\"caption-attachment-19487\" class=\"size-large wp-image-19487\" src=\"https:\/\/www.vinci-construction-projets.com\/wp-content\/uploads\/2023\/05\/MicrosoftTeams-image-21-1024x682.jpg\" alt=\"\" width=\"1024\" height=\"682\" srcset=\"https:\/\/www.vinci-construction-projets.com\/wp-content\/uploads\/2023\/05\/MicrosoftTeams-image-21-1024x682.jpg 1024w, https:\/\/www.vinci-construction-projets.com\/wp-content\/uploads\/2023\/05\/MicrosoftTeams-image-21-300x200.jpg 300w, https:\/\/www.vinci-construction-projets.com\/wp-content\/uploads\/2023\/05\/MicrosoftTeams-image-21-768x511.jpg 768w, https:\/\/www.vinci-construction-projets.com\/wp-content\/uploads\/2023\/05\/MicrosoftTeams-image-21-1111x740.jpg 1111w, https:\/\/www.vinci-construction-projets.com\/wp-content\/uploads\/2023\/05\/MicrosoftTeams-image-21-400x266.jpg 400w, https:\/\/www.vinci-construction-projets.com\/wp-content\/uploads\/2023\/05\/MicrosoftTeams-image-21-360x240.jpg 360w, https:\/\/www.vinci-construction-projets.com\/wp-content\/uploads\/2023\/05\/MicrosoftTeams-image-21-720x480.jpg 720w, https:\/\/www.vinci-construction-projets.com\/wp-content\/uploads\/2023\/05\/MicrosoftTeams-image-21-511x340.jpg 511w, https:\/\/www.vinci-construction-projets.com\/wp-content\/uploads\/2023\/05\/MicrosoftTeams-image-21-428x285.jpg 428w, https:\/\/www.vinci-construction-projets.com\/wp-content\/uploads\/2023\/05\/MicrosoftTeams-image-21-691x460.jpg 691w, https:\/\/www.vinci-construction-projets.com\/wp-content\/uploads\/2023\/05\/MicrosoftTeams-image-21-386x257.jpg 386w, https:\/\/www.vinci-construction-projets.com\/wp-content\/uploads\/2023\/05\/MicrosoftTeams-image-21-721x480.jpg 721w, https:\/\/www.vinci-construction-projets.com\/wp-content\/uploads\/2023\/05\/MicrosoftTeams-image-21-526x350.jpg 526w, https:\/\/www.vinci-construction-projets.com\/wp-content\/uploads\/2023\/05\/MicrosoftTeams-image-21-285x190.jpg 285w, https:\/\/www.vinci-construction-projets.com\/wp-content\/uploads\/2023\/05\/MicrosoftTeams-image-21-556x370.jpg 556w, https:\/\/www.vinci-construction-projets.com\/wp-content\/uploads\/2023\/05\/MicrosoftTeams-image-21.jpg 2000w\" sizes=\"auto, (max-width: 1024px) 100vw, 1024px\" \/><\/a><p id=\"caption-attachment-19487\" class=\"wp-caption-text\"><em>La unidad de valorizaci\u00f3n energ\u00e9tica de Ivry-sur-Seine posibilitar\u00e1 el tratamiento de 350\u00a0000 toneladas de residuos dom\u00e9sticos cada a\u00f1o, con un desempe\u00f1o medioambiental mejorado que la convertir\u00e1 en un referente europeo.<\/em><\/p><\/div>\n<p><strong>Con m\u00e1s de un centenar de plantas de valorizaci\u00f3n energ\u00e9tica dise\u00f1adas y construidas en los \u00faltimos 30 a\u00f1os<\/strong>, tanto en Francia como en el extranjero, ofrecemos soluciones adaptadas a las necesidades espec\u00edficas de los territorios y las comunidades para garantizar unas <strong>instalaciones fiables y eficientes desde el punto de vista t\u00e9cnico, medioambiental y econ\u00f3mico<\/strong>, y una f\u00e1cil explotaci\u00f3n.<\/p>\n<div id=\"attachment_19490\" style=\"width: 1034px\" class=\"wp-caption aligncenter\"><a href=\"https:\/\/www.vinci-construction-projets.com\/es\/nuestro-saber-hacer\/nuestros-conocimientos-tecnicos\/valorizacion-energetica\/vinci-e-charleroi-2\/\" rel=\"attachment wp-att-19490\"><img loading=\"lazy\" decoding=\"async\" aria-describedby=\"caption-attachment-19490\" class=\"size-large wp-image-19490\" src=\"https:\/\/www.vinci-construction-projets.com\/wp-content\/uploads\/2023\/05\/MicrosoftTeams-image-20-1024x683.jpg\" alt=\"\" width=\"1024\" height=\"683\" srcset=\"https:\/\/www.vinci-construction-projets.com\/wp-content\/uploads\/2023\/05\/MicrosoftTeams-image-20-1024x683.jpg 1024w, https:\/\/www.vinci-construction-projets.com\/wp-content\/uploads\/2023\/05\/MicrosoftTeams-image-20-300x200.jpg 300w, https:\/\/www.vinci-construction-projets.com\/wp-content\/uploads\/2023\/05\/MicrosoftTeams-image-20-768x512.jpg 768w, https:\/\/www.vinci-construction-projets.com\/wp-content\/uploads\/2023\/05\/MicrosoftTeams-image-20-1110x740.jpg 1110w, https:\/\/www.vinci-construction-projets.com\/wp-content\/uploads\/2023\/05\/MicrosoftTeams-image-20-400x267.jpg 400w, https:\/\/www.vinci-construction-projets.com\/wp-content\/uploads\/2023\/05\/MicrosoftTeams-image-20-360x240.jpg 360w, https:\/\/www.vinci-construction-projets.com\/wp-content\/uploads\/2023\/05\/MicrosoftTeams-image-20-720x480.jpg 720w, https:\/\/www.vinci-construction-projets.com\/wp-content\/uploads\/2023\/05\/MicrosoftTeams-image-20-510x340.jpg 510w, https:\/\/www.vinci-construction-projets.com\/wp-content\/uploads\/2023\/05\/MicrosoftTeams-image-20-427x285.jpg 427w, https:\/\/www.vinci-construction-projets.com\/wp-content\/uploads\/2023\/05\/MicrosoftTeams-image-20-690x460.jpg 690w, https:\/\/www.vinci-construction-projets.com\/wp-content\/uploads\/2023\/05\/MicrosoftTeams-image-20-386x257.jpg 386w, https:\/\/www.vinci-construction-projets.com\/wp-content\/uploads\/2023\/05\/MicrosoftTeams-image-20-525x350.jpg 525w, https:\/\/www.vinci-construction-projets.com\/wp-content\/uploads\/2023\/05\/MicrosoftTeams-image-20-285x190.jpg 285w, https:\/\/www.vinci-construction-projets.com\/wp-content\/uploads\/2023\/05\/MicrosoftTeams-image-20-555x370.jpg 555w\" sizes=\"auto, (max-width: 1024px) 100vw, 1024px\" \/><\/a><p id=\"caption-attachment-19490\" class=\"wp-caption-text\"><em>Modernizaci\u00f3n de la unidad de valorizaci\u00f3n energ\u00e9tica de Charleroi (B\u00e9lgica)<\/em><\/p><\/div>\n<p>Construimos infraestructuras con una <strong>capacidad de tratamiento de hasta 250 000 toneladas\/a\u00f1o<\/strong>. Tambi\u00e9n nos ocupamos de la renovaci\u00f3n y <strong>modernizaci\u00f3n de las plantas existentes<\/strong>, para optimizar su rendimiento energ\u00e9tico y medioambiental, aumentar su capacidad y adecuarlas a los marcos normativos vigentes.<\/p>\n<p>Ofrecemos a nuestros clientes <strong>un apoyo a medida durante todo el ciclo de vida de sus proyectos<\/strong>, desde el dise\u00f1o hasta la puesta en marcha y la formaci\u00f3n de los equipos operativos.<\/p>\n<p>Asimismo ofrecemos nuestros conocimientos t\u00e9cnicos a nuestros clientes para la realizaci\u00f3n de proyectos de plantas de<strong> biomasa<\/strong>. <strong>Neutra en cuanto a emisiones de carbono<\/strong>, est\u00e1 destinada a sustituir a los combustibles f\u00f3siles y puede <strong>utilizarse como combustible para la producci\u00f3n de energ\u00eda limpia<\/strong>. As\u00ed, nuestras tecnolog\u00edas permiten transformar la combusti\u00f3n de la biomasa en energ\u00eda el\u00e9ctrica, t\u00e9rmica o combinada.<\/p>\n<h4>L\u00cdDER FRANC\u00c9S EN BIOMETANIZACI\u00d3N Y PRODUCCI\u00d3N DE GAS VERDE<\/h4>\n<p>La biometanizaci\u00f3n, un procedimiento natural de degradaci\u00f3n de la materia org\u00e1nica por la acci\u00f3n de las bacterias, constituye una <strong>producci\u00f3n de energ\u00eda virtuosa y ofrece una alternativa responsable a los fertilizantes qu\u00edmicos<\/strong>.<\/p>\n<p>Con <strong>una treintena de plantas de metanizaci\u00f3n dise\u00f1adas y construidas<\/strong>, somos l\u00edderes en el mercado franc\u00e9s y ofrecemos soluciones globales y modulares probadas para el dise\u00f1o y la construcci\u00f3n de infraestructuras con una <strong>capacidad de tratamiento de 5000 a 270 000 toneladas\/a\u00f1o<\/strong>.<\/p>\n<p>De este modo, ofrecemos a nuestros clientes <strong>soluciones sostenibles y econ\u00f3micas para la producci\u00f3n de biog\u00e1s<\/strong> (metano y di\u00f3xido de carbono) y residuos que pueden utilizarse como <strong>compost agr\u00edcola<\/strong> (digestato).<\/p>\n<p>Nuestra experiencia tambi\u00e9n garantiza una importante reducci\u00f3n de la cantidad de residuos finales y <strong>mejora la calidad del aire y de los suelos agr\u00edcolas<\/strong> al reducir las emisiones de gases de efecto invernadero y proporcionar un abono natural.<\/p>\n<p>La metanizaci\u00f3n contribuye a la transici\u00f3n energ\u00e9tica y permite <strong>abastecer a las industrias y a los barrios circundantes<\/strong> con la inyecci\u00f3n de gas verde en las redes de calefacci\u00f3n urbana.<\/p>\n<h4>DOMINIO DE LAS TECNOLOG\u00cdAS PARA UNA OFERTA INNOVADORA Y COMPETITIVA<\/h4>\n<p>Como pioneros, nuestro dominio de todas las tecnolog\u00edas y procedimientos disponibles en el mercado respalda nuestra capacidad para responder a las limitaciones y exigencias de nuestros clientes.<\/p>\n<p>Nos apoyamos en<strong> tecnolog\u00edas propias y de socios<\/strong>, gracias a una pol\u00edtica de asociaci\u00f3n con actores innovadores del sector.<\/p>\n<p>Nuestra actividad de valorizaci\u00f3n energ\u00e9tica se beneficia de nuestros conocimientos en materia de<strong> procesos de combusti\u00f3n y ciclos termodin\u00e1micos<\/strong> (tratamiento t\u00e9rmico y diferentes tipos de hornos) y de tratamiento de <strong>gases de combusti\u00f3n<\/strong> (contaminantes \u00e1cidos, \u00f3xidos de nitr\u00f3geno, metales pesados, etc.).<\/p>\n<p>Nuestra actividad de metanizaci\u00f3n tambi\u00e9n puede apoyarse en <strong>una pericia reconocida<\/strong> (BRS para la preparaci\u00f3n de los residuos dom\u00e9sticos antes de su tratamiento biol\u00f3gico, Ecotunnel o Siloda para el compostaje acelerado, etc.).<\/p>\n<p>Esta amplia gama de productos nos permite ofrecer soluciones sostenibles y respetuosas con el medio ambiente, cumpliendo o superando las normas m\u00e1s estrictas.<\/p>\n<h4><strong>INNOVACIONES MEDIOAMBIENTALES EN PLENO CENTRO DE NUESTRAS ACTIVIDADES<\/strong><\/h4>\n<p>Esta amplia gama nos permite proponer soluciones sostenibles y respetuosas con el medio ambiente, que cumplen o superan las normas m\u00e1s estrictas.<\/p>\n<p>De esta forma, nuestras amplias capacidades de ingenier\u00eda nos han permitido desarrollar una soluci\u00f3n para la <strong>producci\u00f3n de hidr\u00f3geno verde a partir de los vapores de nuestra UVE<\/strong>, lo que garantiza asimismo una <strong>mejora del rendimiento del 30\u00a0%.<\/strong><\/p>\n<div id=\"attachment_18991\" style=\"width: 614px\" class=\"wp-caption aligncenter\"><a href=\"https:\/\/www.vinci-construction-projets.com\/es\/nuestro-saber-hacer\/nuestros-conocimientos-tecnicos\/valorizacion-energetica\/valorisation-energetique-3-2\/\" rel=\"attachment wp-att-18991\"><img loading=\"lazy\" decoding=\"async\" aria-describedby=\"caption-attachment-18991\" class=\"size-full wp-image-18991\" src=\"https:\/\/www.vinci-construction-projets.com\/wp-content\/uploads\/2023\/05\/Valorisation-energetique-3.jpg\" alt=\"\" width=\"604\" height=\"426\" srcset=\"https:\/\/www.vinci-construction-projets.com\/wp-content\/uploads\/2023\/05\/Valorisation-energetique-3.jpg 604w, https:\/\/www.vinci-construction-projets.com\/wp-content\/uploads\/2023\/05\/Valorisation-energetique-3-300x212.jpg 300w, https:\/\/www.vinci-construction-projets.com\/wp-content\/uploads\/2023\/05\/Valorisation-energetique-3-400x282.jpg 400w, https:\/\/www.vinci-construction-projets.com\/wp-content\/uploads\/2023\/05\/Valorisation-energetique-3-340x240.jpg 340w, https:\/\/www.vinci-construction-projets.com\/wp-content\/uploads\/2023\/05\/Valorisation-energetique-3-482x340.jpg 482w, https:\/\/www.vinci-construction-projets.com\/wp-content\/uploads\/2023\/05\/Valorisation-energetique-3-404x285.jpg 404w, https:\/\/www.vinci-construction-projets.com\/wp-content\/uploads\/2023\/05\/Valorisation-energetique-3-386x272.jpg 386w, https:\/\/www.vinci-construction-projets.com\/wp-content\/uploads\/2023\/05\/Valorisation-energetique-3-496x350.jpg 496w, https:\/\/www.vinci-construction-projets.com\/wp-content\/uploads\/2023\/05\/Valorisation-energetique-3-284x200.jpg 284w, https:\/\/www.vinci-construction-projets.com\/wp-content\/uploads\/2023\/05\/Valorisation-energetique-3-285x201.jpg 285w, https:\/\/www.vinci-construction-projets.com\/wp-content\/uploads\/2023\/05\/Valorisation-energetique-3-525x370.jpg 525w\" sizes=\"auto, (max-width: 604px) 100vw, 604px\" \/><\/a><p id=\"caption-attachment-18991\" class=\"wp-caption-text\"><em>La futura unidad de valorizaci\u00f3n energ\u00e9tica de Saint-Ouen\u00a0<\/em><\/p><\/div>\n<p>La <strong>recuperaci\u00f3n de la energ\u00eda vertible<\/strong> que proponemos para la UVE de Saint-Ouen, en la regi\u00f3n parisina, garantizar\u00e1 un rendimiento energ\u00e9tico optimizado. El tratamiento \u00aben seco\u00bb de los gases de combusti\u00f3n de la incineraci\u00f3n permite una mejor captaci\u00f3n de contaminantes, una considerable reducci\u00f3n de la columna a la salida de la chimenea y una mejor recuperaci\u00f3n del calor de los gases de combusti\u00f3n por condensaci\u00f3n, lo que garantiza una mejora sustancial de la valorizaci\u00f3n energ\u00e9tica.<br \/>\nEstamos explorando otras innovaciones futuras junto con nuestros colaboradores, como la gasificaci\u00f3n hidrot\u00e9rmica para el tratamiento final de lodos, y utilizamos nuestros conocimientos en la actividad del tratamiento para ofrecer a nuestros clientes nuestra <strong>experiencia como integrador en instalaciones de producci\u00f3n de energ\u00eda<\/strong> (centrales el\u00e9ctricas, centrales hidroel\u00e9ctricas de bombeo, etc.).<\/p>\n","protected":false},"excerpt":{"rendered":"<p>LA VALORIZACI\u00d3N ENERG\u00c9TICA DE LOS RESIDUOS: UNA ENERG\u00cdA LIMPIA Y CASI ILIMITADA La conversi\u00f3n de los residuos en energ\u00eda se ha convertido en un reto ambiental, social y urbano crucial. Ofrece una soluci\u00f3n sostenible y econ\u00f3mica a los retos que plantea la generaci\u00f3n de residuos. Como fuente de energ\u00eda renovable (electricidad, calor, fr\u00edo, hidr\u00f3geno), la [&hellip;]<\/p>\n","protected":false},"author":17,"featured_media":0,"parent":11096,"menu_order":0,"comment_status":"closed","ping_status":"closed","template":"","meta":{"_acf_changed":false,"footnotes":""},"class_list":["post-18924","page","type-page","status-publish","hentry"],"acf":[],"_links":{"self":[{"href":"https:\/\/www.vinci-construction-projets.com\/es\/wp-json\/wp\/v2\/pages\/18924","targetHints":{"allow":["GET"]}}],"collection":[{"href":"https:\/\/www.vinci-construction-projets.com\/es\/wp-json\/wp\/v2\/pages"}],"about":[{"href":"https:\/\/www.vinci-construction-projets.com\/es\/wp-json\/wp\/v2\/types\/page"}],"author":[{"embeddable":true,"href":"https:\/\/www.vinci-construction-projets.com\/es\/wp-json\/wp\/v2\/users\/17"}],"replies":[{"embeddable":true,"href":"https:\/\/www.vinci-construction-projets.com\/es\/wp-json\/wp\/v2\/comments?post=18924"}],"version-history":[{"count":5,"href":"https:\/\/www.vinci-construction-projets.com\/es\/wp-json\/wp\/v2\/pages\/18924\/revisions"}],"predecessor-version":[{"id":19499,"href":"https:\/\/www.vinci-construction-projets.com\/es\/wp-json\/wp\/v2\/pages\/18924\/revisions\/19499"}],"up":[{"embeddable":true,"href":"https:\/\/www.vinci-construction-projets.com\/es\/wp-json\/wp\/v2\/pages\/11096"}],"wp:attachment":[{"href":"https:\/\/www.vinci-construction-projets.com\/es\/wp-json\/wp\/v2\/media?parent=18924"}],"curies":[{"name":"wp","href":"https:\/\/api.w.org\/{rel}","templated":true}]}}