{"id":18927,"date":"2023-04-11T10:34:58","date_gmt":"2023-04-11T08:34:58","guid":{"rendered":"https:\/\/www.vinci-construction-projets.com\/?page_id=18927"},"modified":"2023-04-12T12:36:18","modified_gmt":"2023-04-12T10:36:18","slug":"hidrogeno-verde","status":"publish","type":"page","link":"https:\/\/www.vinci-construction-projets.com\/es\/nuestro-saber-hacer\/nuestros-conocimientos-tecnicos\/hidrogeno-verde\/","title":{"rendered":"Hidr\u00f3geno verde"},"content":{"rendered":"<p>Con nuestra marca Hyfinity, formamos parte de una fuerza impulsora <strong>hacia el crecimiento ecol\u00f3gico, con la realizaci\u00f3n de infraestructuras de producci\u00f3n de hidr\u00f3geno.<\/strong><\/p>\n<h4><strong>UN SABER HACER DE INTEGRADOR AL SERVICIO DE PROYECTOS COMPLEJOS<\/strong><\/h4>\n<p><strong>Aprovechamos nuestras capacidades de integrador<\/strong> para dise\u00f1ar y construir instalaciones dedicadas a la descarbonizaci\u00f3n de sectores que emiten grandes cantidades de carbono, como la movilidad o las industrias pesadas (cementeras, sider\u00fargicas, etc.). Asesoramos a nuestros clientes en su proceso de descarbonizaci\u00f3n de sus actividades.<\/p>\n<p>Desarrollamos una experiencia global y <strong>movilizamos nuestro saber hacer en proyectos de todos los tama\u00f1os, incluidos los m\u00e1s complejos, para entregar infraestructuras llave en mano<\/strong>. Favorecemos un enfoque colaborativo y transparente en las fases previas a la construcci\u00f3n, para ofrecer soluciones modulares que se adapten perfectamente a las exigencias de la obra.<\/p>\n<p>Nuestra capacidad para proporcionar una <strong>soluci\u00f3n \u00fanica de arquitectura semidescentralizada<\/strong>, que combina campos fotovoltaicos y electrolizadores, asegura una <strong>limitaci\u00f3n dr\u00e1stica de la p\u00e9rdida de energ\u00eda\u00a0<\/strong>inducida por la cadena de transformaci\u00f3n (conversi\u00f3n, transformaci\u00f3n, transporte).<\/p>\n<p>Nuestro dominio t\u00e9cnico y tecnol\u00f3gico tambi\u00e9n garantiza riesgos reducidos e instalaciones eficientes. La estandarizaci\u00f3n de las unidades genera ahorros gracias a la replicaci\u00f3n, lo que se traduce en una <strong>gesti\u00f3n de instalaciones fiable, simplificada y rentable.<\/strong><\/p>\n<p>&nbsp;<\/p>\n","protected":false},"excerpt":{"rendered":"<p>Con nuestra marca Hyfinity, formamos parte de una fuerza impulsora hacia el crecimiento ecol\u00f3gico, con la realizaci\u00f3n de infraestructuras de producci\u00f3n de hidr\u00f3geno. UN SABER HACER DE INTEGRADOR AL SERVICIO DE PROYECTOS COMPLEJOS Aprovechamos nuestras capacidades de integrador para dise\u00f1ar y construir instalaciones dedicadas a la descarbonizaci\u00f3n de sectores que emiten grandes cantidades de carbono, [&hellip;]<\/p>\n","protected":false},"author":17,"featured_media":0,"parent":11096,"menu_order":0,"comment_status":"closed","ping_status":"closed","template":"","meta":{"_acf_changed":false,"footnotes":""},"class_list":["post-18927","page","type-page","status-publish","hentry"],"acf":[],"_links":{"self":[{"href":"https:\/\/www.vinci-construction-projets.com\/es\/wp-json\/wp\/v2\/pages\/18927","targetHints":{"allow":["GET"]}}],"collection":[{"href":"https:\/\/www.vinci-construction-projets.com\/es\/wp-json\/wp\/v2\/pages"}],"about":[{"href":"https:\/\/www.vinci-construction-projets.com\/es\/wp-json\/wp\/v2\/types\/page"}],"author":[{"embeddable":true,"href":"https:\/\/www.vinci-construction-projets.com\/es\/wp-json\/wp\/v2\/users\/17"}],"replies":[{"embeddable":true,"href":"https:\/\/www.vinci-construction-projets.com\/es\/wp-json\/wp\/v2\/comments?post=18927"}],"version-history":[{"count":3,"href":"https:\/\/www.vinci-construction-projets.com\/es\/wp-json\/wp\/v2\/pages\/18927\/revisions"}],"predecessor-version":[{"id":18942,"href":"https:\/\/www.vinci-construction-projets.com\/es\/wp-json\/wp\/v2\/pages\/18927\/revisions\/18942"}],"up":[{"embeddable":true,"href":"https:\/\/www.vinci-construction-projets.com\/es\/wp-json\/wp\/v2\/pages\/11096"}],"wp:attachment":[{"href":"https:\/\/www.vinci-construction-projets.com\/es\/wp-json\/wp\/v2\/media?parent=18927"}],"curies":[{"name":"wp","href":"https:\/\/api.w.org\/{rel}","templated":true}]}}