{"id":18930,"date":"2023-04-11T10:57:02","date_gmt":"2023-04-11T08:57:02","guid":{"rendered":"https:\/\/www.vinci-construction-projets.com\/?page_id=18930"},"modified":"2023-05-02T11:40:03","modified_gmt":"2023-05-02T09:40:03","slug":"swac","status":"publish","type":"page","link":"https:\/\/www.vinci-construction-projets.com\/es\/nuestro-saber-hacer\/nuestros-conocimientos-tecnicos\/swac\/","title":{"rendered":"SWAC"},"content":{"rendered":"<p>Con nuestra marca\u00a0<a href=\"https:\/\/eur02.safelinks.protection.outlook.com\/?url=https%3A%2F%2Fwww.geocean.com%2F&amp;data=05%7C01%7Cmiji.lee%40vinci-construction.com%7C2905118fccf546a2102008db35defb93%7C9873183240da45469203f68390800051%7C0%7C0%7C638163004058049412%7CUnknown%7CTWFpbGZsb3d8eyJWIjoiMC4wLjAwMDAiLCJQIjoiV2luMzIiLCJBTiI6Ik1haWwiLCJXVCI6Mn0%3D%7C3000%7C%7C%7C&amp;sdata=uZ474cJkRYJdgH5aUHRq8hD9wcrw%2FlBGgHdYJC6tSes%3D&amp;reserved=0\">Geocean<\/a>, especializada en obras mar\u00edtimas de poca profundidad, para desarrollar proyectos que promuevan la transici\u00f3n energ\u00e9tica, en particular las energ\u00edas renovables marinas y los sistemas de refrigeraci\u00f3n por agua de mar a gran profundidad.<\/p>\n<ul>\n<li>SISTEMAS SWAC<\/li>\n<\/ul>\n<p><a href=\"https:\/\/www.vinci-construction-projets.com\/es\/nuestro-saber-hacer\/nuestros-conocimientos-tecnicos\/obras-maritimas__trashed\/swac-2\/\" rel=\"attachment wp-att-19012\"><img loading=\"lazy\" decoding=\"async\" class=\"size-large wp-image-19012 aligncenter\" src=\"https:\/\/www.vinci-construction-projets.com\/wp-content\/uploads\/2023\/05\/Swac-1024x784.jpg\" alt=\"\" width=\"1024\" height=\"784\" srcset=\"https:\/\/www.vinci-construction-projets.com\/wp-content\/uploads\/2023\/05\/Swac-1024x784.jpg 1024w, https:\/\/www.vinci-construction-projets.com\/wp-content\/uploads\/2023\/05\/Swac-300x230.jpg 300w, https:\/\/www.vinci-construction-projets.com\/wp-content\/uploads\/2023\/05\/Swac-768x588.jpg 768w, https:\/\/www.vinci-construction-projets.com\/wp-content\/uploads\/2023\/05\/Swac-967x740.jpg 967w, https:\/\/www.vinci-construction-projets.com\/wp-content\/uploads\/2023\/05\/Swac-400x306.jpg 400w, https:\/\/www.vinci-construction-projets.com\/wp-content\/uploads\/2023\/05\/Swac-314x240.jpg 314w, https:\/\/www.vinci-construction-projets.com\/wp-content\/uploads\/2023\/05\/Swac-679x520.jpg 679w, https:\/\/www.vinci-construction-projets.com\/wp-content\/uploads\/2023\/05\/Swac-444x340.jpg 444w, https:\/\/www.vinci-construction-projets.com\/wp-content\/uploads\/2023\/05\/Swac-372x285.jpg 372w, https:\/\/www.vinci-construction-projets.com\/wp-content\/uploads\/2023\/05\/Swac-601x460.jpg 601w, https:\/\/www.vinci-construction-projets.com\/wp-content\/uploads\/2023\/05\/Swac-386x295.jpg 386w, https:\/\/www.vinci-construction-projets.com\/wp-content\/uploads\/2023\/05\/Swac-627x480.jpg 627w, https:\/\/www.vinci-construction-projets.com\/wp-content\/uploads\/2023\/05\/Swac-720x551.jpg 720w, https:\/\/www.vinci-construction-projets.com\/wp-content\/uploads\/2023\/05\/Swac-457x350.jpg 457w, https:\/\/www.vinci-construction-projets.com\/wp-content\/uploads\/2023\/05\/Swac-261x200.jpg 261w, https:\/\/www.vinci-construction-projets.com\/wp-content\/uploads\/2023\/05\/Swac-285x218.jpg 285w, https:\/\/www.vinci-construction-projets.com\/wp-content\/uploads\/2023\/05\/Swac-483x370.jpg 483w, https:\/\/www.vinci-construction-projets.com\/wp-content\/uploads\/2023\/05\/Swac.jpg 1386w\" sizes=\"auto, (max-width: 1024px) 100vw, 1024px\" \/><\/a><\/p>\n<p>Dise\u00f1amos e instalamos sistemas de climatizaci\u00f3n por agua de mar (SWAC) para una mayor <strong>sobriedad energ\u00e9tica de los edificios<\/strong>. Debido a la importante diferencia de temperatura entre las aguas superficiales y las profundas, la energ\u00eda t\u00e9rmica oce\u00e1nica (OTE) y los SWAC ofrecen, por tanto, soluciones sostenibles para los sistemas de refrigeraci\u00f3n y la <strong>producci\u00f3n de energ\u00eda limpia<\/strong>.<\/p>\n<p>Operando en un entorno complejo, en el coraz\u00f3n de un ecosistema local sensible que nos preocupamos por preservar, hemos desarrollado un departamento especializado y operamos en todas las latitudes, a una profundidad de 0 a 1000 metros.<\/p>\n<p><iframe loading=\"lazy\" src=\"\/\/www.youtube.com\/embed\/p31gsDl-zQs\" width=\"560\" height=\"314\" allowfullscreen=\"allowfullscreen\"><\/iframe><\/p>\n","protected":false},"excerpt":{"rendered":"<p>Con nuestra marca\u00a0Geocean, especializada en obras mar\u00edtimas de poca profundidad, para desarrollar proyectos que promuevan la transici\u00f3n energ\u00e9tica, en particular las energ\u00edas renovables marinas y los sistemas de refrigeraci\u00f3n por agua de mar a gran profundidad. SISTEMAS SWAC Dise\u00f1amos e instalamos sistemas de climatizaci\u00f3n por agua de mar (SWAC) para una mayor sobriedad energ\u00e9tica de [&hellip;]<\/p>\n","protected":false},"author":17,"featured_media":0,"parent":11096,"menu_order":0,"comment_status":"closed","ping_status":"closed","template":"","meta":{"_acf_changed":false,"footnotes":""},"class_list":["post-18930","page","type-page","status-publish","hentry"],"acf":[],"_links":{"self":[{"href":"https:\/\/www.vinci-construction-projets.com\/es\/wp-json\/wp\/v2\/pages\/18930","targetHints":{"allow":["GET"]}}],"collection":[{"href":"https:\/\/www.vinci-construction-projets.com\/es\/wp-json\/wp\/v2\/pages"}],"about":[{"href":"https:\/\/www.vinci-construction-projets.com\/es\/wp-json\/wp\/v2\/types\/page"}],"author":[{"embeddable":true,"href":"https:\/\/www.vinci-construction-projets.com\/es\/wp-json\/wp\/v2\/users\/17"}],"replies":[{"embeddable":true,"href":"https:\/\/www.vinci-construction-projets.com\/es\/wp-json\/wp\/v2\/comments?post=18930"}],"version-history":[{"count":2,"href":"https:\/\/www.vinci-construction-projets.com\/es\/wp-json\/wp\/v2\/pages\/18930\/revisions"}],"predecessor-version":[{"id":19189,"href":"https:\/\/www.vinci-construction-projets.com\/es\/wp-json\/wp\/v2\/pages\/18930\/revisions\/19189"}],"up":[{"embeddable":true,"href":"https:\/\/www.vinci-construction-projets.com\/es\/wp-json\/wp\/v2\/pages\/11096"}],"wp:attachment":[{"href":"https:\/\/www.vinci-construction-projets.com\/es\/wp-json\/wp\/v2\/media?parent=18930"}],"curies":[{"name":"wp","href":"https:\/\/api.w.org\/{rel}","templated":true}]}}