{"id":18933,"date":"2023-04-11T11:15:15","date_gmt":"2023-04-11T09:15:15","guid":{"rendered":"https:\/\/www.vinci-construction-projets.com\/?page_id=18933"},"modified":"2023-05-02T11:45:10","modified_gmt":"2023-05-02T09:45:10","slug":"captacion-y-valorizacion-de-co2","status":"publish","type":"page","link":"https:\/\/www.vinci-construction-projets.com\/es\/nuestro-saber-hacer\/nuestros-conocimientos-tecnicos\/captacion-y-valorizacion-de-co2\/","title":{"rendered":"Captura y almacenamiento de CO2"},"content":{"rendered":"<h4><span class=\"ui-provider gp b c d e f g h i j k l m n o p q r s t u v w x y z ab ac ae af ag ah ai aj ak\" dir=\"ltr\"><strong>UN SABER HACER \u00daNICO COMO INTEGRADOR AL SERVICIO DE LA CAPTURA, ALMACENAMIENTO Y VALORIZACI\u00d3N DEL CO<\/strong><i><strong>2<\/strong><\/i><\/span><\/h4>\n<p>Entrepose Contracting cuenta con importantes referencias en t\u00e9rminos de <strong>grandes infraestructuras energ\u00e9ticas y su experiencia\u00a0<\/strong>en la construcci\u00f3n de instalaciones innovadoras para la captura, el almacenamiento y la valorizaci\u00f3n del di\u00f3xido de carbono (CO<i>2<\/i>)<i>.<\/i><\/p>\n<p>Ofrecemos a nuestros clientes <strong>soluciones fiables, duraderas y econ\u00f3micas<\/strong>, gracias <strong>a nuestro saber hacer como integrador<\/strong> combinando la experiencia de:<\/p>\n<ul>\n<li>Hyfinity :\u00a0producci\u00f3n de hidr\u00f3geno verde por electr\u00f3lisis<\/li>\n<li>Geostock :\u00a0almacenamiento subterr\u00e1neo de energ\u00eda<\/li>\n<li>VINCI Environnement : <span class=\"ui-provider gp b c d e f g h i j k l m n o p q r s t u v w x y z ab ac ae af ag ah ai aj ak\" dir=\"ltr\">valorizaci\u00f3n energ\u00e9tica de residuos, metanizaci\u00f3n, biomasa y producci\u00f3n de energ\u00eda el\u00e9ctrica,<\/span><\/li>\n<li>Spiecapag : <span class=\"ui-provider gp b c d e f g h i j k l m n o p q r s t u v w x y z ab ac ae af ag ah ai aj ak\" dir=\"ltr\">gasoductos y oleoductos terrestres (empresa hermana de la Divisi\u00f3n de Grandes Proyectos).<\/span><\/li>\n<\/ul>\n<p><a href=\"https:\/\/www.vinci-construction-projets.com\/es\/captage-et-valorisation-de-co2-entrepose-2-2\/\"><img loading=\"lazy\" decoding=\"async\" class=\"size-full wp-image-19192 aligncenter\" src=\"https:\/\/www.vinci-construction-projets.com\/wp-content\/uploads\/2023\/05\/captage-et-valorisation-de-co2-entrepose.png\" alt=\"\" width=\"605\" height=\"255\" srcset=\"https:\/\/www.vinci-construction-projets.com\/wp-content\/uploads\/2023\/05\/captage-et-valorisation-de-co2-entrepose.png 605w, https:\/\/www.vinci-construction-projets.com\/wp-content\/uploads\/2023\/05\/captage-et-valorisation-de-co2-entrepose-300x126.png 300w, https:\/\/www.vinci-construction-projets.com\/wp-content\/uploads\/2023\/05\/captage-et-valorisation-de-co2-entrepose-400x169.png 400w, https:\/\/www.vinci-construction-projets.com\/wp-content\/uploads\/2023\/05\/captage-et-valorisation-de-co2-entrepose-600x253.png 600w, https:\/\/www.vinci-construction-projets.com\/wp-content\/uploads\/2023\/05\/captage-et-valorisation-de-co2-entrepose-590x249.png 590w, https:\/\/www.vinci-construction-projets.com\/wp-content\/uploads\/2023\/05\/captage-et-valorisation-de-co2-entrepose-386x163.png 386w, https:\/\/www.vinci-construction-projets.com\/wp-content\/uploads\/2023\/05\/captage-et-valorisation-de-co2-entrepose-285x120.png 285w\" sizes=\"auto, (max-width: 605px) 100vw, 605px\" \/><\/a><\/p>\n<h4><strong>UNA PROMESA SOSTENIBLE AL SERVICIO DE LA INDUSTRIA <\/strong><\/h4>\n<p>Por tanto, estamos involucrados en todo el ciclo de los proyectos de captura, valorizaci\u00f3n y almacenamiento (CCUS, por sus siglas en ingl\u00e9s). Proponemos acompa\u00f1ar a nuestros clientes desde los estudios preliminares hasta la puesta en marcha de instalaciones en el marco de contratos de <i>early contractor involvement<\/i> (ECI), garantizando trabajos perfectamente adaptados a sus necesidades, entregados en plazos m\u00e1s cortos.<\/p>\n<p>Nuestro perfecto dominio de las tecnolog\u00edas y las actividades garantizan el control \u00edntegro de las cadenas de suministro y la gesti\u00f3n de proyectos, con <strong>costes y plazos optimizados y un rendimiento garantizado<\/strong>.<\/p>\n<p>Las tecnolog\u00edas para la captura, almacenamiento y valorizaci\u00f3n del di\u00f3xido de carbono (CO<i>2<\/i>) ofrecen la promesa de una <strong>reducci\u00f3n masiva de emisiones\u00a0<\/strong>y usos diversificados, en particular en el <strong>desarrollo de la movilidad sostenible<\/strong> (aviaci\u00f3n, automoci\u00f3n, etc.).<\/p>\n<p>-&gt; Estas tecnolog\u00edas, que constituyen una gran oportunidad para las industrias pesadas, est\u00e1n experimentando un fuerte desarrollo en la actualidad.<\/p>\n<p>Aprovechamos nuestra excelencia t\u00e9cnica y tecnol\u00f3gica para <strong>poner a disposici\u00f3n de nuestros clientes las innovaciones necesarias para el desarrollo de sus proyectos.<\/strong><\/p>\n","protected":false},"excerpt":{"rendered":"<p>UN SABER HACER \u00daNICO COMO INTEGRADOR AL SERVICIO DE LA CAPTURA, ALMACENAMIENTO Y VALORIZACI\u00d3N DEL CO2 Entrepose Contracting cuenta con importantes referencias en t\u00e9rminos de grandes infraestructuras energ\u00e9ticas y su experiencia\u00a0en la construcci\u00f3n de instalaciones innovadoras para la captura, el almacenamiento y la valorizaci\u00f3n del di\u00f3xido de carbono (CO2). Ofrecemos a nuestros clientes soluciones fiables, [&hellip;]<\/p>\n","protected":false},"author":17,"featured_media":0,"parent":11096,"menu_order":0,"comment_status":"closed","ping_status":"closed","template":"","meta":{"_acf_changed":false,"footnotes":""},"class_list":["post-18933","page","type-page","status-publish","hentry"],"acf":[],"_links":{"self":[{"href":"https:\/\/www.vinci-construction-projets.com\/es\/wp-json\/wp\/v2\/pages\/18933","targetHints":{"allow":["GET"]}}],"collection":[{"href":"https:\/\/www.vinci-construction-projets.com\/es\/wp-json\/wp\/v2\/pages"}],"about":[{"href":"https:\/\/www.vinci-construction-projets.com\/es\/wp-json\/wp\/v2\/types\/page"}],"author":[{"embeddable":true,"href":"https:\/\/www.vinci-construction-projets.com\/es\/wp-json\/wp\/v2\/users\/17"}],"replies":[{"embeddable":true,"href":"https:\/\/www.vinci-construction-projets.com\/es\/wp-json\/wp\/v2\/comments?post=18933"}],"version-history":[{"count":4,"href":"https:\/\/www.vinci-construction-projets.com\/es\/wp-json\/wp\/v2\/pages\/18933\/revisions"}],"predecessor-version":[{"id":19195,"href":"https:\/\/www.vinci-construction-projets.com\/es\/wp-json\/wp\/v2\/pages\/18933\/revisions\/19195"}],"up":[{"embeddable":true,"href":"https:\/\/www.vinci-construction-projets.com\/es\/wp-json\/wp\/v2\/pages\/11096"}],"wp:attachment":[{"href":"https:\/\/www.vinci-construction-projets.com\/es\/wp-json\/wp\/v2\/media?parent=18933"}],"curies":[{"name":"wp","href":"https:\/\/api.w.org\/{rel}","templated":true}]}}