{"id":18943,"date":"2023-04-12T12:39:09","date_gmt":"2023-04-12T10:39:09","guid":{"rendered":"https:\/\/www.vinci-construction-projets.com\/?page_id=18943"},"modified":"2023-05-02T10:47:42","modified_gmt":"2023-05-02T08:47:42","slug":"green-hydrogen","status":"publish","type":"page","link":"https:\/\/www.vinci-construction-projets.com\/es\/nuestro-saber-hacer\/nuestros-conocimientos-tecnicos\/green-hydrogen\/","title":{"rendered":"Hidr\u00f3geno verde"},"content":{"rendered":"<p>Con nuestra marca <a href=\"https:\/\/www.hyfinity-hydrogen.com\/#Header\">Hyfinity<\/a>, formamos parte de una fuerza impulsora\u00a0<strong>hacia el crecimiento ecol\u00f3gico, con la realizaci\u00f3n de infraestructuras de producci\u00f3n de hidr\u00f3geno.<\/strong><\/p>\n<h4><strong>UN SABER HACER DE INTEGRADOR AL SERVICIO DE PROYECTOS COMPLEJOS<\/strong><\/h4>\n<p><strong>Aprovechamos nuestras capacidades de integrador<\/strong>\u00a0para dise\u00f1ar y construir instalaciones dedicadas a la descarbonizaci\u00f3n de sectores que emiten grandes cantidades de carbono, como la movilidad o las industrias pesadas (cementeras, sider\u00fargicas, etc.). Asesoramos a nuestros clientes en su proceso de descarbonizaci\u00f3n de sus actividades.<\/p>\n<p>Desarrollamos una experiencia global y\u00a0<strong>movilizamos nuestro saber hacer en proyectos de todos los tama\u00f1os, incluidos los m\u00e1s complejos, para entregar infraestructuras llave en mano<\/strong>. Favorecemos un enfoque colaborativo y transparente en las fases previas a la construcci\u00f3n, para ofrecer soluciones modulares que se adapten perfectamente a las exigencias de la obra.<\/p>\n<p>Nuestra capacidad para proporcionar una\u00a0<strong>soluci\u00f3n \u00fanica de arquitectura semidescentralizada<\/strong>, que combina campos fotovoltaicos y electrolizadores, asegura una\u00a0<strong>limitaci\u00f3n dr\u00e1stica de la p\u00e9rdida de energ\u00eda\u00a0<\/strong>inducida por la cadena de transformaci\u00f3n (conversi\u00f3n, transformaci\u00f3n, transporte).<\/p>\n<p>Nuestro dominio t\u00e9cnico y tecnol\u00f3gico tambi\u00e9n garantiza riesgos reducidos e instalaciones eficientes. La estandarizaci\u00f3n de las unidades genera ahorros gracias a la replicaci\u00f3n, lo que se traduce en una\u00a0<strong>gesti\u00f3n de instalaciones fiable, simplificada y rentable.<\/strong><\/p>\n<p><a href=\"https:\/\/www.vinci-construction-projets.com\/es\/hydrogene-vert-2\/\"><img loading=\"lazy\" decoding=\"async\" class=\"size-large wp-image-19000 aligncenter\" src=\"https:\/\/www.vinci-construction-projets.com\/wp-content\/uploads\/2023\/05\/hydrog\u00e8ne-vert-1024x576.jpg\" alt=\"\" width=\"1024\" height=\"576\" srcset=\"https:\/\/www.vinci-construction-projets.com\/wp-content\/uploads\/2023\/05\/hydrog\u00e8ne-vert-1024x576.jpg 1024w, https:\/\/www.vinci-construction-projets.com\/wp-content\/uploads\/2023\/05\/hydrog\u00e8ne-vert-300x169.jpg 300w, https:\/\/www.vinci-construction-projets.com\/wp-content\/uploads\/2023\/05\/hydrog\u00e8ne-vert-768x432.jpg 768w, https:\/\/www.vinci-construction-projets.com\/wp-content\/uploads\/2023\/05\/hydrog\u00e8ne-vert-1316x740.jpg 1316w, https:\/\/www.vinci-construction-projets.com\/wp-content\/uploads\/2023\/05\/hydrog\u00e8ne-vert-400x225.jpg 400w, https:\/\/www.vinci-construction-projets.com\/wp-content\/uploads\/2023\/05\/hydrog\u00e8ne-vert-720x405.jpg 720w, https:\/\/www.vinci-construction-projets.com\/wp-content\/uploads\/2023\/05\/hydrog\u00e8ne-vert-600x337.jpg 600w, https:\/\/www.vinci-construction-projets.com\/wp-content\/uploads\/2023\/05\/hydrog\u00e8ne-vert-507x285.jpg 507w, https:\/\/www.vinci-construction-projets.com\/wp-content\/uploads\/2023\/05\/hydrog\u00e8ne-vert-793x446.jpg 793w, https:\/\/www.vinci-construction-projets.com\/wp-content\/uploads\/2023\/05\/hydrog\u00e8ne-vert-386x217.jpg 386w, https:\/\/www.vinci-construction-projets.com\/wp-content\/uploads\/2023\/05\/hydrog\u00e8ne-vert-780x439.jpg 780w, https:\/\/www.vinci-construction-projets.com\/wp-content\/uploads\/2023\/05\/hydrog\u00e8ne-vert-853x480.jpg 853w, https:\/\/www.vinci-construction-projets.com\/wp-content\/uploads\/2023\/05\/hydrog\u00e8ne-vert-622x350.jpg 622w, https:\/\/www.vinci-construction-projets.com\/wp-content\/uploads\/2023\/05\/hydrog\u00e8ne-vert-356x200.jpg 356w, https:\/\/www.vinci-construction-projets.com\/wp-content\/uploads\/2023\/05\/hydrog\u00e8ne-vert-285x160.jpg 285w, https:\/\/www.vinci-construction-projets.com\/wp-content\/uploads\/2023\/05\/hydrog\u00e8ne-vert-658x370.jpg 658w, https:\/\/www.vinci-construction-projets.com\/wp-content\/uploads\/2023\/05\/hydrog\u00e8ne-vert.jpg 1385w\" sizes=\"auto, (max-width: 1024px) 100vw, 1024px\" \/><\/a><\/p>\n","protected":false},"excerpt":{"rendered":"<p>Con nuestra marca Hyfinity, formamos parte de una fuerza impulsora\u00a0hacia el crecimiento ecol\u00f3gico, con la realizaci\u00f3n de infraestructuras de producci\u00f3n de hidr\u00f3geno. UN SABER HACER DE INTEGRADOR AL SERVICIO DE PROYECTOS COMPLEJOS Aprovechamos nuestras capacidades de integrador\u00a0para dise\u00f1ar y construir instalaciones dedicadas a la descarbonizaci\u00f3n de sectores que emiten grandes cantidades de carbono, como la [&hellip;]<\/p>\n","protected":false},"author":17,"featured_media":0,"parent":11096,"menu_order":0,"comment_status":"closed","ping_status":"closed","template":"","meta":{"_acf_changed":false,"footnotes":""},"class_list":["post-18943","page","type-page","status-publish","hentry"],"acf":[],"_links":{"self":[{"href":"https:\/\/www.vinci-construction-projets.com\/es\/wp-json\/wp\/v2\/pages\/18943","targetHints":{"allow":["GET"]}}],"collection":[{"href":"https:\/\/www.vinci-construction-projets.com\/es\/wp-json\/wp\/v2\/pages"}],"about":[{"href":"https:\/\/www.vinci-construction-projets.com\/es\/wp-json\/wp\/v2\/types\/page"}],"author":[{"embeddable":true,"href":"https:\/\/www.vinci-construction-projets.com\/es\/wp-json\/wp\/v2\/users\/17"}],"replies":[{"embeddable":true,"href":"https:\/\/www.vinci-construction-projets.com\/es\/wp-json\/wp\/v2\/comments?post=18943"}],"version-history":[{"count":3,"href":"https:\/\/www.vinci-construction-projets.com\/es\/wp-json\/wp\/v2\/pages\/18943\/revisions"}],"predecessor-version":[{"id":19003,"href":"https:\/\/www.vinci-construction-projets.com\/es\/wp-json\/wp\/v2\/pages\/18943\/revisions\/19003"}],"up":[{"embeddable":true,"href":"https:\/\/www.vinci-construction-projets.com\/es\/wp-json\/wp\/v2\/pages\/11096"}],"wp:attachment":[{"href":"https:\/\/www.vinci-construction-projets.com\/es\/wp-json\/wp\/v2\/media?parent=18943"}],"curies":[{"name":"wp","href":"https:\/\/api.w.org\/{rel}","templated":true}]}}