{"id":19020,"date":"2023-05-02T11:35:15","date_gmt":"2023-05-02T09:35:15","guid":{"rendered":"https:\/\/www.vinci-construction-projets.com\/?page_id=19020"},"modified":"2023-05-02T11:35:15","modified_gmt":"2023-05-02T09:35:15","slug":"obras-maritimas","status":"publish","type":"page","link":"https:\/\/www.vinci-construction-projets.com\/es\/nuestro-saber-hacer\/nuestros-conocimientos-tecnicos\/obras-maritimas\/","title":{"rendered":"Obras mar\u00edtimas"},"content":{"rendered":"<h4>UN ACTOR CLAVE DE LAS TUBER\u00cdAS SUBMARINAS PARA LA INDUSTRIA ENERG\u00c9TICA<\/h4>\n<p>Con nuestra marca <a href=\"https:\/\/www.geocean.com\/\">Geocean<\/a> ofrecemos a nuestros clientes una experiencia mundialmente reconocida en <strong>obras mar\u00edtimas de poca profundidad<\/strong>. De este modo, realizamos p<strong>royectos llave en mano (EPCI) altamente t\u00e9cnicos para los actores del sector energ\u00e9tico<\/strong>.<\/p>\n<p>Gracias a nuestra estructura \u00e1gil y a nuestras herramientas, equipos y tecnolog\u00edas propias, somos capaces de trabajar en todos los terrenos, incluidos los m\u00e1s complejos, en particular para infraestructuras submarinas de las terminales de petr\u00f3leo y gas \u2013 conventional buoy mooring (CBM), single buoy mooring (SBM), floating storage regasification unit (FSRU) \u2013 o tomas de agua y emisarios en el mar (energ\u00eda, desalinizaci\u00f3n y tratamiento del agua).<\/p>\n<p><a href=\"https:\/\/www.vinci-construction-projets.com\/es\/travaux-maritime-1-2\/\"><img loading=\"lazy\" decoding=\"async\" class=\"size-large wp-image-19009\" src=\"https:\/\/www.vinci-construction-projets.com\/wp-content\/uploads\/2023\/05\/travaux-maritime-1-1024x682.jpg\" alt=\"\" width=\"1024\" height=\"682\" srcset=\"https:\/\/www.vinci-construction-projets.com\/wp-content\/uploads\/2023\/05\/travaux-maritime-1-1024x682.jpg 1024w, https:\/\/www.vinci-construction-projets.com\/wp-content\/uploads\/2023\/05\/travaux-maritime-1-300x200.jpg 300w, https:\/\/www.vinci-construction-projets.com\/wp-content\/uploads\/2023\/05\/travaux-maritime-1-768x512.jpg 768w, https:\/\/www.vinci-construction-projets.com\/wp-content\/uploads\/2023\/05\/travaux-maritime-1-1111x740.jpg 1111w, https:\/\/www.vinci-construction-projets.com\/wp-content\/uploads\/2023\/05\/travaux-maritime-1-400x266.jpg 400w, https:\/\/www.vinci-construction-projets.com\/wp-content\/uploads\/2023\/05\/travaux-maritime-1-360x240.jpg 360w, https:\/\/www.vinci-construction-projets.com\/wp-content\/uploads\/2023\/05\/travaux-maritime-1-720x480.jpg 720w, https:\/\/www.vinci-construction-projets.com\/wp-content\/uploads\/2023\/05\/travaux-maritime-1-510x340.jpg 510w, https:\/\/www.vinci-construction-projets.com\/wp-content\/uploads\/2023\/05\/travaux-maritime-1-428x285.jpg 428w, https:\/\/www.vinci-construction-projets.com\/wp-content\/uploads\/2023\/05\/travaux-maritime-1-691x460.jpg 691w, https:\/\/www.vinci-construction-projets.com\/wp-content\/uploads\/2023\/05\/travaux-maritime-1-386x257.jpg 386w, https:\/\/www.vinci-construction-projets.com\/wp-content\/uploads\/2023\/05\/travaux-maritime-1-721x480.jpg 721w, https:\/\/www.vinci-construction-projets.com\/wp-content\/uploads\/2023\/05\/travaux-maritime-1-525x350.jpg 525w, https:\/\/www.vinci-construction-projets.com\/wp-content\/uploads\/2023\/05\/travaux-maritime-1-285x190.jpg 285w, https:\/\/www.vinci-construction-projets.com\/wp-content\/uploads\/2023\/05\/travaux-maritime-1-555x370.jpg 555w, https:\/\/www.vinci-construction-projets.com\/wp-content\/uploads\/2023\/05\/travaux-maritime-1.jpg 1740w\" sizes=\"auto, (max-width: 1024px) 100vw, 1024px\" \/><\/a> <em>Dep\u00f3sito petrolero de Frontignan<\/em><\/p>\n<p>Geocean tambi\u00e9n est\u00e1 especializada en <strong>trabajos de llegada a tierra y soterramiento de canalizaciones<\/strong>. Es capaz de proponer el dise\u00f1o m\u00e1s adecuado para las caracter\u00edsticas del emplazamiento, y aplicar soluciones que van desde la perforaci\u00f3n horizontal dirigida (HDD) hasta el microt\u00fanel, pasando por la instalaci\u00f3n convencional de tuber\u00edas.<\/p>\n<p>Nuestras <strong>amplias capacidades de ingenier\u00eda<\/strong>, apoyadas por nuestro propio Departamento de Ingenier\u00eda y las sinergias internas con el apoyo del Departamento de Ingenier\u00eda de VINCI Construction Grands Projets, nos permiten apoyar a nuestros clientes durante todo el ciclo de vida del proyecto, desde la fase de estudio (batimetr\u00eda, geof\u00edsica, topograf\u00eda, geodesia) hasta la entrega y puesta en marcha de la infraestructura.<\/p>\n<p>La experiencia adquirida en grandes proyectos en los cinco continentes es la base de nuestra capacidad para desarrollar <strong>soluciones a medida<\/strong> <strong>competitivas<\/strong> que respondan a los retos t\u00e9cnicos y medioambientales espec\u00edficos de nuestros clientes.<\/p>\n<h4>TUBER\u00cdAS PARA EL TRATAMIENTO DE AGUAS, LA MINER\u00cdA Y LA GENERACI\u00d3N DE ENERG\u00cdA<\/h4>\n<p>Dise\u00f1amos, adquirimos, fabricamos e instalamos<strong> tuber\u00edas de agua submarinas<\/strong> para plantas depuradoras y desalinizadoras, para circuitos de refrigeraci\u00f3n de centrales el\u00e9ctricas y para la industria minera,<strong> en todos los materiales<\/strong>: polietileno de alta densidad (PEAD), pl\u00e1stico reforzado con fibra de vidrio (PRFV), acero&#8230; en funci\u00f3n de los condicionantes que imponga el entorno de cada proyecto.<\/p>\n<p><a href=\"https:\/\/www.vinci-construction-projets.com\/es\/travaux-maritime-2-2\/\"><img loading=\"lazy\" decoding=\"async\" class=\"size-large wp-image-19015\" src=\"https:\/\/www.vinci-construction-projets.com\/wp-content\/uploads\/2023\/05\/travaux-maritime-2-1024x768.jpg\" alt=\"\" width=\"1024\" height=\"768\" srcset=\"https:\/\/www.vinci-construction-projets.com\/wp-content\/uploads\/2023\/05\/travaux-maritime-2-1024x768.jpg 1024w, https:\/\/www.vinci-construction-projets.com\/wp-content\/uploads\/2023\/05\/travaux-maritime-2-300x225.jpg 300w, https:\/\/www.vinci-construction-projets.com\/wp-content\/uploads\/2023\/05\/travaux-maritime-2-768x576.jpg 768w, https:\/\/www.vinci-construction-projets.com\/wp-content\/uploads\/2023\/05\/travaux-maritime-2-986x740.jpg 986w, https:\/\/www.vinci-construction-projets.com\/wp-content\/uploads\/2023\/05\/travaux-maritime-2-400x300.jpg 400w, https:\/\/www.vinci-construction-projets.com\/wp-content\/uploads\/2023\/05\/travaux-maritime-2-320x240.jpg 320w, https:\/\/www.vinci-construction-projets.com\/wp-content\/uploads\/2023\/05\/travaux-maritime-2-693x520.jpg 693w, https:\/\/www.vinci-construction-projets.com\/wp-content\/uploads\/2023\/05\/travaux-maritime-2-453x340.jpg 453w, https:\/\/www.vinci-construction-projets.com\/wp-content\/uploads\/2023\/05\/travaux-maritime-2-380x285.jpg 380w, https:\/\/www.vinci-construction-projets.com\/wp-content\/uploads\/2023\/05\/travaux-maritime-2-613x460.jpg 613w, https:\/\/www.vinci-construction-projets.com\/wp-content\/uploads\/2023\/05\/travaux-maritime-2-386x290.jpg 386w, https:\/\/www.vinci-construction-projets.com\/wp-content\/uploads\/2023\/05\/travaux-maritime-2-640x480.jpg 640w, https:\/\/www.vinci-construction-projets.com\/wp-content\/uploads\/2023\/05\/travaux-maritime-2-720x540.jpg 720w, https:\/\/www.vinci-construction-projets.com\/wp-content\/uploads\/2023\/05\/travaux-maritime-2-466x350.jpg 466w, https:\/\/www.vinci-construction-projets.com\/wp-content\/uploads\/2023\/05\/travaux-maritime-2-267x200.jpg 267w, https:\/\/www.vinci-construction-projets.com\/wp-content\/uploads\/2023\/05\/travaux-maritime-2-285x214.jpg 285w, https:\/\/www.vinci-construction-projets.com\/wp-content\/uploads\/2023\/05\/travaux-maritime-2-493x370.jpg 493w, https:\/\/www.vinci-construction-projets.com\/wp-content\/uploads\/2023\/05\/travaux-maritime-2.jpg 1386w\" sizes=\"auto, (max-width: 1024px) 100vw, 1024px\" \/><\/a> <em>Tuber\u00eda en alta mar para la mina Escondida en Chile<\/em><\/p>\n<h4>TUBOS PARA EL TRANSPORTE DE HIDROCARBUROS<\/h4>\n<p>Nuestra <strong>experiencia en todos los m\u00e9todos de instalaci\u00f3n de tuber\u00edas en aguas poco profundas<\/strong> (S-Lay, push-pull, bottom pull o towing) garantizan a nuestros clientes la instalaci\u00f3n de las soluciones m\u00e1s adecuadas para sus proyectos, especialmente para la instalaci\u00f3n de cualquier infraestructura de <strong>conexi\u00f3n terminal<\/strong>, tanto en tierra como en alta mar.<\/p>\n<h4>UNA EXPERIENCIA AL SERVICIO DE LA TRANSICI\u00d3N ENERG\u00c9TICA<\/h4>\n<p>Geocean tambi\u00e9n est\u00e1 aprovechando su experiencia hist\u00f3rica en las industrias del petr\u00f3leo y el gas y de la hidr\u00e1ulica para desarrollar proyectos que promuevan la <strong>transici\u00f3n energ\u00e9tica<\/strong>, en particular <strong>las energ\u00edas renovables marinas<\/strong> y los sistemas de refrigeraci\u00f3n por agua de mar a gran profundidad.<\/p>\n<ul>\n<li>SISTEMAS SWAC<\/li>\n<\/ul>\n<p><a href=\"https:\/\/www.vinci-construction-projets.com\/es\/swac-2\/\"><img loading=\"lazy\" decoding=\"async\" class=\"size-large wp-image-19012 aligncenter\" src=\"https:\/\/www.vinci-construction-projets.com\/wp-content\/uploads\/2023\/05\/Swac-1024x784.jpg\" alt=\"\" width=\"1024\" height=\"784\" srcset=\"https:\/\/www.vinci-construction-projets.com\/wp-content\/uploads\/2023\/05\/Swac-1024x784.jpg 1024w, https:\/\/www.vinci-construction-projets.com\/wp-content\/uploads\/2023\/05\/Swac-300x230.jpg 300w, https:\/\/www.vinci-construction-projets.com\/wp-content\/uploads\/2023\/05\/Swac-768x588.jpg 768w, https:\/\/www.vinci-construction-projets.com\/wp-content\/uploads\/2023\/05\/Swac-967x740.jpg 967w, https:\/\/www.vinci-construction-projets.com\/wp-content\/uploads\/2023\/05\/Swac-400x306.jpg 400w, https:\/\/www.vinci-construction-projets.com\/wp-content\/uploads\/2023\/05\/Swac-314x240.jpg 314w, https:\/\/www.vinci-construction-projets.com\/wp-content\/uploads\/2023\/05\/Swac-679x520.jpg 679w, https:\/\/www.vinci-construction-projets.com\/wp-content\/uploads\/2023\/05\/Swac-444x340.jpg 444w, https:\/\/www.vinci-construction-projets.com\/wp-content\/uploads\/2023\/05\/Swac-372x285.jpg 372w, https:\/\/www.vinci-construction-projets.com\/wp-content\/uploads\/2023\/05\/Swac-601x460.jpg 601w, https:\/\/www.vinci-construction-projets.com\/wp-content\/uploads\/2023\/05\/Swac-386x295.jpg 386w, https:\/\/www.vinci-construction-projets.com\/wp-content\/uploads\/2023\/05\/Swac-627x480.jpg 627w, https:\/\/www.vinci-construction-projets.com\/wp-content\/uploads\/2023\/05\/Swac-720x551.jpg 720w, https:\/\/www.vinci-construction-projets.com\/wp-content\/uploads\/2023\/05\/Swac-457x350.jpg 457w, https:\/\/www.vinci-construction-projets.com\/wp-content\/uploads\/2023\/05\/Swac-261x200.jpg 261w, https:\/\/www.vinci-construction-projets.com\/wp-content\/uploads\/2023\/05\/Swac-285x218.jpg 285w, https:\/\/www.vinci-construction-projets.com\/wp-content\/uploads\/2023\/05\/Swac-483x370.jpg 483w, https:\/\/www.vinci-construction-projets.com\/wp-content\/uploads\/2023\/05\/Swac.jpg 1386w\" sizes=\"auto, (max-width: 1024px) 100vw, 1024px\" \/><\/a><\/p>\n<p>Dise\u00f1amos e instalamos sistemas de climatizaci\u00f3n por agua de mar (SWAC) para una mayor <strong>sobriedad energ\u00e9tica de los edificios<\/strong>. Debido a la importante diferencia de temperatura entre las aguas superficiales y las profundas, la energ\u00eda t\u00e9rmica oce\u00e1nica (OTE) y los SWAC ofrecen, por tanto, soluciones sostenibles para los sistemas de refrigeraci\u00f3n y la<strong> producci\u00f3n de energ\u00eda limpia<\/strong>.<br \/>\nOperando en un entorno complejo, en el coraz\u00f3n de un ecosistema local sensible que nos preocupamos por preservar, hemos desarrollado un departamento especializado y operamos en todas las latitudes, a una profundidad de 0 a 1000 metros.<\/p>\n<p><iframe loading=\"lazy\" src=\"\/\/www.youtube.com\/embed\/p31gsDl-zQs\" width=\"560\" height=\"314\" allowfullscreen=\"allowfullscreen\"><\/iframe><\/p>\n<ul>\n<li>AEROGENERADOR FLOTANTE<\/li>\n<\/ul>\n<p>Asistimos a nuestros clientes desde la definici\u00f3n de sus necesidades para dise\u00f1ar proyectos de desarrollo, construcci\u00f3n y explotaci\u00f3n de parques e\u00f3licos flotantes, y trabajamos junto en particular a trav\u00e9s de contratos de participaci\u00f3n temprana del contratista (ECI).<\/p>\n","protected":false},"excerpt":{"rendered":"<p>UN ACTOR CLAVE DE LAS TUBER\u00cdAS SUBMARINAS PARA LA INDUSTRIA ENERG\u00c9TICA Con nuestra marca Geocean ofrecemos a nuestros clientes una experiencia mundialmente reconocida en obras mar\u00edtimas de poca profundidad. De este modo, realizamos proyectos llave en mano (EPCI) altamente t\u00e9cnicos para los actores del sector energ\u00e9tico. Gracias a nuestra estructura \u00e1gil y a nuestras herramientas, [&hellip;]<\/p>\n","protected":false},"author":17,"featured_media":0,"parent":11096,"menu_order":0,"comment_status":"closed","ping_status":"closed","template":"","meta":{"_acf_changed":false,"footnotes":""},"class_list":["post-19020","page","type-page","status-publish","hentry"],"acf":[],"_links":{"self":[{"href":"https:\/\/www.vinci-construction-projets.com\/es\/wp-json\/wp\/v2\/pages\/19020","targetHints":{"allow":["GET"]}}],"collection":[{"href":"https:\/\/www.vinci-construction-projets.com\/es\/wp-json\/wp\/v2\/pages"}],"about":[{"href":"https:\/\/www.vinci-construction-projets.com\/es\/wp-json\/wp\/v2\/types\/page"}],"author":[{"embeddable":true,"href":"https:\/\/www.vinci-construction-projets.com\/es\/wp-json\/wp\/v2\/users\/17"}],"replies":[{"embeddable":true,"href":"https:\/\/www.vinci-construction-projets.com\/es\/wp-json\/wp\/v2\/comments?post=19020"}],"version-history":[{"count":2,"href":"https:\/\/www.vinci-construction-projets.com\/es\/wp-json\/wp\/v2\/pages\/19020\/revisions"}],"predecessor-version":[{"id":19022,"href":"https:\/\/www.vinci-construction-projets.com\/es\/wp-json\/wp\/v2\/pages\/19020\/revisions\/19022"}],"up":[{"embeddable":true,"href":"https:\/\/www.vinci-construction-projets.com\/es\/wp-json\/wp\/v2\/pages\/11096"}],"wp:attachment":[{"href":"https:\/\/www.vinci-construction-projets.com\/es\/wp-json\/wp\/v2\/media?parent=19020"}],"curies":[{"name":"wp","href":"https:\/\/api.w.org\/{rel}","templated":true}]}}