{"id":1249,"date":"2016-06-30T08:55:03","date_gmt":"2016-06-30T07:55:03","guid":{"rendered":"http:\/\/vinci-construction-projets.com\/?page_id=1249"},"modified":"2022-12-12T10:14:38","modified_gmt":"2022-12-12T09:14:38","slug":"etudiants","status":"publish","type":"page","link":"https:\/\/www.vinci-construction-projets.com\/fr\/nous-rejoindre\/etudiants\/","title":{"rendered":"\u00c9tudiants"},"content":{"rendered":"<h4 class=\"p1\"><span class=\"s1\">Les stages\u00a0<\/span><\/h4>\n<p class=\"p1\"><span class=\"s1\">Nous vous accueillons traditionnellement des jeunes en stage, <strong>sur nos chantiers ou au sein de nos services fonctionnels et techniques du si\u00e8ge de l\u2019entreprise<\/strong>.<br \/>\nCes stages font l&rsquo;objet d&rsquo;une convention entre l&rsquo;\u00e9cole (en France ou \u00e0 l&rsquo;\u00e9tranger), VINCI Construction Grands Projets et vous-m\u00eames.\u00a0<\/span><\/p>\n","protected":false},"excerpt":{"rendered":"<p>Les stages\u00a0 Nous vous accueillons traditionnellement des jeunes en stage, sur nos chantiers ou au sein de nos services fonctionnels et techniques du si\u00e8ge de l\u2019entreprise. Ces stages font l&rsquo;objet d&rsquo;une convention entre l&rsquo;\u00e9cole (en France ou \u00e0 l&rsquo;\u00e9tranger), VINCI Construction Grands Projets et vous-m\u00eames.\u00a0<\/p>\n","protected":false},"author":17,"featured_media":0,"parent":45,"menu_order":0,"comment_status":"closed","ping_status":"closed","template":"","meta":{"_acf_changed":false,"footnotes":""},"class_list":["post-1249","page","type-page","status-publish","hentry"],"acf":[],"_links":{"self":[{"href":"https:\/\/www.vinci-construction-projets.com\/fr\/wp-json\/wp\/v2\/pages\/1249","targetHints":{"allow":["GET"]}}],"collection":[{"href":"https:\/\/www.vinci-construction-projets.com\/fr\/wp-json\/wp\/v2\/pages"}],"about":[{"href":"https:\/\/www.vinci-construction-projets.com\/fr\/wp-json\/wp\/v2\/types\/page"}],"author":[{"embeddable":true,"href":"https:\/\/www.vinci-construction-projets.com\/fr\/wp-json\/wp\/v2\/users\/17"}],"replies":[{"embeddable":true,"href":"https:\/\/www.vinci-construction-projets.com\/fr\/wp-json\/wp\/v2\/comments?post=1249"}],"version-history":[{"count":51,"href":"https:\/\/www.vinci-construction-projets.com\/fr\/wp-json\/wp\/v2\/pages\/1249\/revisions"}],"predecessor-version":[{"id":18769,"href":"https:\/\/www.vinci-construction-projets.com\/fr\/wp-json\/wp\/v2\/pages\/1249\/revisions\/18769"}],"up":[{"embeddable":true,"href":"https:\/\/www.vinci-construction-projets.com\/fr\/wp-json\/wp\/v2\/pages\/45"}],"wp:attachment":[{"href":"https:\/\/www.vinci-construction-projets.com\/fr\/wp-json\/wp\/v2\/media?parent=1249"}],"curies":[{"name":"wp","href":"https:\/\/api.w.org\/{rel}","templated":true}]}}