{"id":1317,"date":"2016-06-30T13:23:06","date_gmt":"2016-06-30T12:23:06","guid":{"rendered":"http:\/\/vinci-construction-projets.com\/?page_id=1317"},"modified":"2022-11-21T15:45:49","modified_gmt":"2022-11-21T14:45:49","slug":"experimentes","status":"publish","type":"page","link":"https:\/\/www.vinci-construction-projets.com\/fr\/nous-rejoindre\/experimentes\/","title":{"rendered":"Exp\u00e9riment\u00e9s"},"content":{"rendered":"<p><img loading=\"lazy\" decoding=\"async\" class=\"alignright wp-image-8045 \" src=\"http:\/\/vinci-construction-projets.com\/wp-content\/uploads\/2016\/06\/ITER_2016.jpg\" alt=\"iter_2016\" width=\"600\" height=\"340\" srcset=\"https:\/\/www.vinci-construction-projets.com\/wp-content\/uploads\/2016\/06\/ITER_2016.jpg 600w, https:\/\/www.vinci-construction-projets.com\/wp-content\/uploads\/2016\/06\/ITER_2016-300x170.jpg 300w, https:\/\/www.vinci-construction-projets.com\/wp-content\/uploads\/2016\/06\/ITER_2016-400x227.jpg 400w, https:\/\/www.vinci-construction-projets.com\/wp-content\/uploads\/2016\/06\/ITER_2016-503x285.jpg 503w, https:\/\/www.vinci-construction-projets.com\/wp-content\/uploads\/2016\/06\/ITER_2016-386x219.jpg 386w, https:\/\/www.vinci-construction-projets.com\/wp-content\/uploads\/2016\/06\/ITER_2016-353x200.jpg 353w, https:\/\/www.vinci-construction-projets.com\/wp-content\/uploads\/2016\/06\/ITER_2016-285x162.jpg 285w\" sizes=\"auto, (max-width: 600px) 100vw, 600px\" \/><\/p>\n<p>Participez \u00e0 des projets exceptionnels !<br \/>\nEn tant que concepteur-constructeur et filiale du groupe VINCI, acteur mondial des m\u00e9tiers des concessions et de la construction, notre activit\u00e9 est diversifi\u00e9e et concerne diff\u00e9rents domaines d\u2019activit\u00e9s<strong>, en particulier l\u2019\u00e9nergie, l\u2019hydraulique et l\u2019environnement, les b\u00e2timents et les infrastructures de transport. <\/strong><\/p>\n<p>Notre activit\u00e9 s\u2019exerce dans le cadre de projets de<strong>\u00a0plusieurs centaines de millions d\u2019euros<\/strong>, dans un\u00a0<strong>contexte international.<\/strong><\/p>\n<p>VINCI Construction Grands Projets offre des\u00a0<strong>perspectives de carri\u00e8res en France et \u00e0 l\u2019\u00e9tranger<\/strong>, r\u00e9unissant l\u2019ensemble des comp\u00e9tences-cl\u00e9s n\u00e9cessaires \u00e0 la r\u00e9alisation des grands ouvrages :<\/p>\n<ul>\n<li>Travaux<\/li>\n<li>Technique<\/li>\n<li>Mat\u00e9riel<\/li>\n<li>Qualit\u00e9, S\u00e9curit\u00e9, Environnement<\/li>\n<li>Syst\u00e8mes d&rsquo;information<\/li>\n<li>Finance, ressources humaines, juridique et communication<\/li>\n<\/ul>\n","protected":false},"excerpt":{"rendered":"<p>Participez \u00e0 des projets exceptionnels ! En tant que concepteur-constructeur et filiale du groupe VINCI, acteur mondial des m\u00e9tiers des concessions et de la construction, notre activit\u00e9 est diversifi\u00e9e et concerne diff\u00e9rents domaines d\u2019activit\u00e9s, en particulier l\u2019\u00e9nergie, l\u2019hydraulique et l\u2019environnement, les b\u00e2timents et les infrastructures de transport. Notre activit\u00e9 s\u2019exerce dans le cadre de projets [&hellip;]<\/p>\n","protected":false},"author":17,"featured_media":0,"parent":45,"menu_order":0,"comment_status":"closed","ping_status":"closed","template":"","meta":{"_acf_changed":false,"footnotes":""},"class_list":["post-1317","page","type-page","status-publish","hentry"],"acf":[],"_links":{"self":[{"href":"https:\/\/www.vinci-construction-projets.com\/fr\/wp-json\/wp\/v2\/pages\/1317","targetHints":{"allow":["GET"]}}],"collection":[{"href":"https:\/\/www.vinci-construction-projets.com\/fr\/wp-json\/wp\/v2\/pages"}],"about":[{"href":"https:\/\/www.vinci-construction-projets.com\/fr\/wp-json\/wp\/v2\/types\/page"}],"author":[{"embeddable":true,"href":"https:\/\/www.vinci-construction-projets.com\/fr\/wp-json\/wp\/v2\/users\/17"}],"replies":[{"embeddable":true,"href":"https:\/\/www.vinci-construction-projets.com\/fr\/wp-json\/wp\/v2\/comments?post=1317"}],"version-history":[{"count":30,"href":"https:\/\/www.vinci-construction-projets.com\/fr\/wp-json\/wp\/v2\/pages\/1317\/revisions"}],"predecessor-version":[{"id":18673,"href":"https:\/\/www.vinci-construction-projets.com\/fr\/wp-json\/wp\/v2\/pages\/1317\/revisions\/18673"}],"up":[{"embeddable":true,"href":"https:\/\/www.vinci-construction-projets.com\/fr\/wp-json\/wp\/v2\/pages\/45"}],"wp:attachment":[{"href":"https:\/\/www.vinci-construction-projets.com\/fr\/wp-json\/wp\/v2\/media?parent=1317"}],"curies":[{"name":"wp","href":"https:\/\/api.w.org\/{rel}","templated":true}]}}