{"id":1371,"date":"2016-06-30T15:49:17","date_gmt":"2016-06-30T14:49:17","guid":{"rendered":"http:\/\/vinci-construction-projets.com\/?page_id=1371"},"modified":"2022-11-21T16:20:41","modified_gmt":"2022-11-21T15:20:41","slug":"direction-travaux","status":"publish","type":"page","link":"https:\/\/www.vinci-construction-projets.com\/fr\/nous-rejoindre\/nos-metiers\/direction-travaux\/","title":{"rendered":"Direction Travaux"},"content":{"rendered":"<h4>Direction de projet<\/h4>\n<p>En \u00e9troite collaboration avec la direction de secteur, vous veillez \u00e0 la r\u00e9alisation du projet dans le respect du budget, des d\u00e9lais et du cahier des charges d\u00e9finis par le client. Vous d\u00e9finissez, mobilisez et coordonnez les moyens n\u00e9cessaires \u00e0 cette mission, en encadrant les \u00e9quipes de production, des services administratifs et financiers, contractuels, techniques, mat\u00e9riels et QHSE. Vous assurez la bonne application et l\u2019animation des politiques g\u00e9n\u00e9rales de l\u2019entreprise (s\u00e9curit\u00e9, sant\u00e9, qualit\u00e9, ressources humaines\u2026) et le suivi des budgets. Vous \u00eates \u00e0 l\u2019\u00e9coute du client.<\/p>\n<h4>Direction de travaux<\/h4>\n<p>R\u00e9pondant directement \u00e0 la directionde projet, vous pilotez l\u2019ex\u00e9cution des travaux selon le planning, le budget, les crit\u00e8res de qualit\u00e9 et de s\u00e9curit\u00e9 d\u00e9finis par le client ou le directeur de projet. Vous d\u00e9finissez, mobilisez et coordonnez les moyens humains et mat\u00e9riels n\u00e9cessaires \u00e0 cette mission, avec l\u2019appui des services techniques, mat\u00e9riel, QHSE, contractuels, administratifs et financiers affect\u00e9s au projet. Vous appliquez les politiques g\u00e9n\u00e9rales de l\u2019entreprise, en particulier en mati\u00e8re de qualit\u00e9 et s\u00e9curit\u00e9.<\/p>\n<h4>Ing\u00e9nierie travaux et Conduite de travaux<\/h4>\n<p>R\u00e9pondant \u00e0 la direction de travaux, vous \u00eates responsable de l\u2019organisation, de la conduite et de la coordination du chantier. Vous avez pour mission le respect des plannings et de la qualit\u00e9 d\u2019ex\u00e9cution de l\u2019ouvrage. A ce titre, vous assurez la mise en \u0153uvre des moyens n\u00e9cessaires \u00e0 l\u2019ex\u00e9cution du chantier dans le respect des conditions de d\u00e9lais, de co\u00fbt, de qualit\u00e9 et de s\u00e9curit\u00e9 (budget, m\u00e9thodes, main-d\u2019\u0153uvre, pr\u00e9paration de chantier). et \u00eates responsable de la d\u00e9finition et du respect des r\u00e8gles de pr\u00e9vention applicables aux chantiers. Il vous incombe de\u00e9galement d\u00e9velopper et entretenir des relations avec les partenaires externes (repr\u00e9sentant du client, fournisseurs, sous-traitants) et internes (chefs de chantier, gestionnaires, bureau d\u2019\u00e9tudes\u2026).<\/p>\n<h4 style=\"text-align: left;\">Conduite de chantier<\/h4>\n<p style=\"text-align: left;\">Sous l\u2019\u00e9gide de la conduite de travaux ou \u00e0 l\u2019ing\u00e9nierier travaux, vous supervisez l\u2019installation du chantier, la livraisonla r\u00e9ception des engins et des mat\u00e9riaux et contr\u00f4lez les approvisionnements. Vous organisez le travail \u00e0 partir de plans et coordonnez l\u2019action des diff\u00e9rents corps de m\u00e9tiers pr\u00e9sents sur le chantier. Les d\u00e9lais d\u2019ex\u00e9cution et la d\u00e9finition des volumes d\u2019heures et de main-d\u2019\u0153uvre n\u00e9cessaires ainsi que la pr\u00e9paration des r\u00e9unions de chantier sont \u00e9galement sous votre responsabilit\u00e9. Vous participez \u00e0 la formation du personnel et \u00e0 l\u2019animation des \u00e9quipes.<\/p>\n","protected":false},"excerpt":{"rendered":"<p>Direction de projet En \u00e9troite collaboration avec la direction de secteur, vous veillez \u00e0 la r\u00e9alisation du projet dans le respect du budget, des d\u00e9lais et du cahier des charges d\u00e9finis par le client. Vous d\u00e9finissez, mobilisez et coordonnez les moyens n\u00e9cessaires \u00e0 cette mission, en encadrant les \u00e9quipes de production, des services administratifs et [&hellip;]<\/p>\n","protected":false},"author":17,"featured_media":0,"parent":1359,"menu_order":0,"comment_status":"closed","ping_status":"closed","template":"","meta":{"_acf_changed":false,"footnotes":""},"class_list":["post-1371","page","type-page","status-publish","hentry"],"acf":[],"_links":{"self":[{"href":"https:\/\/www.vinci-construction-projets.com\/fr\/wp-json\/wp\/v2\/pages\/1371","targetHints":{"allow":["GET"]}}],"collection":[{"href":"https:\/\/www.vinci-construction-projets.com\/fr\/wp-json\/wp\/v2\/pages"}],"about":[{"href":"https:\/\/www.vinci-construction-projets.com\/fr\/wp-json\/wp\/v2\/types\/page"}],"author":[{"embeddable":true,"href":"https:\/\/www.vinci-construction-projets.com\/fr\/wp-json\/wp\/v2\/users\/17"}],"replies":[{"embeddable":true,"href":"https:\/\/www.vinci-construction-projets.com\/fr\/wp-json\/wp\/v2\/comments?post=1371"}],"version-history":[{"count":17,"href":"https:\/\/www.vinci-construction-projets.com\/fr\/wp-json\/wp\/v2\/pages\/1371\/revisions"}],"predecessor-version":[{"id":18684,"href":"https:\/\/www.vinci-construction-projets.com\/fr\/wp-json\/wp\/v2\/pages\/1371\/revisions\/18684"}],"up":[{"embeddable":true,"href":"https:\/\/www.vinci-construction-projets.com\/fr\/wp-json\/wp\/v2\/pages\/1359"}],"wp:attachment":[{"href":"https:\/\/www.vinci-construction-projets.com\/fr\/wp-json\/wp\/v2\/media?parent=1371"}],"curies":[{"name":"wp","href":"https:\/\/api.w.org\/{rel}","templated":true}]}}