{"id":1384,"date":"2016-06-30T15:59:13","date_gmt":"2016-06-30T14:59:13","guid":{"rendered":"http:\/\/vinci-construction-projets.com\/?page_id=1384"},"modified":"2022-11-21T16:24:55","modified_gmt":"2022-11-21T15:24:55","slug":"direction-technique","status":"publish","type":"page","link":"https:\/\/www.vinci-construction-projets.com\/fr\/nous-rejoindre\/nos-metiers\/direction-technique\/","title":{"rendered":"Technique"},"content":{"rendered":"<h4>Direction technique<\/h4>\n<p>R\u00e9pondant directement \u00e0 la direction de projet, votre mission consiste \u00e0 organiser, mobiliser et piloter la direction technique du projet sur nos grands projets. Les domaines concernent g\u00e9n\u00e9ralement les \u00e9tudes de conception et d\u2019ex\u00e9cution dont la g\u00e9otechnique, les m\u00e9thodes, le planning. Vous veillez \u00e0 la ma\u00eetrise des sujets techniques sur le projet et \u00e0 ce titre apportez et proposez des solutions\/variantes techniques, ma\u00eetrisez les quantit\u00e9s \u00e0 mettre en \u0153uvre, et g\u00e9rez l\u2019avancement des \u00e9tudes et de leurs approbations. Vous animez l\u2019\u00e9quipe technique du projet et g\u00e9rez des contrats de prestataires \u00e9tudes.<\/p>\n<h4>Ing\u00e9nierie \u00e9tudes de prix<\/h4>\n<p>Vous \u00eates responsable de tout ou partie de l\u2019\u00e9valuation financi\u00e8re d\u2019un projet. Apr\u00e8s avoir proc\u00e9d\u00e9 \u00e0 l\u2019analyse technique du projet, vous d\u00e9finissez les m\u00e9thodes, les parties constructives et le programme pr\u00e9visionnel des travaux. Vous d\u00e9terminez aussi le co\u00fbt des travaux et les moyens humains et mat\u00e9riels n\u00e9cessaires \u00e0 leur succ\u00e8s, dans un souci constant de rentabilit\u00e9.<\/p>\n<h4>Ing\u00e9nierie structures<\/h4>\n<p class=\"p2\">En \u00e9troite collaboration avec les responsables de chantier, vous \u00eates en charge des \u00e9tudes d\u2019ex\u00e9cution et des calculs de structure. Vous proc\u00e9dez \u00e0 l\u2019\u00e9tude et la pr\u00e9paration des dossiers techniques et coordonnez la r\u00e9alisation des plans de coffrage et d\u2019armatures n\u00e9cessaires \u00e0 la construction d\u2019un ouvrage. Vous d\u00e9terminez de mani\u00e8re globale ou provisoire les proc\u00e9d\u00e9s techniques, les m\u00e9thodes d\u2019organisation et le co\u00fbt de la construction.<\/p>\n<h4 class=\"p2\">Ing\u00e9nierie m\u00e9thodes<\/h4>\n<p class=\"p2\">R\u00e9pondant \u00e0 la direction des m\u00e9thodes, \u00e0 l\u2019interface entre les \u00e9tudes de structures et le chantier, vous d\u00e9finissez en amont une m\u00e9thodologie de travail et un planning d\u2019ex\u00e9cution. Vous proc\u00e9dez \u00e0 l\u2019\u00e9laboration des phasages de r\u00e9alisation d\u2019ouvrage ou d\u2019installation, \u00e0 la conception des \u00e9quipements sp\u00e9cifiques n\u00e9cessaires \u00e0 la construction, dans le respect des budgets et dans la recherche de la performance et de l\u2019innovation.<\/p>\n<h4>Projection m\u00e9thodes<\/h4>\n<p>Sous l\u2019\u00e9gide de l\u2019ing\u00e9nierie \u00e9tudes, vous d\u00e9veloppez les solutions techniques appliqu\u00e9es aux projets, les visualisez sous forme de plans et de mod\u00e8les num\u00e9riques. Vous cr\u00e9ez les documents n\u00e9cessaires \u00e0 la bonne compr\u00e9hension des phasages de travaux et \u00e0 la d\u00e9finition ou la fabrication des \u00e9quipements sp\u00e9ciaux n\u00e9cessaires \u00e0 la construction.<\/p>\n<h4>BIM Management<\/h4>\n<p>Vous organisez le d\u00e9marrage et le suivi des projets BIM (Building Information Modeling), en coordonnant les diff\u00e9rents acteurs impliqu\u00e9s dans le processus BIM. Vous veillez \u00e0 la production des mod\u00e8les BIM et de leurs fonctionnalit\u00e9s, tout en \u00e9tant responsable du d\u00e9veloppement des standards BIM, de leur mise en \u0153uvre et de leur utilisation sur le projet. Vous \u00e9laborez et mettez \u00e0 jour le BIM Execution Plan, produisez les gabarits de projet en conformit\u00e9 avec les exigences du projet \u00e0 toutes les phases (conception, construction et exploitation et maintenance) et d\u00e9termine et surveille les indicateurs de performance pour suivre le respect total du processus BIM.<\/p>\n<h4>Ing\u00e9nierie planning<\/h4>\n<p>Sur le chantier, vous \u00eates responsable de toute la planification et de l\u2019\u00e9valuation de l\u2019avancement du projet sur site. En interface avec les \u00e9quipes de production, vous identifiez les diff\u00e9rentes contraintes planning des parties concern\u00e9es. Vous r\u00e9actualisez le planning selon les instructions de la direction du chantier, analysez les d\u00e9rives et proposez des plans d\u2019action pour optimiser les d\u00e9lais en fonction des contraintes internes et externes au chantier.<br \/>\nAu si\u00e8ge, vous \u00eates responsable de l\u2019analyse des pi\u00e8ces contractuelles et de la synth\u00e8se des points relatifs aux d\u00e9lais. Vous avez en charge l\u2019\u00e9tude et la mise au point de la programmation du projet en collaboration avec les autres intervenants, avec mise en \u00e9vidence du chemin critique. Vous faites fait \u00e9galement le montage de la partie relative \u00e0 la planification du dossier de remise d\u2019offre, l\u2019analyse des risques et la r\u00e9daction des r\u00e9serves li\u00e9es au programme ainsi que l\u2019\u00e9tablissement de la pr\u00e9vision de tr\u00e9sorerie.<\/p>\n<h4>Ing\u00e9nierie g\u00e9otechnique<\/h4>\n<p>Au sein de la direction technique (p\u00f4le g\u00e9otechnique du d\u00e9partement scientifique), vous participez \u00e0 la ma\u00eetrise technique des projets (ponts, ouvrages enterr\u00e9s, stations, a\u00e9roports, stations d\u2019\u00e9puration, b\u00e2timents, barrages, r\u00e9servoirs GNL, etc.), en intervenant sur l\u2019ensemble des probl\u00e9matiques li\u00e9es au sol : d\u00e9finition, suivi et interpr\u00e9tation des campagnes g\u00e9otechniques, analyse des risques, d\u00e9finition des param\u00e8tres pour le calcul de structure, recherche et optimisation de solutions techniques et dimensionnement\/justification d\u2019ouvrages g\u00e9otechniques (fondations, sout\u00e8nements, am\u00e9lioration des sols, rabattement, etc). Vous travaillez en \u00e9troite relation avec les diff\u00e9rentes entit\u00e9s de la direction technique, les directions op\u00e9rationnelles et les chantiers.<\/p>\n","protected":false},"excerpt":{"rendered":"<p>Direction technique R\u00e9pondant directement \u00e0 la direction de projet, votre mission consiste \u00e0 organiser, mobiliser et piloter la direction technique du projet sur nos grands projets. Les domaines concernent g\u00e9n\u00e9ralement les \u00e9tudes de conception et d\u2019ex\u00e9cution dont la g\u00e9otechnique, les m\u00e9thodes, le planning. Vous veillez \u00e0 la ma\u00eetrise des sujets techniques sur le projet et [&hellip;]<\/p>\n","protected":false},"author":17,"featured_media":0,"parent":1359,"menu_order":0,"comment_status":"closed","ping_status":"closed","template":"","meta":{"_acf_changed":false,"footnotes":""},"class_list":["post-1384","page","type-page","status-publish","hentry"],"acf":[],"_links":{"self":[{"href":"https:\/\/www.vinci-construction-projets.com\/fr\/wp-json\/wp\/v2\/pages\/1384","targetHints":{"allow":["GET"]}}],"collection":[{"href":"https:\/\/www.vinci-construction-projets.com\/fr\/wp-json\/wp\/v2\/pages"}],"about":[{"href":"https:\/\/www.vinci-construction-projets.com\/fr\/wp-json\/wp\/v2\/types\/page"}],"author":[{"embeddable":true,"href":"https:\/\/www.vinci-construction-projets.com\/fr\/wp-json\/wp\/v2\/users\/17"}],"replies":[{"embeddable":true,"href":"https:\/\/www.vinci-construction-projets.com\/fr\/wp-json\/wp\/v2\/comments?post=1384"}],"version-history":[{"count":23,"href":"https:\/\/www.vinci-construction-projets.com\/fr\/wp-json\/wp\/v2\/pages\/1384\/revisions"}],"predecessor-version":[{"id":18688,"href":"https:\/\/www.vinci-construction-projets.com\/fr\/wp-json\/wp\/v2\/pages\/1384\/revisions\/18688"}],"up":[{"embeddable":true,"href":"https:\/\/www.vinci-construction-projets.com\/fr\/wp-json\/wp\/v2\/pages\/1359"}],"wp:attachment":[{"href":"https:\/\/www.vinci-construction-projets.com\/fr\/wp-json\/wp\/v2\/media?parent=1384"}],"curies":[{"name":"wp","href":"https:\/\/api.w.org\/{rel}","templated":true}]}}