{"id":1390,"date":"2016-06-30T16:10:08","date_gmt":"2016-06-30T15:10:08","guid":{"rendered":"http:\/\/vinci-construction-projets.com\/?page_id=1390"},"modified":"2022-11-21T16:24:47","modified_gmt":"2022-11-21T15:24:47","slug":"direction-materiel","status":"publish","type":"page","link":"https:\/\/www.vinci-construction-projets.com\/fr\/nous-rejoindre\/nos-metiers\/direction-materiel\/","title":{"rendered":"Mat\u00e9riel"},"content":{"rendered":"<h4>Direction mat\u00e9riel (chantier)<\/h4>\n<p>R\u00e9pondant directement \u00e0 la direction de projet, vous mettez en place l\u2019organisation et les ressources \u00ab mat\u00e9riel \u00bb n\u00e9cessaires \u00e0 la r\u00e9alisation du chantier. Vous proposez les mat\u00e9riels les plus adapt\u00e9s au contexte du projet (planning, cadence, r\u00e8glementation,\u00a0etc), \u00a0g\u00e9rez les contrats d\u2019achat ou de location, participez \u00e0 la d\u00e9finition des installations du chantier en lien avec les m\u00e9thodes. Vous veillez au maintien en conditions op\u00e9rationnelles des \u00e9quipements et du respect des budgets d\u00e9finis.<\/p>\n<h4>Ing\u00e9nierie mat\u00e9riel<\/h4>\n<p>Sous l\u2019\u00e9gide de la direction mat\u00e9riel, vous r\u00e9digez les prescriptions techniques et r\u00e9alisez les consultations d\u2019achat ou de location. Vous planifiez et organisez la maintenance des \u00e9quipements dont vous avez la charge, ainsi que des op\u00e9rations sp\u00e9cifiques, en g\u00e9rant votre budget et le suivi desd\u00e9penses. Vous \u00eates en relation avec les services m\u00e9thodes et production.<\/p>\n<h4>M\u00e9canique<\/h4>\n<p>Au sein de l\u2019\u00e9quipe mat\u00e9riel, vous \u00eates en charge de l\u2019entretien p\u00e9riodique, du diagnostic en cas de panne, des r\u00e9parations et des r\u00e9glages des engins dont vous a la charge. Vous assurez le maintien du niveau de s\u00e9curit\u00e9 des machines etla tra\u00e7abilit\u00e9 de vos interventions. Une \u00e9quipe peut \u00eatre plac\u00e9e sous votre responsabilit\u00e9.<\/p>\n<h4>\u00c9lectricit\u00e9<\/h4>\n<p>Au sein de l\u2019\u00e9quipe mat\u00e9riel, vous effectuez tous les travaux d\u2019installations \u00e9lectriques et de raccordement d\u2019appareils, dans le respect des sch\u00e9mas qui vous sont transmis et des normes de s\u00e9curit\u00e9 \u00e9lectrique. Vous assurez le maintien en conformit\u00e9 des installations. Vous r\u00e9alisez des interventions de diagnostic et de d\u00e9pannage des \u00e9quipements.<\/p>\n<h4>M\u00e9tiers de sp\u00e9cialit\u00e9<\/h4>\n<p><strong>Automatique<\/strong>\u00a0: vous avez en charge la programmation des automates utilis\u00e9s pour le contr\u00f4le et la supervision des machines<\/p>\n<p><strong>Hydraulique<\/strong>\u00a0: sp\u00e9cialiste en hydraulique de puissance (engins), la la lecture des sch\u00e9mas hydrauliques pour le diagnostic des pannes n\u2019a pas de secret pour vous.s<\/p>\n<p><strong>Chaudronnerie<\/strong>\u00a0: sp\u00e9cialiste du travail des m\u00e9taux ferreux et alliages, vous r\u00e9alisez des pi\u00e8ces \u00e0 partir de plans ou de prise de mesures. Vous devez ma\u00eetriser les \u00e9quipements courants d\u2019un atelier de chaudronnerie (chalumeau, postes \u00e0 souder, etc.)<\/p>\n","protected":false},"excerpt":{"rendered":"<p>Direction mat\u00e9riel (chantier) R\u00e9pondant directement \u00e0 la direction de projet, vous mettez en place l\u2019organisation et les ressources \u00ab mat\u00e9riel \u00bb n\u00e9cessaires \u00e0 la r\u00e9alisation du chantier. Vous proposez les mat\u00e9riels les plus adapt\u00e9s au contexte du projet (planning, cadence, r\u00e8glementation,\u00a0etc), \u00a0g\u00e9rez les contrats d\u2019achat ou de location, participez \u00e0 la d\u00e9finition des installations du [&hellip;]<\/p>\n","protected":false},"author":17,"featured_media":0,"parent":1359,"menu_order":0,"comment_status":"closed","ping_status":"closed","template":"","meta":{"_acf_changed":false,"footnotes":""},"class_list":["post-1390","page","type-page","status-publish","hentry"],"acf":[],"_links":{"self":[{"href":"https:\/\/www.vinci-construction-projets.com\/fr\/wp-json\/wp\/v2\/pages\/1390","targetHints":{"allow":["GET"]}}],"collection":[{"href":"https:\/\/www.vinci-construction-projets.com\/fr\/wp-json\/wp\/v2\/pages"}],"about":[{"href":"https:\/\/www.vinci-construction-projets.com\/fr\/wp-json\/wp\/v2\/types\/page"}],"author":[{"embeddable":true,"href":"https:\/\/www.vinci-construction-projets.com\/fr\/wp-json\/wp\/v2\/users\/17"}],"replies":[{"embeddable":true,"href":"https:\/\/www.vinci-construction-projets.com\/fr\/wp-json\/wp\/v2\/comments?post=1390"}],"version-history":[{"count":13,"href":"https:\/\/www.vinci-construction-projets.com\/fr\/wp-json\/wp\/v2\/pages\/1390\/revisions"}],"predecessor-version":[{"id":18687,"href":"https:\/\/www.vinci-construction-projets.com\/fr\/wp-json\/wp\/v2\/pages\/1390\/revisions\/18687"}],"up":[{"embeddable":true,"href":"https:\/\/www.vinci-construction-projets.com\/fr\/wp-json\/wp\/v2\/pages\/1359"}],"wp:attachment":[{"href":"https:\/\/www.vinci-construction-projets.com\/fr\/wp-json\/wp\/v2\/media?parent=1390"}],"curies":[{"name":"wp","href":"https:\/\/api.w.org\/{rel}","templated":true}]}}