{"id":14681,"date":"2018-03-23T12:08:48","date_gmt":"2018-03-23T11:08:48","guid":{"rendered":"http:\/\/vinci-construction-projets.com\/?page_id=14681"},"modified":"2019-09-03T15:23:25","modified_gmt":"2019-09-03T13:23:25","slug":"donnees-personnelles","status":"publish","type":"page","link":"https:\/\/www.vinci-construction-projets.com\/fr\/donnees-personnelles\/","title":{"rendered":"Donn\u00e9es personnelles"},"content":{"rendered":"<h5 class=\"p1\">Information concernant l&rsquo;utilisation des cookies<\/h5>\n<p class=\"p1\">Lors de la consultation de notre site <a href=\"http:\/\/www.vinci-construction-projets.com\" target=\"_blank\" rel=\"noopener\">www.vinci-construction-projets.com<\/a>, des informations sont susceptibles d&rsquo;\u00eatre enregistr\u00e9es dans des fichiers \u00ab cookies \u00bb install\u00e9s dans votre ordinateur, tablette ou t\u00e9l\u00e9phone mobile. Cette page permet de comprendre ce qu\u2019est un cookie, \u00e0 quoi il sert et comment on peut le param\u00e9trer.<\/p>\n<h5 class=\"p1\">Qu\u2019est-ce qu\u2019un cookie ?<\/h5>\n<p class=\"p1\">Un cookie est un fichier texte d\u00e9pos\u00e9, sous r\u00e9serve de vos choix, sur votre terminal (ordinateur, mobile ou tablette) lors de la visite d&rsquo;un site ou de la consultation d&rsquo;une publicit\u00e9. Il a pour but de collecter des informations relatives \u00e0 votre navigation et de vous adresser des services adapt\u00e9s \u00e0 votre terminal (ordinateur, mobile ou tablette).<br \/>\nLes cookies sont g\u00e9r\u00e9s par votre navigateur internet et seul l\u2019\u00e9metteur d\u2019un cookie est susceptible de lire ou de modifier les informations qui cookies sont contenues.<br \/>\nLe cookie ne vous identifie pas personnellement, mais uniquement le navigateur de votre terminal.<\/p>\n<h5 class=\"p1\">A quoi servent les cookies \u00e9mis sur notre site ?<\/h5>\n<p>Trois types de cookies, r\u00e9pondant aux finalit\u00e9s d\u00e9crites ci-dessous, peuvent ainsi \u00eatre enregistr\u00e9s dans votre terminal \u00e0 l\u2019occasion d\u2019une visite de notre site :<\/p>\n<p><strong>1. Les cookies techniques<\/strong> sont n\u00e9cessaires \u00e0 la navigation dans notre site, ainsi qu\u2019\u00e0 l\u2019acc\u00e8s aux diff\u00e9rents produits et services. Les cookies techniques permettent en particulier de vous reconna\u00eetre, de signaler votre passage sur telle ou telle page et ainsi d\u2019am\u00e9liorer votre confort de navigation : adapter la pr\u00e9sentation du site aux pr\u00e9f\u00e9rences d&rsquo;affichage de votre terminal (langue utilis\u00e9e, r\u00e9solution d&rsquo;affichage), m\u00e9moriser les mots de passe et autres informations relatives \u00e0 un formulaire que vous avez rempli sur le site (inscription ou acc\u00e8s \u00e0 l\u2019espace adh\u00e9rents). Les cookies techniques permettent \u00e9galement de mettre en \u0153uvre des mesures de s\u00e9curit\u00e9 (c\u2019est le cas par exemple lorsqu\u2019il vous est demand\u00e9 de vous connecter \u00e0 nouveau \u00e0 l\u2019espace adh\u00e9rent apr\u00e8s un certain laps de temps). Ces cookies ne peuvent pas \u00eatre d\u00e9sactiv\u00e9s ou param\u00e9tr\u00e9s sous peine de ne plus pouvoir acc\u00e9der au site et\/ou aux services du site.<\/p>\n<p><strong>2. Les cookies de mesure d\u2019audience<\/strong> sont \u00e9mis par nous ou par nos prestataires techniques afin de mesurer l\u2019audience des diff\u00e9rents contenus et rubriques de notre site, de les \u00e9valuer et de mieux les organiser. Ces cookies permettent \u00e9galement, le cas \u00e9ch\u00e9ant, de d\u00e9tecter des probl\u00e8mes de navigation et par cons\u00e9quent d\u2019am\u00e9liorer l\u2019ergonomie de nos services. Ces cookies ne produisent que des statistiques anonymes et des volumes de fr\u00e9quentation, \u00e0 l\u2019exclusion de toute information individuelle. La dur\u00e9e de vie de ces cookies de mesure d\u2019audience n\u2019exc\u00e8de pas 13 mois.<\/p>\n<p><strong>3. Les cookies \u00ab r\u00e9seaux sociaux \u00bb<\/strong> permettent de partager des contenus de notre site avec d\u2019autres personnes ou de faire conna\u00eetre \u00e0 ces autres personnes votre consultation ou votre opinion concernant un contenu du site. Tel est, notamment, le cas des boutons \u00ab partager \u00bb, \u00ab j\u2019aime \u00bb, issus des r\u00e9seaux sociaux \u00ab Facebook \u00bb, \u00ab Twitter \u00bb ou \u00ab LinkedIn \u00bb. Le r\u00e9seau social fournissant un tel bouton applicatif est susceptible de vous identifier gr\u00e2ce \u00e0 ce bouton, m\u00eame si vous ne l\u2019avez pas utilis\u00e9 lors de la consultation de notre site. Nous vous invitons \u00e0 consulter les politiques de protection de la vie priv\u00e9e de ces r\u00e9seaux sociaux afin de prendre connaissance des finalit\u00e9s d\u2019utilisation, notamment publicitaires, des informations de navigation qu\u2019ils peuvent recueillir gr\u00e2ce \u00e0 ces boutons applicatifs. La dur\u00e9e de vie de ces cookies n\u2019exc\u00e8de pas 13 mois.<\/p>\n<h5 class=\"p1\">Vos choix concernant les cookies<\/h5>\n<p class=\"p1\">En utilisant notre site, vous consentez \u00e0 l\u2019utilisation des cookies pr\u00e9cit\u00e9s. Vous pouvez toutefois choisir \u00e0 tout moment de d\u00e9sactiver tout ou une partie de ces cookies, \u00e0 l\u2019exception des cookies techniques n\u00e9cessaires au fonctionnement du site, comme indiqu\u00e9 ci-dessus. Votre navigateur peut \u00e9galement \u00eatre param\u00e9tr\u00e9 pour vous signaler les cookies qui sont d\u00e9pos\u00e9s dans votre terminal et vous demander de les accepter ou pas.<\/p>\n<p class=\"p1\"><strong>1. Refuser un cookie par l\u2019interm\u00e9diaire de votre logiciel de navigation<\/strong><\/p>\n<p class=\"p1\">Vous pouvez \u00e0 tout moment choisir de d\u00e9sactiver tout ou partie des cookies. Votre navigateur peut \u00e9galement \u00eatre param\u00e9tr\u00e9 pour vous signaler les cookies d\u00e9pos\u00e9s dans votre terminal et vous demander de les accepter ou non (au cas par cas ou en totalit\u00e9). Nous vous rappelons toutefois que la d\u00e9sactivation de tous les cookies vous emp\u00eachera d\u2019utiliser notre site dans des conditions normales, \u00e0 l\u2019exception des fonctions basiques.<\/p>\n<p class=\"p1\">Pour la gestion des cookies et de vos choix, la configuration de chaque navigateur est diff\u00e9rente. Elle est d\u00e9crite dans le menu d&rsquo;aide de votre navigateur, qui vous permettra de savoir de quelle mani\u00e8re modifier vos souhaits en mati\u00e8re de cookies. Pour :<\/p>\n<ul>\n<li class=\"p1\"><a href=\"https:\/\/support.google.com\/chrome\/answer\/95647\" target=\"_blank\" rel=\"noopener noreferrer\">Google Chrome\u2122<\/a><\/li>\n<li class=\"p2\"><a href=\"https:\/\/support.microsoft.com\/help\/17442\/windows-internet-explorer-delete-manage-cookies\" target=\"_blank\" rel=\"noopener noreferrer\">Microsoft Internet Explorer\u2122<\/a><\/li>\n<li class=\"p2\"><a href=\"https:\/\/support.mozilla.org\/kb\/enable-and-disable-cookies-website-preferences\" target=\"_blank\" rel=\"noopener noreferrer\">Mozilla Firefox\u2122<\/a><\/li>\n<li class=\"p2\"><a href=\"https:\/\/support.apple.com\/fr-fr\/guide\/safari\/sfri11471\/mac\" target=\"_blank\" rel=\"noopener noreferrer\">Apple Safari\u2122<\/a><\/li>\n<li class=\"p2\"><a href=\"https:\/\/www.accepterlescookies.com\/comment-accepter-les-cookies-sur-opera.html\" target=\"_blank\" rel=\"noopener noreferrer\">Opera\u2122<\/a><\/li>\n<\/ul>\n<p class=\"p1\">Vous pouvez \u00e9galement param\u00e9trer votre navigateur afin que celui-ci envoie un code indiquant aux sites web que vous ne souhaitez pas \u00eatre suivis (option \u00ab Do No Track \u00bb). Pour :<\/p>\n<ul>\n<li class=\"p1\"><a href=\"https:\/\/support.google.com\/chrome\/answer\/2790761\" target=\"_blank\" rel=\"noopener noreferrer\">Google Chrome\u2122<\/a><\/li>\n<li class=\"p2\"><a href=\"https:\/\/support.microsoft.com\/help\/17288\/windows-internet-explorer-11-use-do-not-track\" target=\"_blank\" rel=\"noopener noreferrer\">Microsoft Internet Explorer\u2122<\/a><\/li>\n<li class=\"p2\"><a href=\"https:\/\/support.mozilla.org\/kb\/how-do-i-turn-do-not-track-feature\" target=\"_blank\" rel=\"noopener noreferrer\">Mozilla Firefox\u2122<\/a><\/li>\n<li class=\"p2\"><a href=\"https:\/\/support.apple.com\/fr-fr\/guide\/safari\/sfri40732\/mac\" target=\"_blank\" rel=\"noopener noreferrer\">Apple Safari\u2122<\/a><\/li>\n<li class=\"p2\"><a href=\"http:\/\/help.opera.com\/Windows\/12.10\/en\/notrack.html\" target=\"_blank\" rel=\"noopener noreferrer\">Opera\u2122<\/a><\/li>\n<\/ul>\n<p class=\"p1\"><strong>2. Refuser un cookie d\u2019audience<\/strong><\/p>\n<p class=\"p1\">Sur notre site, les cookies d\u2019audience sont d\u00e9pos\u00e9s par la soci\u00e9t\u00e9 Google Analytics.<br \/>\nSi vous ne souhaitez pas que notre site enregistre des cookies dans votre navigateur \u00e0 des fins de mesure d\u2019audience, vous pouvez cliquer sur le lien de d\u00e9sactivation suivant qui enregistrera au sein de votre navigateur un cookie ayant pour unique objet de les d\u00e9sactiver. Cliquez ici pour vous opposer aux cookies de mesure d&rsquo;audience de Google.<br \/>\nSi vous souhaitez bloquer globalement l&rsquo;utilisation de vos donn\u00e9es par les fichiers JavaScript de Google Analytics, t\u00e9l\u00e9chargez le <a href=\"https:\/\/tools.google.com\/dlpage\/gaoptout?hl=fr\" target=\"_blank\" rel=\"noopener\">module compl\u00e9mentaire de navigateur<\/a> pour la d\u00e9sactivation de Google Analytics.<\/p>\n<p class=\"p1\"><strong>3. Refuser un cookie \u00e9mis par un r\u00e9seau social<\/strong><\/p>\n<p class=\"p1\">Si vous ne souhaitez pas que notre site enregistre des cookies dans votre navigateur \u00e0 cette fin, vous pouvez cliquer sur les liens de d\u00e9sactivation suivants qui enregistreront au sein de votre navigateur un cookie ayant pour unique objet de neutraliser l\u2019utilisation des autres cookies provenant d\u2019un m\u00eame \u00e9metteur. D\u00e9sactiver ces cookies emp\u00eachera donc toute interaction avec le ou les r\u00e9seaux sociaux concern\u00e9s :<\/p>\n<ul>\n<li class=\"p1\"><a href=\"https:\/\/www.facebook.com\/policies\/cookies\/\" target=\"_blank\" rel=\"noopener noreferrer\">Facebook<\/a><\/li>\n<li class=\"p2\"><a href=\"https:\/\/support.twitter.com\/articles\/20169453\" target=\"_blank\" rel=\"noopener noreferrer\">Twitter<\/a><\/li>\n<li class=\"p2\"><a href=\"https:\/\/www.linkedin.com\/legal\/cookie-policy\" target=\"_blank\" rel=\"noopener noreferrer\">LinkedIn<\/a><\/li>\n<\/ul>\n<p class=\"p1\">Attention, la prise en compte de vos diff\u00e9rents souhaits repose sur un cookie ou plusieurs cookies d\u00e9termin\u00e9s. Si vous supprimez tous les cookies enregistr\u00e9s au sein de votre terminal concernant notre site, nous ne saurons plus quel consentement ou quel refus vous avez \u00e9mis. Cela reviendra donc \u00e0 r\u00e9initialiser votre consentement et vous devrez donc \u00e0 nouveau refuser le ou les cookies que vous ne souhaitez pas conserver. De m\u00eame, si vous utilisez un autre navigateur Internet, vous devrez \u00e0 nouveau refuser ces cookies car vos choix, comme les cookies auxquels ils se rapportent, d\u00e9pendent du navigateur et du terminal (ordinateur, tablette, smartphone, etc.) que vous utilisez pour consulter notre site.<\/p>\n","protected":false},"excerpt":{"rendered":"<p>Information concernant l&rsquo;utilisation des cookies Lors de la consultation de notre site www.vinci-construction-projets.com, des informations sont susceptibles d&rsquo;\u00eatre enregistr\u00e9es dans des fichiers \u00ab cookies \u00bb install\u00e9s dans votre ordinateur, tablette ou t\u00e9l\u00e9phone mobile. Cette page permet de comprendre ce qu\u2019est un cookie, \u00e0 quoi il sert et comment on peut le param\u00e9trer. Qu\u2019est-ce qu\u2019un cookie [&hellip;]<\/p>\n","protected":false},"author":17,"featured_media":0,"parent":0,"menu_order":0,"comment_status":"closed","ping_status":"closed","template":"","meta":{"_acf_changed":false,"footnotes":""},"class_list":["post-14681","page","type-page","status-publish","hentry"],"acf":[],"_links":{"self":[{"href":"https:\/\/www.vinci-construction-projets.com\/fr\/wp-json\/wp\/v2\/pages\/14681","targetHints":{"allow":["GET"]}}],"collection":[{"href":"https:\/\/www.vinci-construction-projets.com\/fr\/wp-json\/wp\/v2\/pages"}],"about":[{"href":"https:\/\/www.vinci-construction-projets.com\/fr\/wp-json\/wp\/v2\/types\/page"}],"author":[{"embeddable":true,"href":"https:\/\/www.vinci-construction-projets.com\/fr\/wp-json\/wp\/v2\/users\/17"}],"replies":[{"embeddable":true,"href":"https:\/\/www.vinci-construction-projets.com\/fr\/wp-json\/wp\/v2\/comments?post=14681"}],"version-history":[{"count":11,"href":"https:\/\/www.vinci-construction-projets.com\/fr\/wp-json\/wp\/v2\/pages\/14681\/revisions"}],"predecessor-version":[{"id":16149,"href":"https:\/\/www.vinci-construction-projets.com\/fr\/wp-json\/wp\/v2\/pages\/14681\/revisions\/16149"}],"wp:attachment":[{"href":"https:\/\/www.vinci-construction-projets.com\/fr\/wp-json\/wp\/v2\/media?parent=14681"}],"curies":[{"name":"wp","href":"https:\/\/api.w.org\/{rel}","templated":true}]}}