{"id":1492,"date":"2016-07-01T11:22:24","date_gmt":"2016-07-01T10:22:24","guid":{"rendered":"http:\/\/vinci-construction-projets.com\/?page_id=1492"},"modified":"2024-08-05T16:03:30","modified_gmt":"2024-08-05T14:03:30","slug":"comment-postuler","status":"publish","type":"page","link":"https:\/\/www.vinci-construction-projets.com\/fr\/nous-rejoindre\/comment-postuler\/","title":{"rendered":"Comment postuler"},"content":{"rendered":"<p><img loading=\"lazy\" decoding=\"async\" class=\"wp-image-14189 size-full aligncenter\" src=\"http:\/\/vinci-construction-projets.com\/wp-content\/uploads\/2018\/01\/Integration-2016.jpg\" alt=\"\" width=\"1362\" height=\"489\" srcset=\"https:\/\/www.vinci-construction-projets.com\/wp-content\/uploads\/2018\/01\/Integration-2016.jpg 1362w, https:\/\/www.vinci-construction-projets.com\/wp-content\/uploads\/2018\/01\/Integration-2016-300x108.jpg 300w, https:\/\/www.vinci-construction-projets.com\/wp-content\/uploads\/2018\/01\/Integration-2016-768x276.jpg 768w, https:\/\/www.vinci-construction-projets.com\/wp-content\/uploads\/2018\/01\/Integration-2016-1024x368.jpg 1024w, https:\/\/www.vinci-construction-projets.com\/wp-content\/uploads\/2018\/01\/Integration-2016-400x144.jpg 400w, https:\/\/www.vinci-construction-projets.com\/wp-content\/uploads\/2018\/01\/Integration-2016-720x259.jpg 720w, https:\/\/www.vinci-construction-projets.com\/wp-content\/uploads\/2018\/01\/Integration-2016-600x215.jpg 600w, https:\/\/www.vinci-construction-projets.com\/wp-content\/uploads\/2018\/01\/Integration-2016-590x212.jpg 590w, https:\/\/www.vinci-construction-projets.com\/wp-content\/uploads\/2018\/01\/Integration-2016-793x285.jpg 793w, https:\/\/www.vinci-construction-projets.com\/wp-content\/uploads\/2018\/01\/Integration-2016-386x139.jpg 386w, https:\/\/www.vinci-construction-projets.com\/wp-content\/uploads\/2018\/01\/Integration-2016-780x280.jpg 780w, https:\/\/www.vinci-construction-projets.com\/wp-content\/uploads\/2018\/01\/Integration-2016-1337x480.jpg 1337w, https:\/\/www.vinci-construction-projets.com\/wp-content\/uploads\/2018\/01\/Integration-2016-975x350.jpg 975w, https:\/\/www.vinci-construction-projets.com\/wp-content\/uploads\/2018\/01\/Integration-2016-1200x431.jpg 1200w, https:\/\/www.vinci-construction-projets.com\/wp-content\/uploads\/2018\/01\/Integration-2016-285x102.jpg 285w, https:\/\/www.vinci-construction-projets.com\/wp-content\/uploads\/2018\/01\/Integration-2016-1031x370.jpg 1031w\" sizes=\"auto, (max-width: 1362px) 100vw, 1362px\" \/><\/p>\n<h4>1. D\u00e9p\u00f4t de votre candidature<\/h4>\n<p>D\u00e9posez votre dossier de candidature <strong>sur notre site de recrutement<\/strong>\u00a0: <a href=\"https:\/\/jobs.vinci.com\/fr\" target=\"_blank\" rel=\"noopener\">Espace Candidats<\/a>.<br \/>\nToutes les candidatures re\u00e7ues par le biais du site en r\u00e9ponse \u00e0 une offre d&#8217;emploi sont trait\u00e9es dans les plus brefs d\u00e9lais.<\/p>\n<h4>2. Pr\u00e9s\u00e9lection<\/h4>\n<p>Votre candidature sera \u00e9tudi\u00e9e par les ressources humaines.<br \/>\nEn cas de pr\u00e9s\u00e9lection, nous vous inviterons \u00e0 un\u00a0<strong>premier entretien t\u00e9l\u00e9phonique<\/strong>. Il s\u2019agit d\u2019une premi\u00e8re \u00e9valuation de vos comp\u00e9tences par rapport au besoin exprim\u00e9, vos aptitudes\u00a0relationnelles et votre connaissance sur l\u2019entreprise.<\/p>\n<h4>3. Entretien RH<\/h4>\n<p><a href=\"http:\/\/vinci-construction-projets.com\/fr\/video\/quelques-conseils-preparer-a-lentretien\/\"><img loading=\"lazy\" decoding=\"async\" class=\"alignright wp-image-14207 size-full\" src=\"http:\/\/vinci-construction-projets.com\/wp-content\/uploads\/2018\/01\/Web-play_conseils-1.jpeg\" alt=\"\" width=\"596\" height=\"343\" srcset=\"https:\/\/www.vinci-construction-projets.com\/wp-content\/uploads\/2018\/01\/Web-play_conseils-1.jpeg 596w, https:\/\/www.vinci-construction-projets.com\/wp-content\/uploads\/2018\/01\/Web-play_conseils-1-300x173.jpeg 300w, https:\/\/www.vinci-construction-projets.com\/wp-content\/uploads\/2018\/01\/Web-play_conseils-1-400x230.jpeg 400w, https:\/\/www.vinci-construction-projets.com\/wp-content\/uploads\/2018\/01\/Web-play_conseils-1-591x340.jpeg 591w, https:\/\/www.vinci-construction-projets.com\/wp-content\/uploads\/2018\/01\/Web-play_conseils-1-495x285.jpeg 495w, https:\/\/www.vinci-construction-projets.com\/wp-content\/uploads\/2018\/01\/Web-play_conseils-1-386x222.jpeg 386w, https:\/\/www.vinci-construction-projets.com\/wp-content\/uploads\/2018\/01\/Web-play_conseils-1-348x200.jpeg 348w, https:\/\/www.vinci-construction-projets.com\/wp-content\/uploads\/2018\/01\/Web-play_conseils-1-285x164.jpeg 285w\" sizes=\"auto, (max-width: 596px) 100vw, 596px\" \/><\/a><\/p>\n<p>Si le premier entretien t\u00e9l\u00e9phonique est positif, nous allons poursuivre le processus avec vous. Nous vous inviterons <strong>\u00e0 passer un entretien RH<\/strong>, \u00e9ventuellement compl\u00e9t\u00e9 par un questionnaire de personnalit\u00e9.<br \/>\nDans le cadre de cet entretien, nous vous<strong>\u00a0pr\u00e9senterons l\u2019entreprise, notre organisation et \u00e9valuerons votre capacit\u00e9 \u00e0 int\u00e9grer l\u2019entreprise et \u00e0 y \u00e9voluer<\/strong>\u00a0\u00e0 long terme.<\/p>\n<p><strong><em>D\u00e9couvrez nos conseils en vid\u00e9o pour pr\u00e9parer au mieux votre entretien<\/em><\/strong><\/p>\n<h4>4. Entretien op\u00e9rationnel\/manager<\/h4>\n<p>Si l\u2019entretien RH est concluant ou en parall\u00e8le de celui-ci, nous vous convierons <strong>\u00e0 un entretien avec le ou la manager<\/strong>\u00a0qui recrute et \u00e9ventuellement avec sa ligne hi\u00e9rarchique et\/ou d\u2019autres personnes de la fili\u00e8re m\u00e9tier dans laquelle vous postulez. Mises \u00e0 part\u00a0<strong>vos comp\u00e9tences techniques, le oi la manager va \u00e9valuer votre int\u00e9gration<\/strong>\u00a0dans son \u00e9quipe et\u00a0<strong>votre motivation<\/strong>\u00a0au poste.<\/p>\n<h4><strong>5. Candidature retenue<\/strong><\/h4>\n<p>Si votre candidature est retenue,\u00a0<strong>les ressources humaines vous contacteront<\/strong>\u00a0pour vous faire une offre verbale avec toutes les conditions d\u00e9taill\u00e9es. Si vous acceptez, une proposition \u00e9crite vous sera envoy\u00e9e, suivie de l\u2019\u00e9laboration d\u2019un contrat de travail.<\/p>\n","protected":false},"excerpt":{"rendered":"<p>1. D\u00e9p\u00f4t de votre candidature D\u00e9posez votre dossier de candidature sur notre site de recrutement\u00a0: Espace Candidats. Toutes les candidatures re\u00e7ues par le biais du site en r\u00e9ponse \u00e0 une offre d&#8217;emploi sont trait\u00e9es dans les plus brefs d\u00e9lais. 2. Pr\u00e9s\u00e9lection Votre candidature sera \u00e9tudi\u00e9e par les ressources humaines. En cas de pr\u00e9s\u00e9lection, nous vous [&hellip;]<\/p>\n","protected":false},"author":17,"featured_media":0,"parent":45,"menu_order":3,"comment_status":"closed","ping_status":"closed","template":"","meta":{"_acf_changed":false,"footnotes":""},"class_list":["post-1492","page","type-page","status-publish","hentry"],"acf":[],"_links":{"self":[{"href":"https:\/\/www.vinci-construction-projets.com\/fr\/wp-json\/wp\/v2\/pages\/1492","targetHints":{"allow":["GET"]}}],"collection":[{"href":"https:\/\/www.vinci-construction-projets.com\/fr\/wp-json\/wp\/v2\/pages"}],"about":[{"href":"https:\/\/www.vinci-construction-projets.com\/fr\/wp-json\/wp\/v2\/types\/page"}],"author":[{"embeddable":true,"href":"https:\/\/www.vinci-construction-projets.com\/fr\/wp-json\/wp\/v2\/users\/17"}],"replies":[{"embeddable":true,"href":"https:\/\/www.vinci-construction-projets.com\/fr\/wp-json\/wp\/v2\/comments?post=1492"}],"version-history":[{"count":37,"href":"https:\/\/www.vinci-construction-projets.com\/fr\/wp-json\/wp\/v2\/pages\/1492\/revisions"}],"predecessor-version":[{"id":20392,"href":"https:\/\/www.vinci-construction-projets.com\/fr\/wp-json\/wp\/v2\/pages\/1492\/revisions\/20392"}],"up":[{"embeddable":true,"href":"https:\/\/www.vinci-construction-projets.com\/fr\/wp-json\/wp\/v2\/pages\/45"}],"wp:attachment":[{"href":"https:\/\/www.vinci-construction-projets.com\/fr\/wp-json\/wp\/v2\/media?parent=1492"}],"curies":[{"name":"wp","href":"https:\/\/api.w.org\/{rel}","templated":true}]}}