{"id":1757,"date":"2016-07-12T10:19:06","date_gmt":"2016-07-12T08:19:06","guid":{"rendered":"http:\/\/vinci-construction-projets.com\/?page_id=1757"},"modified":"2023-11-15T15:19:27","modified_gmt":"2023-11-15T14:19:27","slug":"politique-securite","status":"publish","type":"page","link":"https:\/\/www.vinci-construction-projets.com\/fr\/nos-engagements\/politique-securite\/","title":{"rendered":"Notre politique S\u00e9curit\u00e9"},"content":{"rendered":"<p><strong>Elle repose sur trois piliers fondamentaux : la transparence, l\u2019exemplarit\u00e9 et le dialogue.<\/strong><\/p>\n<p>Notre culture, orient\u00e9e vers le <strong>\u00ab\u00a0z\u00e9ro accident<\/strong>\u00ab\u00a0, est au c\u0153ur de chacune de nos activit\u00e9s.<\/p>\n<p>Elle consacre notre ambition de pr\u00e9server l\u2019int\u00e9grit\u00e9 physique et morale de nos femmes et de nos hommes, ainsi que celles de tous les intervenants de nos projets. Leur s\u00e9curit\u00e9 et leur sant\u00e9 sont parmi les plus importants piliers de notre performance op\u00e9rationnelle. C\u2019est le sens de notre engagement.<\/p>\n<p>Elle incarne aussi l\u2019attention particuli\u00e8re que nous attachons \u00e0 garantir une s\u00e9curit\u00e9 optimale lors de la construction, l\u2019exploitation et la maintenance de nos ouvrages.<\/p>\n<h4>\u00ab\u00a0La s\u00e9curit\u00e9 d&rsquo;abord\u00a0\u00bb<\/h4>\n<p><img loading=\"lazy\" decoding=\"async\" class=\" wp-image-1850 alignright\" src=\"http:\/\/vinci-construction-projets.com\/wp-content\/uploads\/2016\/07\/logo_securite_fr-300x156.gif\" alt=\"logo_securite_fr\" width=\"267\" height=\"139\" srcset=\"https:\/\/www.vinci-construction-projets.com\/wp-content\/uploads\/2016\/07\/logo_securite_fr-300x156.gif 300w, https:\/\/www.vinci-construction-projets.com\/wp-content\/uploads\/2016\/07\/logo_securite_fr-400x208.gif 400w, https:\/\/www.vinci-construction-projets.com\/wp-content\/uploads\/2016\/07\/logo_securite_fr-386x201.gif 386w, https:\/\/www.vinci-construction-projets.com\/wp-content\/uploads\/2016\/07\/logo_securite_fr-285x148.gif 285w\" sizes=\"auto, (max-width: 267px) 100vw, 267px\" \/><\/p>\n<p style=\"margin: 0cm;\">Pour que nos chantiers soient des espaces de s\u00e9curit\u00e9, notre valeur\u00a0<b>\u00ab\u00a0La s\u00e9curit\u00e9 d\u2019abord\u00a0\u00bb<\/b>\u00a0s\u2019impose \u00e0 tous, et ce, sans distinction. Elle repose avant tout sur la recherche de l\u2019excellence, port\u00e9e par un esprit d\u2019\u00e9quipe et une responsabilit\u00e9 individuelle et collective.<\/p>\n<p style=\"margin: 0cm 0cm 15.0pt 0cm;\">Ainsi, au-del\u00e0 de l\u2019application des lois, r\u00e8glements et exigences contractuelles, nous mettons en \u0153uvre l\u2019organisation, les processus et tous les moyens de protection n\u00e9cessaires pour pr\u00e9server la sant\u00e9 et garantir la s\u00e9curit\u00e9 de nos parties prenantes : collaborateurs, sous-traitants, partenaires, clients, visiteurs et futurs usagers.<br \/>\nPartie int\u00e9grante de notre d\u00e9marche de management, la s\u00e9curit\u00e9 est source de progr\u00e8s. Elle favorise la qualit\u00e9 de nos travaux, la pr\u00e9servation de notre savoir-faire, de notre exp\u00e9rience et de nos comp\u00e9tences. Condition essentielle \u00e0 l\u2019\u00e9panouissement de nos collaborateurs, elle contribue \u00e9galement \u00e0 la satisfaction de nos clients.<\/p>\n<h4>La s\u00e9curit\u00e9 d\u00e8s le design<\/h4>\n<p><img loading=\"lazy\" decoding=\"async\" class=\"wp-image-1761 alignright\" src=\"http:\/\/vinci-construction-projets.com\/wp-content\/uploads\/2016\/07\/Logo-SiD_fev2016-300x138.jpg\" alt=\"Safety in Design\" width=\"230\" height=\"106\" srcset=\"https:\/\/www.vinci-construction-projets.com\/wp-content\/uploads\/2016\/07\/Logo-SiD_fev2016-300x138.jpg 300w, https:\/\/www.vinci-construction-projets.com\/wp-content\/uploads\/2016\/07\/Logo-SiD_fev2016-768x353.jpg 768w, https:\/\/www.vinci-construction-projets.com\/wp-content\/uploads\/2016\/07\/Logo-SiD_fev2016-1024x471.jpg 1024w, https:\/\/www.vinci-construction-projets.com\/wp-content\/uploads\/2016\/07\/Logo-SiD_fev2016-1440x663.jpg 1440w, https:\/\/www.vinci-construction-projets.com\/wp-content\/uploads\/2016\/07\/Logo-SiD_fev2016-400x184.jpg 400w, https:\/\/www.vinci-construction-projets.com\/wp-content\/uploads\/2016\/07\/Logo-SiD_fev2016-720x331.jpg 720w, https:\/\/www.vinci-construction-projets.com\/wp-content\/uploads\/2016\/07\/Logo-SiD_fev2016-600x276.jpg 600w, https:\/\/www.vinci-construction-projets.com\/wp-content\/uploads\/2016\/07\/Logo-SiD_fev2016-590x271.jpg 590w, https:\/\/www.vinci-construction-projets.com\/wp-content\/uploads\/2016\/07\/Logo-SiD_fev2016-793x365.jpg 793w, https:\/\/www.vinci-construction-projets.com\/wp-content\/uploads\/2016\/07\/Logo-SiD_fev2016-386x178.jpg 386w, https:\/\/www.vinci-construction-projets.com\/wp-content\/uploads\/2016\/07\/Logo-SiD_fev2016-780x359.jpg 780w, https:\/\/www.vinci-construction-projets.com\/wp-content\/uploads\/2016\/07\/Logo-SiD_fev2016-1043x480.jpg 1043w, https:\/\/www.vinci-construction-projets.com\/wp-content\/uploads\/2016\/07\/Logo-SiD_fev2016-761x350.jpg 761w, https:\/\/www.vinci-construction-projets.com\/wp-content\/uploads\/2016\/07\/Logo-SiD_fev2016-285x131.jpg 285w\" sizes=\"auto, (max-width: 230px) 100vw, 230px\" \/><\/p>\n<p>La s\u00e9curit\u00e9 des collaborateurs, des parties prenantes et des usagers de nos ouvrages doit \u00eatre garantie tout au long de leur cycle de vie, et nous nous y engageons y d\u00e8s la phase de design.<br \/>\nD\u00e9ploy\u00e9e depuis 2014, la d\u00e9marche\u00a0<strong>Safety in Design, commune<\/strong>\u00a0\u00e0 toutes les entit\u00e9s de VINCI Construction, consiste \u00e0 optimiser nos ouvrages lors de leur conception et la pr\u00e9paration de nos chantiers, afin d\u2019assurer une s\u00e9curit\u00e9 optimale pendant les phases de construction, d\u2019exploitation et de maintenance.<\/p>\n<h4>La formation, une d\u00e9marche proactive et essentielle<\/h4>\n<p>Notre approche est structur\u00e9e par la conviction que la pr\u00e9vention passe avant tout par la formation continue de l\u2019ensemble des intervenants de nos projets. Nous insufflons une v\u00e9ritable dynamique, soutenue par une sensibilisation de nos personnels d\u2019ex\u00e9cution pour renforcer la conscience d\u2019une responsabilit\u00e9 partag\u00e9e sur tous nos chantiers, partout dans le monde. Nous accompagnons notre d\u00e9marche par de nombreuses initiatives, fortement ancr\u00e9es au sein de notre entreprise, qui \u0153uvrent au renforcement de notre culture s\u00e9curit\u00e9 :<\/p>\n<ul>\n<li>Lanc\u00e9 en 2011, actualis\u00e9 en 2018 et 2022, le programme\u00a0<strong>Manager Par La S\u00e9curit\u00e9<\/strong>\u00a0est destin\u00e9 aux \u00e9quipes dirigeantes. Il permet d\u2019instaurer au plus haut de la hi\u00e9rarchie une v\u00e9ritable culture s\u00e9curit\u00e9 et de responsabiliser les managers.<\/li>\n<li>Des d\u00e9clinaisons op\u00e9rationnelles du programme Manager Par La S\u00e9curit\u00e9 se d\u00e9roulent sur nos projets avec\u00a0<strong>Produire en S\u00e9curit\u00e9<\/strong>. Ces sessions de formation et de coaching permettent aux \u00e9quipes d\u2019encadrement de chantier de comprendre par elles-m\u00eames leur r\u00f4le en mati\u00e8re de s\u00e9curit\u00e9.<\/li>\n<li>Cr\u00e9\u00e9e en 2008, la formation\u00a0<strong>(A)live on site\u00a0<\/strong>sensibilise le personnel de production sur leurs attitudes et leurs comportements gr\u00e2ce \u00e0 des vid\u00e9os prises sur site et qu\u2019ils commentent eux-m\u00eames.\u00a0Cet exercice d\u2019autocritique augmente le niveau de conscience de chacun sur le chantier.<\/li>\n<li>Lanc\u00e9e en 2017, la formation\u00a0<strong>Accident Investigation<\/strong>\u00a0vise \u00e0 certifier en interne une \u00e9quipe capable d\u2019analyser efficacement tous types d\u2019incidents et d\u2019accidents, d\u2019assister dans la gestion de la crise \u00e9ventuelle, de mener l\u2019enqu\u00eate n\u00e9cessaire, de faire \u00e9merger les causes-racines et de proposer les actions correctives n\u00e9cessaires pour \u00e9viter la r\u00e9-occurrence. C\u2019est gr\u00e2ce \u00e0 cette \u00e9quipe entra\u00een\u00e9e que nous sommes ensuite capables de travailler en profondeur et ainsi diminuer le nombre et la gravit\u00e9 de ces accidents pour atteindre le z\u00e9ro accident grave. Cette formation pr\u00e9sente plusieurs versions en fonction de l\u2019audience et de la performance attendue (\u00e9quipe terrain, pr\u00e9venteurs, \u00e9quipe de direction ou intervenant sur accident grave)<\/li>\n<li>La formation\u00a0<strong>Prestart<\/strong>, cr\u00e9\u00e9e en 2017, permet aux \u00e9quipes d\u2019encadrement de travaux de d\u00e9velopper leurs comp\u00e9tences pour que leurs messages quotidiens de prise de poste soient les plus efficaces possible. Le\u00a0<strong>Prestart<\/strong>\u00a0permet d\u2019\u00e9changer sur les t\u00e2ches du jour, les outils, le contexte de r\u00e9alisation des travaux, les dangers identifi\u00e9s et points de vigilance pour les \u00e9quipes, dans un langage accessible et partag\u00e9.<\/li>\n<li>Apr\u00e8s avoir mis en place la formation\u00a0<strong>Prestart<\/strong>\u00a0en 2017, nous avons initi\u00e9 en 2018 la formation aux\u00a0<strong>Pre-Task<\/strong>, l\u2019\u00e9tape qui apprend aux \u00e9quipes d\u2019encadrement de production comment diffuser le message des proc\u00e9dures d\u2019ex\u00e9cution vers les \u00e9quipes qui doivent les impl\u00e9menter.<\/li>\n<\/ul>\n<h4>Les Safety Days, un moment de partage commun<\/h4>\n<p><img decoding=\"async\" title=\"\" src=\"https:\/\/www.vinci-construction-projets.com\/wp-content\/uploads\/2022\/10\/Securite.jpg\" alt=\"\" \/><\/p>\n<p><strong>Les Safety Days<\/strong>, initiative transverse du pole Construction de VINCI, sont \u00e9galement un <strong>vecteur essentiel de partage de valeurs et de ressources assurant la mont\u00e9e en comp\u00e9tences de nos \u00e9quipes<\/strong>. Cette semaine consacr\u00e9e \u00e0 la pr\u00e9vention des risques, qui r\u00e9unit \u00e9galement nos partenaires et sous-traitants, vient nourrir notre culture s\u00e9curit\u00e9, en y associant chacun de nos sites, et chacun des intervenants au travers d\u2019ateliers, conf\u00e9rences et parcours personnalis\u00e9s, avec un objectif clair\u00a0: <strong>atteindre le z\u00e9ro accident<\/strong>.<\/p>\n<h4>Le sch\u00e9ma Produire en s\u00e9curit\u00e9<\/h4>\n<p><a href=\"https:\/\/www.vinci-construction-projets.com\/fr\/nos-engagements\/politique-securite\/vc_2019_productive-and-safe_eng_edited-2-2\/\" rel=\"attachment wp-att-18384\"><img loading=\"lazy\" decoding=\"async\" class=\"alignnone size-large wp-image-18384\" src=\"https:\/\/www.vinci-construction-projets.com\/wp-content\/uploads\/2022\/10\/VC_2019_Productive-and-safe_ENG_edited-1-1024x635.png\" alt=\"\" width=\"1024\" height=\"635\" srcset=\"https:\/\/www.vinci-construction-projets.com\/wp-content\/uploads\/2022\/10\/VC_2019_Productive-and-safe_ENG_edited-1-1024x635.png 1024w, https:\/\/www.vinci-construction-projets.com\/wp-content\/uploads\/2022\/10\/VC_2019_Productive-and-safe_ENG_edited-1-300x186.png 300w, https:\/\/www.vinci-construction-projets.com\/wp-content\/uploads\/2022\/10\/VC_2019_Productive-and-safe_ENG_edited-1-768x477.png 768w, https:\/\/www.vinci-construction-projets.com\/wp-content\/uploads\/2022\/10\/VC_2019_Productive-and-safe_ENG_edited-1-400x248.png 400w, https:\/\/www.vinci-construction-projets.com\/wp-content\/uploads\/2022\/10\/VC_2019_Productive-and-safe_ENG_edited-1-387x240.png 387w, https:\/\/www.vinci-construction-projets.com\/wp-content\/uploads\/2022\/10\/VC_2019_Productive-and-safe_ENG_edited-1-720x447.png 720w, https:\/\/www.vinci-construction-projets.com\/wp-content\/uploads\/2022\/10\/VC_2019_Productive-and-safe_ENG_edited-1-548x340.png 548w, https:\/\/www.vinci-construction-projets.com\/wp-content\/uploads\/2022\/10\/VC_2019_Productive-and-safe_ENG_edited-1-459x285.png 459w, https:\/\/www.vinci-construction-projets.com\/wp-content\/uploads\/2022\/10\/VC_2019_Productive-and-safe_ENG_edited-1-741x460.png 741w, https:\/\/www.vinci-construction-projets.com\/wp-content\/uploads\/2022\/10\/VC_2019_Productive-and-safe_ENG_edited-1-386x240.png 386w, https:\/\/www.vinci-construction-projets.com\/wp-content\/uploads\/2022\/10\/VC_2019_Productive-and-safe_ENG_edited-1-774x480.png 774w, https:\/\/www.vinci-construction-projets.com\/wp-content\/uploads\/2022\/10\/VC_2019_Productive-and-safe_ENG_edited-1-564x350.png 564w, https:\/\/www.vinci-construction-projets.com\/wp-content\/uploads\/2022\/10\/VC_2019_Productive-and-safe_ENG_edited-1-322x200.png 322w, https:\/\/www.vinci-construction-projets.com\/wp-content\/uploads\/2022\/10\/VC_2019_Productive-and-safe_ENG_edited-1-285x177.png 285w, https:\/\/www.vinci-construction-projets.com\/wp-content\/uploads\/2022\/10\/VC_2019_Productive-and-safe_ENG_edited-1-596x370.png 596w, https:\/\/www.vinci-construction-projets.com\/wp-content\/uploads\/2022\/10\/VC_2019_Productive-and-safe_ENG_edited-1.png 1170w\" sizes=\"auto, (max-width: 1024px) 100vw, 1024px\" \/><\/a><\/p>\n<p>Ce sch\u00e9ma d\u00e9finit en 5 \u00e9tapes fondamentales comment nous nous assurons que les risques sont identifi\u00e9s et trait\u00e9s \u00e0 tous les niveaux de pr\u00e9paration de nos projets et qu\u2019ils sont \u00e9galement communiqu\u00e9s aux personnes en charge de leur gestion. Ces 5 \u00e9tapes sont\u00a0:<\/p>\n<ul>\n<li>le d\u00e9ploiement de la d\u00e9marche Safety in Design (cf. ci-dessus) lors des phases d\u2019\u00e9tudes et de pr\u00e9paration,<\/li>\n<li>la r\u00e9alisation coll\u00e9giale et syst\u00e9matique des proc\u00e9dures d\u2019ex\u00e9cution n\u00e9cessaire \u00e0 la r\u00e9alisation de l\u2019ouvrage. Ces proc\u00e9dures, documents centraux de la d\u00e9marche, vont porter jusqu\u2019aux \u00e9quipes de r\u00e9alisation la totalit\u00e9 de nos exigences ainsi que les modes op\u00e9ratoires ad hoc,<\/li>\n<li>la pr\u00e9paration de l\u2019explication et l\u2019explication de ces proc\u00e9dures d\u2019ex\u00e9cution aux \u00e9quipes de r\u00e9alisation au cours de l\u2019\u00e9tape de Pre-Task,<\/li>\n<li>Le briefing quotidien de poste fait au cours de l\u2019activit\u00e9 de Prestart, qui traite de la totalit\u00e9 de la t\u00e2che (travaux, planning, coactivit\u00e9, qualit\u00e9) souligne l\u2019importance d\u2019int\u00e9grer la s\u00e9curit\u00e9 dans les travaux<\/li>\n<li>Et la capacit\u00e9 des \u00e9quipes de production, de prendre un pas de recul lorsque le mode op\u00e9ratoire \u00ab\u00a0r\u00e9el\u00a0\u00bb ne correspond plus au plan. Pour ou adapter le mode op\u00e9ratoire ou le plan mais, in fine, de toujours s\u2019assurer que l\u2019on efficace et s\u00fbr.<\/li>\n<\/ul>\n<p>&nbsp;<\/p>\n","protected":false},"excerpt":{"rendered":"<p>Elle repose sur trois piliers fondamentaux : la transparence, l\u2019exemplarit\u00e9 et le dialogue. Notre culture, orient\u00e9e vers le \u00ab\u00a0z\u00e9ro accident\u00ab\u00a0, est au c\u0153ur de chacune de nos activit\u00e9s. Elle consacre notre ambition de pr\u00e9server l\u2019int\u00e9grit\u00e9 physique et morale de nos femmes et de nos hommes, ainsi que celles de tous les intervenants de nos projets. [&hellip;]<\/p>\n","protected":false},"author":17,"featured_media":0,"parent":38,"menu_order":0,"comment_status":"closed","ping_status":"closed","template":"","meta":{"_acf_changed":false,"footnotes":""},"class_list":["post-1757","page","type-page","status-publish","hentry"],"acf":[],"_links":{"self":[{"href":"https:\/\/www.vinci-construction-projets.com\/fr\/wp-json\/wp\/v2\/pages\/1757","targetHints":{"allow":["GET"]}}],"collection":[{"href":"https:\/\/www.vinci-construction-projets.com\/fr\/wp-json\/wp\/v2\/pages"}],"about":[{"href":"https:\/\/www.vinci-construction-projets.com\/fr\/wp-json\/wp\/v2\/types\/page"}],"author":[{"embeddable":true,"href":"https:\/\/www.vinci-construction-projets.com\/fr\/wp-json\/wp\/v2\/users\/17"}],"replies":[{"embeddable":true,"href":"https:\/\/www.vinci-construction-projets.com\/fr\/wp-json\/wp\/v2\/comments?post=1757"}],"version-history":[{"count":52,"href":"https:\/\/www.vinci-construction-projets.com\/fr\/wp-json\/wp\/v2\/pages\/1757\/revisions"}],"predecessor-version":[{"id":19672,"href":"https:\/\/www.vinci-construction-projets.com\/fr\/wp-json\/wp\/v2\/pages\/1757\/revisions\/19672"}],"up":[{"embeddable":true,"href":"https:\/\/www.vinci-construction-projets.com\/fr\/wp-json\/wp\/v2\/pages\/38"}],"wp:attachment":[{"href":"https:\/\/www.vinci-construction-projets.com\/fr\/wp-json\/wp\/v2\/media?parent=1757"}],"curies":[{"name":"wp","href":"https:\/\/api.w.org\/{rel}","templated":true}]}}