{"id":1790,"date":"2016-07-12T11:33:40","date_gmt":"2016-07-12T09:33:40","guid":{"rendered":"http:\/\/vinci-construction-projets.com\/?page_id=1790"},"modified":"2023-03-17T10:08:32","modified_gmt":"2023-03-17T09:08:32","slug":"proteger-notre-environnement","status":"publish","type":"page","link":"https:\/\/www.vinci-construction-projets.com\/fr\/nos-engagements\/proteger-notre-environnement\/","title":{"rendered":"Prot\u00e9ger notre environnement"},"content":{"rendered":"<p>Acteur majeur de la construction, nous avons fait le choix de placer notre <strong>ambition environnementale<\/strong> au c\u0153ur de nos activit\u00e9s, dans un objectif de performance globale, mettant ainsi nos <strong>expertises et comp\u00e9tences au service d\u2019une croissance plus verte<\/strong>.<\/p>\n<p>Soucieux de b\u00e2tir un avenir de la construction d\u00e9carbon\u00e9, vertueux et responsable au b\u00e9n\u00e9fice des g\u00e9n\u00e9rations futures, nous contribuons au d\u00e9veloppement de solutions novatrices et durables autour des trois axes prioritaires du groupe VINCI\u00a0: agir pour le <strong>climat<\/strong>, optimiser les ressources gr\u00e2ce \u00e0 <strong>l\u2019\u00e9conomie circulaire<\/strong> et pr\u00e9server les <strong>milieux naturels<\/strong>.<\/p>\n<p><strong>Au-del\u00e0 de nos principaux domaines d\u2019action pour limiter notre impact environnemental, certains de nos m\u00e9tiers sont au c\u0153ur de la transition \u00e9nerg\u00e9tique et \u00e9cologique<\/strong>, \u00e0 l\u2019image des infrastructures hydrauliques et de mobilit\u00e9 durable, ou encore de la production ou du stockage d\u2019\u00e9nergie.<\/p>\n<h4>VINCI Construction Grands Projets s\u2019engage \u00e0 prot\u00e9ger l\u2019environnement de ses sites et chantiers :<\/h4>\n<p>Notre ambition est d\u00e9clin\u00e9e dans un <strong>Plan Environnement 2030<\/strong>, commun aux entit\u00e9s de la Division des grands projets de VINCI Construction, fixant le cap et les actions \u00e0 mener afin d\u2019atteindre nos objectifs\u00a0:<\/p>\n<p>limiter nos besoins en \u00e9nergie et nos \u00e9missions carbone en r\u00e9duisant de 40 % nos \u00e9missions carbone directes, et de 30 % nos \u00e9missions de carbone indirectes<\/p>\n<p>optimiser nos ressources et atteindre 90% de valorisation mati\u00e8re pour nos mat\u00e9riaux et \u00e9quipements<\/p>\n<p>prot\u00e9ger les milieux naturels sur l\u2019ensemble de nos sites, notamment en r\u00e9duisant notre consommation d\u2019eau, en pr\u00e9servant la ressource en eau et en agissant en faveur de la biodiversit\u00e9<\/p>\n<p><strong>Afin d\u2019y parvenir, sur chaque chantier, nos \u00e9quipes b\u00e2tissent leur propre plan environnemental<\/strong> et d\u00e9finissent des objectifs et cibles qui leur sont propres, au-del\u00e0 des exigences du client.<\/p>\n<div id=\"attachment_18345\" style=\"width: 1034px\" class=\"wp-caption alignnone\"><img loading=\"lazy\" decoding=\"async\" aria-describedby=\"caption-attachment-18345\" class=\"wp-image-18345 size-large\" src=\"https:\/\/www.vinci-construction-projets.com\/wp-content\/uploads\/2022\/10\/20200320_090040-1024x683.jpg\" alt=\"\" width=\"1024\" height=\"683\" srcset=\"https:\/\/www.vinci-construction-projets.com\/wp-content\/uploads\/2022\/10\/20200320_090040-1024x683.jpg 1024w, https:\/\/www.vinci-construction-projets.com\/wp-content\/uploads\/2022\/10\/20200320_090040-300x200.jpg 300w, https:\/\/www.vinci-construction-projets.com\/wp-content\/uploads\/2022\/10\/20200320_090040-768x512.jpg 768w, https:\/\/www.vinci-construction-projets.com\/wp-content\/uploads\/2022\/10\/20200320_090040-1110x740.jpg 1110w, https:\/\/www.vinci-construction-projets.com\/wp-content\/uploads\/2022\/10\/20200320_090040-400x267.jpg 400w, https:\/\/www.vinci-construction-projets.com\/wp-content\/uploads\/2022\/10\/20200320_090040-360x240.jpg 360w, https:\/\/www.vinci-construction-projets.com\/wp-content\/uploads\/2022\/10\/20200320_090040-720x480.jpg 720w, https:\/\/www.vinci-construction-projets.com\/wp-content\/uploads\/2022\/10\/20200320_090040-510x340.jpg 510w, https:\/\/www.vinci-construction-projets.com\/wp-content\/uploads\/2022\/10\/20200320_090040-428x285.jpg 428w, https:\/\/www.vinci-construction-projets.com\/wp-content\/uploads\/2022\/10\/20200320_090040-690x460.jpg 690w, https:\/\/www.vinci-construction-projets.com\/wp-content\/uploads\/2022\/10\/20200320_090040-386x257.jpg 386w, https:\/\/www.vinci-construction-projets.com\/wp-content\/uploads\/2022\/10\/20200320_090040-525x350.jpg 525w, https:\/\/www.vinci-construction-projets.com\/wp-content\/uploads\/2022\/10\/20200320_090040-285x190.jpg 285w, https:\/\/www.vinci-construction-projets.com\/wp-content\/uploads\/2022\/10\/20200320_090040-555x370.jpg 555w\" sizes=\"auto, (max-width: 1024px) 100vw, 1024px\" \/><p id=\"caption-attachment-18345\" class=\"wp-caption-text\">Au c\u0153ur d\u2019un des hot spots de la biodiversit\u00e9 marine mondiale \u00e0 La R\u00e9union, le projet de la Nouvelle Route du Littoral a consacr\u00e9 des moyens in\u00e9dits de protection de l\u2019environnement : conservation de 3 r\u00e9cifs coralliens, protection de dauphins, baleines mais aussi de tortues marines prot\u00e9g\u00e9es, dispositif contre les \u00e9chouages ou encore suivi des oiseaux marins end\u00e9miques\u2026 Les mesures mises en \u0153uvre ont permis de pr\u00e9server les \u00e9cosyst\u00e8mes locaux.<\/p><\/div>\n<h4>Une approche int\u00e9gr\u00e9e en amont de nos projets<\/h4>\n<p>Nous faisons de la ma\u00eetrise de notre empreinte environnementale un crit\u00e8re cl\u00e9 de performance. Nous proposons \u00e0 nos clients des solutions optimis\u00e9es et plus \u00e9cologiques, adapt\u00e9es \u00e0 leurs besoins uniques. Ainsi, et dans la continuit\u00e9 de la d\u00e9clinaison de notre Plan Environnement, nous avons mis en place la <strong>d\u00e9marche Environment in Design, qui int\u00e8gre notre ambition environnementale le plus t\u00f4t possible dans notre processus de conception et de pr\u00e9paration de chantier.<\/strong><\/p>\n<h4>Des outils et innovations internes au service de notre ambition<\/h4>\n<h5 style=\"line-height: 18.75pt;\">GESTIM<i>\u2122<\/i>\u00a0: estimer les \u00e9missions de gaz \u00e0 effet de serre d\u2019un chantier<\/h5>\n<p><em><img loading=\"lazy\" decoding=\"async\" class=\"wp-image-2252 alignright\" src=\"http:\/\/vinci-construction-projets.com\/wp-content\/uploads\/2016\/07\/gestim-copie-HD-300x90.jpg\" alt=\"gestim copie HD\" width=\"177\" height=\"53\" srcset=\"https:\/\/www.vinci-construction-projets.com\/wp-content\/uploads\/2016\/07\/gestim-copie-HD-300x90.jpg 300w, https:\/\/www.vinci-construction-projets.com\/wp-content\/uploads\/2016\/07\/gestim-copie-HD-400x119.jpg 400w, https:\/\/www.vinci-construction-projets.com\/wp-content\/uploads\/2016\/07\/gestim-copie-HD.jpg 720w, https:\/\/www.vinci-construction-projets.com\/wp-content\/uploads\/2016\/07\/gestim-copie-HD-600x179.jpg 600w, https:\/\/www.vinci-construction-projets.com\/wp-content\/uploads\/2016\/07\/gestim-copie-HD-590x176.jpg 590w, https:\/\/www.vinci-construction-projets.com\/wp-content\/uploads\/2016\/07\/gestim-copie-HD-386x115.jpg 386w, https:\/\/www.vinci-construction-projets.com\/wp-content\/uploads\/2016\/07\/gestim-copie-HD-285x85.jpg 285w\" sizes=\"auto, (max-width: 177px) 100vw, 177px\" \/><\/em><\/p>\n<p><strong>Identifier les sources d\u2019\u00e9mission<\/strong> est essentiel <strong>pour les limiter <\/strong>et proposer des solutions environnementales int\u00e9gr\u00e9es \u00e0 la conception et la construction de nos projets.<\/p>\n<p>Fruit de notre R&amp;D en mati\u00e8re de performance environnementale,\u00a0 GEStim\u2122 a \u00e9t\u00e9 con\u00e7u en respectant la m\u00e9thode du bilan carbone de l\u2019Agence de l\u2019environnement et de la ma\u00eetrise de l\u2019\u00e9nergie, l\u2019ADEME, afin de calculer les \u00e9missions globales de gaz \u00e0 effet de serre (GES) g\u00e9n\u00e9r\u00e9es par la construction d\u2019un projet, et ce, d\u00e8s le stade de l\u2019appel d\u2019offres. Ce logiciel nous aide \u00e0 <strong>proposer des variantes environnementales pertinentes.<\/strong><\/p>\n<h5>CO2CRETE IMPACT\u2122\u00a0: estimer les \u00e9missions de gaz \u00e0 effet de serre du b\u00e9ton<br \/>\n<img loading=\"lazy\" decoding=\"async\" class=\"alignright wp-image-1795 size-medium\" src=\"http:\/\/vinci-construction-projets.com\/wp-content\/uploads\/2016\/07\/co2crete_impact_logo1_04-12-2008-300x49.jpg\" alt=\"Concrete Impact\" width=\"300\" height=\"49\" srcset=\"https:\/\/www.vinci-construction-projets.com\/wp-content\/uploads\/2016\/07\/co2crete_impact_logo1_04-12-2008-300x49.jpg 300w, https:\/\/www.vinci-construction-projets.com\/wp-content\/uploads\/2016\/07\/co2crete_impact_logo1_04-12-2008-768x126.jpg 768w, https:\/\/www.vinci-construction-projets.com\/wp-content\/uploads\/2016\/07\/co2crete_impact_logo1_04-12-2008-1024x168.jpg 1024w, https:\/\/www.vinci-construction-projets.com\/wp-content\/uploads\/2016\/07\/co2crete_impact_logo1_04-12-2008-1440x237.jpg 1440w, https:\/\/www.vinci-construction-projets.com\/wp-content\/uploads\/2016\/07\/co2crete_impact_logo1_04-12-2008-400x66.jpg 400w, https:\/\/www.vinci-construction-projets.com\/wp-content\/uploads\/2016\/07\/co2crete_impact_logo1_04-12-2008-720x118.jpg 720w, https:\/\/www.vinci-construction-projets.com\/wp-content\/uploads\/2016\/07\/co2crete_impact_logo1_04-12-2008-600x99.jpg 600w, https:\/\/www.vinci-construction-projets.com\/wp-content\/uploads\/2016\/07\/co2crete_impact_logo1_04-12-2008-590x97.jpg 590w, https:\/\/www.vinci-construction-projets.com\/wp-content\/uploads\/2016\/07\/co2crete_impact_logo1_04-12-2008-793x130.jpg 793w, https:\/\/www.vinci-construction-projets.com\/wp-content\/uploads\/2016\/07\/co2crete_impact_logo1_04-12-2008-386x64.jpg 386w, https:\/\/www.vinci-construction-projets.com\/wp-content\/uploads\/2016\/07\/co2crete_impact_logo1_04-12-2008-780x128.jpg 780w, https:\/\/www.vinci-construction-projets.com\/wp-content\/uploads\/2016\/07\/co2crete_impact_logo1_04-12-2008-1200x197.jpg 1200w, https:\/\/www.vinci-construction-projets.com\/wp-content\/uploads\/2016\/07\/co2crete_impact_logo1_04-12-2008-285x47.jpg 285w, https:\/\/www.vinci-construction-projets.com\/wp-content\/uploads\/2016\/07\/co2crete_impact_logo1_04-12-2008.jpg 1866w\" sizes=\"auto, (max-width: 300px) 100vw, 300px\" \/><\/h5>\n<p>La production de b\u00e9ton est responsable de plus de 6% des \u00e9missions mondiales de gaz \u00e0 effet de serre (GES). Aussi, la r\u00e9duction des \u00e9missions li\u00e9s au b\u00e9ton est l\u2019un de nos enjeux majeurs.<\/p>\n<p>CO2CRETE IMPACT\u2122, lui aussi con\u00e7u en respectant la m\u00e9thode du bilan Carbone de l\u2019ADEME, nous permet de<strong> quantifier les \u00e9missions de gaz \u00e0 effet de serre d\u2019une formule <\/strong>ou d\u2019un fournisseur de b\u00e9ton et de <strong>trouver des moyens de r\u00e9duire son impact environnemental.\u00a0<\/strong><\/p>\n<h5>Exegy: une gamme de b\u00e9tons ultra-bas carbone qui change la donne<\/h5>\n<h4><img loading=\"lazy\" decoding=\"async\" class=\" wp-image-18351 alignright\" src=\"https:\/\/www.vinci-construction-projets.com\/wp-content\/uploads\/2022\/10\/EXEGY_Q-300x69.png\" alt=\"\" width=\"210\" height=\"48\" srcset=\"https:\/\/www.vinci-construction-projets.com\/wp-content\/uploads\/2022\/10\/EXEGY_Q-300x69.png 300w, https:\/\/www.vinci-construction-projets.com\/wp-content\/uploads\/2022\/10\/EXEGY_Q-768x178.png 768w, https:\/\/www.vinci-construction-projets.com\/wp-content\/uploads\/2022\/10\/EXEGY_Q-400x93.png 400w, https:\/\/www.vinci-construction-projets.com\/wp-content\/uploads\/2022\/10\/EXEGY_Q-720x167.png 720w, https:\/\/www.vinci-construction-projets.com\/wp-content\/uploads\/2022\/10\/EXEGY_Q-600x139.png 600w, https:\/\/www.vinci-construction-projets.com\/wp-content\/uploads\/2022\/10\/EXEGY_Q-590x137.png 590w, https:\/\/www.vinci-construction-projets.com\/wp-content\/uploads\/2022\/10\/EXEGY_Q-793x184.png 793w, https:\/\/www.vinci-construction-projets.com\/wp-content\/uploads\/2022\/10\/EXEGY_Q-386x89.png 386w, https:\/\/www.vinci-construction-projets.com\/wp-content\/uploads\/2022\/10\/EXEGY_Q-780x181.png 780w, https:\/\/www.vinci-construction-projets.com\/wp-content\/uploads\/2022\/10\/EXEGY_Q-285x66.png 285w, https:\/\/www.vinci-construction-projets.com\/wp-content\/uploads\/2022\/10\/EXEGY_Q.png 842w\" sizes=\"auto, (max-width: 210px) 100vw, 210px\" \/><img loading=\"lazy\" decoding=\"async\" class=\" wp-image-18359 alignleft\" src=\"https:\/\/www.vinci-construction-projets.com\/wp-content\/uploads\/2022\/10\/Voussoir-dans-Tunnel-300x225.jpg\" alt=\"\" width=\"311\" height=\"233\" srcset=\"https:\/\/www.vinci-construction-projets.com\/wp-content\/uploads\/2022\/10\/Voussoir-dans-Tunnel-300x225.jpg 300w, https:\/\/www.vinci-construction-projets.com\/wp-content\/uploads\/2022\/10\/Voussoir-dans-Tunnel-768x576.jpg 768w, https:\/\/www.vinci-construction-projets.com\/wp-content\/uploads\/2022\/10\/Voussoir-dans-Tunnel-1024x768.jpg 1024w, https:\/\/www.vinci-construction-projets.com\/wp-content\/uploads\/2022\/10\/Voussoir-dans-Tunnel-987x740.jpg 987w, https:\/\/www.vinci-construction-projets.com\/wp-content\/uploads\/2022\/10\/Voussoir-dans-Tunnel-400x300.jpg 400w, https:\/\/www.vinci-construction-projets.com\/wp-content\/uploads\/2022\/10\/Voussoir-dans-Tunnel-320x240.jpg 320w, https:\/\/www.vinci-construction-projets.com\/wp-content\/uploads\/2022\/10\/Voussoir-dans-Tunnel-693x520.jpg 693w, https:\/\/www.vinci-construction-projets.com\/wp-content\/uploads\/2022\/10\/Voussoir-dans-Tunnel-453x340.jpg 453w, https:\/\/www.vinci-construction-projets.com\/wp-content\/uploads\/2022\/10\/Voussoir-dans-Tunnel-380x285.jpg 380w, https:\/\/www.vinci-construction-projets.com\/wp-content\/uploads\/2022\/10\/Voussoir-dans-Tunnel-613x460.jpg 613w, https:\/\/www.vinci-construction-projets.com\/wp-content\/uploads\/2022\/10\/Voussoir-dans-Tunnel-386x290.jpg 386w, https:\/\/www.vinci-construction-projets.com\/wp-content\/uploads\/2022\/10\/Voussoir-dans-Tunnel-640x480.jpg 640w, https:\/\/www.vinci-construction-projets.com\/wp-content\/uploads\/2022\/10\/Voussoir-dans-Tunnel-720x540.jpg 720w, https:\/\/www.vinci-construction-projets.com\/wp-content\/uploads\/2022\/10\/Voussoir-dans-Tunnel-467x350.jpg 467w, https:\/\/www.vinci-construction-projets.com\/wp-content\/uploads\/2022\/10\/Voussoir-dans-Tunnel-267x200.jpg 267w, https:\/\/www.vinci-construction-projets.com\/wp-content\/uploads\/2022\/10\/Voussoir-dans-Tunnel-285x214.jpg 285w, https:\/\/www.vinci-construction-projets.com\/wp-content\/uploads\/2022\/10\/Voussoir-dans-Tunnel-493x370.jpg 493w\" sizes=\"auto, (max-width: 311px) 100vw, 311px\" \/><\/h4>\n<p>&nbsp;<\/p>\n<p>Notre<a href=\"https:\/\/www.vinci-construction-projets.com\/fr\/nos-savoir-faire\/nos-expertises\/beton\/\"> expertise b\u00e9ton<\/a> \u00a0reconnue est aussi au service de la pr\u00e9servation de l\u2019environnement.<\/p>\n<p>Avec <strong>Exegy<\/strong>, la marque de b\u00e9tons ultra-bas carbone de VINCI Construction \u00e0 laquelle nous sommes associ\u00e9s au travers de la Tunnel Factory, nous mettons notre sens de l\u2019innovation au service de la performance \u00e9nerg\u00e9tique de nos ouvrages.<\/p>\n<p><strong>Ce sont jusqu\u2019\u00e0 70% d\u2019\u00e9missions en moins par rapport aux b\u00e9tons traditionnels<\/strong>, tout en conservant ou en am\u00e9liorant leur performance\u00a0!<\/p>\n<p>D\u00e9couvrez nos innovations et engagements avec <a href=\"https:\/\/exegy-solutions.com\/\">Exegy<\/a><\/p>\n<p>&nbsp;<\/p>\n<h4>Une culture environnementale au c\u0153ur de notre strat\u00e9gie<\/h4>\n<p>Nos \u00e9quipes sont les premiers acteurs de notre ambition. Nous nous attachons \u00e0 les sensibiliser au travers d\u2019<strong>initiatives fortes et source d\u2019innovation et de progr\u00e8s<\/strong>.<\/p>\n<p>Engag\u00e9 aupr\u00e8s d\u2019Act4Nature, VINCI a \u00e9galement lanc\u00e9 sa premi\u00e8re \u00e9dition de la Journ\u00e9e de l\u2019environnement en 2020. Cette derni\u00e8re a donn\u00e9 le coup de son <strong>Prix de l\u2019Environnement<\/strong>, qui marque notre engagement et celui de toutes nos \u00e9quipes. Avec pr\u00e8s d\u2019une centaine d\u2019initiatives d\u00e9pos\u00e9es, elles prennent une part active au d\u00e9ploiement de <strong>solutions pragmatiques, modulables et transposables sur nos chantiers partout dans le monde<\/strong>, avec en particulier <strong>deux laur\u00e9ats mondiaux<\/strong>\u00a0: Exegy, et l\u2019\u00e9co-utilisation de l\u2019eau sur notre <a href=\"https:\/\/www.vinci-construction-projets.com\/fr\/realisations\/station-de-transfert-denergie-par-pompage\/\">projet de station de transfert d&rsquo;\u00e9nergie par pompage (STEP) d\u2019Abdelmoumen\u00a0 au Maroc<\/a>.<\/p>\n<p><img loading=\"lazy\" decoding=\"async\" class=\"alignnone wp-image-18368 size-full\" src=\"https:\/\/www.vinci-construction-projets.com\/wp-content\/uploads\/2022\/10\/capture.jpg\" alt=\"\" width=\"831\" height=\"555\" srcset=\"https:\/\/www.vinci-construction-projets.com\/wp-content\/uploads\/2022\/10\/capture.jpg 831w, https:\/\/www.vinci-construction-projets.com\/wp-content\/uploads\/2022\/10\/capture-300x200.jpg 300w, https:\/\/www.vinci-construction-projets.com\/wp-content\/uploads\/2022\/10\/capture-768x513.jpg 768w, https:\/\/www.vinci-construction-projets.com\/wp-content\/uploads\/2022\/10\/capture-400x267.jpg 400w, https:\/\/www.vinci-construction-projets.com\/wp-content\/uploads\/2022\/10\/capture-359x240.jpg 359w, https:\/\/www.vinci-construction-projets.com\/wp-content\/uploads\/2022\/10\/capture-720x481.jpg 720w, https:\/\/www.vinci-construction-projets.com\/wp-content\/uploads\/2022\/10\/capture-509x340.jpg 509w, https:\/\/www.vinci-construction-projets.com\/wp-content\/uploads\/2022\/10\/capture-427x285.jpg 427w, https:\/\/www.vinci-construction-projets.com\/wp-content\/uploads\/2022\/10\/capture-689x460.jpg 689w, https:\/\/www.vinci-construction-projets.com\/wp-content\/uploads\/2022\/10\/capture-386x258.jpg 386w, https:\/\/www.vinci-construction-projets.com\/wp-content\/uploads\/2022\/10\/capture-719x480.jpg 719w, https:\/\/www.vinci-construction-projets.com\/wp-content\/uploads\/2022\/10\/capture-524x350.jpg 524w, https:\/\/www.vinci-construction-projets.com\/wp-content\/uploads\/2022\/10\/capture-299x200.jpg 299w, https:\/\/www.vinci-construction-projets.com\/wp-content\/uploads\/2022\/10\/capture-285x190.jpg 285w, https:\/\/www.vinci-construction-projets.com\/wp-content\/uploads\/2022\/10\/capture-554x370.jpg 554w\" sizes=\"auto, (max-width: 831px) 100vw, 831px\" \/><\/p>\n<p>Depuis, chaque ann\u00e9e, la Journ\u00e9e de l\u2019Environnement est l\u2019occasion de mener une large campagne de sensibilisation \u00e0 nos enjeux et mettre en lumi\u00e8re les initiatives \u00e9manant de nos projets. Elle a aussi \u00e9t\u00e9 l\u2019occasion de nouer un partenariat avec Reforest\u2019Action pour la plantation de milliers d\u2019arbres dans des pays o\u00f9 nous sommes implant\u00e9s (Colombie, C\u00f4te d\u2019Ivoire, France).<\/p>\n<p><strong>Nous formons aussi nos \u00e9quipes aux enjeux environnementaux<\/strong> pour qu\u2019ils apportent une r\u00e9ponse pertinente int\u00e9grant nos enjeux environnementaux au travers de toutes leurs activit\u00e9s. Ces formations, afin d\u2019\u00eatre accessible au plus grand nombre, sont \u00e0 disposition des collaborateurs en e-learning ou en pr\u00e9sentiel. Elles permettent de les sensibiliser, de les faire monter en comp\u00e9tences et de leur donner les cl\u00e9s essentielles pour int\u00e9grer toujours plus les consid\u00e9rations environnementales d\u00e8s les phases amont d\u2019une affaire, en lien avec notre d\u00e9marche Environment in Design et, in fine, \u00a0atteindre nos objectifs environnementaux.<\/p>\n<p>&nbsp;<\/p>\n","protected":false},"excerpt":{"rendered":"<p>Acteur majeur de la construction, nous avons fait le choix de placer notre ambition environnementale au c\u0153ur de nos activit\u00e9s, dans un objectif de performance globale, mettant ainsi nos expertises et comp\u00e9tences au service d\u2019une croissance plus verte. Soucieux de b\u00e2tir un avenir de la construction d\u00e9carbon\u00e9, vertueux et responsable au b\u00e9n\u00e9fice des g\u00e9n\u00e9rations futures, [&hellip;]<\/p>\n","protected":false},"author":17,"featured_media":0,"parent":38,"menu_order":0,"comment_status":"closed","ping_status":"closed","template":"","meta":{"_acf_changed":false,"footnotes":""},"class_list":["post-1790","page","type-page","status-publish","hentry"],"acf":[],"_links":{"self":[{"href":"https:\/\/www.vinci-construction-projets.com\/fr\/wp-json\/wp\/v2\/pages\/1790","targetHints":{"allow":["GET"]}}],"collection":[{"href":"https:\/\/www.vinci-construction-projets.com\/fr\/wp-json\/wp\/v2\/pages"}],"about":[{"href":"https:\/\/www.vinci-construction-projets.com\/fr\/wp-json\/wp\/v2\/types\/page"}],"author":[{"embeddable":true,"href":"https:\/\/www.vinci-construction-projets.com\/fr\/wp-json\/wp\/v2\/users\/17"}],"replies":[{"embeddable":true,"href":"https:\/\/www.vinci-construction-projets.com\/fr\/wp-json\/wp\/v2\/comments?post=1790"}],"version-history":[{"count":54,"href":"https:\/\/www.vinci-construction-projets.com\/fr\/wp-json\/wp\/v2\/pages\/1790\/revisions"}],"predecessor-version":[{"id":18826,"href":"https:\/\/www.vinci-construction-projets.com\/fr\/wp-json\/wp\/v2\/pages\/1790\/revisions\/18826"}],"up":[{"embeddable":true,"href":"https:\/\/www.vinci-construction-projets.com\/fr\/wp-json\/wp\/v2\/pages\/38"}],"wp:attachment":[{"href":"https:\/\/www.vinci-construction-projets.com\/fr\/wp-json\/wp\/v2\/media?parent=1790"}],"curies":[{"name":"wp","href":"https:\/\/api.w.org\/{rel}","templated":true}]}}