{"id":17935,"date":"2022-03-07T12:49:10","date_gmt":"2022-03-07T11:49:10","guid":{"rendered":"https:\/\/www.vinci-construction-projets.com\/?page_id=17935"},"modified":"2026-02-27T15:42:08","modified_gmt":"2026-02-27T14:42:08","slug":"mixite-professionnelle","status":"publish","type":"page","link":"https:\/\/www.vinci-construction-projets.com\/fr\/nos-engagements\/mixite-professionnelle\/","title":{"rendered":"Mixit\u00e9 professionnelle"},"content":{"rendered":"<p><img loading=\"lazy\" decoding=\"async\" class=\"wp-image-20438 alignright\" src=\"https:\/\/www.vinci-construction-projets.com\/wp-content\/uploads\/2024\/09\/image-martin-1024x768.jpg\" alt=\"\" width=\"613\" height=\"459\" srcset=\"https:\/\/www.vinci-construction-projets.com\/wp-content\/uploads\/2024\/09\/image-martin.jpg 1024w, https:\/\/www.vinci-construction-projets.com\/wp-content\/uploads\/2024\/09\/image-martin-300x225.jpg 300w, https:\/\/www.vinci-construction-projets.com\/wp-content\/uploads\/2024\/09\/image-martin-768x576.jpg 768w, https:\/\/www.vinci-construction-projets.com\/wp-content\/uploads\/2024\/09\/image-martin-987x740.jpg 987w, https:\/\/www.vinci-construction-projets.com\/wp-content\/uploads\/2024\/09\/image-martin-400x300.jpg 400w, https:\/\/www.vinci-construction-projets.com\/wp-content\/uploads\/2024\/09\/image-martin-320x240.jpg 320w, https:\/\/www.vinci-construction-projets.com\/wp-content\/uploads\/2024\/09\/image-martin-693x520.jpg 693w, https:\/\/www.vinci-construction-projets.com\/wp-content\/uploads\/2024\/09\/image-martin-453x340.jpg 453w, https:\/\/www.vinci-construction-projets.com\/wp-content\/uploads\/2024\/09\/image-martin-380x285.jpg 380w, https:\/\/www.vinci-construction-projets.com\/wp-content\/uploads\/2024\/09\/image-martin-613x460.jpg 613w, https:\/\/www.vinci-construction-projets.com\/wp-content\/uploads\/2024\/09\/image-martin-386x290.jpg 386w, https:\/\/www.vinci-construction-projets.com\/wp-content\/uploads\/2024\/09\/image-martin-640x480.jpg 640w, https:\/\/www.vinci-construction-projets.com\/wp-content\/uploads\/2024\/09\/image-martin-720x540.jpg 720w, https:\/\/www.vinci-construction-projets.com\/wp-content\/uploads\/2024\/09\/image-martin-467x350.jpg 467w, https:\/\/www.vinci-construction-projets.com\/wp-content\/uploads\/2024\/09\/image-martin-267x200.jpg 267w, https:\/\/www.vinci-construction-projets.com\/wp-content\/uploads\/2024\/09\/image-martin-285x214.jpg 285w, https:\/\/www.vinci-construction-projets.com\/wp-content\/uploads\/2024\/09\/image-martin-493x370.jpg 493w\" sizes=\"auto, (max-width: 613px) 100vw, 613px\" \/><\/p>\n<p>Notre engagement s\u2019inscrit dans une d\u00e9marche responsable, incarn\u00e9e par des valeurs et une culture humanistes favorisant la r\u00e9ussite individuelle de nos collaborateurs au service de nos projets. L\u2019\u00e9coute, la confiance et l\u2019accompagnement de chacun dans son parcours professionnel sont ainsi le socle d\u2019une performance durable.<\/p>\n<p><img loading=\"lazy\" decoding=\"async\" class=\"alignleft wp-image-20457\" src=\"https:\/\/www.vinci-construction-projets.com\/wp-content\/uploads\/2024\/09\/Capture-3.png\" alt=\"\" width=\"201\" height=\"76\" srcset=\"https:\/\/www.vinci-construction-projets.com\/wp-content\/uploads\/2024\/09\/Capture-3.png 449w, https:\/\/www.vinci-construction-projets.com\/wp-content\/uploads\/2024\/09\/Capture-3-300x114.png 300w, https:\/\/www.vinci-construction-projets.com\/wp-content\/uploads\/2024\/09\/Capture-3-400x151.png 400w, https:\/\/www.vinci-construction-projets.com\/wp-content\/uploads\/2024\/09\/Capture-3-386x146.png 386w, https:\/\/www.vinci-construction-projets.com\/wp-content\/uploads\/2024\/09\/Capture-3-285x108.png 285w\" sizes=\"auto, (max-width: 201px) 100vw, 201px\" \/><\/p>\n<p>Une ambition partag\u00e9e, qui s\u2019est accompagn\u00e9e par la naissance en 2019 du comit\u00e9 mixte de pilotage Grands Projets au f\u00e9minin. Compos\u00e9 de nos collaborateurs et collaboratrices, et sous l\u2019impulsion de notre comit\u00e9 de direction, il d\u00e9finit et met en \u0153uvre des actions concr\u00e8tes pour <strong>promouvoir durablement la mixit\u00e9.<\/strong><\/p>\n<p>La d\u00e9marche s\u2019organise autour de grands axes d\u2019action, parmi lesquels\u00a0:<\/p>\n<ul>\n<li>L\u2019emploi f\u00e9minin dans les m\u00e9tiers techniques et travaux<\/li>\n<li>L\u2019\u00e9galit\u00e9 salariale<\/li>\n<li>L\u2019\u00e9quit\u00e9 en mati\u00e8re d\u2019\u00e9volution de carri\u00e8re et d\u2019acc\u00e8s \u00e0 la formation<\/li>\n<li>L\u2019\u00e9quilibre vie professionnelle\/vie familiale<\/li>\n<\/ul>\n<p>Le comit\u00e9 a mis sur pied des <strong>journ\u00e9es de sensibilisation, \u00ab\u00a0S\u2019engager pour la mixit\u00e9\u00a0\u00bb,<\/strong> destin\u00e9es \u00e0 l\u2019ensemble des collaboratrices et collaborateurs pour agir durablement sur les mentalit\u00e9s et lutter contre les st\u00e9r\u00e9otypes. Elles ont r\u00e9uni plus de 300 collaborateurs et collaboratrices en 2023.<\/p>\n<p>De m\u00eame, une s\u00e9rie de 8 films, prim\u00e9e au Festival international du film responsable de Deauville et partag\u00e9e massivement au sein du groupe VINCI (+ de 100\u00a0000 vues en un an), a permis d&rsquo;ancrer durablement notre culture et notre engagement en faveur d&rsquo;un environnement de travail inclusif et mixte, propice au d\u00e9veloppement professionnel de chacun.<\/p>\n<p>Nous sommes \u00e9galement devenus la premi\u00e8re entreprise de construction ou d\u2019ing\u00e9nierie \u00e0 \u00eatre signataires des <a href=\"https:\/\/www.weps.org\/\" target=\"_blank\" rel=\"noopener\">Women\u2019s Empowerment Principles (WEP),<\/a> initi\u00e9s conjointement par\u00a0<em>ONU Femmes<\/em>\u00a0et le\u00a0Pacte Mondial des Nations Unies, dont le Groupe est signataire depuis 2003.<\/p>\n<p>D\u2019autres actions, parmi lesquelles une campagne d&rsquo;affichage de femmes fi\u00e8res et inspir\u00e9es largement diffus\u00e9es dans l\u2019entreprise, une s\u00e9rie de podcasts \u00ab\u00a0Epic\u00e8ne\u00a0\u00bb consacr\u00e9s aux parcours des femmes et des hommes de l&rsquo;entreprise, des conf\u00e9rences d\u2019intervenants ext\u00e9rieurs, la mise en place d\u2019indicateurs r\u00e9guli\u00e8rement partag\u00e9s en toute transparence avec toutes et tous sur l\u2019\u00e9volution professionnelle des femmes au sein de l\u2019entreprise et des propositions en mati\u00e8re de parentalit\u00e9 et de meilleure articulation entre la vie professionnelle et la vie priv\u00e9e, ont \u00e9t\u00e9 mis en \u0153uvre, pour <strong>contribuer \u00e0 un environnement de plus en plus inclusif, dans la droite ligne des objectifs de VINCI, pour 30% de femmes managers d\u2019ici \u00e0 2030. <\/strong><\/p>\n<p><strong>Le d\u00e9veloppement du <\/strong><a href=\"https:\/\/inclusion.vinci-construction.com\/programme-ariane-favoriser-le-developpement-du-leadership-feminin\/\" target=\"_blank\" rel=\"noopener\"><strong>programme de leadership Ariane<\/strong><\/a><strong>,<\/strong> con\u00e7u par VINCI Construction, et l\u2019instauration de r\u00e9f\u00e9rents mixit\u00e9 au sein de nos directions op\u00e9rationnelles et fonctionnelles, participent \u00e0 notre ambition collective et sont un relais au plus proche de nos collaborateurs et collaboratrices.<\/p>\n<p>Cet engagement est aussi palpable sur nos chantiers, comme en t\u00e9moigne le programme Semillero Rosa, mise en place sur notre projet d\u2019\u00e9largissement et de modernisation de l\u2019autoroute Bogota-Girardot en Colombie :<\/p>\n<p><a href=\"https:\/\/vimeo.com\/932051192\" target=\"_blank\" rel=\"noopener\"><img loading=\"lazy\" decoding=\"async\" class=\"size-full wp-image-20442 aligncenter\" src=\"https:\/\/www.vinci-construction-projets.com\/wp-content\/uploads\/2024\/09\/Capture.png\" alt=\"\" width=\"699\" height=\"395\" srcset=\"https:\/\/www.vinci-construction-projets.com\/wp-content\/uploads\/2024\/09\/Capture.png 699w, https:\/\/www.vinci-construction-projets.com\/wp-content\/uploads\/2024\/09\/Capture-300x170.png 300w, https:\/\/www.vinci-construction-projets.com\/wp-content\/uploads\/2024\/09\/Capture-400x226.png 400w, https:\/\/www.vinci-construction-projets.com\/wp-content\/uploads\/2024\/09\/Capture-600x340.png 600w, https:\/\/www.vinci-construction-projets.com\/wp-content\/uploads\/2024\/09\/Capture-504x285.png 504w, https:\/\/www.vinci-construction-projets.com\/wp-content\/uploads\/2024\/09\/Capture-386x218.png 386w, https:\/\/www.vinci-construction-projets.com\/wp-content\/uploads\/2024\/09\/Capture-619x350.png 619w, https:\/\/www.vinci-construction-projets.com\/wp-content\/uploads\/2024\/09\/Capture-354x200.png 354w, https:\/\/www.vinci-construction-projets.com\/wp-content\/uploads\/2024\/09\/Capture-285x161.png 285w, https:\/\/www.vinci-construction-projets.com\/wp-content\/uploads\/2024\/09\/Capture-655x370.png 655w\" sizes=\"auto, (max-width: 699px) 100vw, 699px\" \/><\/a><\/p>\n<p><img loading=\"lazy\" decoding=\"async\" class=\" wp-image-21025 alignright\" src=\"https:\/\/www.vinci-construction-projets.com\/wp-content\/uploads\/2026\/02\/Index-2025-3-300x143.jpg\" alt=\"\" width=\"480\" height=\"229\" srcset=\"https:\/\/www.vinci-construction-projets.com\/wp-content\/uploads\/2026\/02\/Index-2025-3-300x143.jpg 300w, https:\/\/www.vinci-construction-projets.com\/wp-content\/uploads\/2026\/02\/Index-2025-3-1024x488.jpg 1024w, https:\/\/www.vinci-construction-projets.com\/wp-content\/uploads\/2026\/02\/Index-2025-3-768x366.jpg 768w, https:\/\/www.vinci-construction-projets.com\/wp-content\/uploads\/2026\/02\/Index-2025-3-1536x732.jpg 1536w, https:\/\/www.vinci-construction-projets.com\/wp-content\/uploads\/2026\/02\/Index-2025-3-1440x686.jpg 1440w, https:\/\/www.vinci-construction-projets.com\/wp-content\/uploads\/2026\/02\/Index-2025-3-400x191.jpg 400w, https:\/\/www.vinci-construction-projets.com\/wp-content\/uploads\/2026\/02\/Index-2025-3-720x343.jpg 720w, https:\/\/www.vinci-construction-projets.com\/wp-content\/uploads\/2026\/02\/Index-2025-3-600x286.jpg 600w, https:\/\/www.vinci-construction-projets.com\/wp-content\/uploads\/2026\/02\/Index-2025-3-590x281.jpg 590w, https:\/\/www.vinci-construction-projets.com\/wp-content\/uploads\/2026\/02\/Index-2025-3-793x378.jpg 793w, https:\/\/www.vinci-construction-projets.com\/wp-content\/uploads\/2026\/02\/Index-2025-3-386x184.jpg 386w, https:\/\/www.vinci-construction-projets.com\/wp-content\/uploads\/2026\/02\/Index-2025-3-780x372.jpg 780w, https:\/\/www.vinci-construction-projets.com\/wp-content\/uploads\/2026\/02\/Index-2025-3-1007x480.jpg 1007w, https:\/\/www.vinci-construction-projets.com\/wp-content\/uploads\/2026\/02\/Index-2025-3-734x350.jpg 734w, https:\/\/www.vinci-construction-projets.com\/wp-content\/uploads\/2026\/02\/Index-2025-3-285x136.jpg 285w, https:\/\/www.vinci-construction-projets.com\/wp-content\/uploads\/2026\/02\/Index-2025-3-776x370.jpg 776w, https:\/\/www.vinci-construction-projets.com\/wp-content\/uploads\/2026\/02\/Index-2025-3.jpg 1895w\" sizes=\"auto, (max-width: 480px) 100vw, 480px\" \/>Au titre de l\u2019ann\u00e9e 2025, <strong>l\u2019index de l\u2019\u00e9galit\u00e9 femmes-hommes s\u2019\u00e9l\u00e8ve \u00e0 88\u00a0<\/strong><strong>su<\/strong><strong>r\u00a0<\/strong><strong>100 :<\/strong><\/p>\n<ul>\n<li>\u00c9cart de r\u00e9mun\u00e9ration entre les femmes et les hommes : 38 points sur 40,<\/li>\n<li>\u00c9cart de taux d&rsquo;augmentations individuelles (Hors promotions) entre les femmes et les hommes : 20 points sur 20,<\/li>\n<li>\u00c9cart de r\u00e9partition des promotions : 15 points sur 15,<\/li>\n<li>Pourcentage des salari\u00e9s ayant b\u00e9n\u00e9fici\u00e9 d\u2019une augmentation de salaire en cours de cong\u00e9s maternit\u00e9\/d\u2019adoption ou \u00e0 la suite d\u2019un retour de cong\u00e9 maternit\u00e9\/d\u2019adoption : 15 points sur 15,<\/li>\n<li>Nombre de femmes et d\u2019hommes dans les dix plus hautes r\u00e9mun\u00e9ration : 0 point sur 10<\/li>\n<\/ul>\n<p>Afin d\u2019acc\u00e9l\u00e9rer la participation des femmes \u00e0 la vie \u00e9conomique et professionnelle et d\u2019assurer une repr\u00e9sentation \u00e9quilibr\u00e9e entre les femmes et les hommes dans les postes de direction de notre entreprise, VINCI Construction Grands Projets a mesur\u00e9 ses \u00e9carts de repr\u00e9sentation entre les femmes et les hommes parmi ses cadres dirigeants et ses instances dirigeantes :<\/p>\n<p><strong>Cadres dirigeants (2025) :<\/strong><\/p>\n<ul>\n<li>Hommes\u00a0: 100%<\/li>\n<li>Femmes\u00a0: 0%<\/li>\n<\/ul>\n<p><strong>Instances dirigeantes (2025) :<\/strong><\/p>\n<ul>\n<li>Hommes : 90.20%<\/li>\n<li>Femmes : 9.80%<\/li>\n<\/ul>\n<p>Notre entreprise entend prendre les mesures n\u00e9cessaires pour augmenter la f\u00e9minisation de ses cadres dirigeants et instances dirigeantes et r\u00e9duire ces \u00e9carts de repr\u00e9sentation.<\/p>\n<p><img loading=\"lazy\" decoding=\"async\" class=\" wp-image-20447 aligncenter\" src=\"https:\/\/www.vinci-construction-projets.com\/wp-content\/uploads\/2024\/09\/Capture-1-1024x421.png\" alt=\"\" width=\"1165\" height=\"479\" srcset=\"https:\/\/www.vinci-construction-projets.com\/wp-content\/uploads\/2024\/09\/Capture-1-1024x421.png 1024w, https:\/\/www.vinci-construction-projets.com\/wp-content\/uploads\/2024\/09\/Capture-1-300x123.png 300w, https:\/\/www.vinci-construction-projets.com\/wp-content\/uploads\/2024\/09\/Capture-1-768x316.png 768w, https:\/\/www.vinci-construction-projets.com\/wp-content\/uploads\/2024\/09\/Capture-1-1440x593.png 1440w, https:\/\/www.vinci-construction-projets.com\/wp-content\/uploads\/2024\/09\/Capture-1-400x165.png 400w, https:\/\/www.vinci-construction-projets.com\/wp-content\/uploads\/2024\/09\/Capture-1-720x296.png 720w, https:\/\/www.vinci-construction-projets.com\/wp-content\/uploads\/2024\/09\/Capture-1-600x247.png 600w, https:\/\/www.vinci-construction-projets.com\/wp-content\/uploads\/2024\/09\/Capture-1-590x243.png 590w, https:\/\/www.vinci-construction-projets.com\/wp-content\/uploads\/2024\/09\/Capture-1-793x326.png 793w, https:\/\/www.vinci-construction-projets.com\/wp-content\/uploads\/2024\/09\/Capture-1-386x159.png 386w, https:\/\/www.vinci-construction-projets.com\/wp-content\/uploads\/2024\/09\/Capture-1-780x321.png 780w, https:\/\/www.vinci-construction-projets.com\/wp-content\/uploads\/2024\/09\/Capture-1-1166x480.png 1166w, https:\/\/www.vinci-construction-projets.com\/wp-content\/uploads\/2024\/09\/Capture-1-850x350.png 850w, https:\/\/www.vinci-construction-projets.com\/wp-content\/uploads\/2024\/09\/Capture-1-285x117.png 285w, https:\/\/www.vinci-construction-projets.com\/wp-content\/uploads\/2024\/09\/Capture-1-899x370.png 899w\" sizes=\"auto, (max-width: 1165px) 100vw, 1165px\" \/><\/p>\n","protected":false},"excerpt":{"rendered":"<p>Notre engagement s\u2019inscrit dans une d\u00e9marche responsable, incarn\u00e9e par des valeurs et une culture humanistes favorisant la r\u00e9ussite individuelle de nos collaborateurs au service de nos projets. L\u2019\u00e9coute, la confiance et l\u2019accompagnement de chacun dans son parcours professionnel sont ainsi le socle d\u2019une performance durable. Une ambition partag\u00e9e, qui s\u2019est accompagn\u00e9e par la naissance en [&hellip;]<\/p>\n","protected":false},"author":17,"featured_media":0,"parent":38,"menu_order":0,"comment_status":"closed","ping_status":"closed","template":"","meta":{"_acf_changed":false,"footnotes":""},"class_list":["post-17935","page","type-page","status-publish","hentry"],"acf":[],"_links":{"self":[{"href":"https:\/\/www.vinci-construction-projets.com\/fr\/wp-json\/wp\/v2\/pages\/17935","targetHints":{"allow":["GET"]}}],"collection":[{"href":"https:\/\/www.vinci-construction-projets.com\/fr\/wp-json\/wp\/v2\/pages"}],"about":[{"href":"https:\/\/www.vinci-construction-projets.com\/fr\/wp-json\/wp\/v2\/types\/page"}],"author":[{"embeddable":true,"href":"https:\/\/www.vinci-construction-projets.com\/fr\/wp-json\/wp\/v2\/users\/17"}],"replies":[{"embeddable":true,"href":"https:\/\/www.vinci-construction-projets.com\/fr\/wp-json\/wp\/v2\/comments?post=17935"}],"version-history":[{"count":78,"href":"https:\/\/www.vinci-construction-projets.com\/fr\/wp-json\/wp\/v2\/pages\/17935\/revisions"}],"predecessor-version":[{"id":21028,"href":"https:\/\/www.vinci-construction-projets.com\/fr\/wp-json\/wp\/v2\/pages\/17935\/revisions\/21028"}],"up":[{"embeddable":true,"href":"https:\/\/www.vinci-construction-projets.com\/fr\/wp-json\/wp\/v2\/pages\/38"}],"wp:attachment":[{"href":"https:\/\/www.vinci-construction-projets.com\/fr\/wp-json\/wp\/v2\/media?parent=17935"}],"curies":[{"name":"wp","href":"https:\/\/api.w.org\/{rel}","templated":true}]}}