{"id":18838,"date":"2023-04-04T15:20:02","date_gmt":"2023-04-04T13:20:02","guid":{"rendered":"https:\/\/www.vinci-construction-projets.com\/?page_id=18838"},"modified":"2023-05-02T11:22:36","modified_gmt":"2023-05-02T09:22:36","slug":"travaux-maritimes","status":"publish","type":"page","link":"https:\/\/www.vinci-construction-projets.com\/fr\/nos-savoir-faire\/nos-expertises\/travaux-maritimes\/","title":{"rendered":"Travaux maritimes"},"content":{"rendered":"<h4>UN ACTEUR INCONTOURNABLE DES CONDUITES SOUS-MARINES POUR LES ACTEURS DE L\u2019ENERGIE<\/h4>\n<p>Avec notre marque <a href=\"https:\/\/www.geocean.com\/\">Geocean<\/a>, nous offrons \u00e0 nos clients un savoir-faire reconnu aux quatre coins du globe dans les <strong>travaux maritimes en eaux peu profondes<\/strong>. Nous r\u00e9alisons ainsi des <strong>projets cl\u00e9s en main (EPCI) \u00e0 haute technicit\u00e9 pour les acteurs de l\u2019\u00e9nergie<\/strong>.<\/p>\n<p>Gr\u00e2ce \u00e0 une structure agile et \u00e0 nos<strong> outils, \u00e9quipements et technologies propri\u00e9taires<\/strong>, nous intervenons sur tous les terrains, y compris les plus complexes, en particulier pour des <strong>infrastructures sous-marines<\/strong> \u00e0 destination des terminaux p\u00e9troliers et gaziers &#8211; conventional buoy mooring (CBM), single buoy mooring (SBM), floating storage regasification unit (FSRU) \u2013 ou des <strong>prises d\u2019eau et \u00e9missaires en mer<\/strong> (\u00e9nergie, d\u00e9salinisation et traitement de l\u2019eau).<\/p>\n<div id=\"attachment_19007\" style=\"width: 1034px\" class=\"wp-caption aligncenter\"><a href=\"https:\/\/www.vinci-construction-projets.com\/fr\/nos-savoir-faire\/nos-expertises\/travaux-maritimes\/travaux-maritime-1\/\" rel=\"attachment wp-att-19007\"><img loading=\"lazy\" decoding=\"async\" aria-describedby=\"caption-attachment-19007\" class=\"wp-image-19007 size-large\" src=\"https:\/\/www.vinci-construction-projets.com\/wp-content\/uploads\/2023\/05\/travaux-maritime-1-1024x682.jpg\" alt=\"\" width=\"1024\" height=\"682\" srcset=\"https:\/\/www.vinci-construction-projets.com\/wp-content\/uploads\/2023\/05\/travaux-maritime-1-1024x682.jpg 1024w, https:\/\/www.vinci-construction-projets.com\/wp-content\/uploads\/2023\/05\/travaux-maritime-1-300x200.jpg 300w, https:\/\/www.vinci-construction-projets.com\/wp-content\/uploads\/2023\/05\/travaux-maritime-1-768x512.jpg 768w, https:\/\/www.vinci-construction-projets.com\/wp-content\/uploads\/2023\/05\/travaux-maritime-1-1111x740.jpg 1111w, https:\/\/www.vinci-construction-projets.com\/wp-content\/uploads\/2023\/05\/travaux-maritime-1-400x266.jpg 400w, https:\/\/www.vinci-construction-projets.com\/wp-content\/uploads\/2023\/05\/travaux-maritime-1-360x240.jpg 360w, https:\/\/www.vinci-construction-projets.com\/wp-content\/uploads\/2023\/05\/travaux-maritime-1-720x480.jpg 720w, https:\/\/www.vinci-construction-projets.com\/wp-content\/uploads\/2023\/05\/travaux-maritime-1-510x340.jpg 510w, https:\/\/www.vinci-construction-projets.com\/wp-content\/uploads\/2023\/05\/travaux-maritime-1-428x285.jpg 428w, https:\/\/www.vinci-construction-projets.com\/wp-content\/uploads\/2023\/05\/travaux-maritime-1-691x460.jpg 691w, https:\/\/www.vinci-construction-projets.com\/wp-content\/uploads\/2023\/05\/travaux-maritime-1-386x257.jpg 386w, https:\/\/www.vinci-construction-projets.com\/wp-content\/uploads\/2023\/05\/travaux-maritime-1-721x480.jpg 721w, https:\/\/www.vinci-construction-projets.com\/wp-content\/uploads\/2023\/05\/travaux-maritime-1-525x350.jpg 525w, https:\/\/www.vinci-construction-projets.com\/wp-content\/uploads\/2023\/05\/travaux-maritime-1-285x190.jpg 285w, https:\/\/www.vinci-construction-projets.com\/wp-content\/uploads\/2023\/05\/travaux-maritime-1-555x370.jpg 555w, https:\/\/www.vinci-construction-projets.com\/wp-content\/uploads\/2023\/05\/travaux-maritime-1.jpg 1740w\" sizes=\"auto, (max-width: 1024px) 100vw, 1024px\" \/><\/a><p id=\"caption-attachment-19007\" class=\"wp-caption-text\"><em>D\u00e9p\u00f4t p\u00e9trolier de Frontignan<\/em><\/p><\/div>\n<p>&nbsp;<\/p>\n<p>Geocean est en outre sp\u00e9cialis\u00e9e dans les <strong>travaux d\u2019atterrage et d\u2019ensouillage<\/strong>. Elle est en mesure de proposer le design le plus adapt\u00e9 aux contraintes de site, et de mettre en \u0153uvre des solutions allant du forage horizontal dirig\u00e9 (HDD) au micro-tunnel en passant par la pose standard de pipeline.<\/p>\n<p>Nos <strong>capacit\u00e9s \u00e9tendues en mati\u00e8re d\u2019ing\u00e9nierie<\/strong>, soutenues par un D\u00e9partement Etudes propre et les synergies internes, avec l\u2019appui de la Direction de l\u2019Ing\u00e9nierie de VINCI Construction Grands Projets, nous permettent d\u2019accompagner nos clients tout au long du cycle de vie du projet, et ce d\u00e8s la phase d\u2019\u00e9tudes (bathym\u00e9trie, g\u00e9ophysique, topographiques, g\u00e9od\u00e9siques) jusqu\u2019\u00e0 la livraison et la mise en route des infrastructures.<\/p>\n<p>L\u2019exp\u00e9rience acquise au gr\u00e9 de projets majeurs sur les cinq continents est le socle de notre aptitude \u00e0 d\u00e9velopper des<strong> solutions sur-mesure et comp\u00e9titives<\/strong>, r\u00e9pondant aux d\u00e9fis techniques et environnementaux sp\u00e9cifiques de nos clients.<\/p>\n<h4><strong>CONDUITES POUR LE TRAITEMENT DES EAUX, L\u2019INDUSTRIE MINIERE ET LA PRODUCTION D\u2019ENERGIE<\/strong><\/h4>\n<p>Nous ex\u00e9cutons l\u2019ing\u00e9nierie, l\u2019achat, la fabrication et l\u2019installation <strong>de conduites sous-marines d\u2019eau <\/strong>pour les stations d\u2019\u00e9puration et de d\u00e9salinisation, pour les circuits de refroidissement de centrales et pour l\u2019industrie mini\u00e8re, et ce, <strong>dans toutes les mati\u00e8res<\/strong> : poly\u00e9thyl\u00e8ne haute densit\u00e9 (HDPE), plastique renforc\u00e9 de verre (GRP), acier&#8230; en fonction des contraintes impos\u00e9es par l\u2019environnement de chaque projet.<\/p>\n<div id=\"attachment_19013\" style=\"width: 1034px\" class=\"wp-caption aligncenter\"><a href=\"https:\/\/www.vinci-construction-projets.com\/fr\/nos-savoir-faire\/nos-expertises\/travaux-maritimes\/travaux-maritime-2\/\" rel=\"attachment wp-att-19013\"><img loading=\"lazy\" decoding=\"async\" aria-describedby=\"caption-attachment-19013\" class=\"wp-image-19013 size-large\" src=\"https:\/\/www.vinci-construction-projets.com\/wp-content\/uploads\/2023\/05\/travaux-maritime-2-1024x768.jpg\" alt=\"\" width=\"1024\" height=\"768\" srcset=\"https:\/\/www.vinci-construction-projets.com\/wp-content\/uploads\/2023\/05\/travaux-maritime-2-1024x768.jpg 1024w, https:\/\/www.vinci-construction-projets.com\/wp-content\/uploads\/2023\/05\/travaux-maritime-2-300x225.jpg 300w, https:\/\/www.vinci-construction-projets.com\/wp-content\/uploads\/2023\/05\/travaux-maritime-2-768x576.jpg 768w, https:\/\/www.vinci-construction-projets.com\/wp-content\/uploads\/2023\/05\/travaux-maritime-2-986x740.jpg 986w, https:\/\/www.vinci-construction-projets.com\/wp-content\/uploads\/2023\/05\/travaux-maritime-2-400x300.jpg 400w, https:\/\/www.vinci-construction-projets.com\/wp-content\/uploads\/2023\/05\/travaux-maritime-2-320x240.jpg 320w, https:\/\/www.vinci-construction-projets.com\/wp-content\/uploads\/2023\/05\/travaux-maritime-2-693x520.jpg 693w, https:\/\/www.vinci-construction-projets.com\/wp-content\/uploads\/2023\/05\/travaux-maritime-2-453x340.jpg 453w, https:\/\/www.vinci-construction-projets.com\/wp-content\/uploads\/2023\/05\/travaux-maritime-2-380x285.jpg 380w, https:\/\/www.vinci-construction-projets.com\/wp-content\/uploads\/2023\/05\/travaux-maritime-2-613x460.jpg 613w, https:\/\/www.vinci-construction-projets.com\/wp-content\/uploads\/2023\/05\/travaux-maritime-2-386x290.jpg 386w, https:\/\/www.vinci-construction-projets.com\/wp-content\/uploads\/2023\/05\/travaux-maritime-2-640x480.jpg 640w, https:\/\/www.vinci-construction-projets.com\/wp-content\/uploads\/2023\/05\/travaux-maritime-2-720x540.jpg 720w, https:\/\/www.vinci-construction-projets.com\/wp-content\/uploads\/2023\/05\/travaux-maritime-2-466x350.jpg 466w, https:\/\/www.vinci-construction-projets.com\/wp-content\/uploads\/2023\/05\/travaux-maritime-2-267x200.jpg 267w, https:\/\/www.vinci-construction-projets.com\/wp-content\/uploads\/2023\/05\/travaux-maritime-2-285x214.jpg 285w, https:\/\/www.vinci-construction-projets.com\/wp-content\/uploads\/2023\/05\/travaux-maritime-2-493x370.jpg 493w, https:\/\/www.vinci-construction-projets.com\/wp-content\/uploads\/2023\/05\/travaux-maritime-2.jpg 1386w\" sizes=\"auto, (max-width: 1024px) 100vw, 1024px\" \/><\/a><p id=\"caption-attachment-19013\" class=\"wp-caption-text\"><em>Conduite en mer pour la mine d\u2019Escondida au Chili<\/em><\/p><\/div>\n<h4><strong>CONDUITES POUR LE TRANSPORT DES HYDROCARBURES<\/strong><\/h4>\n<p>Notre<strong> ma\u00eetrise de toutes les m\u00e9thodes d\u2019installation de pipelines en eaux peu profondes<\/strong> (pose en \u00ab S \u00bb, push-pull, bottom pull ou towing) garantit \u00e0 nos clients la mise en place sur leurs projets des solutions les plus pertinentes et adapt\u00e9es \u00e0 leurs besoins, notamment pour l\u2019installation de toute infrastructure de <strong>connexion terminale<\/strong>, autant \u00e0 terre qu\u2019en mer.<\/p>\n<h4>UNE EXPERTISE AU SERVICE DE LA TRANSITION ENERGETIQUE<\/h4>\n<p>Geocean met \u00e9galement \u00e0 profit son savoir-faire d\u00e9ploy\u00e9 historiquement aupr\u00e8s des industries parap\u00e9troli\u00e8re et hydraulique, afin de d\u00e9velopper de projets favorisant la <strong>transition \u00e9nerg\u00e9tique<\/strong>, en particulier les <strong>\u00e9nergies marines renouvelables<\/strong> et les syst\u00e8mes de climatisation \u00e0 l\u2019eau de mer \u00e0 tr\u00e8s grande profondeur.<\/p>\n<ul>\n<li>SYSTEMES SWAC<\/li>\n<\/ul>\n<p><a href=\"https:\/\/www.vinci-construction-projets.com\/fr\/nos-savoir-faire\/nos-expertises\/travaux-maritimes\/swac\/\" rel=\"attachment wp-att-19010\"><img loading=\"lazy\" decoding=\"async\" class=\"size-large wp-image-19010 aligncenter\" src=\"https:\/\/www.vinci-construction-projets.com\/wp-content\/uploads\/2023\/05\/Swac-1024x784.jpg\" alt=\"\" width=\"1024\" height=\"784\" srcset=\"https:\/\/www.vinci-construction-projets.com\/wp-content\/uploads\/2023\/05\/Swac-1024x784.jpg 1024w, https:\/\/www.vinci-construction-projets.com\/wp-content\/uploads\/2023\/05\/Swac-300x230.jpg 300w, https:\/\/www.vinci-construction-projets.com\/wp-content\/uploads\/2023\/05\/Swac-768x588.jpg 768w, https:\/\/www.vinci-construction-projets.com\/wp-content\/uploads\/2023\/05\/Swac-967x740.jpg 967w, https:\/\/www.vinci-construction-projets.com\/wp-content\/uploads\/2023\/05\/Swac-400x306.jpg 400w, https:\/\/www.vinci-construction-projets.com\/wp-content\/uploads\/2023\/05\/Swac-314x240.jpg 314w, https:\/\/www.vinci-construction-projets.com\/wp-content\/uploads\/2023\/05\/Swac-679x520.jpg 679w, https:\/\/www.vinci-construction-projets.com\/wp-content\/uploads\/2023\/05\/Swac-444x340.jpg 444w, https:\/\/www.vinci-construction-projets.com\/wp-content\/uploads\/2023\/05\/Swac-372x285.jpg 372w, https:\/\/www.vinci-construction-projets.com\/wp-content\/uploads\/2023\/05\/Swac-601x460.jpg 601w, https:\/\/www.vinci-construction-projets.com\/wp-content\/uploads\/2023\/05\/Swac-386x295.jpg 386w, https:\/\/www.vinci-construction-projets.com\/wp-content\/uploads\/2023\/05\/Swac-627x480.jpg 627w, https:\/\/www.vinci-construction-projets.com\/wp-content\/uploads\/2023\/05\/Swac-720x551.jpg 720w, https:\/\/www.vinci-construction-projets.com\/wp-content\/uploads\/2023\/05\/Swac-457x350.jpg 457w, https:\/\/www.vinci-construction-projets.com\/wp-content\/uploads\/2023\/05\/Swac-261x200.jpg 261w, https:\/\/www.vinci-construction-projets.com\/wp-content\/uploads\/2023\/05\/Swac-285x218.jpg 285w, https:\/\/www.vinci-construction-projets.com\/wp-content\/uploads\/2023\/05\/Swac-483x370.jpg 483w, https:\/\/www.vinci-construction-projets.com\/wp-content\/uploads\/2023\/05\/Swac.jpg 1386w\" sizes=\"auto, (max-width: 1024px) 100vw, 1024px\" \/><\/a><\/p>\n<p>Nous concevons et installons des syst\u00e8mes de climatisation \u00e0 l\u2019eau de mer (SWAC), pour une plus grande <strong>sobri\u00e9t\u00e9 \u00e9nerg\u00e9tique des b\u00e2timents<\/strong>. Gr\u00e2ce \u00e0 la diff\u00e9rence notable de temp\u00e9rature entre l\u2019eau de surface et les eaux profondes, l\u2019\u00e9nergie thermique des mers (ETM) et les SWAC offrent ainsi des solutions durables pour les syst\u00e8mes de refroidissement et la <strong>production d\u2019\u00e9nergie propre.<\/strong><\/p>\n<p>Op\u00e9rant dans un environnement complexe, au c\u0153ur d\u2019un \u00e9cosyst\u00e8me local sensible que nous veillons \u00e0 pr\u00e9server, nous avons d\u00e9velopp\u00e9 un d\u00e9partement sp\u00e9cialis\u00e9 et intervenons \u00e0 toutes les latitudes, \u00e0 une profondeur de 0 \u00e0 1\u00a0000 m\u00e8tres.<\/p>\n<p><iframe loading=\"lazy\" src=\"\/\/www.youtube.com\/embed\/p31gsDl-zQs\" width=\"560\" height=\"314\" allowfullscreen=\"allowfullscreen\"><\/iframe><\/p>\n<ul>\n<li>EOLIEN FLOTTANT<\/li>\n<\/ul>\n<p>Nous assistons nos clients d\u00e8s la d\u00e9finition de leurs besoins pour la conception de projets de d\u00e9veloppement, de construction et d\u2019exploitation de champs \u00e9oliens flottants, notamment par le biais de contrats en early contractor involvement (ECI).<\/p>\n","protected":false},"excerpt":{"rendered":"<p>UN ACTEUR INCONTOURNABLE DES CONDUITES SOUS-MARINES POUR LES ACTEURS DE L\u2019ENERGIE Avec notre marque Geocean, nous offrons \u00e0 nos clients un savoir-faire reconnu aux quatre coins du globe dans les travaux maritimes en eaux peu profondes. Nous r\u00e9alisons ainsi des projets cl\u00e9s en main (EPCI) \u00e0 haute technicit\u00e9 pour les acteurs de l\u2019\u00e9nergie. Gr\u00e2ce \u00e0 [&hellip;]<\/p>\n","protected":false},"author":17,"featured_media":0,"parent":1840,"menu_order":0,"comment_status":"closed","ping_status":"closed","template":"","meta":{"_acf_changed":false,"footnotes":""},"class_list":["post-18838","page","type-page","status-publish","hentry"],"acf":[],"_links":{"self":[{"href":"https:\/\/www.vinci-construction-projets.com\/fr\/wp-json\/wp\/v2\/pages\/18838","targetHints":{"allow":["GET"]}}],"collection":[{"href":"https:\/\/www.vinci-construction-projets.com\/fr\/wp-json\/wp\/v2\/pages"}],"about":[{"href":"https:\/\/www.vinci-construction-projets.com\/fr\/wp-json\/wp\/v2\/types\/page"}],"author":[{"embeddable":true,"href":"https:\/\/www.vinci-construction-projets.com\/fr\/wp-json\/wp\/v2\/users\/17"}],"replies":[{"embeddable":true,"href":"https:\/\/www.vinci-construction-projets.com\/fr\/wp-json\/wp\/v2\/comments?post=18838"}],"version-history":[{"count":8,"href":"https:\/\/www.vinci-construction-projets.com\/fr\/wp-json\/wp\/v2\/pages\/18838\/revisions"}],"predecessor-version":[{"id":19016,"href":"https:\/\/www.vinci-construction-projets.com\/fr\/wp-json\/wp\/v2\/pages\/18838\/revisions\/19016"}],"up":[{"embeddable":true,"href":"https:\/\/www.vinci-construction-projets.com\/fr\/wp-json\/wp\/v2\/pages\/1840"}],"wp:attachment":[{"href":"https:\/\/www.vinci-construction-projets.com\/fr\/wp-json\/wp\/v2\/media?parent=18838"}],"curies":[{"name":"wp","href":"https:\/\/api.w.org\/{rel}","templated":true}]}}