{"id":18844,"date":"2023-04-04T16:28:38","date_gmt":"2023-04-04T14:28:38","guid":{"rendered":"https:\/\/www.vinci-construction-projets.com\/?page_id=18844"},"modified":"2023-05-03T15:24:26","modified_gmt":"2023-05-03T13:24:26","slug":"valorisation-energetique","status":"publish","type":"page","link":"https:\/\/www.vinci-construction-projets.com\/fr\/nos-savoir-faire\/nos-expertises\/valorisation-energetique\/","title":{"rendered":"Valorisation \u00e9nerg\u00e9tique"},"content":{"rendered":"<h4>LA VALORISATION ENERGETIQUE DES DECHETS : UNE ENERGIE PROPRE ET QUASI-ILLIMITEE<\/h4>\n<p>La valorisation \u00e9nerg\u00e9tique des d\u00e9chets est devenue un enjeu environnemental, soci\u00e9tal et urbain crucial. Elle offre une<strong> solution durable et \u00e9conomique aux d\u00e9fis pos\u00e9s par la production des d\u00e9chets<\/strong>.<br \/>\nSource d\u2019\u00e9nergies renouvelables (\u00e9lectricit\u00e9, chaleur, froid, hydrog\u00e8ne), la valorisation des d\u00e9chets en fait une ressource \u00e9nerg\u00e9tique quasi-in\u00e9puisable. Elle contribue \u00e0 la d\u00e9carbonation de l\u2019industrie et des territoires.<\/p>\n<h4>UNE MAITRISE DU GENIE CIVIL ET DES PROCEDES : UN ATOUT UNIQUE AU SERVICE DE VOS PROJETS<\/h4>\n<p><strong>Unique ensemblier du secteur<\/strong> \u00e0 proposer la conception-construction d\u2019unit\u00e9s cl\u00e9s en main en<strong> assurant en propre les activit\u00e9s de g\u00e9nie civil<\/strong>, nous sommes avec notre filiale VINCI Environnement un acteur incontournable sur les march\u00e9s fran\u00e7ais et international.<\/p>\n<div id=\"attachment_19485\" style=\"width: 1034px\" class=\"wp-caption aligncenter\"><a href=\"https:\/\/www.vinci-construction-projets.com\/fr\/nos-savoir-faire\/nos-expertises\/valorisation-energetique\/microsoftteams-image-21\/\" rel=\"attachment wp-att-19485\"><img loading=\"lazy\" decoding=\"async\" aria-describedby=\"caption-attachment-19485\" class=\"size-large wp-image-19485\" src=\"https:\/\/www.vinci-construction-projets.com\/wp-content\/uploads\/2023\/05\/MicrosoftTeams-image-21-1024x682.jpg\" alt=\"\" width=\"1024\" height=\"682\" srcset=\"https:\/\/www.vinci-construction-projets.com\/wp-content\/uploads\/2023\/05\/MicrosoftTeams-image-21-1024x682.jpg 1024w, https:\/\/www.vinci-construction-projets.com\/wp-content\/uploads\/2023\/05\/MicrosoftTeams-image-21-300x200.jpg 300w, https:\/\/www.vinci-construction-projets.com\/wp-content\/uploads\/2023\/05\/MicrosoftTeams-image-21-768x511.jpg 768w, https:\/\/www.vinci-construction-projets.com\/wp-content\/uploads\/2023\/05\/MicrosoftTeams-image-21-1111x740.jpg 1111w, https:\/\/www.vinci-construction-projets.com\/wp-content\/uploads\/2023\/05\/MicrosoftTeams-image-21-400x266.jpg 400w, https:\/\/www.vinci-construction-projets.com\/wp-content\/uploads\/2023\/05\/MicrosoftTeams-image-21-360x240.jpg 360w, https:\/\/www.vinci-construction-projets.com\/wp-content\/uploads\/2023\/05\/MicrosoftTeams-image-21-720x480.jpg 720w, https:\/\/www.vinci-construction-projets.com\/wp-content\/uploads\/2023\/05\/MicrosoftTeams-image-21-511x340.jpg 511w, https:\/\/www.vinci-construction-projets.com\/wp-content\/uploads\/2023\/05\/MicrosoftTeams-image-21-428x285.jpg 428w, https:\/\/www.vinci-construction-projets.com\/wp-content\/uploads\/2023\/05\/MicrosoftTeams-image-21-691x460.jpg 691w, https:\/\/www.vinci-construction-projets.com\/wp-content\/uploads\/2023\/05\/MicrosoftTeams-image-21-386x257.jpg 386w, https:\/\/www.vinci-construction-projets.com\/wp-content\/uploads\/2023\/05\/MicrosoftTeams-image-21-721x480.jpg 721w, https:\/\/www.vinci-construction-projets.com\/wp-content\/uploads\/2023\/05\/MicrosoftTeams-image-21-526x350.jpg 526w, https:\/\/www.vinci-construction-projets.com\/wp-content\/uploads\/2023\/05\/MicrosoftTeams-image-21-285x190.jpg 285w, https:\/\/www.vinci-construction-projets.com\/wp-content\/uploads\/2023\/05\/MicrosoftTeams-image-21-556x370.jpg 556w, https:\/\/www.vinci-construction-projets.com\/wp-content\/uploads\/2023\/05\/MicrosoftTeams-image-21.jpg 2000w\" sizes=\"auto, (max-width: 1024px) 100vw, 1024px\" \/><\/a><p id=\"caption-attachment-19485\" class=\"wp-caption-text\"><em>L\u2019unit\u00e9 de valorisation \u00e9nerg\u00e9tique d\u2019Ivry-sur-Seine permettra le traitement de 350 000 tonnes de d\u00e9chets m\u00e9nagers chaque ann\u00e9e, avec des performances environnementales am\u00e9lior\u00e9es qui en feront une r\u00e9f\u00e9rence europ\u00e9enne.<\/em><\/p><\/div>\n<p><strong>Avec plus d\u2019une centaine d\u2019unit\u00e9s de valorisation \u00e9nerg\u00e9tique (UVE) con\u00e7ues et r\u00e9alis\u00e9es depuis 30 ans<\/strong>, aussi bien en France qu\u2019\u00e0 l\u2019international, nous proposons des solutions adapt\u00e9es aux besoins sp\u00e9cifiques des territoires et des communaut\u00e9s pour garantir des <strong>installations fiables et performantes sur les plans technique, environnemental et \u00e9conomique<\/strong>, et une exploitation ais\u00e9e.<\/p>\n<div id=\"attachment_19488\" style=\"width: 1034px\" class=\"wp-caption aligncenter\"><a href=\"https:\/\/www.vinci-construction-projets.com\/fr\/nos-savoir-faire\/nos-expertises\/valorisation-energetique\/vinci-e-charleroi\/\" rel=\"attachment wp-att-18986\"><img loading=\"lazy\" decoding=\"async\" aria-describedby=\"caption-attachment-19488\" class=\"wp-image-19488 size-large\" src=\"https:\/\/www.vinci-construction-projets.com\/wp-content\/uploads\/2023\/05\/MicrosoftTeams-image-20-1024x683.jpg\" alt=\"\" width=\"1024\" height=\"683\" srcset=\"https:\/\/www.vinci-construction-projets.com\/wp-content\/uploads\/2023\/05\/MicrosoftTeams-image-20-1024x683.jpg 1024w, https:\/\/www.vinci-construction-projets.com\/wp-content\/uploads\/2023\/05\/MicrosoftTeams-image-20-300x200.jpg 300w, https:\/\/www.vinci-construction-projets.com\/wp-content\/uploads\/2023\/05\/MicrosoftTeams-image-20-768x512.jpg 768w, https:\/\/www.vinci-construction-projets.com\/wp-content\/uploads\/2023\/05\/MicrosoftTeams-image-20-1110x740.jpg 1110w, https:\/\/www.vinci-construction-projets.com\/wp-content\/uploads\/2023\/05\/MicrosoftTeams-image-20-400x267.jpg 400w, https:\/\/www.vinci-construction-projets.com\/wp-content\/uploads\/2023\/05\/MicrosoftTeams-image-20-360x240.jpg 360w, https:\/\/www.vinci-construction-projets.com\/wp-content\/uploads\/2023\/05\/MicrosoftTeams-image-20-720x480.jpg 720w, https:\/\/www.vinci-construction-projets.com\/wp-content\/uploads\/2023\/05\/MicrosoftTeams-image-20-510x340.jpg 510w, https:\/\/www.vinci-construction-projets.com\/wp-content\/uploads\/2023\/05\/MicrosoftTeams-image-20-427x285.jpg 427w, https:\/\/www.vinci-construction-projets.com\/wp-content\/uploads\/2023\/05\/MicrosoftTeams-image-20-690x460.jpg 690w, https:\/\/www.vinci-construction-projets.com\/wp-content\/uploads\/2023\/05\/MicrosoftTeams-image-20-386x257.jpg 386w, https:\/\/www.vinci-construction-projets.com\/wp-content\/uploads\/2023\/05\/MicrosoftTeams-image-20-525x350.jpg 525w, https:\/\/www.vinci-construction-projets.com\/wp-content\/uploads\/2023\/05\/MicrosoftTeams-image-20-285x190.jpg 285w, https:\/\/www.vinci-construction-projets.com\/wp-content\/uploads\/2023\/05\/MicrosoftTeams-image-20-555x370.jpg 555w\" sizes=\"auto, (max-width: 1024px) 100vw, 1024px\" \/><\/a><p id=\"caption-attachment-19488\" class=\"wp-caption-text\"><em>Modernisation (ou revamping) de l\u2019unit\u00e9 de valorisation \u00e9nerg\u00e9tique de Charleroi (Belgique)<\/em><\/p><\/div>\n<p>Nous b\u00e2tissons des infrastructures d\u2019une <strong>capacit\u00e9 de traitement allant jusqu\u2019\u00e0 250\u00a0000 tonnes\/an<\/strong>. Nous assurons aussi la r\u00e9novation et la <strong>modernisation d\u2019unit\u00e9s existantes<\/strong> (revamping), afin d\u2019en optimiser les performances \u00e9nerg\u00e9tiques et environnementales, d\u2019en augmenter la capacit\u00e9 et de les mettre en conformit\u00e9 avec les cadres r\u00e9glementaires en vigueur.<\/p>\n<p>Nous offrons ainsi \u00e0 nos clients un <strong>accompagnement sur-mesure sur l\u2019ensemble du cycle de vie de leurs projets<\/strong>, de la conception \u00e0 la mise en service et \u00e0 la formation des \u00e9quipes d\u2019exploitation.<\/p>\n<p>Nous mettons \u00e9galement notre savoir-faire au service de nos clients pour la r\u00e9alisation de projets d\u2019unit\u00e9s <strong>biomasse<\/strong>. <strong>Neutre en carbone<\/strong>, elle a vocation \u00e0 se substituer aux \u00e9nergies fossiles et peut \u00eatre <strong>valoris\u00e9e sous forme de combustible pour la production d\u2019une \u00e9nergie propre. <\/strong>Nos technologies permettent ainsi de transformer la combustion de la biomasse en \u00e9nergie \u00e9lectrique, thermique ou combin\u00e9e.<\/p>\n<h4>UN LEADER FRAN\u00c7AIS DE LA BIOMETHANISATION ET DE LA PRODUCTION DE GAZ VERT<\/h4>\n<p>La biom\u00e9thanisation, proc\u00e9d\u00e9 naturel de d\u00e9gradation de mati\u00e8res organiques par l\u2019action de bact\u00e9ries, dessine une <strong>production d\u2019\u00e9nergie vertueuse et offre une alternative responsable aux engrais chimiques. <\/strong><\/p>\n<p>Avec une <strong>trentaine d\u2019unit\u00e9s de m\u00e9thanisation con\u00e7ues et r\u00e9alis\u00e9es<\/strong>, nous sommes un leader sur le march\u00e9 fran\u00e7ais et proposons des solutions globales et modulables \u00e9prouv\u00e9es pour la conception-construction d\u2019infrastructures d\u2019une<strong> capacit\u00e9 de traitement de 5\u00a0000 \u00e0 270\u00a0000 tonnes\/an.<\/strong><\/p>\n<p>Nous offrons ainsi \u00e0 nos clients des <strong>solutions durables et \u00e9conomiques de production de biogaz <\/strong>(m\u00e9thane et dioxyde de carbone) et de r\u00e9sidu valorisable en <strong>compost agricole<\/strong> (digestat).<\/p>\n<p>Notre expertise assure \u00e9galement une r\u00e9duction sensible des quantit\u00e9s de d\u00e9chets ultimes et <strong>am\u00e9liore la qualit\u00e9 de l\u2019air et des sols agricoles<\/strong> par sa capacit\u00e9 \u00e0 r\u00e9duire les \u00e9missions de gaz \u00e0 effet de serre et proposer un engrais naturel.<\/p>\n<p>La m\u00e9thanisation contribue \u00e0 la transition \u00e9nerg\u00e9tique, et permet <strong>d\u2019alimenter aussi bien les industries que les quartiers environnants<\/strong> avec l\u2019injection du gaz vert dans les r\u00e9seaux de distribution.<\/p>\n<h4>UNE MAITRISE DES TECHNOLOGIES POUR UNE OFFRE INNOVANTE ET COMPETITIVE<\/h4>\n<p>Pr\u00e9curseurs, notre ma\u00eetrise de l\u2019ensemble des technologies et proc\u00e9d\u00e9s disponibles sur le march\u00e9 assoit notre capacit\u00e9 \u00e0 r\u00e9pondre aux contraintes et aux exigences de nos clients.<\/p>\n<p>Nous nous appuyons sur des <strong>technologies propri\u00e9taires et partenaires<\/strong>, gr\u00e2ce \u00e0 une politique de partenariats avec des acteurs innovants du secteur.<\/p>\n<p>Notre activit\u00e9 valorisation \u00e9nerg\u00e9tique b\u00e9n\u00e9ficie de\u00a0nos savoir-faire en mati\u00e8re de <strong>processus de combustion et des cycles thermodynamiques<\/strong> (traitement thermique et diff\u00e9rents types de fours) et en <strong>traitement des fum\u00e9es<\/strong> (polluants acides, oxydes d\u2019azote, m\u00e9taux lourds etc.).<\/p>\n<p>Notre activit\u00e9 M\u00e9thanisation peut elle aussi s\u2019appuyer <strong>sur une expertise reconnue <\/strong>(BRS pour la pr\u00e9paration des d\u00e9chets m\u00e9nagers avant leur traitement biologique, Ecotunnel ou Siloda pour un compostage acc\u00e9l\u00e9r\u00e9 etc.).<\/p>\n<h4>DES INNOVATIONS ENVIRONNEMENTALES AU C\u0152UR DE NOS METIERS<\/h4>\n<p>Cette palette \u00e9tendue nous permet de proposer des solutions durables et respectueuses de l\u2019environnement, en respectant ou devan\u00e7ant les normes les plus drastiques.<\/p>\n<p>Ainsi, nos capacit\u00e9s \u00e9tendues en ing\u00e9nierie nous ont permis de d\u00e9velopper une solution permettant la <strong>production d\u2019hydrog\u00e8ne vert \u00e0 partir de la vapeur de nos UVE<\/strong>, assurant par ailleurs un <strong>rendement am\u00e9lior\u00e9 de 30%.<\/strong><\/p>\n<div id=\"attachment_18989\" style=\"width: 614px\" class=\"wp-caption aligncenter\"><a href=\"https:\/\/www.vinci-construction-projets.com\/fr\/nos-savoir-faire\/nos-expertises\/valorisation-energetique\/valorisation-energetique-3\/\" rel=\"attachment wp-att-18989\"><img loading=\"lazy\" decoding=\"async\" aria-describedby=\"caption-attachment-18989\" class=\"size-full wp-image-18989\" src=\"https:\/\/www.vinci-construction-projets.com\/wp-content\/uploads\/2023\/05\/Valorisation-energetique-3.jpg\" alt=\"\" width=\"604\" height=\"426\" srcset=\"https:\/\/www.vinci-construction-projets.com\/wp-content\/uploads\/2023\/05\/Valorisation-energetique-3.jpg 604w, https:\/\/www.vinci-construction-projets.com\/wp-content\/uploads\/2023\/05\/Valorisation-energetique-3-300x212.jpg 300w, https:\/\/www.vinci-construction-projets.com\/wp-content\/uploads\/2023\/05\/Valorisation-energetique-3-400x282.jpg 400w, https:\/\/www.vinci-construction-projets.com\/wp-content\/uploads\/2023\/05\/Valorisation-energetique-3-340x240.jpg 340w, https:\/\/www.vinci-construction-projets.com\/wp-content\/uploads\/2023\/05\/Valorisation-energetique-3-482x340.jpg 482w, https:\/\/www.vinci-construction-projets.com\/wp-content\/uploads\/2023\/05\/Valorisation-energetique-3-404x285.jpg 404w, https:\/\/www.vinci-construction-projets.com\/wp-content\/uploads\/2023\/05\/Valorisation-energetique-3-386x272.jpg 386w, https:\/\/www.vinci-construction-projets.com\/wp-content\/uploads\/2023\/05\/Valorisation-energetique-3-496x350.jpg 496w, https:\/\/www.vinci-construction-projets.com\/wp-content\/uploads\/2023\/05\/Valorisation-energetique-3-284x200.jpg 284w, https:\/\/www.vinci-construction-projets.com\/wp-content\/uploads\/2023\/05\/Valorisation-energetique-3-285x201.jpg 285w, https:\/\/www.vinci-construction-projets.com\/wp-content\/uploads\/2023\/05\/Valorisation-energetique-3-525x370.jpg 525w\" sizes=\"auto, (max-width: 604px) 100vw, 604px\" \/><\/a><p id=\"caption-attachment-18989\" class=\"wp-caption-text\"><em>La future unit\u00e9 de valorisation \u00e9nerg\u00e9tique de Saint-Ouen<\/em><\/p><\/div>\n<p>La <strong>r\u00e9cup\u00e9ration de l\u2019\u00e9nergie fatale<\/strong> que nous proposons sur l\u2019UVE de Saint-Ouen, en r\u00e9gion parisienne, garantira un rendement \u00e9nerg\u00e9tique optimis\u00e9. Le traitement \u00ab\u00a0sec\u00a0\u00bb des fum\u00e9es d\u2019incin\u00e9ration permet en une meilleure captation des polluants, une r\u00e9duction consid\u00e9rable du panache en sortie de chemin\u00e9e et une meilleure r\u00e9cup\u00e9ration de la chaleur des fum\u00e9es par condensation, assurant ainsi une am\u00e9lioration sensible de la valorisation \u00e9nerg\u00e9tique.<\/p>\n<p>Nous explorons en outre des innovations d\u2019avenir avec nos partenaires, \u00e0 l\u2019instar de la gaz\u00e9ification hydrothermale pour le traitement final des boues, et mettons \u00e0 profit nos savoir-faire dans les m\u00e9tiers de traitement pour proposer \u00e0 nos clients notre <strong>expertise d\u2019int\u00e9grateur sur des installations de production d\u2019\u00e9nergie<\/strong> (centrales \u00e9lectriques, stations de transfert d\u2019\u00e9nergie par pompage etc.).<\/p>\n","protected":false},"excerpt":{"rendered":"<p>LA VALORISATION ENERGETIQUE DES DECHETS : UNE ENERGIE PROPRE ET QUASI-ILLIMITEE La valorisation \u00e9nerg\u00e9tique des d\u00e9chets est devenue un enjeu environnemental, soci\u00e9tal et urbain crucial. Elle offre une solution durable et \u00e9conomique aux d\u00e9fis pos\u00e9s par la production des d\u00e9chets. Source d\u2019\u00e9nergies renouvelables (\u00e9lectricit\u00e9, chaleur, froid, hydrog\u00e8ne), la valorisation des d\u00e9chets en fait une ressource [&hellip;]<\/p>\n","protected":false},"author":17,"featured_media":0,"parent":1840,"menu_order":0,"comment_status":"closed","ping_status":"closed","template":"","meta":{"_acf_changed":false,"footnotes":""},"class_list":["post-18844","page","type-page","status-publish","hentry"],"acf":[],"_links":{"self":[{"href":"https:\/\/www.vinci-construction-projets.com\/fr\/wp-json\/wp\/v2\/pages\/18844","targetHints":{"allow":["GET"]}}],"collection":[{"href":"https:\/\/www.vinci-construction-projets.com\/fr\/wp-json\/wp\/v2\/pages"}],"about":[{"href":"https:\/\/www.vinci-construction-projets.com\/fr\/wp-json\/wp\/v2\/types\/page"}],"author":[{"embeddable":true,"href":"https:\/\/www.vinci-construction-projets.com\/fr\/wp-json\/wp\/v2\/users\/17"}],"replies":[{"embeddable":true,"href":"https:\/\/www.vinci-construction-projets.com\/fr\/wp-json\/wp\/v2\/comments?post=18844"}],"version-history":[{"count":8,"href":"https:\/\/www.vinci-construction-projets.com\/fr\/wp-json\/wp\/v2\/pages\/18844\/revisions"}],"predecessor-version":[{"id":19498,"href":"https:\/\/www.vinci-construction-projets.com\/fr\/wp-json\/wp\/v2\/pages\/18844\/revisions\/19498"}],"up":[{"embeddable":true,"href":"https:\/\/www.vinci-construction-projets.com\/fr\/wp-json\/wp\/v2\/pages\/1840"}],"wp:attachment":[{"href":"https:\/\/www.vinci-construction-projets.com\/fr\/wp-json\/wp\/v2\/media?parent=18844"}],"curies":[{"name":"wp","href":"https:\/\/api.w.org\/{rel}","templated":true}]}}