{"id":18847,"date":"2023-04-04T16:30:15","date_gmt":"2023-04-04T14:30:15","guid":{"rendered":"https:\/\/www.vinci-construction-projets.com\/?page_id=18847"},"modified":"2023-05-02T11:37:39","modified_gmt":"2023-05-02T09:37:39","slug":"swac","status":"publish","type":"page","link":"https:\/\/www.vinci-construction-projets.com\/fr\/nos-savoir-faire\/nos-expertises\/swac\/","title":{"rendered":"SWAC"},"content":{"rendered":"<p>Avec notre marque <a href=\"https:\/\/www.geocean.com\/\">Geocean<\/a>, sp\u00e9cialis\u00e9e dans les\u00a0<strong><a href=\"https:\/\/www.vinci-construction-projets.com\/fr\/nos-savoir-faire\/nos-expertises\/travaux-maritimes\/\">travaux maritimes<\/a> en eaux peu profondes<\/strong>, nous d\u00e9veloppons des projets favorisant la <strong>transition \u00e9nerg\u00e9tique<\/strong>, en particulier les<strong> \u00e9nergies marines renouvelables<\/strong> et les syst\u00e8mes de climatisation \u00e0 l\u2019eau de mer \u00e0 tr\u00e8s grande profondeur.<\/p>\n<ul>\n<li>SYSTEMES SWAC<\/li>\n<\/ul>\n<p><a href=\"https:\/\/www.vinci-construction-projets.com\/fr\/nos-savoir-faire\/nos-expertises\/travaux-maritimes\/swac\/\" rel=\"attachment wp-att-19010\"><img loading=\"lazy\" decoding=\"async\" class=\"size-large wp-image-19010 aligncenter\" src=\"https:\/\/www.vinci-construction-projets.com\/wp-content\/uploads\/2023\/05\/Swac-1024x784.jpg\" alt=\"\" width=\"1024\" height=\"784\" srcset=\"https:\/\/www.vinci-construction-projets.com\/wp-content\/uploads\/2023\/05\/Swac-1024x784.jpg 1024w, https:\/\/www.vinci-construction-projets.com\/wp-content\/uploads\/2023\/05\/Swac-300x230.jpg 300w, https:\/\/www.vinci-construction-projets.com\/wp-content\/uploads\/2023\/05\/Swac-768x588.jpg 768w, https:\/\/www.vinci-construction-projets.com\/wp-content\/uploads\/2023\/05\/Swac-967x740.jpg 967w, https:\/\/www.vinci-construction-projets.com\/wp-content\/uploads\/2023\/05\/Swac-400x306.jpg 400w, https:\/\/www.vinci-construction-projets.com\/wp-content\/uploads\/2023\/05\/Swac-314x240.jpg 314w, https:\/\/www.vinci-construction-projets.com\/wp-content\/uploads\/2023\/05\/Swac-679x520.jpg 679w, https:\/\/www.vinci-construction-projets.com\/wp-content\/uploads\/2023\/05\/Swac-444x340.jpg 444w, https:\/\/www.vinci-construction-projets.com\/wp-content\/uploads\/2023\/05\/Swac-372x285.jpg 372w, https:\/\/www.vinci-construction-projets.com\/wp-content\/uploads\/2023\/05\/Swac-601x460.jpg 601w, https:\/\/www.vinci-construction-projets.com\/wp-content\/uploads\/2023\/05\/Swac-386x295.jpg 386w, https:\/\/www.vinci-construction-projets.com\/wp-content\/uploads\/2023\/05\/Swac-627x480.jpg 627w, https:\/\/www.vinci-construction-projets.com\/wp-content\/uploads\/2023\/05\/Swac-720x551.jpg 720w, https:\/\/www.vinci-construction-projets.com\/wp-content\/uploads\/2023\/05\/Swac-457x350.jpg 457w, https:\/\/www.vinci-construction-projets.com\/wp-content\/uploads\/2023\/05\/Swac-261x200.jpg 261w, https:\/\/www.vinci-construction-projets.com\/wp-content\/uploads\/2023\/05\/Swac-285x218.jpg 285w, https:\/\/www.vinci-construction-projets.com\/wp-content\/uploads\/2023\/05\/Swac-483x370.jpg 483w, https:\/\/www.vinci-construction-projets.com\/wp-content\/uploads\/2023\/05\/Swac.jpg 1386w\" sizes=\"auto, (max-width: 1024px) 100vw, 1024px\" \/><\/a><\/p>\n<p>Nous concevons et installons des syst\u00e8mes de climatisation \u00e0 l\u2019eau de mer (SWAC), pour une plus grande <strong>sobri\u00e9t\u00e9 \u00e9nerg\u00e9tique<\/strong> des b\u00e2timents. Gr\u00e2ce \u00e0 la diff\u00e9rence notable de temp\u00e9rature entre l\u2019eau de surface et les eaux profondes, l\u2019\u00e9nergie thermique des mers (ETM) et les SWAC offrent ainsi des solutions durables pour les syst\u00e8mes de refroidissement et la <strong>production d\u2019\u00e9nergie propre.<\/strong><\/p>\n<p>Op\u00e9rant dans un environnement complexe, au c\u0153ur d\u2019un \u00e9cosyst\u00e8me local sensible que nous veillons \u00e0 pr\u00e9server, nous avons d\u00e9velopp\u00e9 un d\u00e9partement sp\u00e9cialis\u00e9 et intervenons \u00e0 toutes les latitudes, \u00e0 une profondeur de 0 \u00e0 1\u00a0000 m\u00e8tres.<\/p>\n<p><iframe loading=\"lazy\" src=\"\/\/www.youtube.com\/embed\/p31gsDl-zQs\" width=\"560\" height=\"314\" allowfullscreen=\"allowfullscreen\"><\/iframe><\/p>\n<p>&nbsp;<\/p>\n","protected":false},"excerpt":{"rendered":"<p>Avec notre marque Geocean, sp\u00e9cialis\u00e9e dans les\u00a0travaux maritimes en eaux peu profondes, nous d\u00e9veloppons des projets favorisant la transition \u00e9nerg\u00e9tique, en particulier les \u00e9nergies marines renouvelables et les syst\u00e8mes de climatisation \u00e0 l\u2019eau de mer \u00e0 tr\u00e8s grande profondeur. SYSTEMES SWAC Nous concevons et installons des syst\u00e8mes de climatisation \u00e0 l\u2019eau de mer (SWAC), pour [&hellip;]<\/p>\n","protected":false},"author":17,"featured_media":0,"parent":1840,"menu_order":0,"comment_status":"closed","ping_status":"closed","template":"","meta":{"_acf_changed":false,"footnotes":""},"class_list":["post-18847","page","type-page","status-publish","hentry"],"acf":[],"_links":{"self":[{"href":"https:\/\/www.vinci-construction-projets.com\/fr\/wp-json\/wp\/v2\/pages\/18847","targetHints":{"allow":["GET"]}}],"collection":[{"href":"https:\/\/www.vinci-construction-projets.com\/fr\/wp-json\/wp\/v2\/pages"}],"about":[{"href":"https:\/\/www.vinci-construction-projets.com\/fr\/wp-json\/wp\/v2\/types\/page"}],"author":[{"embeddable":true,"href":"https:\/\/www.vinci-construction-projets.com\/fr\/wp-json\/wp\/v2\/users\/17"}],"replies":[{"embeddable":true,"href":"https:\/\/www.vinci-construction-projets.com\/fr\/wp-json\/wp\/v2\/comments?post=18847"}],"version-history":[{"count":4,"href":"https:\/\/www.vinci-construction-projets.com\/fr\/wp-json\/wp\/v2\/pages\/18847\/revisions"}],"predecessor-version":[{"id":19023,"href":"https:\/\/www.vinci-construction-projets.com\/fr\/wp-json\/wp\/v2\/pages\/18847\/revisions\/19023"}],"up":[{"embeddable":true,"href":"https:\/\/www.vinci-construction-projets.com\/fr\/wp-json\/wp\/v2\/pages\/1840"}],"wp:attachment":[{"href":"https:\/\/www.vinci-construction-projets.com\/fr\/wp-json\/wp\/v2\/media?parent=18847"}],"curies":[{"name":"wp","href":"https:\/\/api.w.org\/{rel}","templated":true}]}}