{"id":18850,"date":"2023-04-04T16:31:24","date_gmt":"2023-04-04T14:31:24","guid":{"rendered":"https:\/\/www.vinci-construction-projets.com\/?page_id=18850"},"modified":"2023-05-02T11:41:25","modified_gmt":"2023-05-02T09:41:25","slug":"captage-et-valorisation-de-co2","status":"publish","type":"page","link":"https:\/\/www.vinci-construction-projets.com\/fr\/nos-savoir-faire\/nos-expertises\/captage-et-valorisation-de-co2\/","title":{"rendered":"Captage et valorisation de CO2"},"content":{"rendered":"<h4>UN SAVOIR-FAIRE UNIQUE D\u2019ENSEMBLIER AU SERVICE DU CAPTAGE, DU STOCKAGE ET DE LA VALORISATION DU CO<sub>2<\/sub><\/h4>\n<p>Entrepose Contracting s\u2019appuie sur des r\u00e9f\u00e9rences majeures en mati\u00e8re <strong>de grandes infrastructures \u00e9nerg\u00e9tiques et son expertise <\/strong>pour b\u00e2tir des installations novatrices de captage, de stockage et de valorisation du dioxyde de carbone (CO<sub>2<\/sub>)<sub>. <\/sub><\/p>\n<p>Nous proposons \u00e0 nos clients des <strong>solutions fiables, durables et \u00e9conomiques<\/strong>, gr\u00e2ce <strong>\u00e0 notre savoir-faire d\u2019ensemblier<\/strong> conjuguant les expertises de\u00a0:<\/p>\n<ul>\n<li>Hyfinity\u00a0: production d\u2019hydrog\u00e8ne vert par \u00e9lectrolyse<\/li>\n<li>Geostock\u00a0: stockage souterrain d\u2019\u00e9nergie<\/li>\n<li>VINCI Environnement\u00a0: valorisation \u00e9nerg\u00e9tique des d\u00e9chets, m\u00e9thanisation, biomasse et production d\u2019\u00e9nergie \u00e9lectrique<\/li>\n<li>Spiecapag\u00a0: pipelines terrestres (soci\u00e9t\u00e9 s\u0153ur de la division des grands projets).<\/li>\n<\/ul>\n<p><a href=\"https:\/\/www.vinci-construction-projets.com\/fr\/nos-savoir-faire\/nos-expertises\/captage-et-valorisation-de-co2\/captage-et-valorisation-de-co2-entrepose-2\/\" rel=\"attachment wp-att-19190\"><img loading=\"lazy\" decoding=\"async\" class=\"size-full wp-image-19190 aligncenter\" src=\"https:\/\/www.vinci-construction-projets.com\/wp-content\/uploads\/2023\/05\/captage-et-valorisation-de-co2-entrepose.png\" alt=\"\" width=\"605\" height=\"255\" srcset=\"https:\/\/www.vinci-construction-projets.com\/wp-content\/uploads\/2023\/05\/captage-et-valorisation-de-co2-entrepose.png 605w, https:\/\/www.vinci-construction-projets.com\/wp-content\/uploads\/2023\/05\/captage-et-valorisation-de-co2-entrepose-300x126.png 300w, https:\/\/www.vinci-construction-projets.com\/wp-content\/uploads\/2023\/05\/captage-et-valorisation-de-co2-entrepose-400x169.png 400w, https:\/\/www.vinci-construction-projets.com\/wp-content\/uploads\/2023\/05\/captage-et-valorisation-de-co2-entrepose-600x253.png 600w, https:\/\/www.vinci-construction-projets.com\/wp-content\/uploads\/2023\/05\/captage-et-valorisation-de-co2-entrepose-590x249.png 590w, https:\/\/www.vinci-construction-projets.com\/wp-content\/uploads\/2023\/05\/captage-et-valorisation-de-co2-entrepose-386x163.png 386w, https:\/\/www.vinci-construction-projets.com\/wp-content\/uploads\/2023\/05\/captage-et-valorisation-de-co2-entrepose-285x120.png 285w\" sizes=\"auto, (max-width: 605px) 100vw, 605px\" \/><\/a><\/p>\n<h4>UNE PROMESSE DURABLE AU SERVICE DES INDUSTRIELS<\/h4>\n<p>Nous intervenons ainsi sur l\u2019ensemble du cycle des projets de captage, de valorisation et de stockage (CCUS). Nous proposons d\u2019accompagner nos clients des \u00e9tudes pr\u00e9liminaires \u00e0 la mise en service des installations dans le cadre de contrats en <em>early contractor involvement<\/em> (ECI), garantissant des ouvrages parfaitement adapt\u00e9s \u00e0 leurs besoins, livr\u00e9s en un temps plus court.<\/p>\n<p>Notre parfaite ma\u00eetrise des technologies et m\u00e9tiers assurent un contr\u00f4le total des cha\u00eenes logistiques et de la gestion de projet, pour des <strong>co\u00fbts et d\u00e9lais optimis\u00e9s et une performance garantie<\/strong>.<\/p>\n<p>Les technologies du captage, stockage et valorisation du dioxyde de carbone (CO<sub>2<\/sub>) offrent la promesse d\u2019une <strong>r\u00e9duction massive de ses \u00e9missions<\/strong>, et des usages diversifi\u00e9s, en particulier dans le <strong>d\u00e9veloppement des mobilit\u00e9s durables<\/strong> (aviation, automobile etc.).<\/p>\n<p>-&gt; Opportunit\u00e9 majeure pour les industries lourdes, ces technologies connaissent aujourd\u2019hui un fort d\u00e9veloppement.<br \/>\n-&gt; Nous mettons \u00e0 profit notre excellence technique et technologique pour <strong>mettre \u00e0 disposition de nos clients les innovations n\u00e9cessaires au d\u00e9veloppement de leurs projets. <\/strong><\/p>\n","protected":false},"excerpt":{"rendered":"<p>UN SAVOIR-FAIRE UNIQUE D\u2019ENSEMBLIER AU SERVICE DU CAPTAGE, DU STOCKAGE ET DE LA VALORISATION DU CO2 Entrepose Contracting s\u2019appuie sur des r\u00e9f\u00e9rences majeures en mati\u00e8re de grandes infrastructures \u00e9nerg\u00e9tiques et son expertise pour b\u00e2tir des installations novatrices de captage, de stockage et de valorisation du dioxyde de carbone (CO2). Nous proposons \u00e0 nos clients des [&hellip;]<\/p>\n","protected":false},"author":17,"featured_media":0,"parent":1840,"menu_order":0,"comment_status":"closed","ping_status":"closed","template":"","meta":{"_acf_changed":false,"footnotes":""},"class_list":["post-18850","page","type-page","status-publish","hentry"],"acf":[],"_links":{"self":[{"href":"https:\/\/www.vinci-construction-projets.com\/fr\/wp-json\/wp\/v2\/pages\/18850","targetHints":{"allow":["GET"]}}],"collection":[{"href":"https:\/\/www.vinci-construction-projets.com\/fr\/wp-json\/wp\/v2\/pages"}],"about":[{"href":"https:\/\/www.vinci-construction-projets.com\/fr\/wp-json\/wp\/v2\/types\/page"}],"author":[{"embeddable":true,"href":"https:\/\/www.vinci-construction-projets.com\/fr\/wp-json\/wp\/v2\/users\/17"}],"replies":[{"embeddable":true,"href":"https:\/\/www.vinci-construction-projets.com\/fr\/wp-json\/wp\/v2\/comments?post=18850"}],"version-history":[{"count":5,"href":"https:\/\/www.vinci-construction-projets.com\/fr\/wp-json\/wp\/v2\/pages\/18850\/revisions"}],"predecessor-version":[{"id":19193,"href":"https:\/\/www.vinci-construction-projets.com\/fr\/wp-json\/wp\/v2\/pages\/18850\/revisions\/19193"}],"up":[{"embeddable":true,"href":"https:\/\/www.vinci-construction-projets.com\/fr\/wp-json\/wp\/v2\/pages\/1840"}],"wp:attachment":[{"href":"https:\/\/www.vinci-construction-projets.com\/fr\/wp-json\/wp\/v2\/media?parent=18850"}],"curies":[{"name":"wp","href":"https:\/\/api.w.org\/{rel}","templated":true}]}}