{"id":18852,"date":"2023-04-04T16:32:55","date_gmt":"2023-04-04T14:32:55","guid":{"rendered":"https:\/\/www.vinci-construction-projets.com\/?page_id=18852"},"modified":"2023-05-02T10:50:28","modified_gmt":"2023-05-02T08:50:28","slug":"hydrogene-vert","status":"publish","type":"page","link":"https:\/\/www.vinci-construction-projets.com\/fr\/nos-savoir-faire\/nos-expertises\/hydrogene-vert\/","title":{"rendered":"Hydrog\u00e8ne vert"},"content":{"rendered":"<p>Avec notre\u00a0marque <a href=\"https:\/\/www.hyfinity-hydrogen.com\/#Header\">Hyfinity<\/a>, nous nous inscrivons dans une d\u00e9marche motrice <strong>vers une croissance verte, avec la r\u00e9alisation d\u2019infrastructures de production d\u2019hydrog\u00e8ne.<\/strong><\/p>\n<h4>UN SAVOIR-FAIRE D\u2019ENSEMBLIER AU SERVICE DE PROJETS COMPLEXES<\/h4>\n<p><strong>Nos capacit\u00e9s d\u2019ensemblier<\/strong> sont mises \u00e0 profit pour concevoir et construire des installations vou\u00e9s \u00e0 d\u00e9carboner des secteurs fortement \u00e9metteurs de carbone, telles la mobilit\u00e9 ou les industries lourdes (cimenteries, aci\u00e9ries etc.). Nous accompagnons ainsi nos clients dans leur d\u00e9marche de d\u00e9carbonation de leurs activit\u00e9s.<\/p>\n<p>Nous d\u00e9ployons une expertise globale et <strong>mobilisons nos savoir-faire sur des projets de toute envergure, y compris les plus complexes, pour livrer des infrastructures cl\u00e9s en main<\/strong>. Nous favorisons une d\u00e9marche collaborative et transparente bien en amont de la construction, pour proposer des solutions modulables et parfaitement adapt\u00e9es aux contraintes du chantier.<\/p>\n<p>Notre aptitude \u00e0 offrir une <strong>solution unique d\u2019architecture semi-d\u00e9centralis\u00e9e<\/strong>, combinant champs photovolta\u00efques et \u00e9lectrolyseurs, assure une <strong>limitation drastique de la perte d\u2019\u00e9nergie <\/strong>induite par la cha\u00eene de transformation. (conversion, transformation, transport)<\/p>\n<p>Notre ma\u00eetrise technique et technologique garantit par ailleurs des risques r\u00e9duits et des installations performantes. La standardisation des unit\u00e9s g\u00e9n\u00e8re en outre des \u00e9conomies par r\u00e9plication, d\u2019o\u00f9 une <strong>gestion des installations fiable, simplifi\u00e9e et efficace sur le plan \u00e9conomique.\u00a0 \u00a0 \u00a0 \u00a0 \u00a0 \u00a0 \u00a0 \u00a0 \u00a0 \u00a0 \u00a0 \u00a0 \u00a0 \u00a0 \u00a0 <\/strong><\/p>\n<p><strong><a href=\"https:\/\/www.vinci-construction-projets.com\/fr\/nos-savoir-faire\/nos-expertises\/hydrogene-vert\/hydrogene-vert\/\" rel=\"attachment wp-att-18998\"><img loading=\"lazy\" decoding=\"async\" class=\"size-large wp-image-18998 aligncenter\" src=\"https:\/\/www.vinci-construction-projets.com\/wp-content\/uploads\/2023\/05\/hydrog\u00e8ne-vert-1024x576.jpg\" alt=\"\" width=\"1024\" height=\"576\" srcset=\"https:\/\/www.vinci-construction-projets.com\/wp-content\/uploads\/2023\/05\/hydrog\u00e8ne-vert-1024x576.jpg 1024w, https:\/\/www.vinci-construction-projets.com\/wp-content\/uploads\/2023\/05\/hydrog\u00e8ne-vert-300x169.jpg 300w, https:\/\/www.vinci-construction-projets.com\/wp-content\/uploads\/2023\/05\/hydrog\u00e8ne-vert-768x432.jpg 768w, https:\/\/www.vinci-construction-projets.com\/wp-content\/uploads\/2023\/05\/hydrog\u00e8ne-vert-1316x740.jpg 1316w, https:\/\/www.vinci-construction-projets.com\/wp-content\/uploads\/2023\/05\/hydrog\u00e8ne-vert-400x225.jpg 400w, https:\/\/www.vinci-construction-projets.com\/wp-content\/uploads\/2023\/05\/hydrog\u00e8ne-vert-720x405.jpg 720w, https:\/\/www.vinci-construction-projets.com\/wp-content\/uploads\/2023\/05\/hydrog\u00e8ne-vert-600x337.jpg 600w, https:\/\/www.vinci-construction-projets.com\/wp-content\/uploads\/2023\/05\/hydrog\u00e8ne-vert-507x285.jpg 507w, https:\/\/www.vinci-construction-projets.com\/wp-content\/uploads\/2023\/05\/hydrog\u00e8ne-vert-793x446.jpg 793w, https:\/\/www.vinci-construction-projets.com\/wp-content\/uploads\/2023\/05\/hydrog\u00e8ne-vert-386x217.jpg 386w, https:\/\/www.vinci-construction-projets.com\/wp-content\/uploads\/2023\/05\/hydrog\u00e8ne-vert-780x439.jpg 780w, https:\/\/www.vinci-construction-projets.com\/wp-content\/uploads\/2023\/05\/hydrog\u00e8ne-vert-853x480.jpg 853w, https:\/\/www.vinci-construction-projets.com\/wp-content\/uploads\/2023\/05\/hydrog\u00e8ne-vert-622x350.jpg 622w, https:\/\/www.vinci-construction-projets.com\/wp-content\/uploads\/2023\/05\/hydrog\u00e8ne-vert-356x200.jpg 356w, https:\/\/www.vinci-construction-projets.com\/wp-content\/uploads\/2023\/05\/hydrog\u00e8ne-vert-285x160.jpg 285w, https:\/\/www.vinci-construction-projets.com\/wp-content\/uploads\/2023\/05\/hydrog\u00e8ne-vert-658x370.jpg 658w, https:\/\/www.vinci-construction-projets.com\/wp-content\/uploads\/2023\/05\/hydrog\u00e8ne-vert.jpg 1385w\" sizes=\"auto, (max-width: 1024px) 100vw, 1024px\" \/><\/a>\u00a0 \u00a0 \u00a0 \u00a0 \u00a0 \u00a0 \u00a0 \u00a0 \u00a0 \u00a0 \u00a0 \u00a0 \u00a0 \u00a0 \u00a0 \u00a0 \u00a0 \u00a0 \u00a0 \u00a0 \u00a0 \u00a0 \u00a0 \u00a0 \u00a0 \u00a0 \u00a0 \u00a0 \u00a0 \u00a0 \u00a0 \u00a0 \u00a0 \u00a0 \u00a0 \u00a0 \u00a0 \u00a0 \u00a0 \u00a0 \u00a0 \u00a0 \u00a0 \u00a0 \u00a0 \u00a0 \u00a0 \u00a0 \u00a0 \u00a0 \u00a0 \u00a0 \u00a0 \u00a0 \u00a0 \u00a0 \u00a0 \u00a0 \u00a0 \u00a0 \u00a0 \u00a0 \u00a0 \u00a0 \u00a0 \u00a0 \u00a0 \u00a0 \u00a0 \u00a0 \u00a0 \u00a0 \u00a0 \u00a0 \u00a0 \u00a0 \u00a0 \u00a0 \u00a0 \u00a0 \u00a0 \u00a0 \u00a0 \u00a0 \u00a0 \u00a0 \u00a0<\/strong><\/p>\n","protected":false},"excerpt":{"rendered":"<p>Avec notre\u00a0marque Hyfinity, nous nous inscrivons dans une d\u00e9marche motrice vers une croissance verte, avec la r\u00e9alisation d\u2019infrastructures de production d\u2019hydrog\u00e8ne. UN SAVOIR-FAIRE D\u2019ENSEMBLIER AU SERVICE DE PROJETS COMPLEXES Nos capacit\u00e9s d\u2019ensemblier sont mises \u00e0 profit pour concevoir et construire des installations vou\u00e9s \u00e0 d\u00e9carboner des secteurs fortement \u00e9metteurs de carbone, telles la mobilit\u00e9 ou [&hellip;]<\/p>\n","protected":false},"author":17,"featured_media":0,"parent":1840,"menu_order":0,"comment_status":"closed","ping_status":"closed","template":"","meta":{"_acf_changed":false,"footnotes":""},"class_list":["post-18852","page","type-page","status-publish","hentry"],"acf":[],"_links":{"self":[{"href":"https:\/\/www.vinci-construction-projets.com\/fr\/wp-json\/wp\/v2\/pages\/18852","targetHints":{"allow":["GET"]}}],"collection":[{"href":"https:\/\/www.vinci-construction-projets.com\/fr\/wp-json\/wp\/v2\/pages"}],"about":[{"href":"https:\/\/www.vinci-construction-projets.com\/fr\/wp-json\/wp\/v2\/types\/page"}],"author":[{"embeddable":true,"href":"https:\/\/www.vinci-construction-projets.com\/fr\/wp-json\/wp\/v2\/users\/17"}],"replies":[{"embeddable":true,"href":"https:\/\/www.vinci-construction-projets.com\/fr\/wp-json\/wp\/v2\/comments?post=18852"}],"version-history":[{"count":6,"href":"https:\/\/www.vinci-construction-projets.com\/fr\/wp-json\/wp\/v2\/pages\/18852\/revisions"}],"predecessor-version":[{"id":19006,"href":"https:\/\/www.vinci-construction-projets.com\/fr\/wp-json\/wp\/v2\/pages\/18852\/revisions\/19006"}],"up":[{"embeddable":true,"href":"https:\/\/www.vinci-construction-projets.com\/fr\/wp-json\/wp\/v2\/pages\/1840"}],"wp:attachment":[{"href":"https:\/\/www.vinci-construction-projets.com\/fr\/wp-json\/wp\/v2\/media?parent=18852"}],"curies":[{"name":"wp","href":"https:\/\/api.w.org\/{rel}","templated":true}]}}