{"id":18877,"date":"2023-04-06T14:55:37","date_gmt":"2023-04-06T12:55:37","guid":{"rendered":"https:\/\/www.vinci-construction-projets.com\/?page_id=18877"},"modified":"2023-05-02T11:49:37","modified_gmt":"2023-05-02T09:49:37","slug":"stockage-souterrain-denergie","status":"publish","type":"page","link":"https:\/\/www.vinci-construction-projets.com\/fr\/nos-savoir-faire\/nos-expertises\/stockage-souterrain-denergie\/","title":{"rendered":"Stockage souterrain d&rsquo;\u00e9nergie"},"content":{"rendered":"<h4>UNE EXPERTISE SOUTERRAINE AU SERVICE DU STOCKAGE MASSIF D\u2019ENERGIE<\/h4>\n<h5>Un leader mondial des stockages souterrains<\/h5>\n<p>Avec notre filiale <a href=\"https:\/\/www.geostockgroup.com\/\">Geostock<\/a>, nos expertises se d\u00e9clinent sur le terrain strat\u00e9gique du <strong>stockage souterrain des \u00e9nergies<\/strong>. Leader mondial du secteur, Geostock offre depuis 60 ans un savoir-faire unique dans la mise en \u0153uvre d\u2019infrastructures s\u00fbres, \u00e9conomiques et respectueuses de l\u2019environnement.<\/p>\n<p>Avec nos <strong>500 ing\u00e9nieurs et techniciciens<\/strong>, nous contribuons \u00e0 la ma\u00eetrise des flux d\u2019\u00e9nergie partout dans le monde. Nos savoir-faire ont en effet \u00e9t\u00e9 \u00e9prouv\u00e9s dans plus de 50 pays.<\/p>\n<p>Notre ma\u00eetrise de l\u2019ensemble des techniques (cavit\u00e9s salines ou min\u00e9es et r\u00e9servoirs poreux) nous permet de proposer \u00e0 nos clients des <strong>prestations \u00e9tendues tout au long du cycle de vie des stockages, sur les m\u00e9tiers du conseil, de l\u2019ing\u00e9nierie, de la construction et de l\u2019exploitation.<\/strong><\/p>\n<div id=\"attachment_19472\" style=\"width: 1034px\" class=\"wp-caption aligncenter\"><a href=\"https:\/\/www.vinci-construction-projets.com\/fr\/nos-savoir-faire\/nos-expertises\/stockage-souterrain-denergie\/stockage-souterrain-denergie-1\/\" rel=\"attachment wp-att-19472\"><img loading=\"lazy\" decoding=\"async\" aria-describedby=\"caption-attachment-19472\" class=\"size-large wp-image-19472\" src=\"https:\/\/www.vinci-construction-projets.com\/wp-content\/uploads\/2023\/05\/Stockage-souterrain-d\u00e9nergie-1-1024x684.jpg\" alt=\"\" width=\"1024\" height=\"684\" srcset=\"https:\/\/www.vinci-construction-projets.com\/wp-content\/uploads\/2023\/05\/Stockage-souterrain-d\u00e9nergie-1-1024x684.jpg 1024w, https:\/\/www.vinci-construction-projets.com\/wp-content\/uploads\/2023\/05\/Stockage-souterrain-d\u00e9nergie-1-300x200.jpg 300w, https:\/\/www.vinci-construction-projets.com\/wp-content\/uploads\/2023\/05\/Stockage-souterrain-d\u00e9nergie-1-768x513.jpg 768w, https:\/\/www.vinci-construction-projets.com\/wp-content\/uploads\/2023\/05\/Stockage-souterrain-d\u00e9nergie-1-1108x740.jpg 1108w, https:\/\/www.vinci-construction-projets.com\/wp-content\/uploads\/2023\/05\/Stockage-souterrain-d\u00e9nergie-1-400x267.jpg 400w, https:\/\/www.vinci-construction-projets.com\/wp-content\/uploads\/2023\/05\/Stockage-souterrain-d\u00e9nergie-1-359x240.jpg 359w, https:\/\/www.vinci-construction-projets.com\/wp-content\/uploads\/2023\/05\/Stockage-souterrain-d\u00e9nergie-1-720x481.jpg 720w, https:\/\/www.vinci-construction-projets.com\/wp-content\/uploads\/2023\/05\/Stockage-souterrain-d\u00e9nergie-1-509x340.jpg 509w, https:\/\/www.vinci-construction-projets.com\/wp-content\/uploads\/2023\/05\/Stockage-souterrain-d\u00e9nergie-1-427x285.jpg 427w, https:\/\/www.vinci-construction-projets.com\/wp-content\/uploads\/2023\/05\/Stockage-souterrain-d\u00e9nergie-1-689x460.jpg 689w, https:\/\/www.vinci-construction-projets.com\/wp-content\/uploads\/2023\/05\/Stockage-souterrain-d\u00e9nergie-1-386x258.jpg 386w, https:\/\/www.vinci-construction-projets.com\/wp-content\/uploads\/2023\/05\/Stockage-souterrain-d\u00e9nergie-1-719x480.jpg 719w, https:\/\/www.vinci-construction-projets.com\/wp-content\/uploads\/2023\/05\/Stockage-souterrain-d\u00e9nergie-1-524x350.jpg 524w, https:\/\/www.vinci-construction-projets.com\/wp-content\/uploads\/2023\/05\/Stockage-souterrain-d\u00e9nergie-1-285x190.jpg 285w, https:\/\/www.vinci-construction-projets.com\/wp-content\/uploads\/2023\/05\/Stockage-souterrain-d\u00e9nergie-1-554x370.jpg 554w, https:\/\/www.vinci-construction-projets.com\/wp-content\/uploads\/2023\/05\/Stockage-souterrain-d\u00e9nergie-1.jpg 1384w\" sizes=\"auto, (max-width: 1024px) 100vw, 1024px\" \/><\/a><p id=\"caption-attachment-19472\" class=\"wp-caption-text\"><em>Jurong Rock Caverns &#8211; A 150 m\u00e8tres sous les mers, les 5 cavit\u00e9s du stockage permettent le stockage d\u2019environ 1,3 millions de m3 de produits p\u00e9troliers liquides. Geostock intervenait en qualit\u00e9 d\u2019assistant \u00e0 ma\u00eetrise d\u2019ouvrage et exploite d\u00e9sormais, au sein d\u2019un consortium, ce stockage hors norme (Singapour).<\/em><\/p><\/div>\n<p>Nois intervenons ainsi en amont des projets de stockage souterrain d\u2019\u00e9nergie en apportant un <strong>\u00e9clairage \u00e0 haute valeur ajout\u00e9e sur leur faisabilit\u00e9 technique, \u00e9conomique et environnementale<\/strong> et en proposant les strat\u00e9gies de dimensionnement et d\u2019implantation les plujs adapt\u00e9es (nombre d\u2019unit\u00e9s, capacit\u00e9s, d\u00e9bits, taux de disponibilt\u00e9 etc.).<br \/>\nSoci\u00e9t\u00e9 d\u2019ing\u00e9nierie d\u2019excellence, Geostock offre une <strong>expertise de pointe sur les m\u00e9tiers du sous-sol<\/strong> (g\u00e9ophysique, g\u00e9ologie, hydrog\u00e9ologie, g\u00e9otechnique, g\u00e9nie civil souterrain, forage, ing\u00e9nierie r\u00e9servoir, lessivage) et relatifs aux<strong> \u00e9quipements industriels de surface et souterrains<\/strong> et accompagne ses clients dans le d\u00e9veloppement de ses projets.<\/p>\n<p>Elle en accompagne \u00e9galement la <strong>r\u00e9alisation, aussi bien en qualit\u00e9 d\u2019assistant \u00e0 ma\u00eetrise d\u2019ouvrage que d\u2019ensemblier<\/strong>, au sein d\u2019un groupement en charge de la construction. Geostock a acquis un savoir-faire unique dans ce domaine, riche de la synergie ing\u00e9nierie-exploitation qui permet d\u2019initier et de maintenir un processus d\u2019am\u00e9lioration continue, gr\u00e2ce \u00e0 un retour d\u2019exp\u00e9rience mondial sur chacune de ces composantes.<\/p>\n<div id=\"attachment_19475\" style=\"width: 1034px\" class=\"wp-caption aligncenter\"><a href=\"https:\/\/www.vinci-construction-projets.com\/fr\/nos-savoir-faire\/nos-expertises\/stockage-souterrain-denergie\/stockage-souterrain-denergie-2\/\" rel=\"attachment wp-att-19475\"><img loading=\"lazy\" decoding=\"async\" aria-describedby=\"caption-attachment-19475\" class=\"size-large wp-image-19475\" src=\"https:\/\/www.vinci-construction-projets.com\/wp-content\/uploads\/2023\/05\/Stockage-souterrain-d\u00e9nergie-2-1024x576.jpg\" alt=\"\" width=\"1024\" height=\"576\" srcset=\"https:\/\/www.vinci-construction-projets.com\/wp-content\/uploads\/2023\/05\/Stockage-souterrain-d\u00e9nergie-2-1024x576.jpg 1024w, https:\/\/www.vinci-construction-projets.com\/wp-content\/uploads\/2023\/05\/Stockage-souterrain-d\u00e9nergie-2-300x169.jpg 300w, https:\/\/www.vinci-construction-projets.com\/wp-content\/uploads\/2023\/05\/Stockage-souterrain-d\u00e9nergie-2-768x432.jpg 768w, https:\/\/www.vinci-construction-projets.com\/wp-content\/uploads\/2023\/05\/Stockage-souterrain-d\u00e9nergie-2-1317x740.jpg 1317w, https:\/\/www.vinci-construction-projets.com\/wp-content\/uploads\/2023\/05\/Stockage-souterrain-d\u00e9nergie-2-400x225.jpg 400w, https:\/\/www.vinci-construction-projets.com\/wp-content\/uploads\/2023\/05\/Stockage-souterrain-d\u00e9nergie-2-720x405.jpg 720w, https:\/\/www.vinci-construction-projets.com\/wp-content\/uploads\/2023\/05\/Stockage-souterrain-d\u00e9nergie-2-600x337.jpg 600w, https:\/\/www.vinci-construction-projets.com\/wp-content\/uploads\/2023\/05\/Stockage-souterrain-d\u00e9nergie-2-507x285.jpg 507w, https:\/\/www.vinci-construction-projets.com\/wp-content\/uploads\/2023\/05\/Stockage-souterrain-d\u00e9nergie-2-793x446.jpg 793w, https:\/\/www.vinci-construction-projets.com\/wp-content\/uploads\/2023\/05\/Stockage-souterrain-d\u00e9nergie-2-386x217.jpg 386w, https:\/\/www.vinci-construction-projets.com\/wp-content\/uploads\/2023\/05\/Stockage-souterrain-d\u00e9nergie-2-780x438.jpg 780w, https:\/\/www.vinci-construction-projets.com\/wp-content\/uploads\/2023\/05\/Stockage-souterrain-d\u00e9nergie-2-854x480.jpg 854w, https:\/\/www.vinci-construction-projets.com\/wp-content\/uploads\/2023\/05\/Stockage-souterrain-d\u00e9nergie-2-623x350.jpg 623w, https:\/\/www.vinci-construction-projets.com\/wp-content\/uploads\/2023\/05\/Stockage-souterrain-d\u00e9nergie-2-356x200.jpg 356w, https:\/\/www.vinci-construction-projets.com\/wp-content\/uploads\/2023\/05\/Stockage-souterrain-d\u00e9nergie-2-285x160.jpg 285w, https:\/\/www.vinci-construction-projets.com\/wp-content\/uploads\/2023\/05\/Stockage-souterrain-d\u00e9nergie-2-658x370.jpg 658w, https:\/\/www.vinci-construction-projets.com\/wp-content\/uploads\/2023\/05\/Stockage-souterrain-d\u00e9nergie-2.jpg 1386w\" sizes=\"auto, (max-width: 1024px) 100vw, 1024px\" \/><\/a><p id=\"caption-attachment-19475\" class=\"wp-caption-text\"><em>Site de stockage de Lavera (France)<\/em><\/p><\/div>\n<p>Nous formons en outre les futures \u00e9quipes d\u2019exploitation et sommes en mesure d\u2019assurer, selon les besoins sp\u00e9cfiques de nos clients, <strong>l\u2019exploitation des stockages souterrains.<\/strong><\/p>\n<h5>Un savoir-faire mis au service des \u00e9nergies d\u00e9carbon\u00e9es<\/h5>\n<p>Au-del\u00e0 des hydrocarbures liquides, liqu\u00e9fi\u00e9s ou gazeux ou du CO2, nous sommes pleinement investis dans le d\u00e9veloppement de solutions de stockage d\u2019\u00e9nergie d\u00e9carbon\u00e9e, \u00e0 l\u2019image de l\u2019air comprim\u00e9 ou de l\u2019hydrog\u00e8ne. Nos solutions accompagnent l\u2019ambition globale des acteurs du secteur face \u00e0 la n\u00e9cessit\u00e9 de r\u00e9duire les \u00e9missions carbone sur l\u2019ensemble de la cha\u00eene \u00e9nerg\u00e9tique.<\/p>\n<div id=\"attachment_19478\" style=\"width: 1034px\" class=\"wp-caption aligncenter\"><a href=\"https:\/\/www.vinci-construction-projets.com\/fr\/nos-savoir-faire\/nos-expertises\/stockage-souterrain-denergie\/stockage-souterrain-denergie-3\/\" rel=\"attachment wp-att-19478\"><img loading=\"lazy\" decoding=\"async\" aria-describedby=\"caption-attachment-19478\" class=\"size-large wp-image-19478\" src=\"https:\/\/www.vinci-construction-projets.com\/wp-content\/uploads\/2023\/05\/Stockage-souterrain-d\u00e9nergie-3-1024x723.jpg\" alt=\"\" width=\"1024\" height=\"723\" srcset=\"https:\/\/www.vinci-construction-projets.com\/wp-content\/uploads\/2023\/05\/Stockage-souterrain-d\u00e9nergie-3-1024x723.jpg 1024w, https:\/\/www.vinci-construction-projets.com\/wp-content\/uploads\/2023\/05\/Stockage-souterrain-d\u00e9nergie-3-300x212.jpg 300w, https:\/\/www.vinci-construction-projets.com\/wp-content\/uploads\/2023\/05\/Stockage-souterrain-d\u00e9nergie-3-768x542.jpg 768w, https:\/\/www.vinci-construction-projets.com\/wp-content\/uploads\/2023\/05\/Stockage-souterrain-d\u00e9nergie-3-1049x740.jpg 1049w, https:\/\/www.vinci-construction-projets.com\/wp-content\/uploads\/2023\/05\/Stockage-souterrain-d\u00e9nergie-3-400x282.jpg 400w, https:\/\/www.vinci-construction-projets.com\/wp-content\/uploads\/2023\/05\/Stockage-souterrain-d\u00e9nergie-3-340x240.jpg 340w, https:\/\/www.vinci-construction-projets.com\/wp-content\/uploads\/2023\/05\/Stockage-souterrain-d\u00e9nergie-3-720x508.jpg 720w, https:\/\/www.vinci-construction-projets.com\/wp-content\/uploads\/2023\/05\/Stockage-souterrain-d\u00e9nergie-3-482x340.jpg 482w, https:\/\/www.vinci-construction-projets.com\/wp-content\/uploads\/2023\/05\/Stockage-souterrain-d\u00e9nergie-3-404x285.jpg 404w, https:\/\/www.vinci-construction-projets.com\/wp-content\/uploads\/2023\/05\/Stockage-souterrain-d\u00e9nergie-3-652x460.jpg 652w, https:\/\/www.vinci-construction-projets.com\/wp-content\/uploads\/2023\/05\/Stockage-souterrain-d\u00e9nergie-3-386x272.jpg 386w, https:\/\/www.vinci-construction-projets.com\/wp-content\/uploads\/2023\/05\/Stockage-souterrain-d\u00e9nergie-3-680x480.jpg 680w, https:\/\/www.vinci-construction-projets.com\/wp-content\/uploads\/2023\/05\/Stockage-souterrain-d\u00e9nergie-3-496x350.jpg 496w, https:\/\/www.vinci-construction-projets.com\/wp-content\/uploads\/2023\/05\/Stockage-souterrain-d\u00e9nergie-3-283x200.jpg 283w, https:\/\/www.vinci-construction-projets.com\/wp-content\/uploads\/2023\/05\/Stockage-souterrain-d\u00e9nergie-3-285x201.jpg 285w, https:\/\/www.vinci-construction-projets.com\/wp-content\/uploads\/2023\/05\/Stockage-souterrain-d\u00e9nergie-3-524x370.jpg 524w, https:\/\/www.vinci-construction-projets.com\/wp-content\/uploads\/2023\/05\/Stockage-souterrain-d\u00e9nergie-3.jpg 1386w\" sizes=\"auto, (max-width: 1024px) 100vw, 1024px\" \/><\/a><p id=\"caption-attachment-19478\" class=\"wp-caption-text\"><em>Stockage d&rsquo;air comprim\u00e9<\/em><\/p><\/div>\n","protected":false},"excerpt":{"rendered":"<p>UNE EXPERTISE SOUTERRAINE AU SERVICE DU STOCKAGE MASSIF D\u2019ENERGIE Un leader mondial des stockages souterrains Avec notre filiale Geostock, nos expertises se d\u00e9clinent sur le terrain strat\u00e9gique du stockage souterrain des \u00e9nergies. Leader mondial du secteur, Geostock offre depuis 60 ans un savoir-faire unique dans la mise en \u0153uvre d\u2019infrastructures s\u00fbres, \u00e9conomiques et respectueuses de [&hellip;]<\/p>\n","protected":false},"author":17,"featured_media":0,"parent":1840,"menu_order":0,"comment_status":"closed","ping_status":"closed","template":"","meta":{"_acf_changed":false,"footnotes":""},"class_list":["post-18877","page","type-page","status-publish","hentry"],"acf":[],"_links":{"self":[{"href":"https:\/\/www.vinci-construction-projets.com\/fr\/wp-json\/wp\/v2\/pages\/18877","targetHints":{"allow":["GET"]}}],"collection":[{"href":"https:\/\/www.vinci-construction-projets.com\/fr\/wp-json\/wp\/v2\/pages"}],"about":[{"href":"https:\/\/www.vinci-construction-projets.com\/fr\/wp-json\/wp\/v2\/types\/page"}],"author":[{"embeddable":true,"href":"https:\/\/www.vinci-construction-projets.com\/fr\/wp-json\/wp\/v2\/users\/17"}],"replies":[{"embeddable":true,"href":"https:\/\/www.vinci-construction-projets.com\/fr\/wp-json\/wp\/v2\/comments?post=18877"}],"version-history":[{"count":6,"href":"https:\/\/www.vinci-construction-projets.com\/fr\/wp-json\/wp\/v2\/pages\/18877\/revisions"}],"predecessor-version":[{"id":19481,"href":"https:\/\/www.vinci-construction-projets.com\/fr\/wp-json\/wp\/v2\/pages\/18877\/revisions\/19481"}],"up":[{"embeddable":true,"href":"https:\/\/www.vinci-construction-projets.com\/fr\/wp-json\/wp\/v2\/pages\/1840"}],"wp:attachment":[{"href":"https:\/\/www.vinci-construction-projets.com\/fr\/wp-json\/wp\/v2\/media?parent=18877"}],"curies":[{"name":"wp","href":"https:\/\/api.w.org\/{rel}","templated":true}]}}