{"id":383,"date":"2016-04-29T14:14:47","date_gmt":"2016-04-29T13:14:47","guid":{"rendered":"http:\/\/vinci-construction-projets.com\/?page_id=383"},"modified":"2024-07-03T14:10:19","modified_gmt":"2024-07-03T12:10:19","slug":"nos-implantations","status":"publish","type":"page","link":"https:\/\/www.vinci-construction-projets.com\/fr\/lentreprise\/nos-implantations\/","title":{"rendered":"Nos implantations"},"content":{"rendered":"<p>VINCI Construction Grands Projets con\u00e7oit et r\u00e9alise des grands projets \u00e0 travers le monde.<\/p>\n<p>Nous intervenons dans quatre grands domaines d&rsquo;activit\u00e9 : infrastructures de transport, b\u00e2timents et ouvrages fonctionnels, hydraulique et environnement, et \u00e9nergie.<\/p>\n<p>&nbsp;<\/p>\n<p><strong>Si\u00e8ge social :<br \/>\n<\/strong>1973, boulevard de la D\u00e9fense<br \/>\n92000 Nanterre Cedex<br \/>\nFRANCE<\/p>\n<p>&gt;\u00a0<a href=\"http:\/\/vinci-construction-projets.com\/fr\/contact\/\" target=\"_blank\" rel=\"noopener\">Contactez-nous\u00a0<\/a><\/p>\n<p><strong><br \/>\nVous souhaitez contacter nos \u00e9quipes locales ? <\/strong><\/p>\n<p>Parcourez les zones en surbrillance sur la carte<\/p>\n","protected":false},"excerpt":{"rendered":"<p>VINCI Construction Grands Projets con\u00e7oit et r\u00e9alise des grands projets \u00e0 travers le monde. Nous intervenons dans quatre grands domaines d&rsquo;activit\u00e9 : infrastructures de transport, b\u00e2timents et ouvrages fonctionnels, hydraulique et environnement, et \u00e9nergie. &nbsp; Si\u00e8ge social : 1973, boulevard de la D\u00e9fense 92000 Nanterre Cedex FRANCE &gt;\u00a0Contactez-nous\u00a0 Vous souhaitez contacter nos \u00e9quipes locales ? [&hellip;]<\/p>\n","protected":false},"author":17,"featured_media":0,"parent":35,"menu_order":3,"comment_status":"closed","ping_status":"closed","template":"page-implantations.php","meta":{"_acf_changed":false,"footnotes":""},"class_list":["post-383","page","type-page","status-publish","hentry"],"acf":[],"_links":{"self":[{"href":"https:\/\/www.vinci-construction-projets.com\/fr\/wp-json\/wp\/v2\/pages\/383","targetHints":{"allow":["GET"]}}],"collection":[{"href":"https:\/\/www.vinci-construction-projets.com\/fr\/wp-json\/wp\/v2\/pages"}],"about":[{"href":"https:\/\/www.vinci-construction-projets.com\/fr\/wp-json\/wp\/v2\/types\/page"}],"author":[{"embeddable":true,"href":"https:\/\/www.vinci-construction-projets.com\/fr\/wp-json\/wp\/v2\/users\/17"}],"replies":[{"embeddable":true,"href":"https:\/\/www.vinci-construction-projets.com\/fr\/wp-json\/wp\/v2\/comments?post=383"}],"version-history":[{"count":57,"href":"https:\/\/www.vinci-construction-projets.com\/fr\/wp-json\/wp\/v2\/pages\/383\/revisions"}],"predecessor-version":[{"id":21006,"href":"https:\/\/www.vinci-construction-projets.com\/fr\/wp-json\/wp\/v2\/pages\/383\/revisions\/21006"}],"up":[{"embeddable":true,"href":"https:\/\/www.vinci-construction-projets.com\/fr\/wp-json\/wp\/v2\/pages\/35"}],"wp:attachment":[{"href":"https:\/\/www.vinci-construction-projets.com\/fr\/wp-json\/wp\/v2\/media?parent=383"}],"curies":[{"name":"wp","href":"https:\/\/api.w.org\/{rel}","templated":true}]}}