{"id":544,"date":"2016-05-16T08:48:00","date_gmt":"2016-05-16T07:48:00","guid":{"rendered":"http:\/\/vinci-construction-projets.com\/?page_id=544"},"modified":"2024-12-02T15:28:24","modified_gmt":"2024-12-02T14:28:24","slug":"qui-nous-sommes","status":"publish","type":"page","link":"https:\/\/www.vinci-construction-projets.com\/fr\/lentreprise\/qui-nous-sommes\/","title":{"rendered":"Qui nous sommes"},"content":{"rendered":"<p><img loading=\"lazy\" decoding=\"async\" class=\"alignright wp-image-1138\" src=\"http:\/\/vinci-construction-projets.com\/wp-content\/uploads\/2016\/05\/c48_08-grece__0102.jpg_pont_charilaos_trikoupis_document-1024x683.jpeg\" alt=\"Pont Charilaos Trikoupis\" width=\"567\" height=\"379\" srcset=\"https:\/\/www.vinci-construction-projets.com\/wp-content\/uploads\/2016\/05\/c48_08-grece__0102.jpg_pont_charilaos_trikoupis_document-1024x683.jpeg 1024w, https:\/\/www.vinci-construction-projets.com\/wp-content\/uploads\/2016\/05\/c48_08-grece__0102.jpg_pont_charilaos_trikoupis_document-300x200.jpeg 300w, https:\/\/www.vinci-construction-projets.com\/wp-content\/uploads\/2016\/05\/c48_08-grece__0102.jpg_pont_charilaos_trikoupis_document-768x512.jpeg 768w, https:\/\/www.vinci-construction-projets.com\/wp-content\/uploads\/2016\/05\/c48_08-grece__0102.jpg_pont_charilaos_trikoupis_document-1110x740.jpeg 1110w, https:\/\/www.vinci-construction-projets.com\/wp-content\/uploads\/2016\/05\/c48_08-grece__0102.jpg_pont_charilaos_trikoupis_document-400x267.jpeg 400w, https:\/\/www.vinci-construction-projets.com\/wp-content\/uploads\/2016\/05\/c48_08-grece__0102.jpg_pont_charilaos_trikoupis_document-360x240.jpeg 360w, https:\/\/www.vinci-construction-projets.com\/wp-content\/uploads\/2016\/05\/c48_08-grece__0102.jpg_pont_charilaos_trikoupis_document-720x480.jpeg 720w, https:\/\/www.vinci-construction-projets.com\/wp-content\/uploads\/2016\/05\/c48_08-grece__0102.jpg_pont_charilaos_trikoupis_document-510x340.jpeg 510w, https:\/\/www.vinci-construction-projets.com\/wp-content\/uploads\/2016\/05\/c48_08-grece__0102.jpg_pont_charilaos_trikoupis_document-428x285.jpeg 428w, https:\/\/www.vinci-construction-projets.com\/wp-content\/uploads\/2016\/05\/c48_08-grece__0102.jpg_pont_charilaos_trikoupis_document-690x460.jpeg 690w, https:\/\/www.vinci-construction-projets.com\/wp-content\/uploads\/2016\/05\/c48_08-grece__0102.jpg_pont_charilaos_trikoupis_document-386x257.jpeg 386w, https:\/\/www.vinci-construction-projets.com\/wp-content\/uploads\/2016\/05\/c48_08-grece__0102.jpg_pont_charilaos_trikoupis_document-525x350.jpeg 525w, https:\/\/www.vinci-construction-projets.com\/wp-content\/uploads\/2016\/05\/c48_08-grece__0102.jpg_pont_charilaos_trikoupis_document-285x190.jpeg 285w\" sizes=\"auto, (max-width: 567px) 100vw, 567px\" \/><\/p>\n<p><span style=\"font-size: 16px;\">Nous concevons et r\u00e9alisons partout dans le monde de grands ouvrages de g\u00e9nie civil et de b\u00e2timent :<\/span><b><\/b><\/p>\n<ul style=\"list-style-type: circle;\">\n<li><strong>Infrastructures de transport<\/strong> : ponts et viaducs, travaux souterrains, travaux lin\u00e9aires de surface, travaux maritimes<\/li>\n<li><strong>B\u00e2timents<\/strong> :\u00a0tours de bureaux et de logements, parkings, a\u00e9roports, ouvrages administratifs et culturels<\/li>\n<li><strong>\u00c9nergies\u00a0<\/strong>: centrales thermiques et nucl\u00e9aires, stockages souterrains massifs d\u2019\u00e9nergie,\u00a0r\u00e9servoirs GNL &amp; GPL, infrastructures de production d\u2019\u00e9nergie d\u00e9carbon\u00e9e (hydrog\u00e8ne, biogaz, \u00e9lectricit\u00e9 etc.)<\/li>\n<li><strong>Hydraulique et environnement<\/strong>:\u00a0barrages, stations de pompage et de traitement des eaux us\u00e9es, distribution et \u00e9vacuation des eaux<strong>, <\/strong>syst\u00e8mes d\u2019assainissement et d\u2019am\u00e9lioration des r\u00e9seaux d\u2019eau potable, centres d\u2019enfouissement technique, valorisation \u00e9nerg\u00e9tique<\/li>\n<\/ul>\n<p>Notre haut niveau d\u2019expertise, notre savoir-faire d\u2019ensemblier, notre forte capacit\u00e9 d\u2019ing\u00e9nierie et de management de projet et notre exp\u00e9rience de la ma\u00eetrise des risques vont de pair avec une organisation r\u00e9active et une politique de partenariat avec les entreprises locales, nous permettant de d\u00e9ployer des<strong>\u00a0solutions globales et modulables<\/strong>.<\/p>\n<p>Aux c\u00f4t\u00e9s de VINCI Construction GeoInfrastructure, de Dodin Campenon Bernard et de Spiecapag, VINCI Construction Grands Projets est l\u2019une des 4 entreprises de la <strong>division des grands projets<\/strong>, toutes filiales du p\u00f4le Construction de VINCI. Les entreprises de la division des grands projets ma\u00eetrisent l\u2019ensemble des savoir-faire li\u00e9s \u00e0 la r\u00e9alisation d\u2019ouvrages complexes de g\u00e9nie civil et de b\u00e2timent.\u00a0 Elles interviennent dans pr\u00e8s de 50 pays sur 5 continents.<\/p>\n<p><strong>Entreprise engag\u00e9e, <\/strong><a href=\"https:\/\/www.vinci.com\/\">VINCI<\/a><strong>, leader mondial des m\u00e9tiers des concessions, de l\u2019\u00e9nergie et de la construction<\/strong>, emploie plus de 280\u00a0000 collaborateurs dans pr\u00e8s de 120 pays. Sa mission\u00a0<strong>: concevoir, financer, construire et g\u00e9rer des infrastructures et des \u00e9quipements\u00a0<\/strong>qui contribuent, face \u00e0 l\u2019urgence climatique, \u00e0 acc\u00e9l\u00e9rer la transformation du cadre de vie, des infrastructures et de la mobilit\u00e9, mais aussi de contribuer au progr\u00e8s social en agissant en entreprise humaniste, inclusive et solidaire.<\/p>\n<p>Partout dans le monde, dans la droite ligne du Groupe, VINCI Construction Grands Projets est un <a href=\"https:\/\/www.vinci-construction-projets.com\/fr\/nos-engagements\/notre-engagement-societal\/\" target=\"_blank\" rel=\"noopener\">partenaire durable des territoires<\/a>, mobilis\u00e9 pour leur d\u00e9veloppement socio-\u00e9conomique et <strong>un impact positif de ses activit\u00e9s, au b\u00e9n\u00e9fice des communaut\u00e9s locales et des g\u00e9n\u00e9rations futures.\u00a0\u00a0<\/strong>Nos \u00e9quipes sont internationales, diverses et mixtes. Nous sommes engag\u00e9s pour la diversit\u00e9, l\u2019\u00e9galit\u00e9 des chances et la <a href=\"https:\/\/www.vinci-construction-projets.com\/fr\/nos-engagements\/mixite-professionnelle\/\" target=\"_blank\" rel=\"noopener\">mixit\u00e9, des leviers de performance pour l\u2019entreprise.<\/a><\/p>\n<p><img loading=\"lazy\" decoding=\"async\" class=\"aligncenter wp-image-17421 \" src=\"https:\/\/www.vinci-construction-projets.com\/wp-content\/uploads\/2021\/06\/organigramme-FR-1.jpg\" alt=\"\" width=\"732\" height=\"508\" srcset=\"https:\/\/www.vinci-construction-projets.com\/wp-content\/uploads\/2021\/06\/organigramme-FR-1.jpg 1316w, https:\/\/www.vinci-construction-projets.com\/wp-content\/uploads\/2021\/06\/organigramme-FR-1-300x208.jpg 300w, https:\/\/www.vinci-construction-projets.com\/wp-content\/uploads\/2021\/06\/organigramme-FR-1-768x533.jpg 768w, https:\/\/www.vinci-construction-projets.com\/wp-content\/uploads\/2021\/06\/organigramme-FR-1-1024x710.jpg 1024w, https:\/\/www.vinci-construction-projets.com\/wp-content\/uploads\/2021\/06\/organigramme-FR-1-1067x740.jpg 1067w, https:\/\/www.vinci-construction-projets.com\/wp-content\/uploads\/2021\/06\/organigramme-FR-1-400x278.jpg 400w, https:\/\/www.vinci-construction-projets.com\/wp-content\/uploads\/2021\/06\/organigramme-FR-1-346x240.jpg 346w, https:\/\/www.vinci-construction-projets.com\/wp-content\/uploads\/2021\/06\/organigramme-FR-1-720x500.jpg 720w, https:\/\/www.vinci-construction-projets.com\/wp-content\/uploads\/2021\/06\/organigramme-FR-1-490x340.jpg 490w, https:\/\/www.vinci-construction-projets.com\/wp-content\/uploads\/2021\/06\/organigramme-FR-1-411x285.jpg 411w, https:\/\/www.vinci-construction-projets.com\/wp-content\/uploads\/2021\/06\/organigramme-FR-1-663x460.jpg 663w, https:\/\/www.vinci-construction-projets.com\/wp-content\/uploads\/2021\/06\/organigramme-FR-1-386x268.jpg 386w, https:\/\/www.vinci-construction-projets.com\/wp-content\/uploads\/2021\/06\/organigramme-FR-1-692x480.jpg 692w, https:\/\/www.vinci-construction-projets.com\/wp-content\/uploads\/2021\/06\/organigramme-FR-1-504x350.jpg 504w, https:\/\/www.vinci-construction-projets.com\/wp-content\/uploads\/2021\/06\/organigramme-FR-1-288x200.jpg 288w, https:\/\/www.vinci-construction-projets.com\/wp-content\/uploads\/2021\/06\/organigramme-FR-1-285x198.jpg 285w, https:\/\/www.vinci-construction-projets.com\/wp-content\/uploads\/2021\/06\/organigramme-FR-1-533x370.jpg 533w\" sizes=\"auto, (max-width: 732px) 100vw, 732px\" \/><\/p>\n","protected":false},"excerpt":{"rendered":"<p>Nous concevons et r\u00e9alisons partout dans le monde de grands ouvrages de g\u00e9nie civil et de b\u00e2timent : Infrastructures de transport : ponts et viaducs, travaux souterrains, travaux lin\u00e9aires de surface, travaux maritimes B\u00e2timents :\u00a0tours de bureaux et de logements, parkings, a\u00e9roports, ouvrages administratifs et culturels \u00c9nergies\u00a0: centrales thermiques et nucl\u00e9aires, stockages souterrains massifs d\u2019\u00e9nergie,\u00a0r\u00e9servoirs [&hellip;]<\/p>\n","protected":false},"author":17,"featured_media":0,"parent":35,"menu_order":1,"comment_status":"closed","ping_status":"closed","template":"","meta":{"_acf_changed":false,"footnotes":""},"class_list":["post-544","page","type-page","status-publish","hentry"],"acf":[],"_links":{"self":[{"href":"https:\/\/www.vinci-construction-projets.com\/fr\/wp-json\/wp\/v2\/pages\/544","targetHints":{"allow":["GET"]}}],"collection":[{"href":"https:\/\/www.vinci-construction-projets.com\/fr\/wp-json\/wp\/v2\/pages"}],"about":[{"href":"https:\/\/www.vinci-construction-projets.com\/fr\/wp-json\/wp\/v2\/types\/page"}],"author":[{"embeddable":true,"href":"https:\/\/www.vinci-construction-projets.com\/fr\/wp-json\/wp\/v2\/users\/17"}],"replies":[{"embeddable":true,"href":"https:\/\/www.vinci-construction-projets.com\/fr\/wp-json\/wp\/v2\/comments?post=544"}],"version-history":[{"count":98,"href":"https:\/\/www.vinci-construction-projets.com\/fr\/wp-json\/wp\/v2\/pages\/544\/revisions"}],"predecessor-version":[{"id":20589,"href":"https:\/\/www.vinci-construction-projets.com\/fr\/wp-json\/wp\/v2\/pages\/544\/revisions\/20589"}],"up":[{"embeddable":true,"href":"https:\/\/www.vinci-construction-projets.com\/fr\/wp-json\/wp\/v2\/pages\/35"}],"wp:attachment":[{"href":"https:\/\/www.vinci-construction-projets.com\/fr\/wp-json\/wp\/v2\/media?parent=544"}],"curies":[{"name":"wp","href":"https:\/\/api.w.org\/{rel}","templated":true}]}}